{"id":30535,"date":"2023-11-01T06:49:27","date_gmt":"2023-11-01T05:49:27","guid":{"rendered":"https:\/\/jensgustafsson.se\/?page_id=30535"},"modified":"2023-12-01T07:46:51","modified_gmt":"2023-12-01T06:46:51","slug":"oktober-2023","status":"publish","type":"page","link":"https:\/\/jensgustafsson.se\/?page_id=30535","title":{"rendered":"Oktober 2023."},"content":{"rendered":"\n<p class=\"has-black-color has-white-background-color has-text-color has-background has-medium-font-size\">H\u00e4r kommer en sammanfattning av oktober 2023. V\u00e4derdata f\u00f6r \u00e5rets oktoberm\u00e5nad \u00e4r h\u00e4mtade fr\u00e5n min privata v\u00e4derstation h\u00e4r i F\u00e5gelfors. Statistiken som jag anv\u00e4nder och j\u00e4mf\u00f6r mot, \u00e4r h\u00e4mtad fr\u00e5n SMHI:s n\u00e4rmaste m\u00e4tstationer Blankastr\u00f6m, och Drageryd f\u00f6r \u00e5ren 1931-2012. Fr\u00e5n 2013 och fram\u00e5t \u00e4r det min egna, privata v\u00e4derstation som levererar siffrorna. Nuvarande \u201dnormalperiod\u201d som anv\u00e4nds att j\u00e4mf\u00f6ra oktober 2023 mot, \u00e4r \u00e5ren 1991-2020. D\u00e4r jag anv\u00e4nder ordet \u201dnormalt\u201d i texterna h\u00e4r, menas allts\u00e5 d\u00e5 medeltalen f\u00f6r referensperioden 1991-2020.<\/p>\n\n\n\n<figure class=\"wp-block-image size-large\"><img loading=\"lazy\" decoding=\"async\" width=\"1024\" height=\"683\" src=\"https:\/\/media1.jensgustafsson.se\/2023\/11\/DSC_0478-1024x683.jpg\" alt=\"\" class=\"wp-image-30557\" srcset=\"https:\/\/media1.jensgustafsson.se\/2023\/11\/DSC_0478-1024x683.jpg 1024w, https:\/\/media1.jensgustafsson.se\/2023\/11\/DSC_0478-300x200.jpg 300w, https:\/\/media1.jensgustafsson.se\/2023\/11\/DSC_0478-768x512.jpg 768w, https:\/\/media1.jensgustafsson.se\/2023\/11\/DSC_0478-1536x1024.jpg 1536w, https:\/\/media1.jensgustafsson.se\/2023\/11\/DSC_0478-2048x1365.jpg 2048w, https:\/\/media1.jensgustafsson.se\/2023\/11\/DSC_0478-450x300.jpg 450w\" sizes=\"auto, (max-width: 1024px) 100vw, 1024px\" \/><\/figure>\n\n\n\n<figure class=\"wp-block-image size-large is-resized\"><img loading=\"lazy\" decoding=\"async\" width=\"1024\" height=\"459\" src=\"https:\/\/media1.jensgustafsson.se\/2023\/11\/image-1024x459.png\" alt=\"\" class=\"wp-image-30539\" style=\"aspect-ratio:2.2309368191721135;width:714px;height:auto\" srcset=\"https:\/\/media1.jensgustafsson.se\/2023\/11\/image-1024x459.png 1024w, https:\/\/media1.jensgustafsson.se\/2023\/11\/image-300x134.png 300w, https:\/\/media1.jensgustafsson.se\/2023\/11\/image-768x344.png 768w, https:\/\/media1.jensgustafsson.se\/2023\/11\/image-1536x688.png 1536w, https:\/\/media1.jensgustafsson.se\/2023\/11\/image-500x224.png 500w, https:\/\/media1.jensgustafsson.se\/2023\/11\/image.png 1782w\" sizes=\"auto, (max-width: 1024px) 100vw, 1024px\" \/><\/figure>\n\n\n\n<p class=\"has-black-color has-white-background-color has-text-color has-background has-medium-font-size\">Oktober m\u00e5nads medeltemperatur blev +7,6 grader, och det \u00e4r 0,2 grader varmare j\u00e4mf\u00f6rt med normalt, s\u00e5 skillnaden \u00e4r marginell. De senaste \u00e5ren har vi blivit bortsk\u00e4mda med mildare oktoberm\u00e5nader, vi f\u00e5r g\u00e5 tillbaka till 2016 f\u00f6r att hitta en l\u00e4gre medeltemperatur \u00e4n i \u00e5r. F\u00f6rra \u00e5rets oktoberm\u00e5nad var cirka 3 grader varmare i medeltemperatur, j\u00e4mf\u00f6rt med \u00e5rets. Den meteorologiska h\u00f6sten kom till F\u00e5gelfors den 6 oktober i \u00e5r, en m\u00e5nad tidigare j\u00e4mf\u00f6rt mot fjol\u00e5ret. Vi har haft 3 frostn\u00e4tter, och 6 dagar, d\u00e4r det varit markfrost p\u00e5 morgonen. <\/p>\n\n\n\n<p class=\"has-black-color has-white-background-color has-text-color has-background has-medium-font-size\"> Diagrammen nedan visar dels n\u00e5gra olika referensperioder, och s\u00e5 den nu g\u00e4llande normalperioden 1991-2020, d\u00e4r det g\u00e5r att se varje \u00e5rs oktoberm\u00e5nads medeltemperatur.<\/p>\n\n\n\n<figure class=\"wp-block-image size-large\"><img loading=\"lazy\" decoding=\"async\" width=\"1024\" height=\"421\" src=\"https:\/\/media1.jensgustafsson.se\/2023\/11\/image-1-1024x421.png\" alt=\"\" class=\"wp-image-30542\" srcset=\"https:\/\/media1.jensgustafsson.se\/2023\/11\/image-1-1024x421.png 1024w, https:\/\/media1.jensgustafsson.se\/2023\/11\/image-1-300x123.png 300w, https:\/\/media1.jensgustafsson.se\/2023\/11\/image-1-768x316.png 768w, https:\/\/media1.jensgustafsson.se\/2023\/11\/image-1-500x206.png 500w, https:\/\/media1.jensgustafsson.se\/2023\/11\/image-1.png 1434w\" sizes=\"auto, (max-width: 1024px) 100vw, 1024px\" \/><figcaption class=\"wp-element-caption\"><strong><em>Referensperioderna 1931-1960, 1961-1990, 1981-2010, 1991-2020 \u00e4r medelv\u00e4rdet i en 30-\u00e5rig m\u00e4tserie. 2011-2020 \u00e4r 10 \u00e5rs medelv\u00e4rde, och s\u00e5 \u00e5rets oktober l\u00e4ngst till h\u00f6ger.<\/em><\/strong><\/figcaption><\/figure>\n\n\n\n<figure class=\"wp-block-image size-large\"><img loading=\"lazy\" decoding=\"async\" width=\"1024\" height=\"404\" src=\"https:\/\/media1.jensgustafsson.se\/2023\/11\/image-3-1024x404.png\" alt=\"\" class=\"wp-image-30544\" srcset=\"https:\/\/media1.jensgustafsson.se\/2023\/11\/image-3-1024x404.png 1024w, https:\/\/media1.jensgustafsson.se\/2023\/11\/image-3-300x118.png 300w, https:\/\/media1.jensgustafsson.se\/2023\/11\/image-3-768x303.png 768w, https:\/\/media1.jensgustafsson.se\/2023\/11\/image-3-1536x606.png 1536w, https:\/\/media1.jensgustafsson.se\/2023\/11\/image-3-2048x807.png 2048w, https:\/\/media1.jensgustafsson.se\/2023\/11\/image-3-500x197.png 500w\" sizes=\"auto, (max-width: 1024px) 100vw, 1024px\" \/><figcaption class=\"wp-element-caption\"><strong><em>Nuvarande normalperiod, och d\u00e4rut\u00f6ver \u00e4r \u00e5ren 2021, 2022 och 2023 tillagda.<\/em><\/strong><\/figcaption><\/figure>\n\n\n\n<p class=\"has-black-color has-white-background-color has-text-color has-background has-medium-font-size\">Nedan ser vi en sammanfattning av lite data fr\u00e5n loggen p\u00e5 min v\u00e4derstation under oktober 2023.<\/p>\n\n\n\n<p class=\"has-black-color has-white-background-color has-text-color has-background has-medium-font-size\"><strong>Temperatur (\u00b0C):<br \/>Medel (min+max): 7,6<br \/>Medelminimum: 4,6<br \/>Medelmaximum: 11,2<br \/>Minimum: -2,2 den 16 oktober<br \/>Maximum: +18,4 den 2 oktober<br \/>H\u00f6gsta minimum: +10,3 den 11 oktober<br \/>L\u00e4gsta maximum: +4,1 den 19 oktober<br \/>Frostdygn:3 ( mintemp. under 0\u00b0)<br \/>Markfrost: 6 dygn (mintemp. \u00f6ver 0\u00b0, men frost p\u00e5 marken)<\/strong><\/p>\n\n\n\n<figure class=\"wp-block-image size-large\"><img loading=\"lazy\" decoding=\"async\" width=\"1024\" height=\"683\" src=\"https:\/\/media1.jensgustafsson.se\/2023\/11\/DSC_0643-1024x683.jpg\" alt=\"\" class=\"wp-image-30558\" srcset=\"https:\/\/media1.jensgustafsson.se\/2023\/11\/DSC_0643-1024x683.jpg 1024w, https:\/\/media1.jensgustafsson.se\/2023\/11\/DSC_0643-300x200.jpg 300w, https:\/\/media1.jensgustafsson.se\/2023\/11\/DSC_0643-768x512.jpg 768w, https:\/\/media1.jensgustafsson.se\/2023\/11\/DSC_0643-1536x1024.jpg 1536w, https:\/\/media1.jensgustafsson.se\/2023\/11\/DSC_0643-2048x1365.jpg 2048w, https:\/\/media1.jensgustafsson.se\/2023\/11\/DSC_0643-450x300.jpg 450w\" sizes=\"auto, (max-width: 1024px) 100vw, 1024px\" \/><\/figure>\n\n\n\n<figure class=\"wp-block-image size-large\"><img loading=\"lazy\" decoding=\"async\" width=\"1024\" height=\"461\" src=\"https:\/\/media1.jensgustafsson.se\/2023\/11\/image-4-1024x461.png\" alt=\"\" class=\"wp-image-30548\" srcset=\"https:\/\/media1.jensgustafsson.se\/2023\/11\/image-4-1024x461.png 1024w, https:\/\/media1.jensgustafsson.se\/2023\/11\/image-4-300x135.png 300w, https:\/\/media1.jensgustafsson.se\/2023\/11\/image-4-768x346.png 768w, https:\/\/media1.jensgustafsson.se\/2023\/11\/image-4-500x225.png 500w, https:\/\/media1.jensgustafsson.se\/2023\/11\/image-4.png 1476w\" sizes=\"auto, (max-width: 1024px) 100vw, 1024px\" \/><\/figure>\n\n\n\n<p class=\"has-black-color has-white-background-color has-text-color has-background has-medium-font-size\">Regn har vi f\u00e5tt ordentligt med i oktober. 99 millimeter har vi f\u00e5tt, och det \u00e4r 194% av den normala nederb\u00f6rden i oktober. Det var v\u00e4lbeh\u00f6vligt, och som jag skrev i september m\u00e5nads sammanfattning, s\u00e5 beh\u00f6vde vi cirka 180 millimeter under oktober, november och december, f\u00f6r att komma upp i normal \u00e5rsnederb\u00f6rd. Nu fattas &#8221;bara&#8221; 80 millimeter under november och december, f\u00f6r att n\u00e5 m\u00e5let. 20 dagar har regnet f\u00f6rdelats \u00f6ver, och det har upplevts lite tr\u00e5kigt i och f\u00f6r sig, men inget att g\u00f6ra \u00e5t. \u00c5ska p\u00e5 avst\u00e5nd hade vi ocks\u00e5 den 3 oktober i samband med regnet p\u00e5 kv\u00e4llen d\u00e5.<\/p>\n\n\n\n<p class=\"has-black-color has-white-background-color has-text-color has-background has-medium-font-size\">Jag l\u00e4gger in siffror p\u00e5 regnm\u00e4ngder f\u00f6r oktober i n\u00e5gra diagram nedan, s\u00e5 g\u00e5r det l\u00e4tt att f\u00f6lja hur oktoberm\u00e5naden sett ut historiskt.<\/p>\n\n\n\n<figure class=\"wp-block-image size-large\"><img loading=\"lazy\" decoding=\"async\" width=\"1024\" height=\"380\" src=\"https:\/\/media1.jensgustafsson.se\/2023\/11\/image-5-1024x380.png\" alt=\"\" class=\"wp-image-30549\" srcset=\"https:\/\/media1.jensgustafsson.se\/2023\/11\/image-5-1024x380.png 1024w, https:\/\/media1.jensgustafsson.se\/2023\/11\/image-5-300x111.png 300w, https:\/\/media1.jensgustafsson.se\/2023\/11\/image-5-768x285.png 768w, https:\/\/media1.jensgustafsson.se\/2023\/11\/image-5-500x185.png 500w, https:\/\/media1.jensgustafsson.se\/2023\/11\/image-5.png 1451w\" sizes=\"auto, (max-width: 1024px) 100vw, 1024px\" \/><figcaption class=\"wp-element-caption\"><strong><em>Referensperioderna 1931-1960, 1961-1990, 1981-2010, 1991-2020 \u00e4r medelv\u00e4rdet i en 30-\u00e5rig m\u00e4tserie. 2011-2020 \u00e4r 10 \u00e5rs medelv\u00e4rde, och s\u00e5 \u00e5rets oktober l\u00e4ngst till h\u00f6ger<\/em><\/strong>.<\/figcaption><\/figure>\n\n\n\n<figure class=\"wp-block-image size-large\"><img loading=\"lazy\" decoding=\"async\" width=\"1024\" height=\"417\" src=\"https:\/\/media1.jensgustafsson.se\/2023\/11\/image-6-1024x417.png\" alt=\"\" class=\"wp-image-30550\" srcset=\"https:\/\/media1.jensgustafsson.se\/2023\/11\/image-6-1024x417.png 1024w, https:\/\/media1.jensgustafsson.se\/2023\/11\/image-6-300x122.png 300w, https:\/\/media1.jensgustafsson.se\/2023\/11\/image-6-768x313.png 768w, https:\/\/media1.jensgustafsson.se\/2023\/11\/image-6-1536x625.png 1536w, https:\/\/media1.jensgustafsson.se\/2023\/11\/image-6-2048x834.png 2048w, https:\/\/media1.jensgustafsson.se\/2023\/11\/image-6-500x204.png 500w\" sizes=\"auto, (max-width: 1024px) 100vw, 1024px\" \/><figcaption class=\"wp-element-caption\"><strong><em>Nuvarande normalperiod, och d\u00e4rut\u00f6ver \u00e4r \u00e5ren 2021, 2022 och 2023 tillagda.<\/em><\/strong><\/figcaption><\/figure>\n\n\n\n<figure class=\"wp-block-image size-large\"><img loading=\"lazy\" decoding=\"async\" width=\"1024\" height=\"683\" src=\"https:\/\/media1.jensgustafsson.se\/2023\/11\/DSC_0490-1024x683.jpg\" alt=\"\" class=\"wp-image-30560\" srcset=\"https:\/\/media1.jensgustafsson.se\/2023\/11\/DSC_0490-1024x683.jpg 1024w, https:\/\/media1.jensgustafsson.se\/2023\/11\/DSC_0490-300x200.jpg 300w, https:\/\/media1.jensgustafsson.se\/2023\/11\/DSC_0490-768x512.jpg 768w, https:\/\/media1.jensgustafsson.se\/2023\/11\/DSC_0490-1536x1024.jpg 1536w, https:\/\/media1.jensgustafsson.se\/2023\/11\/DSC_0490-2048x1365.jpg 2048w, https:\/\/media1.jensgustafsson.se\/2023\/11\/DSC_0490-450x300.jpg 450w\" sizes=\"auto, (max-width: 1024px) 100vw, 1024px\" \/><\/figure>\n\n\n\n<figure class=\"wp-block-image size-large\"><img loading=\"lazy\" decoding=\"async\" width=\"1024\" height=\"410\" src=\"https:\/\/media1.jensgustafsson.se\/2023\/11\/image-7-1024x410.png\" alt=\"\" class=\"wp-image-30552\" srcset=\"https:\/\/media1.jensgustafsson.se\/2023\/11\/image-7-1024x410.png 1024w, https:\/\/media1.jensgustafsson.se\/2023\/11\/image-7-300x120.png 300w, https:\/\/media1.jensgustafsson.se\/2023\/11\/image-7-768x308.png 768w, https:\/\/media1.jensgustafsson.se\/2023\/11\/image-7-500x200.png 500w, https:\/\/media1.jensgustafsson.se\/2023\/11\/image-7.png 1467w\" sizes=\"auto, (max-width: 1024px) 100vw, 1024px\" \/><\/figure>\n\n\n\n<p class=\"has-black-color has-white-background-color has-text-color has-background has-medium-font-size\">F\u00f6rdelningen \u00f6ver vindriktningarna i m\u00e5naden ser vi i stapeldiagrammet h\u00e4r ovanf\u00f6r.&nbsp;En ganska bl\u00e5sig m\u00e5nad blev det. Vi har klarat oss fr\u00e5n stormvindarna, som st\u00e4llde till en hel del skador p\u00e5 sina h\u00e5ll.  Medelmaxvinden i oktober blev 8,1 m\/s.<\/p>\n\n\n\n<figure class=\"wp-block-image size-large\"><img loading=\"lazy\" decoding=\"async\" width=\"1024\" height=\"683\" src=\"https:\/\/media1.jensgustafsson.se\/2023\/11\/DSC_0719-1024x683.jpg\" alt=\"\" class=\"wp-image-30559\" srcset=\"https:\/\/media1.jensgustafsson.se\/2023\/11\/DSC_0719-1024x683.jpg 1024w, https:\/\/media1.jensgustafsson.se\/2023\/11\/DSC_0719-300x200.jpg 300w, https:\/\/media1.jensgustafsson.se\/2023\/11\/DSC_0719-768x512.jpg 768w, https:\/\/media1.jensgustafsson.se\/2023\/11\/DSC_0719-1536x1024.jpg 1536w, https:\/\/media1.jensgustafsson.se\/2023\/11\/DSC_0719-2048x1365.jpg 2048w, https:\/\/media1.jensgustafsson.se\/2023\/11\/DSC_0719-450x300.jpg 450w\" sizes=\"auto, (max-width: 1024px) 100vw, 1024px\" \/><\/figure>\n\n\n\n<p class=\"has-black-color has-white-background-color has-text-color has-background has-medium-font-size\">November, tredje, och sista h\u00f6stm\u00e5naden b\u00f6rjar vi p\u00e5 nu. 30 dagar, som vi inte vet hur v\u00e4dret blir. Vi lutar oss tillbaka, och f\u00f6ljer utvecklingen.<\/p>\n\n\n\n<p><\/p>\n","protected":false},"excerpt":{"rendered":"<p>H\u00e4r kommer en sammanfattning av oktober 2023. V\u00e4derdata f\u00f6r \u00e5rets oktoberm\u00e5nad \u00e4r h\u00e4mtade fr\u00e5n min privata v\u00e4derstation h\u00e4r i F\u00e5gelfors. Statistiken som jag anv\u00e4nder och j\u00e4mf\u00f6r mot, \u00e4r h\u00e4mtad fr\u00e5n SMHI:s n\u00e4rmaste m\u00e4tstationer Blankastr\u00f6m, och Drageryd f\u00f6r \u00e5ren 1931-2012. Fr\u00e5n &hellip; <a href=\"https:\/\/jensgustafsson.se\/?page_id=30535\">Forts\u00e4tt l\u00e4sa <span class=\"meta-nav\">&rarr;<\/span><\/a><\/p>\n","protected":false},"author":1,"featured_media":30562,"parent":28036,"menu_order":10,"comment_status":"open","ping_status":"closed","template":"","meta":{"footnotes":""},"class_list":["post-30535","page","type-page","status-publish","has-post-thumbnail","hentry"],"_links":{"self":[{"href":"https:\/\/jensgustafsson.se\/index.php?rest_route=\/wp\/v2\/pages\/30535","targetHints":{"allow":["GET"]}}],"collection":[{"href":"https:\/\/jensgustafsson.se\/index.php?rest_route=\/wp\/v2\/pages"}],"about":[{"href":"https:\/\/jensgustafsson.se\/index.php?rest_route=\/wp\/v2\/types\/page"}],"author":[{"embeddable":true,"href":"https:\/\/jensgustafsson.se\/index.php?rest_route=\/wp\/v2\/users\/1"}],"replies":[{"embeddable":true,"href":"https:\/\/jensgustafsson.se\/index.php?rest_route=%2Fwp%2Fv2%2Fcomments&post=30535"}],"version-history":[{"count":17,"href":"https:\/\/jensgustafsson.se\/index.php?rest_route=\/wp\/v2\/pages\/30535\/revisions"}],"predecessor-version":[{"id":30857,"href":"https:\/\/jensgustafsson.se\/index.php?rest_route=\/wp\/v2\/pages\/30535\/revisions\/30857"}],"up":[{"embeddable":true,"href":"https:\/\/jensgustafsson.se\/index.php?rest_route=\/wp\/v2\/pages\/28036"}],"wp:featuredmedia":[{"embeddable":true,"href":"https:\/\/jensgustafsson.se\/index.php?rest_route=\/wp\/v2\/media\/30562"}],"wp:attachment":[{"href":"https:\/\/jensgustafsson.se\/index.php?rest_route=%2Fwp%2Fv2%2Fmedia&parent=30535"}],"curies":[{"name":"wp","href":"https:\/\/api.w.org\/{rel}","templated":true}]}}