{"id":31161,"date":"2024-01-01T09:00:03","date_gmt":"2024-01-01T08:00:03","guid":{"rendered":"https:\/\/jensgustafsson.se\/?page_id=31161"},"modified":"2024-01-01T09:01:29","modified_gmt":"2024-01-01T08:01:29","slug":"december-2023","status":"publish","type":"page","link":"https:\/\/jensgustafsson.se\/?page_id=31161","title":{"rendered":"December 2023."},"content":{"rendered":"\n<p class=\"has-black-color has-white-background-color has-text-color has-background has-link-color has-medium-font-size wp-elements-fa84a91c0225af2e7b9184096c2ee2db\"><em>H\u00e4r kommer en sammanfattning av december 2023. V\u00e4derdata f\u00f6r \u00e5rets decemberm\u00e5nad \u00e4r h\u00e4mtade fr\u00e5n min privata v\u00e4derstation h\u00e4r i F\u00e5gelfors. Statistiken som jag anv\u00e4nder och j\u00e4mf\u00f6r mot, \u00e4r h\u00e4mtad fr\u00e5n SMHI:s n\u00e4rmaste m\u00e4tstationer Blankastr\u00f6m, och Drageryd f\u00f6r \u00e5ren 1931-2012. Fr\u00e5n 2013 och fram\u00e5t \u00e4r det min egna, privata v\u00e4derstation som levererar siffrorna. Nuvarande \u201dnormalperiod\u201d som anv\u00e4nds att j\u00e4mf\u00f6ra december 2023 mot, \u00e4r \u00e5ren 1991-2020. D\u00e4r jag anv\u00e4nder ordet \u201dnormalt\u201d i texterna h\u00e4r, menas allts\u00e5 d\u00e5 medeltalen f\u00f6r referensperioden 1991-2020.<\/em><\/p>\n\n\n\n<figure class=\"wp-block-image size-large\"><img loading=\"lazy\" decoding=\"async\" width=\"1024\" height=\"683\" src=\"https:\/\/media1.jensgustafsson.se\/2024\/01\/DSC_1596-1024x683.jpg\" alt=\"\" class=\"wp-image-31184\" srcset=\"https:\/\/media1.jensgustafsson.se\/2024\/01\/DSC_1596-1024x683.jpg 1024w, https:\/\/media1.jensgustafsson.se\/2024\/01\/DSC_1596-300x200.jpg 300w, https:\/\/media1.jensgustafsson.se\/2024\/01\/DSC_1596-768x512.jpg 768w, https:\/\/media1.jensgustafsson.se\/2024\/01\/DSC_1596-1536x1024.jpg 1536w, https:\/\/media1.jensgustafsson.se\/2024\/01\/DSC_1596-2048x1365.jpg 2048w, https:\/\/media1.jensgustafsson.se\/2024\/01\/DSC_1596-450x300.jpg 450w\" sizes=\"auto, (max-width: 1024px) 100vw, 1024px\" \/><\/figure>\n\n\n\n<figure class=\"wp-block-image size-large is-resized\"><img loading=\"lazy\" decoding=\"async\" width=\"1024\" height=\"509\" src=\"https:\/\/media1.jensgustafsson.se\/2024\/01\/image-1-1024x509.png\" alt=\"\" class=\"wp-image-31164\" style=\"width:702px;height:auto\" srcset=\"https:\/\/media1.jensgustafsson.se\/2024\/01\/image-1-1024x509.png 1024w, https:\/\/media1.jensgustafsson.se\/2024\/01\/image-1-300x149.png 300w, https:\/\/media1.jensgustafsson.se\/2024\/01\/image-1-768x382.png 768w, https:\/\/media1.jensgustafsson.se\/2024\/01\/image-1-1536x764.png 1536w, https:\/\/media1.jensgustafsson.se\/2024\/01\/image-1-500x249.png 500w, https:\/\/media1.jensgustafsson.se\/2024\/01\/image-1.png 1981w\" sizes=\"auto, (max-width: 1024px) 100vw, 1024px\" \/><\/figure>\n\n\n\n<p class=\"has-black-color has-white-background-color has-text-color has-background has-link-color has-medium-font-size wp-elements-305c9b33e9eda707edb3172c0151292e\"><em>F\u00f6rsta delen av decemberm\u00e5naden blev f\u00f6rh\u00e5llandevis kall i \u00e5r. I mitten p\u00e5 m\u00e5naden blev det ett omslag till rej\u00e4lt milt ist\u00e4llet. Den avslutande delen blev lite l\u00e4gre temperaturer, som vi ser i diagrammet. Slutsumman av dessa siffror blev en m\u00e5nadsmedeltemperatur p\u00e5 0 grader, och det \u00e4r s\u00e5 n\u00e4ra normalt det g\u00e5r att komma n\u00e4stan. En tiondel kallare \u00e4n normalt, om jag ska vara petnoga. <\/em><\/p>\n\n\n\n<p class=\"has-black-color has-white-background-color has-text-color has-background has-link-color has-medium-font-size wp-elements-73bfef512182005aaecc09fd6dd78d5c\"><em>Nedan ser vi en sammanfattning av lite temperaturdata m.m. fr\u00e5n loggen p\u00e5 min v\u00e4derstation under december 2023<\/em><\/p>\n\n\n\n<p class=\"has-black-color has-white-background-color has-text-color has-background has-link-color has-medium-font-size wp-elements-48449628607905ffbd9cfd1903d7c0b0\"><strong><em>Temperatur (\u00b0C):<br \/>Medel (min+max): 0,0<br \/>Medelminimum:-2,0<br \/>Medelmaximum: 1,8<br \/>Minimum: -9,2 den 3 december<br \/>Maximum: +8,9 den 18 december<br \/>H\u00f6gsta minimum: +7,4 den 18 december<br \/>L\u00e4gsta maximum: -4,5 den 3 december<br \/>Frostdygn: 8 ( mintemp. under 0\u00b0)<br \/>Isdygn: 10 (dygnstemp. under 0\u00b0)<br \/>Markfrost: 2 dygn (mintemp. \u00f6ver 0\u00b0, men frost p\u00e5 marken)<\/em><\/strong><\/p>\n\n\n\n<p class=\"has-black-color has-white-background-color has-text-color has-background has-link-color has-medium-font-size wp-elements-d21f7a96c604053c2dc425d76a475147\"><em>Jag visar med n\u00e5gra olika stapeldiagram nedan, hur medeltemperaturen varit i december historiskt, och d\u00e5 kan vi j\u00e4mf\u00f6ra 2023 \u00e5rs december mot det.<\/em><\/p>\n\n\n\n<figure class=\"wp-block-image size-large is-resized\"><img loading=\"lazy\" decoding=\"async\" width=\"1024\" height=\"514\" src=\"https:\/\/media1.jensgustafsson.se\/2024\/01\/image-4-1024x514.png\" alt=\"\" class=\"wp-image-31169\" style=\"width:663px;height:auto\" srcset=\"https:\/\/media1.jensgustafsson.se\/2024\/01\/image-4-1024x514.png 1024w, https:\/\/media1.jensgustafsson.se\/2024\/01\/image-4-300x151.png 300w, https:\/\/media1.jensgustafsson.se\/2024\/01\/image-4-768x385.png 768w, https:\/\/media1.jensgustafsson.se\/2024\/01\/image-4-500x251.png 500w, https:\/\/media1.jensgustafsson.se\/2024\/01\/image-4.png 1435w\" sizes=\"auto, (max-width: 1024px) 100vw, 1024px\" \/><\/figure>\n\n\n\n<figure class=\"wp-block-image size-large is-resized\"><img loading=\"lazy\" decoding=\"async\" width=\"1024\" height=\"399\" src=\"https:\/\/media1.jensgustafsson.se\/2024\/01\/image-5-1024x399.png\" alt=\"\" class=\"wp-image-31170\" style=\"width:685px;height:auto\" srcset=\"https:\/\/media1.jensgustafsson.se\/2024\/01\/image-5-1024x399.png 1024w, https:\/\/media1.jensgustafsson.se\/2024\/01\/image-5-300x117.png 300w, https:\/\/media1.jensgustafsson.se\/2024\/01\/image-5-768x299.png 768w, https:\/\/media1.jensgustafsson.se\/2024\/01\/image-5-1536x598.png 1536w, https:\/\/media1.jensgustafsson.se\/2024\/01\/image-5-2048x798.png 2048w, https:\/\/media1.jensgustafsson.se\/2024\/01\/image-5-500x195.png 500w\" sizes=\"auto, (max-width: 1024px) 100vw, 1024px\" \/><figcaption class=\"wp-element-caption\"><strong><em>Nuvarande &#8221;normalperiod&#8221; med \u00e5ren 2021, 2022 och 2023 tillagda.<\/em><\/strong><\/figcaption><\/figure>\n\n\n\n<figure class=\"wp-block-image size-large\"><img loading=\"lazy\" decoding=\"async\" width=\"1024\" height=\"701\" src=\"https:\/\/media1.jensgustafsson.se\/2024\/01\/DSC_2001-1024x701.jpg\" alt=\"\" class=\"wp-image-31186\" srcset=\"https:\/\/media1.jensgustafsson.se\/2024\/01\/DSC_2001-1024x701.jpg 1024w, https:\/\/media1.jensgustafsson.se\/2024\/01\/DSC_2001-300x205.jpg 300w, https:\/\/media1.jensgustafsson.se\/2024\/01\/DSC_2001-768x525.jpg 768w, https:\/\/media1.jensgustafsson.se\/2024\/01\/DSC_2001-1536x1051.jpg 1536w, https:\/\/media1.jensgustafsson.se\/2024\/01\/DSC_2001-2048x1401.jpg 2048w, https:\/\/media1.jensgustafsson.se\/2024\/01\/DSC_2001-439x300.jpg 439w\" sizes=\"auto, (max-width: 1024px) 100vw, 1024px\" \/><\/figure>\n\n\n\n<figure class=\"wp-block-image size-large is-resized\"><img loading=\"lazy\" decoding=\"async\" width=\"1024\" height=\"527\" src=\"https:\/\/media1.jensgustafsson.se\/2024\/01\/image-6-1024x527.png\" alt=\"\" class=\"wp-image-31172\" style=\"width:631px;height:auto\" srcset=\"https:\/\/media1.jensgustafsson.se\/2024\/01\/image-6-1024x527.png 1024w, https:\/\/media1.jensgustafsson.se\/2024\/01\/image-6-300x154.png 300w, https:\/\/media1.jensgustafsson.se\/2024\/01\/image-6-768x395.png 768w, https:\/\/media1.jensgustafsson.se\/2024\/01\/image-6-500x257.png 500w, https:\/\/media1.jensgustafsson.se\/2024\/01\/image-6.png 1477w\" sizes=\"auto, (max-width: 1024px) 100vw, 1024px\" \/><\/figure>\n\n\n\n<p class=\"has-black-color has-white-background-color has-text-color has-background has-link-color has-medium-font-size wp-elements-93164d6fb45e1500a0100c6b551eba8f\"><em>Nederb\u00f6rd har vi f\u00e5tt rej\u00e4lt denna m\u00e5nad. 63 mm totalt, och det \u00e4r 143% av vad som \u00e4r normalt f\u00f6r december. Vi har haft 23 dagar med m\u00e4tbart sn\u00f6djup, och det st\u00f6rsta sn\u00f6djupet var 15 cm den 7 december. Nederb\u00f6rden har fallit under 20 dagar, som vi ser i stapeldiagrammet ovan.<\/em><\/p>\n\n\n\n<p class=\"has-black-color has-white-background-color has-text-color has-background has-link-color has-medium-font-size wp-elements-2d2defef7a376da4c52a060ae44c0859\"><em>Jag l\u00e4gger in siffror p\u00e5 nederb\u00f6rdsm\u00e4ngder f\u00f6r december i n\u00e5gra diagram nedan, s\u00e5 g\u00e5r det l\u00e4tt att f\u00f6lja hur decemberm\u00e5naden sett ut historiskt.<\/em><\/p>\n\n\n\n<figure class=\"wp-block-image size-large is-resized\"><img loading=\"lazy\" decoding=\"async\" width=\"1024\" height=\"380\" src=\"https:\/\/media1.jensgustafsson.se\/2024\/01\/image-7-1024x380.png\" alt=\"\" class=\"wp-image-31174\" style=\"width:693px;height:auto\" srcset=\"https:\/\/media1.jensgustafsson.se\/2024\/01\/image-7-1024x380.png 1024w, https:\/\/media1.jensgustafsson.se\/2024\/01\/image-7-300x111.png 300w, https:\/\/media1.jensgustafsson.se\/2024\/01\/image-7-768x285.png 768w, https:\/\/media1.jensgustafsson.se\/2024\/01\/image-7-500x185.png 500w, https:\/\/media1.jensgustafsson.se\/2024\/01\/image-7.png 1451w\" sizes=\"auto, (max-width: 1024px) 100vw, 1024px\" \/><\/figure>\n\n\n\n<figure class=\"wp-block-image size-large is-resized\"><img loading=\"lazy\" decoding=\"async\" width=\"1024\" height=\"322\" src=\"https:\/\/media1.jensgustafsson.se\/2024\/01\/image-8-1024x322.png\" alt=\"\" class=\"wp-image-31175\" style=\"width:688px;height:auto\" srcset=\"https:\/\/media1.jensgustafsson.se\/2024\/01\/image-8-1024x322.png 1024w, https:\/\/media1.jensgustafsson.se\/2024\/01\/image-8-300x94.png 300w, https:\/\/media1.jensgustafsson.se\/2024\/01\/image-8-768x242.png 768w, https:\/\/media1.jensgustafsson.se\/2024\/01\/image-8-1536x483.png 1536w, https:\/\/media1.jensgustafsson.se\/2024\/01\/image-8-2048x644.png 2048w, https:\/\/media1.jensgustafsson.se\/2024\/01\/image-8-500x157.png 500w\" sizes=\"auto, (max-width: 1024px) 100vw, 1024px\" \/><\/figure>\n\n\n\n<figure class=\"wp-block-image size-large is-resized\"><img loading=\"lazy\" decoding=\"async\" width=\"1024\" height=\"724\" src=\"https:\/\/media1.jensgustafsson.se\/2024\/01\/DSC_1893-1024x724.jpg\" alt=\"\" class=\"wp-image-31187\" style=\"width:648px;height:auto\" srcset=\"https:\/\/media1.jensgustafsson.se\/2024\/01\/DSC_1893-1024x724.jpg 1024w, https:\/\/media1.jensgustafsson.se\/2024\/01\/DSC_1893-300x212.jpg 300w, https:\/\/media1.jensgustafsson.se\/2024\/01\/DSC_1893-768x543.jpg 768w, https:\/\/media1.jensgustafsson.se\/2024\/01\/DSC_1893-1536x1085.jpg 1536w, https:\/\/media1.jensgustafsson.se\/2024\/01\/DSC_1893-2048x1447.jpg 2048w, https:\/\/media1.jensgustafsson.se\/2024\/01\/DSC_1893-425x300.jpg 425w\" sizes=\"auto, (max-width: 1024px) 100vw, 1024px\" \/><\/figure>\n\n\n\n<figure class=\"wp-block-image size-large is-resized\"><img loading=\"lazy\" decoding=\"async\" width=\"1024\" height=\"410\" src=\"https:\/\/media1.jensgustafsson.se\/2024\/01\/image-9-1024x410.png\" alt=\"\" class=\"wp-image-31177\" style=\"width:719px;height:auto\" srcset=\"https:\/\/media1.jensgustafsson.se\/2024\/01\/image-9-1024x410.png 1024w, https:\/\/media1.jensgustafsson.se\/2024\/01\/image-9-300x120.png 300w, https:\/\/media1.jensgustafsson.se\/2024\/01\/image-9-768x308.png 768w, https:\/\/media1.jensgustafsson.se\/2024\/01\/image-9-500x200.png 500w, https:\/\/media1.jensgustafsson.se\/2024\/01\/image-9.png 1467w\" sizes=\"auto, (max-width: 1024px) 100vw, 1024px\" \/><\/figure>\n\n\n\n<p class=\"has-black-color has-white-background-color has-text-color has-background has-link-color has-medium-font-size wp-elements-80bcddfc11d82aa341164eaec83847de\"><em>F\u00f6rdelningen \u00f6ver vindriktningarna i m\u00e5naden ser vi i stapeldiagrammet h\u00e4r ovanf\u00f6r. Medelmaxvinden f\u00f6r m\u00e5naden blev 6,3 m\/s.<\/em><\/p>\n\n\n\n<figure class=\"wp-block-image size-large\"><img loading=\"lazy\" decoding=\"async\" width=\"1024\" height=\"683\" src=\"https:\/\/media1.jensgustafsson.se\/2024\/01\/DSC_1951-1024x683.jpg\" alt=\"\" class=\"wp-image-31189\" srcset=\"https:\/\/media1.jensgustafsson.se\/2024\/01\/DSC_1951-1024x683.jpg 1024w, https:\/\/media1.jensgustafsson.se\/2024\/01\/DSC_1951-300x200.jpg 300w, https:\/\/media1.jensgustafsson.se\/2024\/01\/DSC_1951-768x512.jpg 768w, https:\/\/media1.jensgustafsson.se\/2024\/01\/DSC_1951-1536x1024.jpg 1536w, https:\/\/media1.jensgustafsson.se\/2024\/01\/DSC_1951-2048x1365.jpg 2048w, https:\/\/media1.jensgustafsson.se\/2024\/01\/DSC_1951-450x300.jpg 450w\" sizes=\"auto, (max-width: 1024px) 100vw, 1024px\" \/><\/figure>\n\n\n\n<figure class=\"wp-block-image size-large is-resized\"><img loading=\"lazy\" decoding=\"async\" width=\"1024\" height=\"443\" src=\"https:\/\/media1.jensgustafsson.se\/2024\/01\/image-10-1024x443.png\" alt=\"\" class=\"wp-image-31179\" style=\"width:691px;height:auto\" srcset=\"https:\/\/media1.jensgustafsson.se\/2024\/01\/image-10-1024x443.png 1024w, https:\/\/media1.jensgustafsson.se\/2024\/01\/image-10-300x130.png 300w, https:\/\/media1.jensgustafsson.se\/2024\/01\/image-10-768x332.png 768w, https:\/\/media1.jensgustafsson.se\/2024\/01\/image-10-500x216.png 500w, https:\/\/media1.jensgustafsson.se\/2024\/01\/image-10.png 1331w\" sizes=\"auto, (max-width: 1024px) 100vw, 1024px\" \/><\/figure>\n\n\n\n<p class=\"has-black-color has-white-background-color has-text-color has-background has-link-color has-medium-font-size wp-elements-87d9aa1c64af14030982d525136304ca\"><em>H\u00e4r ser vi lufttryckets dygnsmedelv\u00e4rde i december. Det som sticker ut \u00e4r 22 december, och det var ju d\u00e5 stormen Pia drog in \u00f6ver v\u00e4stra och s\u00f6dra delarna av Sverige. Vi klarade oss utan n\u00e5gra stormvindar h\u00e4r, men vi b\u00e5de s\u00e5g och h\u00f6rde i media, hur den h\u00e4rjade ganska ordentligt p\u00e5 sina h\u00e5ll.<\/em><\/p>\n\n\n\n<figure class=\"wp-block-image size-large\"><img loading=\"lazy\" decoding=\"async\" width=\"1024\" height=\"683\" src=\"https:\/\/media1.jensgustafsson.se\/2024\/01\/DSC_2171-1024x683.jpg\" alt=\"\" class=\"wp-image-31185\" srcset=\"https:\/\/media1.jensgustafsson.se\/2024\/01\/DSC_2171-1024x683.jpg 1024w, https:\/\/media1.jensgustafsson.se\/2024\/01\/DSC_2171-300x200.jpg 300w, https:\/\/media1.jensgustafsson.se\/2024\/01\/DSC_2171-768x512.jpg 768w, https:\/\/media1.jensgustafsson.se\/2024\/01\/DSC_2171-1536x1024.jpg 1536w, https:\/\/media1.jensgustafsson.se\/2024\/01\/DSC_2171-2048x1365.jpg 2048w, https:\/\/media1.jensgustafsson.se\/2024\/01\/DSC_2171-450x300.jpg 450w\" sizes=\"auto, (max-width: 1024px) 100vw, 1024px\" \/><\/figure>\n\n\n\n<p class=\"has-black-color has-white-background-color has-text-color has-background has-link-color has-medium-font-size wp-elements-372c3131862801ea431890434158623d\"><em>S\u00e5 g\u00e5r vi in i 2024 nu. Utanf\u00f6r f\u00f6nstret sn\u00f6ar det nu (ny\u00e5rsdagens morgon). God forts\u00e4ttning in i det nya \u00e5ret!<\/em><\/p>\n","protected":false},"excerpt":{"rendered":"<p>H\u00e4r kommer en sammanfattning av december 2023. V\u00e4derdata f\u00f6r \u00e5rets decemberm\u00e5nad \u00e4r h\u00e4mtade fr\u00e5n min privata v\u00e4derstation h\u00e4r i F\u00e5gelfors. Statistiken som jag anv\u00e4nder och j\u00e4mf\u00f6r mot, \u00e4r h\u00e4mtad fr\u00e5n SMHI:s n\u00e4rmaste m\u00e4tstationer Blankastr\u00f6m, och Drageryd f\u00f6r \u00e5ren 1931-2012. Fr\u00e5n &hellip; <a href=\"https:\/\/jensgustafsson.se\/?page_id=31161\">Forts\u00e4tt l\u00e4sa <span class=\"meta-nav\">&rarr;<\/span><\/a><\/p>\n","protected":false},"author":1,"featured_media":31183,"parent":28036,"menu_order":12,"comment_status":"open","ping_status":"closed","template":"","meta":{"footnotes":""},"class_list":["post-31161","page","type-page","status-publish","has-post-thumbnail","hentry"],"_links":{"self":[{"href":"https:\/\/jensgustafsson.se\/index.php?rest_route=\/wp\/v2\/pages\/31161","targetHints":{"allow":["GET"]}}],"collection":[{"href":"https:\/\/jensgustafsson.se\/index.php?rest_route=\/wp\/v2\/pages"}],"about":[{"href":"https:\/\/jensgustafsson.se\/index.php?rest_route=\/wp\/v2\/types\/page"}],"author":[{"embeddable":true,"href":"https:\/\/jensgustafsson.se\/index.php?rest_route=\/wp\/v2\/users\/1"}],"replies":[{"embeddable":true,"href":"https:\/\/jensgustafsson.se\/index.php?rest_route=%2Fwp%2Fv2%2Fcomments&post=31161"}],"version-history":[{"count":15,"href":"https:\/\/jensgustafsson.se\/index.php?rest_route=\/wp\/v2\/pages\/31161\/revisions"}],"predecessor-version":[{"id":31195,"href":"https:\/\/jensgustafsson.se\/index.php?rest_route=\/wp\/v2\/pages\/31161\/revisions\/31195"}],"up":[{"embeddable":true,"href":"https:\/\/jensgustafsson.se\/index.php?rest_route=\/wp\/v2\/pages\/28036"}],"wp:featuredmedia":[{"embeddable":true,"href":"https:\/\/jensgustafsson.se\/index.php?rest_route=\/wp\/v2\/media\/31183"}],"wp:attachment":[{"href":"https:\/\/jensgustafsson.se\/index.php?rest_route=%2Fwp%2Fv2%2Fmedia&parent=31161"}],"curies":[{"name":"wp","href":"https:\/\/api.w.org\/{rel}","templated":true}]}}