{"id":31657,"date":"2024-03-01T08:38:42","date_gmt":"2024-03-01T07:38:42","guid":{"rendered":"https:\/\/jensgustafsson.se\/?page_id=31657"},"modified":"2024-03-01T20:32:12","modified_gmt":"2024-03-01T19:32:12","slug":"februari-2024","status":"publish","type":"page","link":"https:\/\/jensgustafsson.se\/?page_id=31657","title":{"rendered":"Februari 2024."},"content":{"rendered":"\n<p class=\"has-black-color has-white-background-color has-text-color has-background has-link-color has-medium-font-size wp-elements-9d76b0bde56b28f91fc6274e8dd7577d\"><em>H\u00e4r kommer en sammanfattning av februari 2024. V\u00e4derdata f\u00f6r \u00e5rets februarim\u00e5nad \u00e4r h\u00e4mtade fr\u00e5n min privata v\u00e4derstation h\u00e4r i F\u00e5gelfors. Statistiken som jag anv\u00e4nder och j\u00e4mf\u00f6r mot, \u00e4r h\u00e4mtad fr\u00e5n SMHI:s n\u00e4rmaste m\u00e4tstationer Blankastr\u00f6m, och Drageryd f\u00f6r \u00e5ren 1931-2012. Fr\u00e5n 2013 och fram\u00e5t \u00e4r det min egna, privata v\u00e4derstation som levererar siffrorna. Nuvarande \u201dnormalperiod\u201d som anv\u00e4nds att j\u00e4mf\u00f6ra februari 2024 mot, \u00e4r \u00e5ren 1991-2020. D\u00e4r jag anv\u00e4nder ordet \u201dnormalt\u201d i texterna h\u00e4r, menas allts\u00e5 d\u00e5 medeltalen f\u00f6r referensperioden 1991-2020.<\/em><\/p>\n\n\n\n<p class=\"has-blue-color has-white-background-color has-text-color has-background has-link-color has-medium-font-size wp-elements-073f1e420db3e81fbd96c5ab00143924\"><strong><em>Eftersom vintern nu \u00e4r \u00f6ver, enligt almanackan, s\u00e5 kommer jag att g\u00f6ra en kort sammanfattning av vintern 2023\/2024 i slutet p\u00e5 detta inl\u00e4gg om februariv\u00e4dret.<\/em><\/strong><\/p>\n\n\n\n<figure class=\"wp-block-image size-large\"><img loading=\"lazy\" decoding=\"async\" width=\"1024\" height=\"683\" src=\"https:\/\/media1.jensgustafsson.se\/2024\/03\/DSC_2885-1024x683.jpg\" alt=\"\" class=\"wp-image-31661\" srcset=\"https:\/\/media1.jensgustafsson.se\/2024\/03\/DSC_2885-1024x683.jpg 1024w, https:\/\/media1.jensgustafsson.se\/2024\/03\/DSC_2885-300x200.jpg 300w, https:\/\/media1.jensgustafsson.se\/2024\/03\/DSC_2885-768x512.jpg 768w, https:\/\/media1.jensgustafsson.se\/2024\/03\/DSC_2885-1536x1024.jpg 1536w, https:\/\/media1.jensgustafsson.se\/2024\/03\/DSC_2885-2048x1365.jpg 2048w, https:\/\/media1.jensgustafsson.se\/2024\/03\/DSC_2885-450x300.jpg 450w\" sizes=\"auto, (max-width: 1024px) 100vw, 1024px\" \/><\/figure>\n\n\n\n<figure class=\"wp-block-image size-large\"><img loading=\"lazy\" decoding=\"async\" width=\"1024\" height=\"451\" src=\"https:\/\/media1.jensgustafsson.se\/2024\/03\/image-1024x451.png\" alt=\"\" class=\"wp-image-31662\" srcset=\"https:\/\/media1.jensgustafsson.se\/2024\/03\/image-1024x451.png 1024w, https:\/\/media1.jensgustafsson.se\/2024\/03\/image-300x132.png 300w, https:\/\/media1.jensgustafsson.se\/2024\/03\/image-768x338.png 768w, https:\/\/media1.jensgustafsson.se\/2024\/03\/image-1536x676.png 1536w, https:\/\/media1.jensgustafsson.se\/2024\/03\/image-500x220.png 500w, https:\/\/media1.jensgustafsson.se\/2024\/03\/image.png 1857w\" sizes=\"auto, (max-width: 1024px) 100vw, 1024px\" \/><\/figure>\n\n\n\n<p class=\"has-black-color has-white-background-color has-text-color has-background has-link-color has-medium-font-size wp-elements-b04aa40c0d1a31a22af637c2bf9bac20\"><em>Diagrammet ovanf\u00f6r h\u00e4r, visar att februarim\u00e5naden gick huvudsakligen i en mildare v\u00e4dertyp. Cirka 75% av de 29 dygnen var det f\u00f6rh\u00e5llandevis milt v\u00e4der, och de resterande 25 % av dygnen var lite mera normala februaritemperaturer. M\u00e5nadens medeltemperatur blev +1,9 grader, vilket betyder 2,6 grader varmare j\u00e4mf\u00f6rt mot normalperioden. F\u00f6r att f\u00e5 lite perspektiv \u00f6ver hur det sett ut tidigare \u00e5r, s\u00e5 l\u00e4gger jag in n\u00e5gra diagram nedan, som visar hur det sett ut.<\/em><\/p>\n\n\n\n<figure class=\"wp-block-image size-large is-resized\"><img loading=\"lazy\" decoding=\"async\" width=\"1024\" height=\"438\" src=\"https:\/\/media1.jensgustafsson.se\/2024\/03\/image-1-1024x438.png\" alt=\"\" class=\"wp-image-31664\" style=\"width:734px;height:auto\" srcset=\"https:\/\/media1.jensgustafsson.se\/2024\/03\/image-1-1024x438.png 1024w, https:\/\/media1.jensgustafsson.se\/2024\/03\/image-1-300x128.png 300w, https:\/\/media1.jensgustafsson.se\/2024\/03\/image-1-768x328.png 768w, https:\/\/media1.jensgustafsson.se\/2024\/03\/image-1-500x214.png 500w, https:\/\/media1.jensgustafsson.se\/2024\/03\/image-1.png 1495w\" sizes=\"auto, (max-width: 1024px) 100vw, 1024px\" \/><\/figure>\n\n\n\n<figure class=\"wp-block-image size-large is-resized\"><img loading=\"lazy\" decoding=\"async\" width=\"1024\" height=\"365\" src=\"https:\/\/media1.jensgustafsson.se\/2024\/03\/image-2-1024x365.png\" alt=\"\" class=\"wp-image-31666\" style=\"width:732px;height:auto\" srcset=\"https:\/\/media1.jensgustafsson.se\/2024\/03\/image-2-1024x365.png 1024w, https:\/\/media1.jensgustafsson.se\/2024\/03\/image-2-300x107.png 300w, https:\/\/media1.jensgustafsson.se\/2024\/03\/image-2-768x274.png 768w, https:\/\/media1.jensgustafsson.se\/2024\/03\/image-2-1536x548.png 1536w, https:\/\/media1.jensgustafsson.se\/2024\/03\/image-2-2048x730.png 2048w, https:\/\/media1.jensgustafsson.se\/2024\/03\/image-2-500x178.png 500w\" sizes=\"auto, (max-width: 1024px) 100vw, 1024px\" \/><\/figure>\n\n\n\n<p class=\"has-black-color has-white-background-color has-text-color has-background has-link-color has-medium-font-size wp-elements-fac4dc2128b12c5c49096230c8434843\"><em>Nedan ser vi en sammanfattning av lite temperaturdata m.m. fr\u00e5n loggen p\u00e5 min v\u00e4derstation under februari 2024.<\/em><\/p>\n\n\n\n<p class=\"has-black-color has-white-background-color has-text-color has-background has-link-color has-medium-font-size wp-elements-fd93fe86a383ce371b3e4e98f5d1ecbc\"><strong><em>Temperatur (\u00b0C):<br \/>Medel (min+max): +1,9<br \/>Medelminimum:-0,3<br \/>Medelmaximum: +4,3<br \/>Minimum: -10,1 den 9 februari<br \/>Maximum: +9,4 den 16 februari<br \/>H\u00f6gsta minimum: +3,7 den 3 februari<br \/>L\u00e4gsta maximum: -1,0 den 9 februari<br \/>Frostdygn: 8 ( mintemp. under 0\u00b0)<br \/>Isdygn: 5 (dygnets maxtemp. under 0\u00b0)<br \/>Markfrost: 2 dygn (mintemp. \u00f6ver 0\u00b0, men frost p\u00e5 marken)<\/em><\/strong><\/p>\n\n\n\n<figure class=\"wp-block-image size-large is-resized\"><img loading=\"lazy\" decoding=\"async\" width=\"1024\" height=\"644\" src=\"https:\/\/media1.jensgustafsson.se\/2024\/03\/DSC_3010-1024x644.jpg\" alt=\"\" class=\"wp-image-31669\" style=\"width:630px;height:auto\" srcset=\"https:\/\/media1.jensgustafsson.se\/2024\/03\/DSC_3010-1024x644.jpg 1024w, https:\/\/media1.jensgustafsson.se\/2024\/03\/DSC_3010-300x189.jpg 300w, https:\/\/media1.jensgustafsson.se\/2024\/03\/DSC_3010-768x483.jpg 768w, https:\/\/media1.jensgustafsson.se\/2024\/03\/DSC_3010-1536x966.jpg 1536w, https:\/\/media1.jensgustafsson.se\/2024\/03\/DSC_3010-2048x1288.jpg 2048w, https:\/\/media1.jensgustafsson.se\/2024\/03\/DSC_3010-477x300.jpg 477w\" sizes=\"auto, (max-width: 1024px) 100vw, 1024px\" \/><\/figure>\n\n\n\n<figure class=\"wp-block-image size-large is-resized\"><img loading=\"lazy\" decoding=\"async\" width=\"1024\" height=\"457\" src=\"https:\/\/media1.jensgustafsson.se\/2024\/03\/image-3-1024x457.png\" alt=\"\" class=\"wp-image-31670\" style=\"width:653px;height:auto\" srcset=\"https:\/\/media1.jensgustafsson.se\/2024\/03\/image-3-1024x457.png 1024w, https:\/\/media1.jensgustafsson.se\/2024\/03\/image-3-300x134.png 300w, https:\/\/media1.jensgustafsson.se\/2024\/03\/image-3-768x343.png 768w, https:\/\/media1.jensgustafsson.se\/2024\/03\/image-3-1536x686.png 1536w, https:\/\/media1.jensgustafsson.se\/2024\/03\/image-3-500x223.png 500w, https:\/\/media1.jensgustafsson.se\/2024\/03\/image-3.png 1548w\" sizes=\"auto, (max-width: 1024px) 100vw, 1024px\" \/><\/figure>\n\n\n\n<p class=\"has-black-color has-white-background-color has-text-color has-background has-link-color has-medium-font-size wp-elements-21e0250705cfc839f31863f4d783e40c\"><em>Nederb\u00f6rden har varit riklig, f\u00f6r att vara februari. Vi har f\u00e5tt totalt 57 mm, i form av b\u00e5de sn\u00f6, regn och hagel. Till och med \u00e5ska har vi haft en tidig morgon. De h\u00e4r 57 mm vi f\u00e5tt, betyder 173% av den normala februarinederb\u00f6rden. N\u00f6t\u00e5n har sv\u00e4mmat \u00f6ver ganska rej\u00e4lt, i och med de snabba avsm\u00e4ltningar av sn\u00f6n som varit, och de tv\u00e4ra kasten mellan milt och kallare v\u00e4der. M\u00e4tbart sn\u00f6djup har vi haft 10 dagar, och det st\u00f6rsta sn\u00f6djup jag m\u00e4tt upp \u00e4r 10 centimeter.<\/em><\/p>\n\n\n\n<p class=\"has-black-color has-white-background-color has-text-color has-background has-link-color has-medium-font-size wp-elements-a9b6960ccf40a42f46713b666d90abb0\"><em>Jag l\u00e4gger in siffror p\u00e5 nederb\u00f6rdsm\u00e4ngder f\u00f6r februari i n\u00e5gra diagram nedan, s\u00e5 g\u00e5r det l\u00e4tt att f\u00f6lja hur februarim\u00e5naden sett ut historiskt.<\/em><\/p>\n\n\n\n<figure class=\"wp-block-image size-large is-resized\"><img loading=\"lazy\" decoding=\"async\" width=\"1024\" height=\"350\" src=\"https:\/\/media1.jensgustafsson.se\/2024\/03\/image-4-1024x350.png\" alt=\"\" class=\"wp-image-31671\" style=\"width:662px;height:auto\" srcset=\"https:\/\/media1.jensgustafsson.se\/2024\/03\/image-4-1024x350.png 1024w, https:\/\/media1.jensgustafsson.se\/2024\/03\/image-4-300x102.png 300w, https:\/\/media1.jensgustafsson.se\/2024\/03\/image-4-768x262.png 768w, https:\/\/media1.jensgustafsson.se\/2024\/03\/image-4-500x171.png 500w, https:\/\/media1.jensgustafsson.se\/2024\/03\/image-4.png 1511w\" sizes=\"auto, (max-width: 1024px) 100vw, 1024px\" \/><\/figure>\n\n\n\n<figure class=\"wp-block-image size-large is-resized\"><img loading=\"lazy\" decoding=\"async\" width=\"1024\" height=\"397\" src=\"https:\/\/media1.jensgustafsson.se\/2024\/03\/image-5-1024x397.png\" alt=\"\" class=\"wp-image-31672\" style=\"width:663px;height:auto\" srcset=\"https:\/\/media1.jensgustafsson.se\/2024\/03\/image-5-1024x397.png 1024w, https:\/\/media1.jensgustafsson.se\/2024\/03\/image-5-300x116.png 300w, https:\/\/media1.jensgustafsson.se\/2024\/03\/image-5-768x298.png 768w, https:\/\/media1.jensgustafsson.se\/2024\/03\/image-5-1536x596.png 1536w, https:\/\/media1.jensgustafsson.se\/2024\/03\/image-5-2048x794.png 2048w, https:\/\/media1.jensgustafsson.se\/2024\/03\/image-5-500x194.png 500w\" sizes=\"auto, (max-width: 1024px) 100vw, 1024px\" \/><\/figure>\n\n\n\n<figure class=\"wp-block-image size-large is-resized\"><img loading=\"lazy\" decoding=\"async\" width=\"1024\" height=\"683\" src=\"https:\/\/media1.jensgustafsson.se\/2024\/03\/DSC_3120-1024x683.jpg\" alt=\"\" class=\"wp-image-31677\" style=\"width:661px;height:auto\" srcset=\"https:\/\/media1.jensgustafsson.se\/2024\/03\/DSC_3120-1024x683.jpg 1024w, https:\/\/media1.jensgustafsson.se\/2024\/03\/DSC_3120-300x200.jpg 300w, https:\/\/media1.jensgustafsson.se\/2024\/03\/DSC_3120-768x512.jpg 768w, https:\/\/media1.jensgustafsson.se\/2024\/03\/DSC_3120-1536x1024.jpg 1536w, https:\/\/media1.jensgustafsson.se\/2024\/03\/DSC_3120-2048x1365.jpg 2048w, https:\/\/media1.jensgustafsson.se\/2024\/03\/DSC_3120-450x300.jpg 450w\" sizes=\"auto, (max-width: 1024px) 100vw, 1024px\" \/><\/figure>\n\n\n\n<figure class=\"wp-block-image size-large is-resized\"><img loading=\"lazy\" decoding=\"async\" width=\"1024\" height=\"378\" src=\"https:\/\/media1.jensgustafsson.se\/2024\/03\/image-6-1024x378.png\" alt=\"\" class=\"wp-image-31678\" style=\"width:660px;height:auto\" srcset=\"https:\/\/media1.jensgustafsson.se\/2024\/03\/image-6-1024x378.png 1024w, https:\/\/media1.jensgustafsson.se\/2024\/03\/image-6-300x111.png 300w, https:\/\/media1.jensgustafsson.se\/2024\/03\/image-6-768x283.png 768w, https:\/\/media1.jensgustafsson.se\/2024\/03\/image-6-500x184.png 500w, https:\/\/media1.jensgustafsson.se\/2024\/03\/image-6.png 1527w\" sizes=\"auto, (max-width: 1024px) 100vw, 1024px\" \/><\/figure>\n\n\n\n<p class=\"has-black-color has-white-background-color has-text-color has-background has-link-color has-medium-font-size wp-elements-9e44edcb26b62181afd205fee5b25810\"><em>F\u00f6rdelningen \u00f6ver vindriktningarna i februarim\u00e5naden ser vi i stapeldiagrammet h\u00e4r ovanf\u00f6r. Medelmaxvinden f\u00f6r m\u00e5naden blev 7 m\/s.<\/em><\/p>\n\n\n\n<figure class=\"wp-block-image size-large is-resized\"><img loading=\"lazy\" decoding=\"async\" width=\"1024\" height=\"740\" src=\"https:\/\/media1.jensgustafsson.se\/2024\/03\/DSC_2918-1024x740.jpg\" alt=\"\" class=\"wp-image-31679\" style=\"width:652px;height:auto\" srcset=\"https:\/\/media1.jensgustafsson.se\/2024\/03\/DSC_2918-1024x740.jpg 1024w, https:\/\/media1.jensgustafsson.se\/2024\/03\/DSC_2918-300x217.jpg 300w, https:\/\/media1.jensgustafsson.se\/2024\/03\/DSC_2918-768x555.jpg 768w, https:\/\/media1.jensgustafsson.se\/2024\/03\/DSC_2918-1536x1111.jpg 1536w, https:\/\/media1.jensgustafsson.se\/2024\/03\/DSC_2918-2048x1481.jpg 2048w, https:\/\/media1.jensgustafsson.se\/2024\/03\/DSC_2918-415x300.jpg 415w\" sizes=\"auto, (max-width: 1024px) 100vw, 1024px\" \/><\/figure>\n\n\n\n<figure class=\"wp-block-image size-large is-resized\"><img loading=\"lazy\" decoding=\"async\" width=\"1024\" height=\"466\" src=\"https:\/\/media1.jensgustafsson.se\/2024\/03\/image-7-1024x466.png\" alt=\"\" class=\"wp-image-31680\" style=\"width:659px;height:auto\" srcset=\"https:\/\/media1.jensgustafsson.se\/2024\/03\/image-7-1024x466.png 1024w, https:\/\/media1.jensgustafsson.se\/2024\/03\/image-7-300x136.png 300w, https:\/\/media1.jensgustafsson.se\/2024\/03\/image-7-768x349.png 768w, https:\/\/media1.jensgustafsson.se\/2024\/03\/image-7-500x227.png 500w, https:\/\/media1.jensgustafsson.se\/2024\/03\/image-7.png 1387w\" sizes=\"auto, (max-width: 1024px) 100vw, 1024px\" \/><\/figure>\n\n\n\n<p class=\"has-black-color has-white-background-color has-text-color has-background has-link-color has-medium-font-size wp-elements-21393ee09733ef949bf9fd476d737767\"><em>H\u00e4r ser vi v\u00e4xlingarna i lufttrycket i februari. Som vanligt, s\u00e5 kommer det och g\u00e5r, b\u00e5de h\u00f6gtryck och l\u00e5gtryck.<\/em><\/p>\n\n\n\n<figure class=\"wp-block-image size-large is-resized\"><img loading=\"lazy\" decoding=\"async\" width=\"1024\" height=\"595\" src=\"https:\/\/media1.jensgustafsson.se\/2024\/03\/DSC_2857-1024x595.jpg\" alt=\"\" class=\"wp-image-31684\" style=\"width:652px;height:auto\" srcset=\"https:\/\/media1.jensgustafsson.se\/2024\/03\/DSC_2857-1024x595.jpg 1024w, https:\/\/media1.jensgustafsson.se\/2024\/03\/DSC_2857-300x174.jpg 300w, https:\/\/media1.jensgustafsson.se\/2024\/03\/DSC_2857-768x446.jpg 768w, https:\/\/media1.jensgustafsson.se\/2024\/03\/DSC_2857-1536x893.jpg 1536w, https:\/\/media1.jensgustafsson.se\/2024\/03\/DSC_2857-2048x1190.jpg 2048w, https:\/\/media1.jensgustafsson.se\/2024\/03\/DSC_2857-500x291.jpg 500w\" sizes=\"auto, (max-width: 1024px) 100vw, 1024px\" \/><\/figure>\n\n\n\n<p class=\"has-blue-color has-white-background-color has-text-color has-background has-link-color has-medium-font-size wp-elements-994cb71f41ce8b7090d8611c5e03774c\"><em>D\u00e5 ska jag skriva lite om \u00e5rstiden vinter 2023\/2024. Med vinter avses d\u00e5 de tre kalendariska vinterm\u00e5naderna <\/em>december, januari och februari.<\/p>\n\n\n\n<p class=\"has-blue-color has-white-background-color has-text-color has-background has-link-color has-medium-font-size wp-elements-e02966071f02f322dc3634b9efb19879\"><em>Jag b\u00f6rjar med hur medeltemperaturen blev. Den blev -0,2 grader, och det \u00e4r 0,5 grader kallare j\u00e4mf\u00f6rt med normalperioden. Vi hade en normal decemberm\u00e5nad, januarim\u00e5naden kallare \u00e4n normalt, och februari mildare \u00e4n normalt. Detta gav slutligen resultatet, en aning kallare vinter \u00e4n normalt hos oss h\u00e4r.<\/em><\/p>\n\n\n\n<p class=\"has-blue-color has-white-background-color has-text-color has-background has-link-color has-medium-font-size wp-elements-5815653c6c5aadf3a5e4730155f49b97\"><em>D\u00e5 g\u00e5r vi till nederb\u00f6rden. Vi har f\u00e5tt 165 mm sn\u00f6 och regn, och det inneb\u00e4r 150% av den normala vinternederb\u00f6rden. Jag ser i mina siffror, att vi haft liknande siffror de 4 senaste vintrarna, s\u00e5 trenden just nu \u00e4r \u00f6kande nederb\u00f6rdsm\u00e4ngd under vintern.<\/em><\/p>\n","protected":false},"excerpt":{"rendered":"<p>H\u00e4r kommer en sammanfattning av februari 2024. V\u00e4derdata f\u00f6r \u00e5rets februarim\u00e5nad \u00e4r h\u00e4mtade fr\u00e5n min privata v\u00e4derstation h\u00e4r i F\u00e5gelfors. Statistiken som jag anv\u00e4nder och j\u00e4mf\u00f6r mot, \u00e4r h\u00e4mtad fr\u00e5n SMHI:s n\u00e4rmaste m\u00e4tstationer Blankastr\u00f6m, och Drageryd f\u00f6r \u00e5ren 1931-2012. Fr\u00e5n &hellip; <a href=\"https:\/\/jensgustafsson.se\/?page_id=31657\">Forts\u00e4tt l\u00e4sa <span class=\"meta-nav\">&rarr;<\/span><\/a><\/p>\n","protected":false},"author":1,"featured_media":31660,"parent":31413,"menu_order":2,"comment_status":"closed","ping_status":"closed","template":"","meta":{"footnotes":""},"class_list":["post-31657","page","type-page","status-publish","has-post-thumbnail","hentry"],"_links":{"self":[{"href":"https:\/\/jensgustafsson.se\/index.php?rest_route=\/wp\/v2\/pages\/31657","targetHints":{"allow":["GET"]}}],"collection":[{"href":"https:\/\/jensgustafsson.se\/index.php?rest_route=\/wp\/v2\/pages"}],"about":[{"href":"https:\/\/jensgustafsson.se\/index.php?rest_route=\/wp\/v2\/types\/page"}],"author":[{"embeddable":true,"href":"https:\/\/jensgustafsson.se\/index.php?rest_route=\/wp\/v2\/users\/1"}],"replies":[{"embeddable":true,"href":"https:\/\/jensgustafsson.se\/index.php?rest_route=%2Fwp%2Fv2%2Fcomments&post=31657"}],"version-history":[{"count":15,"href":"https:\/\/jensgustafsson.se\/index.php?rest_route=\/wp\/v2\/pages\/31657\/revisions"}],"predecessor-version":[{"id":31695,"href":"https:\/\/jensgustafsson.se\/index.php?rest_route=\/wp\/v2\/pages\/31657\/revisions\/31695"}],"up":[{"embeddable":true,"href":"https:\/\/jensgustafsson.se\/index.php?rest_route=\/wp\/v2\/pages\/31413"}],"wp:featuredmedia":[{"embeddable":true,"href":"https:\/\/jensgustafsson.se\/index.php?rest_route=\/wp\/v2\/media\/31660"}],"wp:attachment":[{"href":"https:\/\/jensgustafsson.se\/index.php?rest_route=%2Fwp%2Fv2%2Fmedia&parent=31657"}],"curies":[{"name":"wp","href":"https:\/\/api.w.org\/{rel}","templated":true}]}}