{"id":32041,"date":"2024-04-01T05:54:05","date_gmt":"2024-04-01T04:54:05","guid":{"rendered":"https:\/\/jensgustafsson.se\/?page_id=32041"},"modified":"2024-04-01T16:21:07","modified_gmt":"2024-04-01T15:21:07","slug":"mars-2024","status":"publish","type":"page","link":"https:\/\/jensgustafsson.se\/?page_id=32041","title":{"rendered":"Mars 2024."},"content":{"rendered":"\n<p class=\"has-medium-font-size\"><em>H\u00e4r kommer en sammanfattning av mars 2024. V\u00e4derdata f\u00f6r \u00e5rets marsm\u00e5nad \u00e4r h\u00e4mtade fr\u00e5n min privata v\u00e4derstation h\u00e4r i F\u00e5gelfors. Statistiken som jag anv\u00e4nder och j\u00e4mf\u00f6r mot, \u00e4r h\u00e4mtad fr\u00e5n SMHI:s n\u00e4rmaste m\u00e4tstationer Blankastr\u00f6m, och Drageryd f\u00f6r \u00e5ren 1931-2012. Fr\u00e5n 2013 och fram\u00e5t \u00e4r det min egna, privata v\u00e4derstation som levererar siffrorna. Nuvarande \u201dnormalperiod\u201d som anv\u00e4nds att j\u00e4mf\u00f6ra mars 2024 mot, \u00e4r \u00e5ren 1991-2020. D\u00e4r jag anv\u00e4nder ordet \u201dnormalt\u201d i texterna h\u00e4r, menas allts\u00e5 d\u00e5 medeltalen f\u00f6r referensperioden 1991-2020.<\/em><\/p>\n\n\n\n<figure class=\"wp-block-image size-large\"><img loading=\"lazy\" decoding=\"async\" width=\"1024\" height=\"683\" src=\"https:\/\/media1.jensgustafsson.se\/2024\/04\/DSC_3352-1024x683.jpg\" alt=\"\" class=\"wp-image-32058\" srcset=\"https:\/\/media1.jensgustafsson.se\/2024\/04\/DSC_3352-1024x683.jpg 1024w, https:\/\/media1.jensgustafsson.se\/2024\/04\/DSC_3352-300x200.jpg 300w, https:\/\/media1.jensgustafsson.se\/2024\/04\/DSC_3352-768x512.jpg 768w, https:\/\/media1.jensgustafsson.se\/2024\/04\/DSC_3352-1536x1024.jpg 1536w, https:\/\/media1.jensgustafsson.se\/2024\/04\/DSC_3352-2048x1365.jpg 2048w, https:\/\/media1.jensgustafsson.se\/2024\/04\/DSC_3352-450x300.jpg 450w\" sizes=\"auto, (max-width: 1024px) 100vw, 1024px\" \/><\/figure>\n\n\n\n<figure class=\"wp-block-image size-large is-resized\"><img loading=\"lazy\" decoding=\"async\" width=\"1024\" height=\"478\" src=\"https:\/\/media1.jensgustafsson.se\/2024\/04\/image-1024x478.png\" alt=\"\" class=\"wp-image-32044\" style=\"width:650px;height:auto\" srcset=\"https:\/\/media1.jensgustafsson.se\/2024\/04\/image-1024x478.png 1024w, https:\/\/media1.jensgustafsson.se\/2024\/04\/image-300x140.png 300w, https:\/\/media1.jensgustafsson.se\/2024\/04\/image-768x359.png 768w, https:\/\/media1.jensgustafsson.se\/2024\/04\/image-1536x717.png 1536w, https:\/\/media1.jensgustafsson.se\/2024\/04\/image-500x233.png 500w, https:\/\/media1.jensgustafsson.se\/2024\/04\/image.png 1782w\" sizes=\"auto, (max-width: 1024px) 100vw, 1024px\" \/><\/figure>\n\n\n\n<p class=\"has-medium-font-size\"><em>2024 \u00e5rs marsm\u00e5nad blev mildare \u00e4n normalt. M\u00e5nadens medeltemperatur blev +4,1 grader, och det \u00e4r hela 2,4 grader mildare j\u00e4mf\u00f6rt mot normalt. N\u00e4r man t\u00e4nker tillbaka p\u00e5 hur v\u00e4dret varit, s\u00e5 k\u00e4nns det som att den varit solfattig och lite kylig. Personligen tror jag att det beror till viss del p\u00e5 att vi haft en hel del isiga vindar, kombinerat med mulet v\u00e4der, vilket gett ett kyligt intryck p\u00e5 oss.<\/em><\/p>\n\n\n\n<p class=\"has-medium-font-size\"><em>Diagrammet nedan visar medeltemperaturen i mars under \u00e5ren 1991-2024, s\u00e5 ser vi lite hur det sett ut i v\u00e5r referensperiod, som g\u00e4ller nu, och fyra \u00e5r in i n\u00e4sta period. Det vi ser \u00e4r att efter en period med sjunkande medeltemperatur i mars, har det g\u00e5tt upp\u00e5t i \u00e5r igen.<\/em><\/p>\n\n\n\n<figure class=\"wp-block-image size-large is-resized\"><img loading=\"lazy\" decoding=\"async\" width=\"1024\" height=\"341\" src=\"https:\/\/media1.jensgustafsson.se\/2024\/04\/image-1-1024x341.png\" alt=\"\" class=\"wp-image-32046\" style=\"width:676px;height:auto\" srcset=\"https:\/\/media1.jensgustafsson.se\/2024\/04\/image-1-1024x341.png 1024w, https:\/\/media1.jensgustafsson.se\/2024\/04\/image-1-300x100.png 300w, https:\/\/media1.jensgustafsson.se\/2024\/04\/image-1-768x256.png 768w, https:\/\/media1.jensgustafsson.se\/2024\/04\/image-1-1536x512.png 1536w, https:\/\/media1.jensgustafsson.se\/2024\/04\/image-1-2048x682.png 2048w, https:\/\/media1.jensgustafsson.se\/2024\/04\/image-1-500x167.png 500w\" sizes=\"auto, (max-width: 1024px) 100vw, 1024px\" \/><\/figure>\n\n\n\n<p class=\"has-medium-font-size\"><em>Nedan ser vi en sammanfattning av lite temperaturdata m.m. fr\u00e5n loggen p\u00e5 min v\u00e4derstation under mars 2024.<\/em><\/p>\n\n\n\n<p class=\"has-medium-font-size\"><strong>Temperatur (\u00b0C):<br \/>Medel (min+max): +4,1<br \/>Medelminimum: +0,6<br \/>Medelmaximum: +7,9<br \/>Minimum: -6,8 den 18 mars<br \/>Maximum: +16,3 den 15 mars<br \/>H\u00f6gsta minimum: +8,3 den 15 mars<br \/>L\u00e4gsta maximum: +1,1 den 10 mars<br \/>Frostdygn: 13 ( mintemp. under 0\u00b0)<br \/>Isdygn: 0 (dygnets maxtemp. under 0\u00b0)<br \/>Markfrost: 2 dygn (mintemp. \u00f6ver 0\u00b0, men frost p\u00e5 marken)<\/strong><\/p>\n\n\n\n<figure class=\"wp-block-image size-large\"><img loading=\"lazy\" decoding=\"async\" width=\"1024\" height=\"683\" src=\"https:\/\/media1.jensgustafsson.se\/2024\/04\/DSC_3337-1024x683.jpg\" alt=\"\" class=\"wp-image-32059\" srcset=\"https:\/\/media1.jensgustafsson.se\/2024\/04\/DSC_3337-1024x683.jpg 1024w, https:\/\/media1.jensgustafsson.se\/2024\/04\/DSC_3337-300x200.jpg 300w, https:\/\/media1.jensgustafsson.se\/2024\/04\/DSC_3337-768x512.jpg 768w, https:\/\/media1.jensgustafsson.se\/2024\/04\/DSC_3337-1536x1024.jpg 1536w, https:\/\/media1.jensgustafsson.se\/2024\/04\/DSC_3337-2048x1365.jpg 2048w, https:\/\/media1.jensgustafsson.se\/2024\/04\/DSC_3337-450x300.jpg 450w\" sizes=\"auto, (max-width: 1024px) 100vw, 1024px\" \/><\/figure>\n\n\n\n<figure class=\"wp-block-image size-large is-resized\"><img loading=\"lazy\" decoding=\"async\" width=\"1024\" height=\"486\" src=\"https:\/\/media1.jensgustafsson.se\/2024\/04\/image-2-1024x486.png\" alt=\"\" class=\"wp-image-32049\" style=\"width:633px;height:auto\" srcset=\"https:\/\/media1.jensgustafsson.se\/2024\/04\/image-2-1024x486.png 1024w, https:\/\/media1.jensgustafsson.se\/2024\/04\/image-2-300x142.png 300w, https:\/\/media1.jensgustafsson.se\/2024\/04\/image-2-768x364.png 768w, https:\/\/media1.jensgustafsson.se\/2024\/04\/image-2-500x237.png 500w, https:\/\/media1.jensgustafsson.se\/2024\/04\/image-2.png 1476w\" sizes=\"auto, (max-width: 1024px) 100vw, 1024px\" \/><\/figure>\n\n\n\n<p class=\"has-medium-font-size\"><em>M\u00e5naden blev aningen nederb\u00f6rdsfattig. Vi har f\u00e5tt 20 mm nederb\u00f6rd, f\u00f6rdelat \u00f6ver 13 dygn. Det \u00e4r 77% av den normala nederb\u00f6rden i mars. Nederb\u00f6rden har fallit b\u00e5de som regn och sn\u00f6, men vi har inte haft n\u00e5got m\u00e4tbart sn\u00f6djup under m\u00e5naden. Jag har noterat 2 dagar med lite sn\u00f6fl\u00e4ckar p\u00e5 marken, den 9 och 10 mars, d\u00e5 vi hade en kylig period. <\/em><\/p>\n\n\n\n<p class=\"has-medium-font-size\"><em>Diagrammet nedanf\u00f6r h\u00e4r, visar nederb\u00f6rdsm\u00e4ngden f\u00f6r mars i referensperioden, med de 4 senaste \u00e5ren tillagda.<\/em><\/p>\n\n\n\n<figure class=\"wp-block-image size-large is-resized\"><img loading=\"lazy\" decoding=\"async\" width=\"1024\" height=\"360\" src=\"https:\/\/media1.jensgustafsson.se\/2024\/04\/image-3-1024x360.png\" alt=\"\" class=\"wp-image-32050\" style=\"width:711px;height:auto\" srcset=\"https:\/\/media1.jensgustafsson.se\/2024\/04\/image-3-1024x360.png 1024w, https:\/\/media1.jensgustafsson.se\/2024\/04\/image-3-300x105.png 300w, https:\/\/media1.jensgustafsson.se\/2024\/04\/image-3-768x270.png 768w, https:\/\/media1.jensgustafsson.se\/2024\/04\/image-3-1536x540.png 1536w, https:\/\/media1.jensgustafsson.se\/2024\/04\/image-3-2048x720.png 2048w, https:\/\/media1.jensgustafsson.se\/2024\/04\/image-3-500x176.png 500w\" sizes=\"auto, (max-width: 1024px) 100vw, 1024px\" \/><\/figure>\n\n\n\n<figure class=\"wp-block-image size-large\"><img loading=\"lazy\" decoding=\"async\" width=\"1024\" height=\"683\" src=\"https:\/\/media1.jensgustafsson.se\/2024\/04\/DSC_3454-1024x683.jpg\" alt=\"\" class=\"wp-image-32060\" srcset=\"https:\/\/media1.jensgustafsson.se\/2024\/04\/DSC_3454-1024x683.jpg 1024w, https:\/\/media1.jensgustafsson.se\/2024\/04\/DSC_3454-300x200.jpg 300w, https:\/\/media1.jensgustafsson.se\/2024\/04\/DSC_3454-768x512.jpg 768w, https:\/\/media1.jensgustafsson.se\/2024\/04\/DSC_3454-1536x1024.jpg 1536w, https:\/\/media1.jensgustafsson.se\/2024\/04\/DSC_3454-2048x1365.jpg 2048w, https:\/\/media1.jensgustafsson.se\/2024\/04\/DSC_3454-450x300.jpg 450w\" sizes=\"auto, (max-width: 1024px) 100vw, 1024px\" \/><\/figure>\n\n\n\n<figure class=\"wp-block-image size-large is-resized\"><img loading=\"lazy\" decoding=\"async\" width=\"1024\" height=\"411\" src=\"https:\/\/media1.jensgustafsson.se\/2024\/04\/image-4-1024x411.png\" alt=\"\" class=\"wp-image-32052\" style=\"width:650px;height:auto\" srcset=\"https:\/\/media1.jensgustafsson.se\/2024\/04\/image-4-1024x411.png 1024w, https:\/\/media1.jensgustafsson.se\/2024\/04\/image-4-300x120.png 300w, https:\/\/media1.jensgustafsson.se\/2024\/04\/image-4-768x308.png 768w, https:\/\/media1.jensgustafsson.se\/2024\/04\/image-4-500x201.png 500w, https:\/\/media1.jensgustafsson.se\/2024\/04\/image-4.png 1467w\" sizes=\"auto, (max-width: 1024px) 100vw, 1024px\" \/><\/figure>\n\n\n\n<p class=\"has-medium-font-size\"><em>F\u00f6rdelningen \u00f6ver vindriktningarna i marsm\u00e5naden ser vi i stapeldiagrammet h\u00e4r ovanf\u00f6r. Medelmaxvinden f\u00f6r m\u00e5naden blev 6,5 m\/s. Som vi ser, s\u00e5 har vi haft en hel del dagar, d\u00e4r \u00f6ster varit inblandat. Vi vet att den vindriktningen ofta \u00e4r kylig f\u00f6r oss h\u00e4r p\u00e5 \u00f6stra sidan av Sverige.<\/em><\/p>\n\n\n\n<figure class=\"wp-block-image size-large\"><img loading=\"lazy\" decoding=\"async\" width=\"1024\" height=\"756\" src=\"https:\/\/media1.jensgustafsson.se\/2024\/04\/DSC_3764-1024x756.jpg\" alt=\"\" class=\"wp-image-32061\" srcset=\"https:\/\/media1.jensgustafsson.se\/2024\/04\/DSC_3764-1024x756.jpg 1024w, https:\/\/media1.jensgustafsson.se\/2024\/04\/DSC_3764-300x222.jpg 300w, https:\/\/media1.jensgustafsson.se\/2024\/04\/DSC_3764-768x567.jpg 768w, https:\/\/media1.jensgustafsson.se\/2024\/04\/DSC_3764-1536x1135.jpg 1536w, https:\/\/media1.jensgustafsson.se\/2024\/04\/DSC_3764-406x300.jpg 406w, https:\/\/media1.jensgustafsson.se\/2024\/04\/DSC_3764.jpg 2020w\" sizes=\"auto, (max-width: 1024px) 100vw, 1024px\" \/><\/figure>\n\n\n\n<figure class=\"wp-block-image size-large\"><img loading=\"lazy\" decoding=\"async\" width=\"1024\" height=\"505\" src=\"https:\/\/media1.jensgustafsson.se\/2024\/04\/image-5-1024x505.png\" alt=\"\" class=\"wp-image-32053\" srcset=\"https:\/\/media1.jensgustafsson.se\/2024\/04\/image-5-1024x505.png 1024w, https:\/\/media1.jensgustafsson.se\/2024\/04\/image-5-300x148.png 300w, https:\/\/media1.jensgustafsson.se\/2024\/04\/image-5-768x379.png 768w, https:\/\/media1.jensgustafsson.se\/2024\/04\/image-5-500x247.png 500w, https:\/\/media1.jensgustafsson.se\/2024\/04\/image-5.png 1298w\" sizes=\"auto, (max-width: 1024px) 100vw, 1024px\" \/><\/figure>\n\n\n\n<p class=\"has-medium-font-size\"><em>Stapeldiagrammet ovan, visar medellufttrycket dygnsvis genom m\u00e5naden.<\/em><\/p>\n\n\n\n<figure class=\"wp-block-image size-large\"><img loading=\"lazy\" decoding=\"async\" width=\"1024\" height=\"627\" src=\"https:\/\/media1.jensgustafsson.se\/2024\/04\/DSC_3814-1024x627.jpg\" alt=\"\" class=\"wp-image-32063\" srcset=\"https:\/\/media1.jensgustafsson.se\/2024\/04\/DSC_3814-1024x627.jpg 1024w, https:\/\/media1.jensgustafsson.se\/2024\/04\/DSC_3814-300x184.jpg 300w, https:\/\/media1.jensgustafsson.se\/2024\/04\/DSC_3814-768x471.jpg 768w, https:\/\/media1.jensgustafsson.se\/2024\/04\/DSC_3814-1536x941.jpg 1536w, https:\/\/media1.jensgustafsson.se\/2024\/04\/DSC_3814-2048x1255.jpg 2048w, https:\/\/media1.jensgustafsson.se\/2024\/04\/DSC_3814-490x300.jpg 490w\" sizes=\"auto, (max-width: 1024px) 100vw, 1024px\" \/><\/figure>\n\n\n\n<p class=\"has-medium-font-size\"><em>Det var sammanfattningen av mars. Nu g\u00e5r vi in i andra v\u00e5rm\u00e5naden, och enligt SMHI:s prognos, kan vi f\u00f6rv\u00e4nta oss b\u00e5de kyla och sn\u00f6 i inledningen av april. Os\u00e4kerheten i prognoserna \u00e4r det enda som \u00e4r s\u00e4kert kan vi nog konstatera \ud83d\ude42 <\/em><\/p>\n","protected":false},"excerpt":{"rendered":"<p>H\u00e4r kommer en sammanfattning av mars 2024. V\u00e4derdata f\u00f6r \u00e5rets marsm\u00e5nad \u00e4r h\u00e4mtade fr\u00e5n min privata v\u00e4derstation h\u00e4r i F\u00e5gelfors. Statistiken som jag anv\u00e4nder och j\u00e4mf\u00f6r mot, \u00e4r h\u00e4mtad fr\u00e5n SMHI:s n\u00e4rmaste m\u00e4tstationer Blankastr\u00f6m, och Drageryd f\u00f6r \u00e5ren 1931-2012. Fr\u00e5n &hellip; <a href=\"https:\/\/jensgustafsson.se\/?page_id=32041\">Forts\u00e4tt l\u00e4sa <span class=\"meta-nav\">&rarr;<\/span><\/a><\/p>\n","protected":false},"author":1,"featured_media":32057,"parent":31413,"menu_order":3,"comment_status":"open","ping_status":"closed","template":"","meta":{"footnotes":""},"class_list":["post-32041","page","type-page","status-publish","has-post-thumbnail","hentry"],"_links":{"self":[{"href":"https:\/\/jensgustafsson.se\/index.php?rest_route=\/wp\/v2\/pages\/32041","targetHints":{"allow":["GET"]}}],"collection":[{"href":"https:\/\/jensgustafsson.se\/index.php?rest_route=\/wp\/v2\/pages"}],"about":[{"href":"https:\/\/jensgustafsson.se\/index.php?rest_route=\/wp\/v2\/types\/page"}],"author":[{"embeddable":true,"href":"https:\/\/jensgustafsson.se\/index.php?rest_route=\/wp\/v2\/users\/1"}],"replies":[{"embeddable":true,"href":"https:\/\/jensgustafsson.se\/index.php?rest_route=%2Fwp%2Fv2%2Fcomments&post=32041"}],"version-history":[{"count":13,"href":"https:\/\/jensgustafsson.se\/index.php?rest_route=\/wp\/v2\/pages\/32041\/revisions"}],"predecessor-version":[{"id":32075,"href":"https:\/\/jensgustafsson.se\/index.php?rest_route=\/wp\/v2\/pages\/32041\/revisions\/32075"}],"up":[{"embeddable":true,"href":"https:\/\/jensgustafsson.se\/index.php?rest_route=\/wp\/v2\/pages\/31413"}],"wp:featuredmedia":[{"embeddable":true,"href":"https:\/\/jensgustafsson.se\/index.php?rest_route=\/wp\/v2\/media\/32057"}],"wp:attachment":[{"href":"https:\/\/jensgustafsson.se\/index.php?rest_route=%2Fwp%2Fv2%2Fmedia&parent=32041"}],"curies":[{"name":"wp","href":"https:\/\/api.w.org\/{rel}","templated":true}]}}