{"id":32457,"date":"2024-05-01T05:46:08","date_gmt":"2024-05-01T04:46:08","guid":{"rendered":"https:\/\/jensgustafsson.se\/?page_id=32457"},"modified":"2024-05-01T05:46:08","modified_gmt":"2024-05-01T04:46:08","slug":"april-2024","status":"publish","type":"page","link":"https:\/\/jensgustafsson.se\/?page_id=32457","title":{"rendered":"April 2024."},"content":{"rendered":"\n<p class=\"has-medium-font-size\"><em>H\u00e4r kommer en sammanfattning av april 2024. V\u00e4derdata f\u00f6r \u00e5rets aprilm\u00e5nad \u00e4r h\u00e4mtade fr\u00e5n min privata v\u00e4derstation h\u00e4r i F\u00e5gelfors. Statistiken som jag anv\u00e4nder och j\u00e4mf\u00f6r mot, \u00e4r h\u00e4mtad fr\u00e5n SMHI:s n\u00e4rmaste m\u00e4tstationer Blankastr\u00f6m, och Drageryd f\u00f6r \u00e5ren 1931-2012. Fr\u00e5n 2013 och fram\u00e5t \u00e4r det min egna, privata v\u00e4derstation som levererar siffrorna. Nuvarande \u201dnormalperiod\u201d som anv\u00e4nds att j\u00e4mf\u00f6ra april 2024 mot, \u00e4r \u00e5ren 1991-2020. D\u00e4r jag anv\u00e4nder ordet \u201dnormalt\u201d i texterna h\u00e4r, menas allts\u00e5 d\u00e5 medeltalen f\u00f6r referensperioden 1991-2020.<\/em><\/p>\n\n\n\n<figure class=\"wp-block-image size-large\"><img loading=\"lazy\" decoding=\"async\" width=\"1024\" height=\"768\" src=\"https:\/\/media1.jensgustafsson.se\/2024\/05\/5-april-2024-2-1024x768.jpg\" alt=\"\" class=\"wp-image-32475\" srcset=\"https:\/\/media1.jensgustafsson.se\/2024\/05\/5-april-2024-2-1024x768.jpg 1024w, https:\/\/media1.jensgustafsson.se\/2024\/05\/5-april-2024-2-300x225.jpg 300w, https:\/\/media1.jensgustafsson.se\/2024\/05\/5-april-2024-2-768x576.jpg 768w, https:\/\/media1.jensgustafsson.se\/2024\/05\/5-april-2024-2-1536x1152.jpg 1536w, https:\/\/media1.jensgustafsson.se\/2024\/05\/5-april-2024-2-400x300.jpg 400w, https:\/\/media1.jensgustafsson.se\/2024\/05\/5-april-2024-2.jpg 1920w\" sizes=\"auto, (max-width: 1024px) 100vw, 1024px\" \/><figcaption class=\"wp-element-caption\"><strong><em>5:e april s\u00e5g det ut s\u00e5h\u00e4r.<\/em><\/strong><\/figcaption><\/figure>\n\n\n\n<figure class=\"wp-block-image size-large is-resized\"><img loading=\"lazy\" decoding=\"async\" width=\"1024\" height=\"570\" src=\"https:\/\/media1.jensgustafsson.se\/2024\/05\/image-1024x570.png\" alt=\"\" class=\"wp-image-32460\" style=\"width:618px;height:auto\" srcset=\"https:\/\/media1.jensgustafsson.se\/2024\/05\/image-1024x570.png 1024w, https:\/\/media1.jensgustafsson.se\/2024\/05\/image-300x167.png 300w, https:\/\/media1.jensgustafsson.se\/2024\/05\/image-768x427.png 768w, https:\/\/media1.jensgustafsson.se\/2024\/05\/image-1536x854.png 1536w, https:\/\/media1.jensgustafsson.se\/2024\/05\/image-500x278.png 500w, https:\/\/media1.jensgustafsson.se\/2024\/05\/image.png 1843w\" sizes=\"auto, (max-width: 1024px) 100vw, 1024px\" \/><\/figure>\n\n\n\n<p class=\"has-medium-font-size\"><em>Temperaturm\u00e4ssigt slutade april 2024 n\u00e4st intill normalt. +6,7 grader blev m\u00e5nadens medeltemperatur, vilket \u00e4r 0,3 grader h\u00f6gre j\u00e4mf\u00f6rt mot normalt. Fram till mitten av m\u00e5naden hade vi ett temperatur\u00f6verskott p\u00e5 cirka 1,5 grader, men det sj\u00f6nk sedan mot slutet. Intrycket av m\u00e5naden \u00e4r att v\u00e5rv\u00e4rmen l\u00e5tit v\u00e4ntat p\u00e5 sig, f\u00f6r vi har inte haft s\u00e5 m\u00e5nga dagar med n\u00e5gra h\u00f6gre dagstemperaturer, som vi kan se i stapeldiagrammet ovanf\u00f6r h\u00e4r. Det som f\u00f6rklarar att medeltemperaturen inte blev l\u00e4gre \u00e4n den blev \u00e4r, att n\u00e4tterna varit f\u00f6rh\u00e5llandevis milda, och h\u00e5llit uppe dygnsmedeltemperaturen. <\/em><\/p>\n\n\n\n<p class=\"has-medium-font-size\"><em>Diagrammet nedan visar medeltemperaturen i april under \u00e5ren 1991-2024, s\u00e5 ser vi lite hur det sett ut i v\u00e5r referensperiod, som g\u00e4ller nu, och fyra \u00e5r in i n\u00e4sta period. Vi kan se att det varit b\u00e5de kallare och varmare aprilm\u00e5nader genom \u00e5ren, men att de fyra senaste \u00e5ren pekar trenden upp\u00e5t. <\/em><\/p>\n\n\n\n<figure class=\"wp-block-image size-large is-resized\"><img loading=\"lazy\" decoding=\"async\" width=\"1024\" height=\"406\" src=\"https:\/\/media1.jensgustafsson.se\/2024\/05\/image-1-1024x406.png\" alt=\"\" class=\"wp-image-32462\" style=\"width:721px;height:auto\" srcset=\"https:\/\/media1.jensgustafsson.se\/2024\/05\/image-1-1024x406.png 1024w, https:\/\/media1.jensgustafsson.se\/2024\/05\/image-1-300x119.png 300w, https:\/\/media1.jensgustafsson.se\/2024\/05\/image-1-768x304.png 768w, https:\/\/media1.jensgustafsson.se\/2024\/05\/image-1-1536x608.png 1536w, https:\/\/media1.jensgustafsson.se\/2024\/05\/image-1-2048x811.png 2048w, https:\/\/media1.jensgustafsson.se\/2024\/05\/image-1-500x198.png 500w\" sizes=\"auto, (max-width: 1024px) 100vw, 1024px\" \/><\/figure>\n\n\n\n<p class=\"has-medium-font-size\"><em>Nedan ser vi en sammanfattning av lite temperaturdata m.m. fr\u00e5n loggen p\u00e5 min v\u00e4derstation under mars 2024.<\/em><\/p>\n\n\n\n<p class=\"has-medium-font-size\"><strong>Temperatur (\u00b0C):<br \/>Medel (min+max): +6,7<br \/>Medelminimum: +2,2<br \/>Medelmaximum: +11,5<br \/>Minimum: -3,6 den 25 april<br \/>Maximum: +21,1 den 28 april<br \/>H\u00f6gsta minimum: +8,6 den 13 april<br \/>L\u00e4gsta maximum: +0,4 den 3 april<br \/>Frostdygn: 10 ( mintemp. under 0\u00b0)<br \/>Isdygn: 0 (dygnets maxtemp. under 0\u00b0)<br \/>Markfrost: 2 dygn (mintemp. \u00f6ver 0\u00b0, men frost p\u00e5 marken)<\/strong><\/p>\n\n\n\n<figure class=\"wp-block-image size-large\"><img loading=\"lazy\" decoding=\"async\" width=\"1024\" height=\"683\" src=\"https:\/\/media1.jensgustafsson.se\/2024\/05\/DSC_4348-1024x683.jpg\" alt=\"\" class=\"wp-image-32477\" srcset=\"https:\/\/media1.jensgustafsson.se\/2024\/05\/DSC_4348-1024x683.jpg 1024w, https:\/\/media1.jensgustafsson.se\/2024\/05\/DSC_4348-300x200.jpg 300w, https:\/\/media1.jensgustafsson.se\/2024\/05\/DSC_4348-768x512.jpg 768w, https:\/\/media1.jensgustafsson.se\/2024\/05\/DSC_4348-1536x1024.jpg 1536w, https:\/\/media1.jensgustafsson.se\/2024\/05\/DSC_4348-2048x1365.jpg 2048w, https:\/\/media1.jensgustafsson.se\/2024\/05\/DSC_4348-450x300.jpg 450w\" sizes=\"auto, (max-width: 1024px) 100vw, 1024px\" \/><figcaption class=\"wp-element-caption\"><strong><em>Klobosj\u00f6n p\u00e5 morgonen 9:e april.<\/em><\/strong><\/figcaption><\/figure>\n\n\n\n<figure class=\"wp-block-image size-large\"><img loading=\"lazy\" decoding=\"async\" width=\"1024\" height=\"485\" src=\"https:\/\/media1.jensgustafsson.se\/2024\/05\/image-2-1024x485.png\" alt=\"\" class=\"wp-image-32464\" srcset=\"https:\/\/media1.jensgustafsson.se\/2024\/05\/image-2-1024x485.png 1024w, https:\/\/media1.jensgustafsson.se\/2024\/05\/image-2-300x142.png 300w, https:\/\/media1.jensgustafsson.se\/2024\/05\/image-2-768x364.png 768w, https:\/\/media1.jensgustafsson.se\/2024\/05\/image-2-500x237.png 500w, https:\/\/media1.jensgustafsson.se\/2024\/05\/image-2.png 1477w\" sizes=\"auto, (max-width: 1024px) 100vw, 1024px\" \/><\/figure>\n\n\n\n<p class=\"has-medium-font-size\"><em>Nederb\u00f6rden har varit riklig hos oss i april. 54 millimeter har det kommit, vilket motsvarar 193% av den normala m\u00e4ngden f\u00f6r april. Som vanligt f\u00f6r denna m\u00e5nad, s\u00e5 har det kommit b\u00e5de i form av sn\u00f6 och regn. Mesta nederb\u00f6rden f\u00f6ll i b\u00f6rjan p\u00e5 m\u00e5naden, och vi har haft 2 dagar med m\u00e4tbart sn\u00f6djup, mest  var det den 3:e april med 10 centimeter.<\/em><\/p>\n\n\n\n<p class=\"has-medium-font-size\"><em>Diagrammet nedanf\u00f6r h\u00e4r, visar nederb\u00f6rdsm\u00e4ngden f\u00f6r april i referensperioden, med de 4 senaste \u00e5ren tillagda.<\/em><\/p>\n\n\n\n<figure class=\"wp-block-image size-large is-resized\"><img loading=\"lazy\" decoding=\"async\" width=\"1024\" height=\"364\" src=\"https:\/\/media1.jensgustafsson.se\/2024\/05\/image-3-1024x364.png\" alt=\"\" class=\"wp-image-32465\" style=\"width:692px;height:auto\" srcset=\"https:\/\/media1.jensgustafsson.se\/2024\/05\/image-3-1024x364.png 1024w, https:\/\/media1.jensgustafsson.se\/2024\/05\/image-3-300x107.png 300w, https:\/\/media1.jensgustafsson.se\/2024\/05\/image-3-768x273.png 768w, https:\/\/media1.jensgustafsson.se\/2024\/05\/image-3-1536x546.png 1536w, https:\/\/media1.jensgustafsson.se\/2024\/05\/image-3-2048x728.png 2048w, https:\/\/media1.jensgustafsson.se\/2024\/05\/image-3-500x178.png 500w\" sizes=\"auto, (max-width: 1024px) 100vw, 1024px\" \/><\/figure>\n\n\n\n<figure class=\"wp-block-image size-large is-resized\"><img loading=\"lazy\" decoding=\"async\" width=\"1024\" height=\"683\" src=\"https:\/\/media1.jensgustafsson.se\/2024\/05\/DSC_4722-1024x683.jpg\" alt=\"\" class=\"wp-image-32479\" style=\"width:666px;height:auto\" srcset=\"https:\/\/media1.jensgustafsson.se\/2024\/05\/DSC_4722-1024x683.jpg 1024w, https:\/\/media1.jensgustafsson.se\/2024\/05\/DSC_4722-300x200.jpg 300w, https:\/\/media1.jensgustafsson.se\/2024\/05\/DSC_4722-768x512.jpg 768w, https:\/\/media1.jensgustafsson.se\/2024\/05\/DSC_4722-1536x1024.jpg 1536w, https:\/\/media1.jensgustafsson.se\/2024\/05\/DSC_4722-2048x1365.jpg 2048w, https:\/\/media1.jensgustafsson.se\/2024\/05\/DSC_4722-450x300.jpg 450w\" sizes=\"auto, (max-width: 1024px) 100vw, 1024px\" \/><figcaption class=\"wp-element-caption\"><strong><em>\u00d6vrasj\u00f6badet 20:e april.<\/em><\/strong><\/figcaption><\/figure>\n\n\n\n<figure class=\"wp-block-image size-large is-resized\"><img loading=\"lazy\" decoding=\"async\" width=\"1024\" height=\"410\" src=\"https:\/\/media1.jensgustafsson.se\/2024\/05\/image-4-1024x410.png\" alt=\"\" class=\"wp-image-32467\" style=\"width:674px;height:auto\" srcset=\"https:\/\/media1.jensgustafsson.se\/2024\/05\/image-4-1024x410.png 1024w, https:\/\/media1.jensgustafsson.se\/2024\/05\/image-4-300x120.png 300w, https:\/\/media1.jensgustafsson.se\/2024\/05\/image-4-768x308.png 768w, https:\/\/media1.jensgustafsson.se\/2024\/05\/image-4-500x200.png 500w, https:\/\/media1.jensgustafsson.se\/2024\/05\/image-4.png 1467w\" sizes=\"auto, (max-width: 1024px) 100vw, 1024px\" \/><\/figure>\n\n\n\n<figure class=\"wp-block-image size-large is-resized\"><img loading=\"lazy\" decoding=\"async\" width=\"1024\" height=\"468\" src=\"https:\/\/media1.jensgustafsson.se\/2024\/05\/image-6-1024x468.png\" alt=\"\" class=\"wp-image-32469\" style=\"width:664px;height:auto\" srcset=\"https:\/\/media1.jensgustafsson.se\/2024\/05\/image-6-1024x468.png 1024w, https:\/\/media1.jensgustafsson.se\/2024\/05\/image-6-300x137.png 300w, https:\/\/media1.jensgustafsson.se\/2024\/05\/image-6-768x351.png 768w, https:\/\/media1.jensgustafsson.se\/2024\/05\/image-6-500x229.png 500w, https:\/\/media1.jensgustafsson.se\/2024\/05\/image-6.png 1211w\" sizes=\"auto, (max-width: 1024px) 100vw, 1024px\" \/><\/figure>\n\n\n\n<p class=\"has-medium-font-size\"><em>Av diagrammen framg\u00e5r den dagliga vindriktningen i april. Jag visar ocks\u00e5 den dagliga maxvinden i det ena diagrammet, och vi ser, och minns, att det varit bl\u00e5sigt. Medelv\u00e4rdet f\u00f6r maxvinden denna m\u00e5nad blev 8,1 meter per sekund, och det \u00e4r f\u00f6rh\u00e5llandevis mycket.<\/em><\/p>\n\n\n\n<figure class=\"wp-block-image size-large\"><img loading=\"lazy\" decoding=\"async\" width=\"1024\" height=\"683\" src=\"https:\/\/media1.jensgustafsson.se\/2024\/05\/DSC_4517-1024x683.jpg\" alt=\"\" class=\"wp-image-32480\" srcset=\"https:\/\/media1.jensgustafsson.se\/2024\/05\/DSC_4517-1024x683.jpg 1024w, https:\/\/media1.jensgustafsson.se\/2024\/05\/DSC_4517-300x200.jpg 300w, https:\/\/media1.jensgustafsson.se\/2024\/05\/DSC_4517-768x512.jpg 768w, https:\/\/media1.jensgustafsson.se\/2024\/05\/DSC_4517-1536x1024.jpg 1536w, https:\/\/media1.jensgustafsson.se\/2024\/05\/DSC_4517-2048x1365.jpg 2048w, https:\/\/media1.jensgustafsson.se\/2024\/05\/DSC_4517-450x300.jpg 450w\" sizes=\"auto, (max-width: 1024px) 100vw, 1024px\" \/><figcaption class=\"wp-element-caption\"><strong><em>Blankastr\u00f6m 15:e april.<\/em><\/strong><\/figcaption><\/figure>\n\n\n\n<figure class=\"wp-block-image size-large\"><img loading=\"lazy\" decoding=\"async\" width=\"1024\" height=\"448\" src=\"https:\/\/media1.jensgustafsson.se\/2024\/05\/image-7-1024x448.png\" alt=\"\" class=\"wp-image-32471\" srcset=\"https:\/\/media1.jensgustafsson.se\/2024\/05\/image-7-1024x448.png 1024w, https:\/\/media1.jensgustafsson.se\/2024\/05\/image-7-300x131.png 300w, https:\/\/media1.jensgustafsson.se\/2024\/05\/image-7-768x336.png 768w, https:\/\/media1.jensgustafsson.se\/2024\/05\/image-7-500x219.png 500w, https:\/\/media1.jensgustafsson.se\/2024\/05\/image-7.png 1247w\" sizes=\"auto, (max-width: 1024px) 100vw, 1024px\" \/><\/figure>\n\n\n\n<p class=\"has-medium-font-size\"><em>Stapeldiagrammet ovan, visar medellufttrycket dygnsvis genom m\u00e5naden.<\/em><\/p>\n\n\n\n<figure class=\"wp-block-image size-large\"><img loading=\"lazy\" decoding=\"async\" width=\"1024\" height=\"683\" src=\"https:\/\/media1.jensgustafsson.se\/2024\/05\/DSC_5025-1024x683.jpg\" alt=\"\" class=\"wp-image-32481\" srcset=\"https:\/\/media1.jensgustafsson.se\/2024\/05\/DSC_5025-1024x683.jpg 1024w, https:\/\/media1.jensgustafsson.se\/2024\/05\/DSC_5025-300x200.jpg 300w, https:\/\/media1.jensgustafsson.se\/2024\/05\/DSC_5025-768x512.jpg 768w, https:\/\/media1.jensgustafsson.se\/2024\/05\/DSC_5025-1536x1024.jpg 1536w, https:\/\/media1.jensgustafsson.se\/2024\/05\/DSC_5025-2048x1365.jpg 2048w, https:\/\/media1.jensgustafsson.se\/2024\/05\/DSC_5025-450x300.jpg 450w\" sizes=\"auto, (max-width: 1024px) 100vw, 1024px\" \/><figcaption class=\"wp-element-caption\"><strong><em>Backsippor vid Forsaryd 29:e april.<\/em><\/strong><\/figcaption><\/figure>\n\n\n\n<p class=\"has-medium-font-size\"><em>Vi g\u00e5r in i tredje och sista v\u00e5rm\u00e5naden f\u00f6r 2024 nu, och n\u00e4r den tar slut, s\u00e5 ser vi hur v\u00e5ren blev totalt. Av nyfikenhet, s\u00e5 tittade jag hur det ser ut nu, efter att tv\u00e5 m\u00e5nader passerat, och j\u00e4mf\u00f6rde det mot samma tv\u00e5 m\u00e5nader i referensperioden 1991-2020. Vi ligger nu 1,4 grader h\u00f6gre i medeltemperatur, och vad det g\u00e4ller nederb\u00f6rd har vi f\u00e5tt 137% av den genomsnittliga nederb\u00f6rden f\u00f6r perioden. Det blir intressant att se hur majm\u00e5naden utvecklar sig.<\/em><\/p>\n","protected":false},"excerpt":{"rendered":"<p>H\u00e4r kommer en sammanfattning av april 2024. V\u00e4derdata f\u00f6r \u00e5rets aprilm\u00e5nad \u00e4r h\u00e4mtade fr\u00e5n min privata v\u00e4derstation h\u00e4r i F\u00e5gelfors. Statistiken som jag anv\u00e4nder och j\u00e4mf\u00f6r mot, \u00e4r h\u00e4mtad fr\u00e5n SMHI:s n\u00e4rmaste m\u00e4tstationer Blankastr\u00f6m, och Drageryd f\u00f6r \u00e5ren 1931-2012. Fr\u00e5n &hellip; <a href=\"https:\/\/jensgustafsson.se\/?page_id=32457\">Forts\u00e4tt l\u00e4sa <span class=\"meta-nav\">&rarr;<\/span><\/a><\/p>\n","protected":false},"author":1,"featured_media":32474,"parent":31413,"menu_order":4,"comment_status":"open","ping_status":"closed","template":"","meta":{"footnotes":""},"class_list":["post-32457","page","type-page","status-publish","has-post-thumbnail","hentry"],"_links":{"self":[{"href":"https:\/\/jensgustafsson.se\/index.php?rest_route=\/wp\/v2\/pages\/32457","targetHints":{"allow":["GET"]}}],"collection":[{"href":"https:\/\/jensgustafsson.se\/index.php?rest_route=\/wp\/v2\/pages"}],"about":[{"href":"https:\/\/jensgustafsson.se\/index.php?rest_route=\/wp\/v2\/types\/page"}],"author":[{"embeddable":true,"href":"https:\/\/jensgustafsson.se\/index.php?rest_route=\/wp\/v2\/users\/1"}],"replies":[{"embeddable":true,"href":"https:\/\/jensgustafsson.se\/index.php?rest_route=%2Fwp%2Fv2%2Fcomments&post=32457"}],"version-history":[{"count":12,"href":"https:\/\/jensgustafsson.se\/index.php?rest_route=\/wp\/v2\/pages\/32457\/revisions"}],"predecessor-version":[{"id":32483,"href":"https:\/\/jensgustafsson.se\/index.php?rest_route=\/wp\/v2\/pages\/32457\/revisions\/32483"}],"up":[{"embeddable":true,"href":"https:\/\/jensgustafsson.se\/index.php?rest_route=\/wp\/v2\/pages\/31413"}],"wp:featuredmedia":[{"embeddable":true,"href":"https:\/\/jensgustafsson.se\/index.php?rest_route=\/wp\/v2\/media\/32474"}],"wp:attachment":[{"href":"https:\/\/jensgustafsson.se\/index.php?rest_route=%2Fwp%2Fv2%2Fmedia&parent=32457"}],"curies":[{"name":"wp","href":"https:\/\/api.w.org\/{rel}","templated":true}]}}