{"id":32714,"date":"2024-06-01T05:51:43","date_gmt":"2024-06-01T04:51:43","guid":{"rendered":"https:\/\/jensgustafsson.se\/?page_id=32714"},"modified":"2024-06-01T05:51:43","modified_gmt":"2024-06-01T04:51:43","slug":"maj-2024","status":"publish","type":"page","link":"https:\/\/jensgustafsson.se\/?page_id=32714","title":{"rendered":"Maj 2024."},"content":{"rendered":"\n<p class=\"has-medium-font-size\"><em>H\u00e4r kommer en sammanfattning av maj 2024. V\u00e4derdata f\u00f6r \u00e5rets majm\u00e5nad \u00e4r h\u00e4mtade fr\u00e5n min privata v\u00e4derstation h\u00e4r i F\u00e5gelfors. Statistiken som jag anv\u00e4nder och j\u00e4mf\u00f6r mot, \u00e4r h\u00e4mtad fr\u00e5n SMHI:s n\u00e4rmaste m\u00e4tstationer Blankastr\u00f6m, och Drageryd f\u00f6r \u00e5ren 1931-2012. Fr\u00e5n 2013 och fram\u00e5t \u00e4r det min egna, privata v\u00e4derstation som levererar siffrorna. Nuvarande \u201dnormalperiod\u201d som anv\u00e4nds att j\u00e4mf\u00f6ra maj 2024 mot, \u00e4r \u00e5ren 1991-2020. D\u00e4r jag anv\u00e4nder ordet \u201dnormalt\u201d i texterna h\u00e4r, menas allts\u00e5 d\u00e5 medeltalen f\u00f6r referensperioden 1991-2020.<\/em><\/p>\n\n\n\n<p class=\"has-medium-font-size\"><em><strong>Eftersom 2024 \u00e5rs v\u00e5r nu \u00e4r \u00f6ver enligt almanackan, s\u00e5 kommer jag att l\u00e4gga in en summering av hur v\u00e5ren blev h\u00e4r i F\u00e5gelfors i slutet p\u00e5 denna sammanfattning av majm\u00e5naden.<\/strong><\/em><\/p>\n\n\n\n<figure class=\"wp-block-image size-large\"><img loading=\"lazy\" decoding=\"async\" width=\"1024\" height=\"683\" src=\"https:\/\/media1.jensgustafsson.se\/2024\/06\/DSC_5278-1024x683.jpg\" alt=\"\" class=\"wp-image-32743\" srcset=\"https:\/\/media1.jensgustafsson.se\/2024\/06\/DSC_5278-1024x683.jpg 1024w, https:\/\/media1.jensgustafsson.se\/2024\/06\/DSC_5278-300x200.jpg 300w, https:\/\/media1.jensgustafsson.se\/2024\/06\/DSC_5278-768x512.jpg 768w, https:\/\/media1.jensgustafsson.se\/2024\/06\/DSC_5278-1536x1024.jpg 1536w, https:\/\/media1.jensgustafsson.se\/2024\/06\/DSC_5278-2048x1365.jpg 2048w, https:\/\/media1.jensgustafsson.se\/2024\/06\/DSC_5278-450x300.jpg 450w\" sizes=\"auto, (max-width: 1024px) 100vw, 1024px\" \/><figcaption class=\"wp-element-caption\"><strong><em>\u00c5kern fylldes med styvmorsvioler denna majm\u00e5nad.<\/em><\/strong><\/figcaption><\/figure>\n\n\n\n<figure class=\"wp-block-image size-large is-resized\"><img loading=\"lazy\" decoding=\"async\" width=\"1024\" height=\"478\" src=\"https:\/\/media1.jensgustafsson.se\/2024\/06\/image-1024x478.png\" alt=\"\" class=\"wp-image-32727\" style=\"width:661px;height:auto\" srcset=\"https:\/\/media1.jensgustafsson.se\/2024\/06\/image-1024x478.png 1024w, https:\/\/media1.jensgustafsson.se\/2024\/06\/image-300x140.png 300w, https:\/\/media1.jensgustafsson.se\/2024\/06\/image-768x358.png 768w, https:\/\/media1.jensgustafsson.se\/2024\/06\/image-1536x717.png 1536w, https:\/\/media1.jensgustafsson.se\/2024\/06\/image-500x233.png 500w, https:\/\/media1.jensgustafsson.se\/2024\/06\/image.png 1783w\" sizes=\"auto, (max-width: 1024px) 100vw, 1024px\" \/><\/figure>\n\n\n\n<p class=\"has-medium-font-size\"><em>2024 \u00e5rs majm\u00e5nad blev varm. +14,7 grader blev medeltemperaturen f\u00f6r m\u00e5naden. Det \u00e4r 3,3 grader varmare \u00e4n normalt f\u00f6r maj. Jag j\u00e4mf\u00f6r mot tidigare &#8221;normalperioder&#8221; och d\u00e5 ser det ut s\u00e5h\u00e4r. 2024 \u00e5rs majm\u00e5nad mot referensperioden 1961-1990: 4,3 grader varmare. <\/em>2024 \u00e5rs majm\u00e5nad mot referensperioden 1931-1960: 4,7 grader varmare. <\/p>\n\n\n\n<p class=\"has-medium-font-size\"><em>Det finns bara ett \u00e5r med h\u00f6gre medeltemperatur i maj genom \u00e5ren 1931-2024, som jag har med i min statistik, och det \u00e4r det ber\u00f6mda \u00e5ret vad g\u00e4ller v\u00e4rme, 2018. D\u00e5 blev medeltemperaturen f\u00f6r maj +15,6 grader<\/em>. <\/p>\n\n\n\n<p class=\"has-medium-font-size\"><em>Diagrammet nedanf\u00f6r h\u00e4r visar medeltemperaturen i maj genom \u00e5ren 1991-2024. Som vi ser, s\u00e5 \u00e4r det 2018 och 2024 som sticker ut. <\/em><\/p>\n\n\n\n<figure class=\"wp-block-image size-large\"><img loading=\"lazy\" decoding=\"async\" width=\"1024\" height=\"383\" src=\"https:\/\/media1.jensgustafsson.se\/2024\/06\/image-5-1024x383.png\" alt=\"\" class=\"wp-image-32732\" srcset=\"https:\/\/media1.jensgustafsson.se\/2024\/06\/image-5-1024x383.png 1024w, https:\/\/media1.jensgustafsson.se\/2024\/06\/image-5-300x112.png 300w, https:\/\/media1.jensgustafsson.se\/2024\/06\/image-5-768x287.png 768w, https:\/\/media1.jensgustafsson.se\/2024\/06\/image-5-1536x574.png 1536w, https:\/\/media1.jensgustafsson.se\/2024\/06\/image-5-2048x765.png 2048w, https:\/\/media1.jensgustafsson.se\/2024\/06\/image-5-500x187.png 500w\" sizes=\"auto, (max-width: 1024px) 100vw, 1024px\" \/><\/figure>\n\n\n\n<p class=\"has-medium-font-size\"><em>Nedan ser vi en sammanfattning av lite temperaturdata m.m. fr\u00e5n loggen p\u00e5 min v\u00e4derstation under maj 2024.<\/em><\/p>\n\n\n\n<p class=\"has-medium-font-size\"><strong>Temperatur (\u00b0C):<br \/>Medel (min+max): +14,7<br \/>Medelminimum: +8,1<br \/>Medelmaximum: +21,9<br \/>Minimum: +1 den 7 maj<br \/>Maximum: +27,2 den 28 maj<br \/>H\u00f6gsta minimum: +13,9 den 24 maj<br \/>L\u00e4gsta maximum: +9,1 den 6 maj<br \/>Frostdygn: 0 ( mintemp. under 0\u00b0)<br \/>Markfrost: 1 dygn (mintemp. \u00f6ver 0\u00b0, men frost p\u00e5 marken)<br \/>H\u00f6gsommardagar: 4 (maxtemp. \u00f6ver +25\u00b0)<\/strong><\/p>\n\n\n\n<figure class=\"wp-block-image size-large\"><img loading=\"lazy\" decoding=\"async\" width=\"1024\" height=\"683\" src=\"https:\/\/media1.jensgustafsson.se\/2024\/06\/DSC_5196-1024x683.jpg\" alt=\"\" class=\"wp-image-32744\" srcset=\"https:\/\/media1.jensgustafsson.se\/2024\/06\/DSC_5196-1024x683.jpg 1024w, https:\/\/media1.jensgustafsson.se\/2024\/06\/DSC_5196-300x200.jpg 300w, https:\/\/media1.jensgustafsson.se\/2024\/06\/DSC_5196-768x512.jpg 768w, https:\/\/media1.jensgustafsson.se\/2024\/06\/DSC_5196-1536x1024.jpg 1536w, https:\/\/media1.jensgustafsson.se\/2024\/06\/DSC_5196-2048x1365.jpg 2048w, https:\/\/media1.jensgustafsson.se\/2024\/06\/DSC_5196-450x300.jpg 450w\" sizes=\"auto, (max-width: 1024px) 100vw, 1024px\" \/><figcaption class=\"wp-element-caption\"><strong><em>K\u00f6rsb\u00e4rstr\u00e4den i blomning.<\/em><\/strong><\/figcaption><\/figure>\n\n\n\n<figure class=\"wp-block-image size-large\"><img loading=\"lazy\" decoding=\"async\" width=\"1024\" height=\"497\" src=\"https:\/\/media1.jensgustafsson.se\/2024\/06\/image-3-1024x497.png\" alt=\"\" class=\"wp-image-32730\" srcset=\"https:\/\/media1.jensgustafsson.se\/2024\/06\/image-3-1024x497.png 1024w, https:\/\/media1.jensgustafsson.se\/2024\/06\/image-3-300x146.png 300w, https:\/\/media1.jensgustafsson.se\/2024\/06\/image-3-768x373.png 768w, https:\/\/media1.jensgustafsson.se\/2024\/06\/image-3-500x243.png 500w, https:\/\/media1.jensgustafsson.se\/2024\/06\/image-3.png 1477w\" sizes=\"auto, (max-width: 1024px) 100vw, 1024px\" \/><\/figure>\n\n\n\n<p class=\"has-medium-font-size\"><em>Regn har vi f\u00e5tt 29 millimeter, f\u00f6rdelat \u00f6ver 8 dygn. Regnm\u00e4ngden vi f\u00e5tt, motsvarar 63% av den normala regnm\u00e4ngden f\u00f6r maj. Jag har noterat en dag med \u00e5ska p\u00e5 avst\u00e5nd. Den senaste tidens varma v\u00e4der tillsammans med ofta bl\u00e5siga dagar, har gjort att det b\u00f6rjat torka ut m\u00e4rkbart nu.<\/em><\/p>\n\n\n\n<p class=\"has-medium-font-size\"><em>Diagrammet nedanf\u00f6r h\u00e4r, visar nederb\u00f6rdsm\u00e4ngden f\u00f6r maj i referensperioden, med de 4 senaste \u00e5ren tillagda.<\/em> <\/p>\n\n\n\n<figure class=\"wp-block-image size-large is-resized\"><img loading=\"lazy\" decoding=\"async\" width=\"1024\" height=\"382\" src=\"https:\/\/media1.jensgustafsson.se\/2024\/06\/image-6-1024x382.png\" alt=\"\" class=\"wp-image-32734\" style=\"width:687px;height:auto\" srcset=\"https:\/\/media1.jensgustafsson.se\/2024\/06\/image-6-1024x382.png 1024w, https:\/\/media1.jensgustafsson.se\/2024\/06\/image-6-300x112.png 300w, https:\/\/media1.jensgustafsson.se\/2024\/06\/image-6-768x286.png 768w, https:\/\/media1.jensgustafsson.se\/2024\/06\/image-6-1536x573.png 1536w, https:\/\/media1.jensgustafsson.se\/2024\/06\/image-6-2048x764.png 2048w, https:\/\/media1.jensgustafsson.se\/2024\/06\/image-6-500x186.png 500w\" sizes=\"auto, (max-width: 1024px) 100vw, 1024px\" \/><\/figure>\n\n\n\n<figure class=\"wp-block-image size-large\"><img loading=\"lazy\" decoding=\"async\" width=\"1024\" height=\"683\" src=\"https:\/\/media1.jensgustafsson.se\/2024\/06\/DSC_5414-1024x683.jpg\" alt=\"\" class=\"wp-image-32745\" srcset=\"https:\/\/media1.jensgustafsson.se\/2024\/06\/DSC_5414-1024x683.jpg 1024w, https:\/\/media1.jensgustafsson.se\/2024\/06\/DSC_5414-300x200.jpg 300w, https:\/\/media1.jensgustafsson.se\/2024\/06\/DSC_5414-768x512.jpg 768w, https:\/\/media1.jensgustafsson.se\/2024\/06\/DSC_5414-1536x1024.jpg 1536w, https:\/\/media1.jensgustafsson.se\/2024\/06\/DSC_5414-2048x1365.jpg 2048w, https:\/\/media1.jensgustafsson.se\/2024\/06\/DSC_5414-450x300.jpg 450w\" sizes=\"auto, (max-width: 1024px) 100vw, 1024px\" \/><figcaption class=\"wp-element-caption\"><strong><em>Backsippor uppe vid Kronobo.<\/em><\/strong><\/figcaption><\/figure>\n\n\n\n<figure class=\"wp-block-image size-large\"><img loading=\"lazy\" decoding=\"async\" width=\"1024\" height=\"410\" src=\"https:\/\/media1.jensgustafsson.se\/2024\/06\/image-8-1024x410.png\" alt=\"\" class=\"wp-image-32737\" srcset=\"https:\/\/media1.jensgustafsson.se\/2024\/06\/image-8-1024x410.png 1024w, https:\/\/media1.jensgustafsson.se\/2024\/06\/image-8-300x120.png 300w, https:\/\/media1.jensgustafsson.se\/2024\/06\/image-8-768x308.png 768w, https:\/\/media1.jensgustafsson.se\/2024\/06\/image-8-500x200.png 500w, https:\/\/media1.jensgustafsson.se\/2024\/06\/image-8.png 1467w\" sizes=\"auto, (max-width: 1024px) 100vw, 1024px\" \/><\/figure>\n\n\n\n<figure class=\"wp-block-image size-large is-resized\"><img loading=\"lazy\" decoding=\"async\" width=\"1024\" height=\"488\" src=\"https:\/\/media1.jensgustafsson.se\/2024\/06\/image-9-1024x488.png\" alt=\"\" class=\"wp-image-32738\" style=\"width:614px;height:auto\" srcset=\"https:\/\/media1.jensgustafsson.se\/2024\/06\/image-9-1024x488.png 1024w, https:\/\/media1.jensgustafsson.se\/2024\/06\/image-9-300x143.png 300w, https:\/\/media1.jensgustafsson.se\/2024\/06\/image-9-768x366.png 768w, https:\/\/media1.jensgustafsson.se\/2024\/06\/image-9-500x238.png 500w, https:\/\/media1.jensgustafsson.se\/2024\/06\/image-9.png 1226w\" sizes=\"auto, (max-width: 1024px) 100vw, 1024px\" \/><\/figure>\n\n\n\n<p class=\"has-medium-font-size\"><em>Medelmaxvinden f\u00f6r m\u00e5naden blev 6,2 m\/s. Som diagrammet f\u00f6r vindriktningarna visar, s\u00e5 har vinden ofta kommit fr\u00e5n den ostliga sidan (nordost-ost-sydost). Som vi vet h\u00e4r p\u00e5 \u00f6stra sidan av Sverige, s\u00e5 betyder det ofta lite svala\/kyliga vindar fr\u00e5n det h\u00e5llet. S\u00e5 trots att termometern visat m\u00e5nga plusgrader, kan vinden upplevts sval\/kylig.<\/em><\/p>\n\n\n\n<figure class=\"wp-block-image size-large\"><img loading=\"lazy\" decoding=\"async\" width=\"1024\" height=\"683\" src=\"https:\/\/media1.jensgustafsson.se\/2024\/06\/DSC_5584-1024x683.jpg\" alt=\"\" class=\"wp-image-32746\" srcset=\"https:\/\/media1.jensgustafsson.se\/2024\/06\/DSC_5584-1024x683.jpg 1024w, https:\/\/media1.jensgustafsson.se\/2024\/06\/DSC_5584-300x200.jpg 300w, https:\/\/media1.jensgustafsson.se\/2024\/06\/DSC_5584-768x512.jpg 768w, https:\/\/media1.jensgustafsson.se\/2024\/06\/DSC_5584-1536x1024.jpg 1536w, https:\/\/media1.jensgustafsson.se\/2024\/06\/DSC_5584-2048x1365.jpg 2048w, https:\/\/media1.jensgustafsson.se\/2024\/06\/DSC_5584-450x300.jpg 450w\" sizes=\"auto, (max-width: 1024px) 100vw, 1024px\" \/><figcaption class=\"wp-element-caption\"><strong><em>Ett svanpar i \u00d6vrasj\u00f6n.<\/em><\/strong><\/figcaption><\/figure>\n\n\n\n<figure class=\"wp-block-image size-large\"><img loading=\"lazy\" decoding=\"async\" width=\"1024\" height=\"465\" src=\"https:\/\/media1.jensgustafsson.se\/2024\/06\/image-10-1024x465.png\" alt=\"\" class=\"wp-image-32739\" srcset=\"https:\/\/media1.jensgustafsson.se\/2024\/06\/image-10-1024x465.png 1024w, https:\/\/media1.jensgustafsson.se\/2024\/06\/image-10-300x136.png 300w, https:\/\/media1.jensgustafsson.se\/2024\/06\/image-10-768x349.png 768w, https:\/\/media1.jensgustafsson.se\/2024\/06\/image-10-500x227.png 500w, https:\/\/media1.jensgustafsson.se\/2024\/06\/image-10.png 1202w\" sizes=\"auto, (max-width: 1024px) 100vw, 1024px\" \/><\/figure>\n\n\n\n<p class=\"has-medium-font-size\"><em>Stapeldiagrammet ovan, visar medellufttrycket dygnsvis genom m\u00e5naden.<\/em><\/p>\n\n\n\n<figure class=\"wp-block-image size-large\"><img loading=\"lazy\" decoding=\"async\" width=\"1024\" height=\"636\" src=\"https:\/\/media1.jensgustafsson.se\/2024\/06\/DSC_5460-1024x636.jpg\" alt=\"\" class=\"wp-image-32747\" srcset=\"https:\/\/media1.jensgustafsson.se\/2024\/06\/DSC_5460-1024x636.jpg 1024w, https:\/\/media1.jensgustafsson.se\/2024\/06\/DSC_5460-300x186.jpg 300w, https:\/\/media1.jensgustafsson.se\/2024\/06\/DSC_5460-768x477.jpg 768w, https:\/\/media1.jensgustafsson.se\/2024\/06\/DSC_5460-1536x954.jpg 1536w, https:\/\/media1.jensgustafsson.se\/2024\/06\/DSC_5460-2048x1272.jpg 2048w, https:\/\/media1.jensgustafsson.se\/2024\/06\/DSC_5460-483x300.jpg 483w\" sizes=\"auto, (max-width: 1024px) 100vw, 1024px\" \/><figcaption class=\"wp-element-caption\"><strong><em>Ett hav av maskrosor utanf\u00f6r Fr\u00f6seke.<\/em><\/strong><\/figcaption><\/figure>\n\n\n\n<p class=\"has-medium-font-size\"><em><strong>S\u00e5 tar vi en titt p\u00e5 hur v\u00e5ren blev 2024.<\/strong><\/em><\/p>\n\n\n\n<p class=\"has-medium-font-size\"><em>Medeltemperaturen f\u00f6r v\u00e5ren 2024 blev +8,5 grader. Det \u00e4r 2,2 grader varmare j\u00e4mf\u00f6rt mot nuvarande g\u00e4llande referensperiod, 1991-2020. En liknande v\u00e5r hade vi \u00e5r 2007, d\u00e5 medeltemperaturen blev lika med \u00e5rets, +8,5 grader. 1990 hade vi ocks\u00e5 en varm v\u00e5r, +8,1 grader blev medeltemperaturen det \u00e5ret.<\/em><\/p>\n\n\n\n<p class=\"has-medium-font-size\"><em>103 millimeter nederb\u00f6rd har vi f\u00e5tt under v\u00e5ren, och det motsvarar 103% av den normala nederb\u00f6rden f\u00f6r v\u00e5ren. Jag sneglar lite p\u00e5 2018, och d\u00e5 fick vi 69 millimeter nederb\u00f6rd under v\u00e5ren, allts\u00e5 lite s\u00e4mre utg\u00e5ngsl\u00e4ge d\u00e5 \u00e4n nu.<\/em><\/p>\n\n\n\n<p class=\"has-medium-font-size\"><em>D\u00e5 g\u00e5r vi in i sommaren, och hoppas att den blir som den ska, och hur den ska vara, har vi v\u00e4l alla en \u00e5sikt om.<\/em><\/p>\n\n\n\n<figure class=\"wp-block-image size-large\"><img loading=\"lazy\" decoding=\"async\" width=\"1024\" height=\"683\" src=\"https:\/\/media1.jensgustafsson.se\/2024\/06\/DSC_5899-1024x683.jpg\" alt=\"\" class=\"wp-image-32748\" srcset=\"https:\/\/media1.jensgustafsson.se\/2024\/06\/DSC_5899-1024x683.jpg 1024w, https:\/\/media1.jensgustafsson.se\/2024\/06\/DSC_5899-300x200.jpg 300w, https:\/\/media1.jensgustafsson.se\/2024\/06\/DSC_5899-768x512.jpg 768w, https:\/\/media1.jensgustafsson.se\/2024\/06\/DSC_5899-1536x1024.jpg 1536w, https:\/\/media1.jensgustafsson.se\/2024\/06\/DSC_5899-2048x1365.jpg 2048w, https:\/\/media1.jensgustafsson.se\/2024\/06\/DSC_5899-450x300.jpg 450w\" sizes=\"auto, (max-width: 1024px) 100vw, 1024px\" \/><figcaption class=\"wp-element-caption\"><strong><em>En tradition p\u00e5 Mors Dag.<\/em><\/strong><\/figcaption><\/figure>\n","protected":false},"excerpt":{"rendered":"<p>H\u00e4r kommer en sammanfattning av maj 2024. V\u00e4derdata f\u00f6r \u00e5rets majm\u00e5nad \u00e4r h\u00e4mtade fr\u00e5n min privata v\u00e4derstation h\u00e4r i F\u00e5gelfors. Statistiken som jag anv\u00e4nder och j\u00e4mf\u00f6r mot, \u00e4r h\u00e4mtad fr\u00e5n SMHI:s n\u00e4rmaste m\u00e4tstationer Blankastr\u00f6m, och Drageryd f\u00f6r \u00e5ren 1931-2012. Fr\u00e5n &hellip; <a href=\"https:\/\/jensgustafsson.se\/?page_id=32714\">Forts\u00e4tt l\u00e4sa <span class=\"meta-nav\">&rarr;<\/span><\/a><\/p>\n","protected":false},"author":1,"featured_media":32717,"parent":31413,"menu_order":5,"comment_status":"open","ping_status":"closed","template":"","meta":{"footnotes":""},"class_list":["post-32714","page","type-page","status-publish","has-post-thumbnail","hentry"],"_links":{"self":[{"href":"https:\/\/jensgustafsson.se\/index.php?rest_route=\/wp\/v2\/pages\/32714","targetHints":{"allow":["GET"]}}],"collection":[{"href":"https:\/\/jensgustafsson.se\/index.php?rest_route=\/wp\/v2\/pages"}],"about":[{"href":"https:\/\/jensgustafsson.se\/index.php?rest_route=\/wp\/v2\/types\/page"}],"author":[{"embeddable":true,"href":"https:\/\/jensgustafsson.se\/index.php?rest_route=\/wp\/v2\/users\/1"}],"replies":[{"embeddable":true,"href":"https:\/\/jensgustafsson.se\/index.php?rest_route=%2Fwp%2Fv2%2Fcomments&post=32714"}],"version-history":[{"count":10,"href":"https:\/\/jensgustafsson.se\/index.php?rest_route=\/wp\/v2\/pages\/32714\/revisions"}],"predecessor-version":[{"id":32750,"href":"https:\/\/jensgustafsson.se\/index.php?rest_route=\/wp\/v2\/pages\/32714\/revisions\/32750"}],"up":[{"embeddable":true,"href":"https:\/\/jensgustafsson.se\/index.php?rest_route=\/wp\/v2\/pages\/31413"}],"wp:featuredmedia":[{"embeddable":true,"href":"https:\/\/jensgustafsson.se\/index.php?rest_route=\/wp\/v2\/media\/32717"}],"wp:attachment":[{"href":"https:\/\/jensgustafsson.se\/index.php?rest_route=%2Fwp%2Fv2%2Fmedia&parent=32714"}],"curies":[{"name":"wp","href":"https:\/\/api.w.org\/{rel}","templated":true}]}}