{"id":33201,"date":"2024-08-01T05:43:22","date_gmt":"2024-08-01T04:43:22","guid":{"rendered":"https:\/\/jensgustafsson.se\/?page_id=33201"},"modified":"2024-08-01T08:34:00","modified_gmt":"2024-08-01T07:34:00","slug":"juli-2024","status":"publish","type":"page","link":"https:\/\/jensgustafsson.se\/?page_id=33201","title":{"rendered":"Juli 2024."},"content":{"rendered":"\n<p class=\"has-medium-font-size\"><em>H\u00e4r kommer en sammanfattning av juli 2024. V\u00e4derdata f\u00f6r \u00e5rets julim\u00e5nad \u00e4r h\u00e4mtade fr\u00e5n min privata v\u00e4derstation h\u00e4r i F\u00e5gelfors. Statistiken som jag anv\u00e4nder och j\u00e4mf\u00f6r mot, \u00e4r h\u00e4mtad fr\u00e5n SMHI:s n\u00e4rmaste m\u00e4tstationer Blankastr\u00f6m, och Drageryd f\u00f6r \u00e5ren 1931-2012. Fr\u00e5n 2013 och fram\u00e5t \u00e4r det min egna, privata v\u00e4derstation som levererar siffrorna. Nuvarande \u201dnormalperiod\u201d som anv\u00e4nds att j\u00e4mf\u00f6ra juli 2024 mot, \u00e4r \u00e5ren 1991-2020. D\u00e4r jag anv\u00e4nder ordet \u201dnormalt\u201d i texterna h\u00e4r, menas allts\u00e5 d\u00e5 medeltalen f\u00f6r referensperioden 1991-2020.<\/em><\/p>\n\n\n\n<figure class=\"wp-block-image size-large is-resized\"><img loading=\"lazy\" decoding=\"async\" width=\"1024\" height=\"683\" src=\"https:\/\/media1.jensgustafsson.se\/2024\/08\/DSC_6929-1024x683.jpg\" alt=\"\" class=\"wp-image-33230\" style=\"width:624px;height:auto\" srcset=\"https:\/\/media1.jensgustafsson.se\/2024\/08\/DSC_6929-1024x683.jpg 1024w, https:\/\/media1.jensgustafsson.se\/2024\/08\/DSC_6929-300x200.jpg 300w, https:\/\/media1.jensgustafsson.se\/2024\/08\/DSC_6929-768x512.jpg 768w, https:\/\/media1.jensgustafsson.se\/2024\/08\/DSC_6929-1536x1024.jpg 1536w, https:\/\/media1.jensgustafsson.se\/2024\/08\/DSC_6929-2048x1365.jpg 2048w, https:\/\/media1.jensgustafsson.se\/2024\/08\/DSC_6929-450x300.jpg 450w\" sizes=\"auto, (max-width: 1024px) 100vw, 1024px\" \/><\/figure>\n\n\n\n<figure class=\"wp-block-image size-large is-resized\"><img loading=\"lazy\" decoding=\"async\" width=\"1024\" height=\"435\" src=\"https:\/\/media1.jensgustafsson.se\/2024\/08\/image-1024x435.png\" alt=\"\" class=\"wp-image-33215\" style=\"width:716px;height:auto\" srcset=\"https:\/\/media1.jensgustafsson.se\/2024\/08\/image-1024x435.png 1024w, https:\/\/media1.jensgustafsson.se\/2024\/08\/image-300x127.png 300w, https:\/\/media1.jensgustafsson.se\/2024\/08\/image-768x326.png 768w, https:\/\/media1.jensgustafsson.se\/2024\/08\/image-1536x653.png 1536w, https:\/\/media1.jensgustafsson.se\/2024\/08\/image-500x212.png 500w, https:\/\/media1.jensgustafsson.se\/2024\/08\/image.png 1923w\" sizes=\"auto, (max-width: 1024px) 100vw, 1024px\" \/><\/figure>\n\n\n\n<p class=\"has-medium-font-size\"><em>Juli 2024 blev n\u00e4ra normal vad det g\u00e4ller temperaturen. M\u00e5nadens medeltemperatur blev +17,8 grader, och det \u00e4r 0,2 grader varmare \u00e4n normalt. M\u00e5naden inleddes med f\u00f6rh\u00e5llandevis svalt v\u00e4der, och efter att den f\u00f6rsta tredjedelen av m\u00e5naden passerat, hade vi cirka 2 grader l\u00e4gre medeltemperatur \u00e4n normalt. Som tur var, s\u00e5 kom sedan varmare dagar, som gett oss m\u00e5nga fina sommardagar, och d\u00e4rav 10 dagar med h\u00f6gsommarv\u00e4rme, allts\u00e5 d\u00e5 maxtemperaturen g\u00e5tt \u00f6ver +25 grader. Vi har dock inte n\u00e5tt 30-gradersstrecket n\u00e5gon dag. F\u00f6r att f\u00e5 lite perspektiv \u00f6ver juli genom \u00e5ren, s\u00e5 l\u00e4gger jag in ett diagram nedan f\u00f6r \u00e5ren 1991-2024 h\u00e4r nedanf\u00f6r. <\/em><\/p>\n\n\n\n<figure class=\"wp-block-image size-large is-resized\"><img loading=\"lazy\" decoding=\"async\" width=\"1024\" height=\"342\" src=\"https:\/\/media1.jensgustafsson.se\/2024\/08\/image-1-1024x342.png\" alt=\"\" class=\"wp-image-33216\" style=\"width:712px;height:auto\" srcset=\"https:\/\/media1.jensgustafsson.se\/2024\/08\/image-1-1024x342.png 1024w, https:\/\/media1.jensgustafsson.se\/2024\/08\/image-1-300x100.png 300w, https:\/\/media1.jensgustafsson.se\/2024\/08\/image-1-768x257.png 768w, https:\/\/media1.jensgustafsson.se\/2024\/08\/image-1-1536x514.png 1536w, https:\/\/media1.jensgustafsson.se\/2024\/08\/image-1-2048x685.png 2048w, https:\/\/media1.jensgustafsson.se\/2024\/08\/image-1-500x167.png 500w\" sizes=\"auto, (max-width: 1024px) 100vw, 1024px\" \/><\/figure>\n\n\n\n<p class=\"has-medium-font-size\"><em>Nedan ser vi en sammanfattning av lite temperaturdata m.m. fr\u00e5n loggen p\u00e5 min v\u00e4derstation under juli 2024.<\/em><\/p>\n\n\n\n<p class=\"has-medium-font-size\"><strong>Temperatur (\u00b0C):<br \/>Medel (min+max): +17,8<br \/>Medelminimum: +12,2<br \/>Medelmaximum: +23,9<br \/>Minimum: +8 den 5 juli<br \/>Maximum: +27,8 den 20 juli<br \/>H\u00f6gsta minimum: +16,9 den 22 juli<br \/>L\u00e4gsta maximum: +18,1 den 13 juli<br \/>H\u00f6gsommardagar: 10 (maxtemp. \u00f6ver +25\u00b0)<\/strong><\/p>\n\n\n\n<p class=\"has-medium-font-size\"><em>Precis som jag gjorde i juni, s\u00e5 visar jag ett diagram \u00f6ver hur m\u00e5nga h\u00f6gsommarvarma dagar (maxtemp. \u00f6ver +25 grader) vi haft i juli under \u00e5ren 2013-2024. Bl\u00e5 stapel \u00e4r antal dagar med h\u00f6gsommarv\u00e4rme, och orange stapel \u00e4r m\u00e5nadens h\u00f6gsta maxtemperatur.<\/em><\/p>\n\n\n\n<figure class=\"wp-block-image size-large\"><img loading=\"lazy\" decoding=\"async\" width=\"1024\" height=\"407\" src=\"https:\/\/media1.jensgustafsson.se\/2024\/08\/image-2-1024x407.png\" alt=\"\" class=\"wp-image-33219\" srcset=\"https:\/\/media1.jensgustafsson.se\/2024\/08\/image-2-1024x407.png 1024w, https:\/\/media1.jensgustafsson.se\/2024\/08\/image-2-300x119.png 300w, https:\/\/media1.jensgustafsson.se\/2024\/08\/image-2-768x306.png 768w, https:\/\/media1.jensgustafsson.se\/2024\/08\/image-2-1536x611.png 1536w, https:\/\/media1.jensgustafsson.se\/2024\/08\/image-2-500x199.png 500w, https:\/\/media1.jensgustafsson.se\/2024\/08\/image-2.png 1616w\" sizes=\"auto, (max-width: 1024px) 100vw, 1024px\" \/><\/figure>\n\n\n\n<figure class=\"wp-block-image size-large\"><img loading=\"lazy\" decoding=\"async\" width=\"1024\" height=\"683\" src=\"https:\/\/media1.jensgustafsson.se\/2024\/08\/DSC_7375-1024x683.jpg\" alt=\"\" class=\"wp-image-33231\" srcset=\"https:\/\/media1.jensgustafsson.se\/2024\/08\/DSC_7375-1024x683.jpg 1024w, https:\/\/media1.jensgustafsson.se\/2024\/08\/DSC_7375-300x200.jpg 300w, https:\/\/media1.jensgustafsson.se\/2024\/08\/DSC_7375-768x512.jpg 768w, https:\/\/media1.jensgustafsson.se\/2024\/08\/DSC_7375-1536x1024.jpg 1536w, https:\/\/media1.jensgustafsson.se\/2024\/08\/DSC_7375-2048x1365.jpg 2048w, https:\/\/media1.jensgustafsson.se\/2024\/08\/DSC_7375-450x300.jpg 450w\" sizes=\"auto, (max-width: 1024px) 100vw, 1024px\" \/><\/figure>\n\n\n\n<figure class=\"wp-block-image size-large is-resized\"><img loading=\"lazy\" decoding=\"async\" width=\"1024\" height=\"463\" src=\"https:\/\/media1.jensgustafsson.se\/2024\/08\/image-3-1024x463.png\" alt=\"\" class=\"wp-image-33222\" style=\"width:670px;height:auto\" srcset=\"https:\/\/media1.jensgustafsson.se\/2024\/08\/image-3-1024x463.png 1024w, https:\/\/media1.jensgustafsson.se\/2024\/08\/image-3-300x136.png 300w, https:\/\/media1.jensgustafsson.se\/2024\/08\/image-3-768x347.png 768w, https:\/\/media1.jensgustafsson.se\/2024\/08\/image-3-1536x695.png 1536w, https:\/\/media1.jensgustafsson.se\/2024\/08\/image-3-500x226.png 500w, https:\/\/media1.jensgustafsson.se\/2024\/08\/image-3.png 1559w\" sizes=\"auto, (max-width: 1024px) 100vw, 1024px\" \/><\/figure>\n\n\n\n<p class=\"has-medium-font-size\"><em>Regn har vi f\u00e5tt rej\u00e4lt med i \u00e5rets julim\u00e5nad. 108 millimeter har jag registrerat, och det motsvarar 146% av den normala m\u00e5nadsnederb\u00f6rden. Regnet har varit f\u00f6rdelat \u00f6ver 19 dygn, och \u00e5ska har jag noterat vid 5 tillf\u00e4llen. En hel del regnig tid allts\u00e5, men det har ofta f\u00f6rekommit att det regnat under kv\u00e4llarna och n\u00e4tterna, och det f\u00e5r vi v\u00e4l se som positivt. <\/em><\/p>\n\n\n\n<p class=\"has-medium-font-size\"><em>Jag l\u00e4gger in ett diagram nedanf\u00f6r h\u00e4r med regnm\u00e4ngden i juli m\u00e5nad genom \u00e5ren 1991-2024, s\u00e5 ser vi hur det varit.<\/em><\/p>\n\n\n\n<figure class=\"wp-block-image size-large is-resized\"><img loading=\"lazy\" decoding=\"async\" width=\"1024\" height=\"348\" src=\"https:\/\/media1.jensgustafsson.se\/2024\/08\/image-4-1024x348.png\" alt=\"\" class=\"wp-image-33224\" style=\"width:747px;height:auto\" srcset=\"https:\/\/media1.jensgustafsson.se\/2024\/08\/image-4-1024x348.png 1024w, https:\/\/media1.jensgustafsson.se\/2024\/08\/image-4-300x102.png 300w, https:\/\/media1.jensgustafsson.se\/2024\/08\/image-4-768x261.png 768w, https:\/\/media1.jensgustafsson.se\/2024\/08\/image-4-1536x522.png 1536w, https:\/\/media1.jensgustafsson.se\/2024\/08\/image-4-2048x696.png 2048w, https:\/\/media1.jensgustafsson.se\/2024\/08\/image-4-500x170.png 500w\" sizes=\"auto, (max-width: 1024px) 100vw, 1024px\" \/><\/figure>\n\n\n\n<p class=\"has-medium-font-size\"><em>Jag gjorde en koll p\u00e5 hur vi ligger till med nederb\u00f6rden f\u00f6r i \u00e5r nu n\u00e4r 7 m\u00e5nader har g\u00e5tt. Det visar sig att vi f\u00e5tt 77% av den normala \u00e5rsnederb\u00f6rden s\u00e5 l\u00e5ngt som vi \u00e4r nu. 5 m\u00e5nader kvar, som vi inte vet n\u00e5got om, men det ser ju ganska ljust ut \u00e4n s\u00e5 l\u00e4nge.<\/em><\/p>\n\n\n\n<figure class=\"wp-block-image size-large\"><img loading=\"lazy\" decoding=\"async\" width=\"1024\" height=\"877\" src=\"https:\/\/media1.jensgustafsson.se\/2024\/08\/DSC_7401-1024x877.jpg\" alt=\"\" class=\"wp-image-33232\" srcset=\"https:\/\/media1.jensgustafsson.se\/2024\/08\/DSC_7401-1024x877.jpg 1024w, https:\/\/media1.jensgustafsson.se\/2024\/08\/DSC_7401-300x257.jpg 300w, https:\/\/media1.jensgustafsson.se\/2024\/08\/DSC_7401-768x658.jpg 768w, https:\/\/media1.jensgustafsson.se\/2024\/08\/DSC_7401-1536x1316.jpg 1536w, https:\/\/media1.jensgustafsson.se\/2024\/08\/DSC_7401-2048x1754.jpg 2048w, https:\/\/media1.jensgustafsson.se\/2024\/08\/DSC_7401-350x300.jpg 350w\" sizes=\"auto, (max-width: 1024px) 100vw, 1024px\" \/><\/figure>\n\n\n\n<figure class=\"wp-block-image size-large\"><img loading=\"lazy\" decoding=\"async\" width=\"1024\" height=\"375\" src=\"https:\/\/media1.jensgustafsson.se\/2024\/08\/image-5-1024x375.png\" alt=\"\" class=\"wp-image-33225\" srcset=\"https:\/\/media1.jensgustafsson.se\/2024\/08\/image-5-1024x375.png 1024w, https:\/\/media1.jensgustafsson.se\/2024\/08\/image-5-300x110.png 300w, https:\/\/media1.jensgustafsson.se\/2024\/08\/image-5-768x281.png 768w, https:\/\/media1.jensgustafsson.se\/2024\/08\/image-5-1536x562.png 1536w, https:\/\/media1.jensgustafsson.se\/2024\/08\/image-5-500x183.png 500w, https:\/\/media1.jensgustafsson.se\/2024\/08\/image-5.png 1538w\" sizes=\"auto, (max-width: 1024px) 100vw, 1024px\" \/><\/figure>\n\n\n\n<figure class=\"wp-block-image size-large\"><img loading=\"lazy\" decoding=\"async\" width=\"1024\" height=\"442\" src=\"https:\/\/media1.jensgustafsson.se\/2024\/08\/image-6-1024x442.png\" alt=\"\" class=\"wp-image-33226\" srcset=\"https:\/\/media1.jensgustafsson.se\/2024\/08\/image-6-1024x442.png 1024w, https:\/\/media1.jensgustafsson.se\/2024\/08\/image-6-300x130.png 300w, https:\/\/media1.jensgustafsson.se\/2024\/08\/image-6-768x332.png 768w, https:\/\/media1.jensgustafsson.se\/2024\/08\/image-6-500x216.png 500w, https:\/\/media1.jensgustafsson.se\/2024\/08\/image-6.png 1204w\" sizes=\"auto, (max-width: 1024px) 100vw, 1024px\" \/><\/figure>\n\n\n\n<p class=\"has-medium-font-size\"><em>\u00d6verv\u00e4gande v\u00e4stliga inslag i m\u00e5nadens vindriktningar som vi ser. Den genomsnittliga maxvinden i juli blev 7,1 m\/s.<\/em><\/p>\n\n\n\n<figure class=\"wp-block-image size-large\"><img loading=\"lazy\" decoding=\"async\" width=\"1024\" height=\"608\" src=\"https:\/\/media1.jensgustafsson.se\/2024\/08\/DSC_7325-1024x608.jpg\" alt=\"\" class=\"wp-image-33233\" srcset=\"https:\/\/media1.jensgustafsson.se\/2024\/08\/DSC_7325-1024x608.jpg 1024w, https:\/\/media1.jensgustafsson.se\/2024\/08\/DSC_7325-300x178.jpg 300w, https:\/\/media1.jensgustafsson.se\/2024\/08\/DSC_7325-768x456.jpg 768w, https:\/\/media1.jensgustafsson.se\/2024\/08\/DSC_7325-1536x913.jpg 1536w, https:\/\/media1.jensgustafsson.se\/2024\/08\/DSC_7325-2048x1217.jpg 2048w, https:\/\/media1.jensgustafsson.se\/2024\/08\/DSC_7325-500x297.jpg 500w\" sizes=\"auto, (max-width: 1024px) 100vw, 1024px\" \/><\/figure>\n\n\n\n<p class=\"has-medium-font-size\"><em>D\u00e5 tar vi en titt ocks\u00e5 p\u00e5 hur lufttrycket sett ut i juli<\/em><\/p>\n\n\n\n<p class=\"has-medium-font-size\"><\/p>\n\n\n\n<figure class=\"wp-block-image size-large\"><img loading=\"lazy\" decoding=\"async\" width=\"1024\" height=\"408\" src=\"https:\/\/media1.jensgustafsson.se\/2024\/08\/image-7-1024x408.png\" alt=\"\" class=\"wp-image-33228\" srcset=\"https:\/\/media1.jensgustafsson.se\/2024\/08\/image-7-1024x408.png 1024w, https:\/\/media1.jensgustafsson.se\/2024\/08\/image-7-300x119.png 300w, https:\/\/media1.jensgustafsson.se\/2024\/08\/image-7-768x306.png 768w, https:\/\/media1.jensgustafsson.se\/2024\/08\/image-7-500x199.png 500w, https:\/\/media1.jensgustafsson.se\/2024\/08\/image-7.png 1402w\" sizes=\"auto, (max-width: 1024px) 100vw, 1024px\" \/><\/figure>\n\n\n\n<figure class=\"wp-block-image size-large\"><img loading=\"lazy\" decoding=\"async\" width=\"1024\" height=\"578\" src=\"https:\/\/media1.jensgustafsson.se\/2024\/08\/DSC_7470-1024x578.jpg\" alt=\"\" class=\"wp-image-33234\" srcset=\"https:\/\/media1.jensgustafsson.se\/2024\/08\/DSC_7470-1024x578.jpg 1024w, https:\/\/media1.jensgustafsson.se\/2024\/08\/DSC_7470-300x169.jpg 300w, https:\/\/media1.jensgustafsson.se\/2024\/08\/DSC_7470-768x433.jpg 768w, https:\/\/media1.jensgustafsson.se\/2024\/08\/DSC_7470-1536x867.jpg 1536w, https:\/\/media1.jensgustafsson.se\/2024\/08\/DSC_7470-2048x1156.jpg 2048w, https:\/\/media1.jensgustafsson.se\/2024\/08\/DSC_7470-500x282.jpg 500w\" sizes=\"auto, (max-width: 1024px) 100vw, 1024px\" \/><\/figure>\n\n\n\n<p class=\"has-medium-font-size\"><em>D\u00e4r var den andra sommarm\u00e5naden summerad, och nu tar vi oss an tredje och sista sommarm\u00e5naden. Det b\u00f6rjar m\u00e4rkas att dagarna blivit kortare nu. Solen g\u00e5r upp 56 minuter senare, j\u00e4mf\u00f6rt mot vad den gjorde vid midsommar, och g\u00e5r ner 46 minuter tidigare \u00e4n den gjorde d\u00e5. Vi hoppas p\u00e5 en fin augusti, p\u00e5 ett s\u00e4tt som passar oss alla p\u00e5 n\u00e5got vis.<\/em><\/p>\n","protected":false},"excerpt":{"rendered":"<p>H\u00e4r kommer en sammanfattning av juli 2024. V\u00e4derdata f\u00f6r \u00e5rets julim\u00e5nad \u00e4r h\u00e4mtade fr\u00e5n min privata v\u00e4derstation h\u00e4r i F\u00e5gelfors. Statistiken som jag anv\u00e4nder och j\u00e4mf\u00f6r mot, \u00e4r h\u00e4mtad fr\u00e5n SMHI:s n\u00e4rmaste m\u00e4tstationer Blankastr\u00f6m, och Drageryd f\u00f6r \u00e5ren 1931-2012. Fr\u00e5n &hellip; <a href=\"https:\/\/jensgustafsson.se\/?page_id=33201\">Forts\u00e4tt l\u00e4sa <span class=\"meta-nav\">&rarr;<\/span><\/a><\/p>\n","protected":false},"author":1,"featured_media":33206,"parent":31413,"menu_order":7,"comment_status":"open","ping_status":"closed","template":"","meta":{"footnotes":""},"class_list":["post-33201","page","type-page","status-publish","has-post-thumbnail","hentry"],"_links":{"self":[{"href":"https:\/\/jensgustafsson.se\/index.php?rest_route=\/wp\/v2\/pages\/33201","targetHints":{"allow":["GET"]}}],"collection":[{"href":"https:\/\/jensgustafsson.se\/index.php?rest_route=\/wp\/v2\/pages"}],"about":[{"href":"https:\/\/jensgustafsson.se\/index.php?rest_route=\/wp\/v2\/types\/page"}],"author":[{"embeddable":true,"href":"https:\/\/jensgustafsson.se\/index.php?rest_route=\/wp\/v2\/users\/1"}],"replies":[{"embeddable":true,"href":"https:\/\/jensgustafsson.se\/index.php?rest_route=%2Fwp%2Fv2%2Fcomments&post=33201"}],"version-history":[{"count":21,"href":"https:\/\/jensgustafsson.se\/index.php?rest_route=\/wp\/v2\/pages\/33201\/revisions"}],"predecessor-version":[{"id":33245,"href":"https:\/\/jensgustafsson.se\/index.php?rest_route=\/wp\/v2\/pages\/33201\/revisions\/33245"}],"up":[{"embeddable":true,"href":"https:\/\/jensgustafsson.se\/index.php?rest_route=\/wp\/v2\/pages\/31413"}],"wp:featuredmedia":[{"embeddable":true,"href":"https:\/\/jensgustafsson.se\/index.php?rest_route=\/wp\/v2\/media\/33206"}],"wp:attachment":[{"href":"https:\/\/jensgustafsson.se\/index.php?rest_route=%2Fwp%2Fv2%2Fmedia&parent=33201"}],"curies":[{"name":"wp","href":"https:\/\/api.w.org\/{rel}","templated":true}]}}