{"id":33457,"date":"2024-09-01T06:18:48","date_gmt":"2024-09-01T05:18:48","guid":{"rendered":"https:\/\/jensgustafsson.se\/?page_id=33457"},"modified":"2024-09-01T06:18:48","modified_gmt":"2024-09-01T05:18:48","slug":"augusti-2024","status":"publish","type":"page","link":"https:\/\/jensgustafsson.se\/?page_id=33457","title":{"rendered":"Augusti 2024."},"content":{"rendered":"\n<p class=\"has-medium-font-size\"><em>H\u00e4r kommer en sammanfattning av augusti 2024. V\u00e4derdata f\u00f6r \u00e5rets augustim\u00e5nad \u00e4r h\u00e4mtade fr\u00e5n min privata v\u00e4derstation h\u00e4r i F\u00e5gelfors. Statistiken som jag anv\u00e4nder och j\u00e4mf\u00f6r mot, \u00e4r h\u00e4mtad fr\u00e5n SMHI:s n\u00e4rmaste m\u00e4tstationer Blankastr\u00f6m, och Drageryd f\u00f6r \u00e5ren 1931-2012. Fr\u00e5n 2013 och fram\u00e5t \u00e4r det min egna, privata v\u00e4derstation som levererar siffrorna. Nuvarande \u201dnormalperiod\u201d som anv\u00e4nds att j\u00e4mf\u00f6ra auguasti 2024 mot, \u00e4r \u00e5ren 1991-2020. D\u00e4r jag anv\u00e4nder ordet \u201dnormalt\u201d i texterna h\u00e4r, menas allts\u00e5 d\u00e5 medeltalen f\u00f6r referensperioden 1991-2020.<\/em><\/p>\n\n\n\n<figure class=\"wp-block-image size-large\"><img loading=\"lazy\" decoding=\"async\" width=\"1024\" height=\"683\" src=\"https:\/\/media1.jensgustafsson.se\/2024\/09\/DSC_7873-1024x683.jpg\" alt=\"\" class=\"wp-image-33474\" srcset=\"https:\/\/media1.jensgustafsson.se\/2024\/09\/DSC_7873-1024x683.jpg 1024w, https:\/\/media1.jensgustafsson.se\/2024\/09\/DSC_7873-300x200.jpg 300w, https:\/\/media1.jensgustafsson.se\/2024\/09\/DSC_7873-768x512.jpg 768w, https:\/\/media1.jensgustafsson.se\/2024\/09\/DSC_7873-1536x1024.jpg 1536w, https:\/\/media1.jensgustafsson.se\/2024\/09\/DSC_7873-2048x1365.jpg 2048w, https:\/\/media1.jensgustafsson.se\/2024\/09\/DSC_7873-450x300.jpg 450w\" sizes=\"auto, (max-width: 1024px) 100vw, 1024px\" \/><\/figure>\n\n\n\n<figure class=\"wp-block-image size-large is-resized\"><img loading=\"lazy\" decoding=\"async\" width=\"1024\" height=\"435\" src=\"https:\/\/media1.jensgustafsson.se\/2024\/09\/image-1024x435.png\" alt=\"\" class=\"wp-image-33462\" style=\"width:744px;height:auto\" srcset=\"https:\/\/media1.jensgustafsson.se\/2024\/09\/image-1024x435.png 1024w, https:\/\/media1.jensgustafsson.se\/2024\/09\/image-300x127.png 300w, https:\/\/media1.jensgustafsson.se\/2024\/09\/image-768x326.png 768w, https:\/\/media1.jensgustafsson.se\/2024\/09\/image-1536x653.png 1536w, https:\/\/media1.jensgustafsson.se\/2024\/09\/image-500x212.png 500w, https:\/\/media1.jensgustafsson.se\/2024\/09\/image.png 1923w\" sizes=\"auto, (max-width: 1024px) 100vw, 1024px\" \/><\/figure>\n\n\n\n<p class=\"has-medium-font-size\"><em>I och med augusti m\u00e5nads slut, s\u00e5 \u00e4r ocks\u00e5 sommaren 2024 slut enligt almanackan, s\u00e5 i slutet p\u00e5 detta inl\u00e4gg om augusti, sammanfattar jag \u00e5rstiden sommar i lite siffror om temperaturer och nederb\u00f6rd.<\/em><\/p>\n\n\n\n<p class=\"has-medium-font-size\"><em>\u00c5rets augustim\u00e5nad blev varm och sk\u00f6n. Medeltemperaturen f\u00f6r hela m\u00e5naden blev +17,7 grader, och det \u00e4r 1,1 grader h\u00f6gre j\u00e4mf\u00f6rt mot normalt. Julim\u00e5naden i \u00e5r var ju bara 0,1 grad varmare i medeltemperatur j\u00e4mf\u00f6rt mot augusti, s\u00e5 det ger ju ocks\u00e5 en signal om att vi haft en v\u00e4ldigt fin augusti, vad g\u00e4ller temperaturen. Vi har haft 11 dagar med h\u00f6gsommarv\u00e4rme (maxtemp. \u00f6ver +25 grader). Endast 2 dagar som inte temperaturen orkat upp till 20 grader. Diagrammet nedan visar augusti m\u00e5nads medeltemperatur i referensperioden 1991-2020 plus \u00e5ren 2021-2024, s\u00e5 g\u00e5r det l\u00e4tt att se hur det sett ut genom dessa \u00e5r:<\/em><\/p>\n\n\n\n<figure class=\"wp-block-image size-large is-resized\"><img loading=\"lazy\" decoding=\"async\" width=\"1024\" height=\"305\" src=\"https:\/\/media1.jensgustafsson.se\/2024\/09\/image-1-1024x305.png\" alt=\"\" class=\"wp-image-33464\" style=\"width:762px;height:auto\" srcset=\"https:\/\/media1.jensgustafsson.se\/2024\/09\/image-1-1024x305.png 1024w, https:\/\/media1.jensgustafsson.se\/2024\/09\/image-1-300x89.png 300w, https:\/\/media1.jensgustafsson.se\/2024\/09\/image-1-768x229.png 768w, https:\/\/media1.jensgustafsson.se\/2024\/09\/image-1-1536x457.png 1536w, https:\/\/media1.jensgustafsson.se\/2024\/09\/image-1-2048x610.png 2048w, https:\/\/media1.jensgustafsson.se\/2024\/09\/image-1-500x149.png 500w\" sizes=\"auto, (max-width: 1024px) 100vw, 1024px\" \/><\/figure>\n\n\n\n<p class=\"has-medium-font-size\"><em>Nedan ser vi en sammanfattning av lite temperaturdata m.m. fr\u00e5n loggen p\u00e5 min v\u00e4derstation under augusti 2024.<\/em><\/p>\n\n\n\n<p class=\"has-medium-font-size\"><strong>Temperatur (\u00b0C):<br \/>Medel (min+max): +17,4<br \/>Medelminimum: +11,7<br \/>Medelmaximum: +24,5<br \/>Minimum: +6,8 den 20 augusti<br \/>Maximum: +28,6 den 15 augusti<br \/>H\u00f6gsta minimum: +16,1 den 5 augusti<br \/>L\u00e4gsta maximum: +19,4 den 22 augusti<br \/>H\u00f6gsommardagar: 11 (maxtemp. \u00f6ver +25\u00b0)<\/strong><\/p>\n\n\n\n<figure class=\"wp-block-image size-large\"><img loading=\"lazy\" decoding=\"async\" width=\"1024\" height=\"697\" src=\"https:\/\/media1.jensgustafsson.se\/2024\/09\/DSC_7572-1024x697.jpg\" alt=\"\" class=\"wp-image-33475\" srcset=\"https:\/\/media1.jensgustafsson.se\/2024\/09\/DSC_7572-1024x697.jpg 1024w, https:\/\/media1.jensgustafsson.se\/2024\/09\/DSC_7572-300x204.jpg 300w, https:\/\/media1.jensgustafsson.se\/2024\/09\/DSC_7572-768x523.jpg 768w, https:\/\/media1.jensgustafsson.se\/2024\/09\/DSC_7572-1536x1045.jpg 1536w, https:\/\/media1.jensgustafsson.se\/2024\/09\/DSC_7572-2048x1393.jpg 2048w, https:\/\/media1.jensgustafsson.se\/2024\/09\/DSC_7572-441x300.jpg 441w\" sizes=\"auto, (max-width: 1024px) 100vw, 1024px\" \/><\/figure>\n\n\n\n<figure class=\"wp-block-image size-large is-resized\"><img loading=\"lazy\" decoding=\"async\" width=\"1024\" height=\"450\" src=\"https:\/\/media1.jensgustafsson.se\/2024\/09\/image-2-1024x450.png\" alt=\"\" class=\"wp-image-33465\" style=\"width:680px;height:auto\" srcset=\"https:\/\/media1.jensgustafsson.se\/2024\/09\/image-2-1024x450.png 1024w, https:\/\/media1.jensgustafsson.se\/2024\/09\/image-2-300x132.png 300w, https:\/\/media1.jensgustafsson.se\/2024\/09\/image-2-768x338.png 768w, https:\/\/media1.jensgustafsson.se\/2024\/09\/image-2-1536x675.png 1536w, https:\/\/media1.jensgustafsson.se\/2024\/09\/image-2-500x220.png 500w, https:\/\/media1.jensgustafsson.se\/2024\/09\/image-2.png 1560w\" sizes=\"auto, (max-width: 1024px) 100vw, 1024px\" \/><\/figure>\n\n\n\n<p class=\"has-medium-font-size\"><em>Augusti blev en regnfattig m\u00e5nad. Jag har m\u00e4tt upp 25 millimeter totalt, och det \u00e4r bara 40% av den normala regnm\u00e4ngden i denna m\u00e5nad. Regnet har varit f\u00f6rdelat \u00f6ver 10 dagar, och vid 3 tillf\u00e4llen har \u00e5ska noterats p\u00e5 avst\u00e5nd.<\/em><\/p>\n\n\n\n<p class=\"has-medium-font-size\"><em>Jag l\u00e4gger in ett diagram nedanf\u00f6r h\u00e4r med regnm\u00e4ngden i augusti  genom \u00e5ren 1991-2024, s\u00e5 ser vi hur det varit.<\/em><\/p>\n\n\n\n<figure class=\"wp-block-image size-large is-resized\"><img loading=\"lazy\" decoding=\"async\" width=\"1024\" height=\"303\" src=\"https:\/\/media1.jensgustafsson.se\/2024\/09\/image-3-1024x303.png\" alt=\"\" class=\"wp-image-33466\" style=\"width:721px;height:auto\" srcset=\"https:\/\/media1.jensgustafsson.se\/2024\/09\/image-3-1024x303.png 1024w, https:\/\/media1.jensgustafsson.se\/2024\/09\/image-3-300x89.png 300w, https:\/\/media1.jensgustafsson.se\/2024\/09\/image-3-768x227.png 768w, https:\/\/media1.jensgustafsson.se\/2024\/09\/image-3-1536x454.png 1536w, https:\/\/media1.jensgustafsson.se\/2024\/09\/image-3-2048x605.png 2048w, https:\/\/media1.jensgustafsson.se\/2024\/09\/image-3-500x148.png 500w\" sizes=\"auto, (max-width: 1024px) 100vw, 1024px\" \/><\/figure>\n\n\n\n<figure class=\"wp-block-image size-large\"><img loading=\"lazy\" decoding=\"async\" width=\"1024\" height=\"683\" src=\"https:\/\/media1.jensgustafsson.se\/2024\/09\/DSC_7807-1024x683.jpg\" alt=\"\" class=\"wp-image-33476\" srcset=\"https:\/\/media1.jensgustafsson.se\/2024\/09\/DSC_7807-1024x683.jpg 1024w, https:\/\/media1.jensgustafsson.se\/2024\/09\/DSC_7807-300x200.jpg 300w, https:\/\/media1.jensgustafsson.se\/2024\/09\/DSC_7807-768x512.jpg 768w, https:\/\/media1.jensgustafsson.se\/2024\/09\/DSC_7807-1536x1024.jpg 1536w, https:\/\/media1.jensgustafsson.se\/2024\/09\/DSC_7807-2048x1365.jpg 2048w, https:\/\/media1.jensgustafsson.se\/2024\/09\/DSC_7807-450x300.jpg 450w\" sizes=\"auto, (max-width: 1024px) 100vw, 1024px\" \/><\/figure>\n\n\n\n<figure class=\"wp-block-image size-large is-resized\"><img loading=\"lazy\" decoding=\"async\" width=\"1024\" height=\"375\" src=\"https:\/\/media1.jensgustafsson.se\/2024\/09\/image-4-1024x375.png\" alt=\"\" class=\"wp-image-33468\" style=\"width:765px;height:auto\" srcset=\"https:\/\/media1.jensgustafsson.se\/2024\/09\/image-4-1024x375.png 1024w, https:\/\/media1.jensgustafsson.se\/2024\/09\/image-4-300x110.png 300w, https:\/\/media1.jensgustafsson.se\/2024\/09\/image-4-768x281.png 768w, https:\/\/media1.jensgustafsson.se\/2024\/09\/image-4-1536x562.png 1536w, https:\/\/media1.jensgustafsson.se\/2024\/09\/image-4-500x183.png 500w, https:\/\/media1.jensgustafsson.se\/2024\/09\/image-4.png 1538w\" sizes=\"auto, (max-width: 1024px) 100vw, 1024px\" \/><\/figure>\n\n\n\n<p class=\"has-medium-font-size\"><em>Diagrammet ovan visar vindriktningarna i augusti. Den genomsnittliga maxvinden i augusti blev 6,5 m\/s.<\/em><\/p>\n\n\n\n<p class=\"has-medium-font-size\"><em>Diagrammet nedan visar det dagliga medelv\u00e4rdet p\u00e5 lufttrycket i augusti:<\/em><\/p>\n\n\n\n<figure class=\"wp-block-image size-large is-resized\"><img loading=\"lazy\" decoding=\"async\" width=\"1024\" height=\"456\" src=\"https:\/\/media1.jensgustafsson.se\/2024\/09\/image-5-1024x456.png\" alt=\"\" class=\"wp-image-33469\" style=\"width:697px;height:auto\" srcset=\"https:\/\/media1.jensgustafsson.se\/2024\/09\/image-5-1024x456.png 1024w, https:\/\/media1.jensgustafsson.se\/2024\/09\/image-5-300x134.png 300w, https:\/\/media1.jensgustafsson.se\/2024\/09\/image-5-768x342.png 768w, https:\/\/media1.jensgustafsson.se\/2024\/09\/image-5-500x223.png 500w, https:\/\/media1.jensgustafsson.se\/2024\/09\/image-5.png 1458w\" sizes=\"auto, (max-width: 1024px) 100vw, 1024px\" \/><\/figure>\n\n\n\n<figure class=\"wp-block-image size-large\"><img loading=\"lazy\" decoding=\"async\" width=\"1024\" height=\"683\" src=\"https:\/\/media1.jensgustafsson.se\/2024\/09\/DSC_7638-1024x683.jpg\" alt=\"\" class=\"wp-image-33477\" srcset=\"https:\/\/media1.jensgustafsson.se\/2024\/09\/DSC_7638-1024x683.jpg 1024w, https:\/\/media1.jensgustafsson.se\/2024\/09\/DSC_7638-300x200.jpg 300w, https:\/\/media1.jensgustafsson.se\/2024\/09\/DSC_7638-768x512.jpg 768w, https:\/\/media1.jensgustafsson.se\/2024\/09\/DSC_7638-1536x1024.jpg 1536w, https:\/\/media1.jensgustafsson.se\/2024\/09\/DSC_7638-2048x1365.jpg 2048w, https:\/\/media1.jensgustafsson.se\/2024\/09\/DSC_7638-450x300.jpg 450w\" sizes=\"auto, (max-width: 1024px) 100vw, 1024px\" \/><\/figure>\n\n\n\n<p class=\"has-medium-font-size\"><em>S\u00e5 ska vi ta en titt p\u00e5 hur sommaren blev i \u00e5r d\u00e5. Medeltemperaturen blev +17,2 grader, och det \u00e4r 0,7 grader h\u00f6gre j\u00e4mf\u00f6rt med normalt. 2018 \u00e5rs sommar st\u00e5r f\u00f6r rekordet fortfarande, d\u00e5 vi hade +19,8 grader i medeltemperatur. Jag l\u00e4gger in ett diagram nedanf\u00f6r h\u00e4r, som visar sommarens medeltemperaturer i referensperioden, och l\u00e4gger till \u00e5ren 2021-2024, s\u00e5 ser vi hur det varierat genom \u00e5ren:<\/em><\/p>\n\n\n\n<figure class=\"wp-block-image size-large is-resized\"><img loading=\"lazy\" decoding=\"async\" width=\"1024\" height=\"361\" src=\"https:\/\/media1.jensgustafsson.se\/2024\/09\/image-6-1024x361.png\" alt=\"\" class=\"wp-image-33470\" style=\"width:780px;height:auto\" srcset=\"https:\/\/media1.jensgustafsson.se\/2024\/09\/image-6-1024x361.png 1024w, https:\/\/media1.jensgustafsson.se\/2024\/09\/image-6-300x106.png 300w, https:\/\/media1.jensgustafsson.se\/2024\/09\/image-6-768x271.png 768w, https:\/\/media1.jensgustafsson.se\/2024\/09\/image-6-1536x542.png 1536w, https:\/\/media1.jensgustafsson.se\/2024\/09\/image-6-500x176.png 500w, https:\/\/media1.jensgustafsson.se\/2024\/09\/image-6.png 1621w\" sizes=\"auto, (max-width: 1024px) 100vw, 1024px\" \/><\/figure>\n\n\n\n<p class=\"has-medium-font-size\"><em>Regn har vi f\u00e5tt en hel del. Totalt s\u00e5 har vi f\u00e5tt 257 millimeter i sommar, och det \u00e4r 130 % av den normala regnm\u00e4ngden. Det \u00e4r positivt, och vi har haft en fin svamp- och b\u00e4rs\u00e4song tack vare det regnet, och det var fr\u00e4mst i juli, som det satte fart ordentligt. Kan ju n\u00e4mna att vi nu efter 8 m\u00e5nader av \u00e5ret g\u00e5tt, har f\u00e5tt 82% av den normala \u00e5rsnederb\u00f6rden f\u00f6r v\u00e5r del. I diagrammet nedan ser vi regnm\u00e4ngderna i somrarna 1991-2024:<\/em><\/p>\n\n\n\n<figure class=\"wp-block-image size-large is-resized\"><img loading=\"lazy\" decoding=\"async\" width=\"1024\" height=\"398\" src=\"https:\/\/media1.jensgustafsson.se\/2024\/09\/image-7-1024x398.png\" alt=\"\" class=\"wp-image-33471\" style=\"width:718px;height:auto\" srcset=\"https:\/\/media1.jensgustafsson.se\/2024\/09\/image-7-1024x398.png 1024w, https:\/\/media1.jensgustafsson.se\/2024\/09\/image-7-300x117.png 300w, https:\/\/media1.jensgustafsson.se\/2024\/09\/image-7-768x299.png 768w, https:\/\/media1.jensgustafsson.se\/2024\/09\/image-7-500x195.png 500w, https:\/\/media1.jensgustafsson.se\/2024\/09\/image-7.png 1208w\" sizes=\"auto, (max-width: 1024px) 100vw, 1024px\" \/><\/figure>\n\n\n\n<figure class=\"wp-block-image size-large\"><img loading=\"lazy\" decoding=\"async\" width=\"1024\" height=\"683\" src=\"https:\/\/media1.jensgustafsson.se\/2024\/09\/DSC_7931-1024x683.jpg\" alt=\"\" class=\"wp-image-33478\" srcset=\"https:\/\/media1.jensgustafsson.se\/2024\/09\/DSC_7931-1024x683.jpg 1024w, https:\/\/media1.jensgustafsson.se\/2024\/09\/DSC_7931-300x200.jpg 300w, https:\/\/media1.jensgustafsson.se\/2024\/09\/DSC_7931-768x512.jpg 768w, https:\/\/media1.jensgustafsson.se\/2024\/09\/DSC_7931-1536x1024.jpg 1536w, https:\/\/media1.jensgustafsson.se\/2024\/09\/DSC_7931-2048x1365.jpg 2048w, https:\/\/media1.jensgustafsson.se\/2024\/09\/DSC_7931-450x300.jpg 450w\" sizes=\"auto, (max-width: 1024px) 100vw, 1024px\" \/><\/figure>\n\n\n\n<p class=\"has-medium-font-size\"><em>Det var allt f\u00f6r denna g\u00e5ng, vi g\u00e5r in i h\u00f6sten nu, om \u00e4n fortfarande meteorologisk sommar. Vi f\u00e5r se hur det utvecklar sig, jag forts\u00e4tter l\u00e5ta v\u00e4derstationen logga, och s\u00e5 plitar jag ner lite h\u00e4r efterhand, som vanligt.<\/em><\/p>\n\n\n\n<figure class=\"wp-block-image size-large\"><img loading=\"lazy\" decoding=\"async\" width=\"1024\" height=\"682\" src=\"https:\/\/media1.jensgustafsson.se\/2024\/09\/DSC_7822-1024x682.jpg\" alt=\"\" class=\"wp-image-33479\" srcset=\"https:\/\/media1.jensgustafsson.se\/2024\/09\/DSC_7822-1024x682.jpg 1024w, https:\/\/media1.jensgustafsson.se\/2024\/09\/DSC_7822-300x200.jpg 300w, https:\/\/media1.jensgustafsson.se\/2024\/09\/DSC_7822-768x512.jpg 768w, https:\/\/media1.jensgustafsson.se\/2024\/09\/DSC_7822-1536x1024.jpg 1536w, https:\/\/media1.jensgustafsson.se\/2024\/09\/DSC_7822-2048x1365.jpg 2048w, https:\/\/media1.jensgustafsson.se\/2024\/09\/DSC_7822-450x300.jpg 450w\" sizes=\"auto, (max-width: 1024px) 100vw, 1024px\" \/><\/figure>\n","protected":false},"excerpt":{"rendered":"<p>H\u00e4r kommer en sammanfattning av augusti 2024. V\u00e4derdata f\u00f6r \u00e5rets augustim\u00e5nad \u00e4r h\u00e4mtade fr\u00e5n min privata v\u00e4derstation h\u00e4r i F\u00e5gelfors. Statistiken som jag anv\u00e4nder och j\u00e4mf\u00f6r mot, \u00e4r h\u00e4mtad fr\u00e5n SMHI:s n\u00e4rmaste m\u00e4tstationer Blankastr\u00f6m, och Drageryd f\u00f6r \u00e5ren 1931-2012. Fr\u00e5n &hellip; <a href=\"https:\/\/jensgustafsson.se\/?page_id=33457\">Forts\u00e4tt l\u00e4sa <span class=\"meta-nav\">&rarr;<\/span><\/a><\/p>\n","protected":false},"author":1,"featured_media":33458,"parent":31413,"menu_order":8,"comment_status":"open","ping_status":"closed","template":"","meta":{"footnotes":""},"class_list":["post-33457","page","type-page","status-publish","has-post-thumbnail","hentry"],"_links":{"self":[{"href":"https:\/\/jensgustafsson.se\/index.php?rest_route=\/wp\/v2\/pages\/33457","targetHints":{"allow":["GET"]}}],"collection":[{"href":"https:\/\/jensgustafsson.se\/index.php?rest_route=\/wp\/v2\/pages"}],"about":[{"href":"https:\/\/jensgustafsson.se\/index.php?rest_route=\/wp\/v2\/types\/page"}],"author":[{"embeddable":true,"href":"https:\/\/jensgustafsson.se\/index.php?rest_route=\/wp\/v2\/users\/1"}],"replies":[{"embeddable":true,"href":"https:\/\/jensgustafsson.se\/index.php?rest_route=%2Fwp%2Fv2%2Fcomments&post=33457"}],"version-history":[{"count":11,"href":"https:\/\/jensgustafsson.se\/index.php?rest_route=\/wp\/v2\/pages\/33457\/revisions"}],"predecessor-version":[{"id":33483,"href":"https:\/\/jensgustafsson.se\/index.php?rest_route=\/wp\/v2\/pages\/33457\/revisions\/33483"}],"up":[{"embeddable":true,"href":"https:\/\/jensgustafsson.se\/index.php?rest_route=\/wp\/v2\/pages\/31413"}],"wp:featuredmedia":[{"embeddable":true,"href":"https:\/\/jensgustafsson.se\/index.php?rest_route=\/wp\/v2\/media\/33458"}],"wp:attachment":[{"href":"https:\/\/jensgustafsson.se\/index.php?rest_route=%2Fwp%2Fv2%2Fmedia&parent=33457"}],"curies":[{"name":"wp","href":"https:\/\/api.w.org\/{rel}","templated":true}]}}