{"id":33946,"date":"2024-11-01T07:51:35","date_gmt":"2024-11-01T06:51:35","guid":{"rendered":"https:\/\/jensgustafsson.se\/?page_id=33946"},"modified":"2025-01-01T15:51:26","modified_gmt":"2025-01-01T14:51:26","slug":"oktober-2024","status":"publish","type":"page","link":"https:\/\/jensgustafsson.se\/?page_id=33946","title":{"rendered":"Oktober 2024."},"content":{"rendered":"\n<p class=\"has-medium-font-size\"><em>H\u00e4r kommer en sammanfattning av oktober 2024. V\u00e4derdata f\u00f6r \u00e5rets oktoberm\u00e5nad \u00e4r h\u00e4mtade fr\u00e5n min privata v\u00e4derstation h\u00e4r i F\u00e5gelfors. Statistiken som jag anv\u00e4nder och j\u00e4mf\u00f6r mot, \u00e4r h\u00e4mtad fr\u00e5n SMHI:s n\u00e4rmaste m\u00e4tstationer Blankastr\u00f6m, och Drageryd f\u00f6r \u00e5ren 1931-2012. Fr\u00e5n 2013 och fram\u00e5t \u00e4r det min egna, privata v\u00e4derstation som levererar siffrorna. Nuvarande \u201dnormalperiod\u201d som anv\u00e4nds att j\u00e4mf\u00f6ra oktober 2024 mot, \u00e4r \u00e5ren 1991-2020. D\u00e4r jag anv\u00e4nder ordet \u201dnormalt\u201d i texterna h\u00e4r, menas allts\u00e5 d\u00e5 medeltalen f\u00f6r referensperioden 1991-2020.<\/em><\/p>\n\n\n\n<figure class=\"wp-block-image size-large is-resized\"><img loading=\"lazy\" decoding=\"async\" width=\"1024\" height=\"683\" src=\"https:\/\/media1.jensgustafsson.se\/2024\/11\/DSC_9002-1024x683.jpg\" alt=\"\" class=\"wp-image-33949\" style=\"width:669px;height:auto\" srcset=\"https:\/\/media1.jensgustafsson.se\/2024\/11\/DSC_9002-1024x683.jpg 1024w, https:\/\/media1.jensgustafsson.se\/2024\/11\/DSC_9002-300x200.jpg 300w, https:\/\/media1.jensgustafsson.se\/2024\/11\/DSC_9002-768x512.jpg 768w, https:\/\/media1.jensgustafsson.se\/2024\/11\/DSC_9002-1536x1024.jpg 1536w, https:\/\/media1.jensgustafsson.se\/2024\/11\/DSC_9002-2048x1365.jpg 2048w, https:\/\/media1.jensgustafsson.se\/2024\/11\/DSC_9002-450x300.jpg 450w\" sizes=\"auto, (max-width: 1024px) 100vw, 1024px\" \/><\/figure>\n\n\n\n<figure class=\"wp-block-image size-large is-resized\"><img loading=\"lazy\" decoding=\"async\" width=\"1024\" height=\"435\" src=\"https:\/\/media1.jensgustafsson.se\/2024\/11\/image-1024x435.png\" alt=\"\" class=\"wp-image-33950\" style=\"width:723px;height:auto\" srcset=\"https:\/\/media1.jensgustafsson.se\/2024\/11\/image-1024x435.png 1024w, https:\/\/media1.jensgustafsson.se\/2024\/11\/image-300x127.png 300w, https:\/\/media1.jensgustafsson.se\/2024\/11\/image-768x326.png 768w, https:\/\/media1.jensgustafsson.se\/2024\/11\/image-1536x653.png 1536w, https:\/\/media1.jensgustafsson.se\/2024\/11\/image-500x212.png 500w, https:\/\/media1.jensgustafsson.se\/2024\/11\/image.png 1923w\" sizes=\"auto, (max-width: 1024px) 100vw, 1024px\" \/><\/figure>\n\n\n\n<p class=\"has-medium-font-size\"><em>Diagrammet ovanf\u00f6r h\u00e4r visar hur temperaturen varierat i oktoberm\u00e5naden. Resultatet till slut blev en m\u00e5nadsmedeltemperatur p\u00e5 +8,8 grader. Det \u00e4r 1,4 grader h\u00f6gre j\u00e4mf\u00f6rt mot normalt. Vi kan se i diagrammet, att inledningen p\u00e5 m\u00e5naden var kyligast, med n\u00e5gra frostn\u00e4tter p\u00e5 raken d\u00e4r. D\u00e5 l\u00e5g vi under normalt i medeltemperatur, men efter den 17:e hade vi ingen frostnatt, och d\u00e5 drog medeltemperaturen iv\u00e4g upp\u00e5t.<\/em><\/p>\n\n\n\n<p class=\"has-medium-font-size\"><em>Som vanligt i mina m\u00e5nadssammanfattning, s\u00e5 visar jag normalperiodens medeltemperatur i oktober \u00e5rsvis, och d\u00e5 lagt dit \u00e5ren 2021-2024 ocks\u00e5. <\/em><\/p>\n\n\n\n<figure class=\"wp-block-image size-large is-resized\"><img loading=\"lazy\" decoding=\"async\" width=\"1024\" height=\"391\" src=\"https:\/\/media1.jensgustafsson.se\/2024\/11\/image-1-1024x391.png\" alt=\"\" class=\"wp-image-33952\" style=\"width:759px;height:auto\" srcset=\"https:\/\/media1.jensgustafsson.se\/2024\/11\/image-1-1024x391.png 1024w, https:\/\/media1.jensgustafsson.se\/2024\/11\/image-1-300x115.png 300w, https:\/\/media1.jensgustafsson.se\/2024\/11\/image-1-768x294.png 768w, https:\/\/media1.jensgustafsson.se\/2024\/11\/image-1-1536x587.png 1536w, https:\/\/media1.jensgustafsson.se\/2024\/11\/image-1-2048x783.png 2048w, https:\/\/media1.jensgustafsson.se\/2024\/11\/image-1-500x191.png 500w\" sizes=\"auto, (max-width: 1024px) 100vw, 1024px\" \/><\/figure>\n\n\n\n<p class=\"has-medium-font-size\"><em>Nedan ser vi en sammanfattning av lite temperaturdata m.m. fr\u00e5n loggen p\u00e5 min v\u00e4derstation under oktober 2024.<\/em><\/p>\n\n\n\n<p class=\"has-medium-font-size\"><strong>Temperatur (\u00b0C):<br \/>Medel (min+max): +8,8<br \/>Medelminimum: +5,0<br \/>Medelmaximum: +13,0<br \/>Minimum: -1,9 den 16 oktober<br \/>Maximum: +16,4 den 21 oktober<br \/>H\u00f6gsta minimum: +11,6 den 9 oktober<br \/>L\u00e4gsta maximum: +9,7 den 13 oktober<br \/>Frostdygn: 6 dygn ( mintemp. under 0\u00b0)<br \/>Markfrost: 3 dygn (mintemp. \u00f6ver 0\u00b0, men frost p\u00e5 marken)<\/strong><\/p>\n\n\n\n<figure class=\"wp-block-image size-large is-resized\"><img loading=\"lazy\" decoding=\"async\" width=\"1024\" height=\"683\" src=\"https:\/\/media1.jensgustafsson.se\/2024\/11\/DSC_8589-1024x683.jpg\" alt=\"\" class=\"wp-image-33962\" style=\"width:656px;height:auto\" srcset=\"https:\/\/media1.jensgustafsson.se\/2024\/11\/DSC_8589-1024x683.jpg 1024w, https:\/\/media1.jensgustafsson.se\/2024\/11\/DSC_8589-300x200.jpg 300w, https:\/\/media1.jensgustafsson.se\/2024\/11\/DSC_8589-768x512.jpg 768w, https:\/\/media1.jensgustafsson.se\/2024\/11\/DSC_8589-1536x1024.jpg 1536w, https:\/\/media1.jensgustafsson.se\/2024\/11\/DSC_8589-2048x1365.jpg 2048w, https:\/\/media1.jensgustafsson.se\/2024\/11\/DSC_8589-450x300.jpg 450w\" sizes=\"auto, (max-width: 1024px) 100vw, 1024px\" \/><\/figure>\n\n\n\n<figure class=\"wp-block-image size-large is-resized\"><img loading=\"lazy\" decoding=\"async\" width=\"1024\" height=\"473\" src=\"https:\/\/media1.jensgustafsson.se\/2024\/11\/image-2-1024x473.png\" alt=\"\" class=\"wp-image-33955\" style=\"width:673px;height:auto\" srcset=\"https:\/\/media1.jensgustafsson.se\/2024\/11\/image-2-1024x473.png 1024w, https:\/\/media1.jensgustafsson.se\/2024\/11\/image-2-300x138.png 300w, https:\/\/media1.jensgustafsson.se\/2024\/11\/image-2-768x354.png 768w, https:\/\/media1.jensgustafsson.se\/2024\/11\/image-2-1536x709.png 1536w, https:\/\/media1.jensgustafsson.se\/2024\/11\/image-2-500x231.png 500w, https:\/\/media1.jensgustafsson.se\/2024\/11\/image-2.png 1560w\" sizes=\"auto, (max-width: 1024px) 100vw, 1024px\" \/><\/figure>\n\n\n\n<p class=\"has-medium-font-size\"><em>70 millimeter regn har jag m\u00e4tt upp denna m\u00e5nad. Det motsvarar 137% av den normala oktobernederb\u00f6rden hos oss. De st\u00f6rsta m\u00e4ngderna f\u00f6ll, som vi ser, den nionde och tionde oktober. Jag konstaterar ocks\u00e5, att vi t.o.m oktober f\u00e5tt 104% av den normala \u00e5rsnederb\u00f6rden f\u00f6r oss i v\u00e5ra trakter. Det f\u00e5r vi nog anse som positivt  f\u00f6r v\u00e5r del. <\/em><\/p>\n\n\n\n<p class=\"has-medium-font-size\"><em>S\u00e5 ett diagram \u00f6ver nederb\u00f6rdsm\u00e4ngderna i oktober 1991-2024.<\/em><\/p>\n\n\n\n<figure class=\"wp-block-image size-large is-resized\"><img loading=\"lazy\" decoding=\"async\" width=\"1024\" height=\"395\" src=\"https:\/\/media1.jensgustafsson.se\/2024\/11\/image-3-1024x395.png\" alt=\"\" class=\"wp-image-33957\" style=\"width:762px;height:auto\" srcset=\"https:\/\/media1.jensgustafsson.se\/2024\/11\/image-3-1024x395.png 1024w, https:\/\/media1.jensgustafsson.se\/2024\/11\/image-3-300x116.png 300w, https:\/\/media1.jensgustafsson.se\/2024\/11\/image-3-768x297.png 768w, https:\/\/media1.jensgustafsson.se\/2024\/11\/image-3-1536x593.png 1536w, https:\/\/media1.jensgustafsson.se\/2024\/11\/image-3-2048x791.png 2048w, https:\/\/media1.jensgustafsson.se\/2024\/11\/image-3-500x193.png 500w\" sizes=\"auto, (max-width: 1024px) 100vw, 1024px\" \/><\/figure>\n\n\n\n<figure class=\"wp-block-image size-large is-resized\"><img loading=\"lazy\" decoding=\"async\" width=\"1024\" height=\"682\" src=\"https:\/\/media1.jensgustafsson.se\/2024\/11\/DSC_8653-1024x682.jpg\" alt=\"\" class=\"wp-image-33963\" style=\"width:674px;height:auto\" srcset=\"https:\/\/media1.jensgustafsson.se\/2024\/11\/DSC_8653-1024x682.jpg 1024w, https:\/\/media1.jensgustafsson.se\/2024\/11\/DSC_8653-300x200.jpg 300w, https:\/\/media1.jensgustafsson.se\/2024\/11\/DSC_8653-768x512.jpg 768w, https:\/\/media1.jensgustafsson.se\/2024\/11\/DSC_8653-1536x1024.jpg 1536w, https:\/\/media1.jensgustafsson.se\/2024\/11\/DSC_8653-2048x1365.jpg 2048w, https:\/\/media1.jensgustafsson.se\/2024\/11\/DSC_8653-450x300.jpg 450w\" sizes=\"auto, (max-width: 1024px) 100vw, 1024px\" \/><\/figure>\n\n\n\n<p class=\"has-medium-font-size\"><em>Diagrammet nedan visar vindriktningarna i oktober. Den genomsnittliga maxvinden i oktober blev 6 m\/s.<\/em><\/p>\n\n\n\n<figure class=\"wp-block-image size-large is-resized\"><img loading=\"lazy\" decoding=\"async\" width=\"1024\" height=\"357\" src=\"https:\/\/media1.jensgustafsson.se\/2024\/11\/image-4-1024x357.png\" alt=\"\" class=\"wp-image-33959\" style=\"width:780px;height:auto\" srcset=\"https:\/\/media1.jensgustafsson.se\/2024\/11\/image-4-1024x357.png 1024w, https:\/\/media1.jensgustafsson.se\/2024\/11\/image-4-300x105.png 300w, https:\/\/media1.jensgustafsson.se\/2024\/11\/image-4-768x268.png 768w, https:\/\/media1.jensgustafsson.se\/2024\/11\/image-4-1536x536.png 1536w, https:\/\/media1.jensgustafsson.se\/2024\/11\/image-4-500x174.png 500w, https:\/\/media1.jensgustafsson.se\/2024\/11\/image-4.png 1614w\" sizes=\"auto, (max-width: 1024px) 100vw, 1024px\" \/><\/figure>\n\n\n\n<figure class=\"wp-block-image size-large is-resized\"><img loading=\"lazy\" decoding=\"async\" width=\"1024\" height=\"683\" src=\"https:\/\/media1.jensgustafsson.se\/2024\/11\/DSC_8841-1024x683.jpg\" alt=\"\" class=\"wp-image-33966\" style=\"width:698px;height:auto\" srcset=\"https:\/\/media1.jensgustafsson.se\/2024\/11\/DSC_8841-1024x683.jpg 1024w, https:\/\/media1.jensgustafsson.se\/2024\/11\/DSC_8841-300x200.jpg 300w, https:\/\/media1.jensgustafsson.se\/2024\/11\/DSC_8841-768x512.jpg 768w, https:\/\/media1.jensgustafsson.se\/2024\/11\/DSC_8841-1536x1024.jpg 1536w, https:\/\/media1.jensgustafsson.se\/2024\/11\/DSC_8841-2048x1365.jpg 2048w, https:\/\/media1.jensgustafsson.se\/2024\/11\/DSC_8841-450x300.jpg 450w\" sizes=\"auto, (max-width: 1024px) 100vw, 1024px\" \/><\/figure>\n\n\n\n<p class=\"has-medium-font-size\"><em>Diagrammet nedan visar det dagliga medelv\u00e4rdet p\u00e5 lufttrycket i oktober<\/em>:<\/p>\n\n\n\n<figure class=\"wp-block-image size-large is-resized\"><img loading=\"lazy\" decoding=\"async\" width=\"1024\" height=\"426\" src=\"https:\/\/media1.jensgustafsson.se\/2024\/11\/image-5-1024x426.png\" alt=\"\" class=\"wp-image-33961\" style=\"width:690px;height:auto\" srcset=\"https:\/\/media1.jensgustafsson.se\/2024\/11\/image-5-1024x426.png 1024w, https:\/\/media1.jensgustafsson.se\/2024\/11\/image-5-300x125.png 300w, https:\/\/media1.jensgustafsson.se\/2024\/11\/image-5-768x319.png 768w, https:\/\/media1.jensgustafsson.se\/2024\/11\/image-5-500x208.png 500w, https:\/\/media1.jensgustafsson.se\/2024\/11\/image-5.png 1506w\" sizes=\"auto, (max-width: 1024px) 100vw, 1024px\" \/><\/figure>\n\n\n\n<figure class=\"wp-block-image size-large is-resized\"><img loading=\"lazy\" decoding=\"async\" width=\"1024\" height=\"683\" src=\"https:\/\/media1.jensgustafsson.se\/2024\/11\/DSC_9166-1024x683.jpg\" alt=\"\" class=\"wp-image-33967\" style=\"width:658px;height:auto\" srcset=\"https:\/\/media1.jensgustafsson.se\/2024\/11\/DSC_9166-1024x683.jpg 1024w, https:\/\/media1.jensgustafsson.se\/2024\/11\/DSC_9166-300x200.jpg 300w, https:\/\/media1.jensgustafsson.se\/2024\/11\/DSC_9166-768x512.jpg 768w, https:\/\/media1.jensgustafsson.se\/2024\/11\/DSC_9166-1536x1024.jpg 1536w, https:\/\/media1.jensgustafsson.se\/2024\/11\/DSC_9166-2048x1365.jpg 2048w, https:\/\/media1.jensgustafsson.se\/2024\/11\/DSC_9166-450x300.jpg 450w\" sizes=\"auto, (max-width: 1024px) 100vw, 1024px\" \/><\/figure>\n\n\n\n<p class=\"has-medium-font-size\"><em>N\u00e4r jag sitter och skriver denna m\u00e5nadssammanfattning, s\u00e5 \u00e4r det morgon den 1:a november. Det har varit en mycket bl\u00e5sig natt, med h\u00e5rda vindbyar, dock inga stormbyar hos oss. Bl\u00e5st tillh\u00f6r v\u00e4l lite av vad vi \u00e4r vana vid p\u00e5 h\u00f6starna, s\u00e5 l\u00e5ngt allt i sin ordning, kan man kanske s\u00e4ga. En h\u00f6stm\u00e5nad, och en vinterm\u00e5nad kvar av \u00e5r 2024, och det f\u00f6ljer vi, s\u00e5 f\u00e5r vi se hur slutsummeringen av \u00e5ret blir v\u00e4derm\u00e4ssigt.<\/em><\/p>\n\n\n\n<p><\/p>\n","protected":false},"excerpt":{"rendered":"<p>H\u00e4r kommer en sammanfattning av oktober 2024. V\u00e4derdata f\u00f6r \u00e5rets oktoberm\u00e5nad \u00e4r h\u00e4mtade fr\u00e5n min privata v\u00e4derstation h\u00e4r i F\u00e5gelfors. Statistiken som jag anv\u00e4nder och j\u00e4mf\u00f6r mot, \u00e4r h\u00e4mtad fr\u00e5n SMHI:s n\u00e4rmaste m\u00e4tstationer Blankastr\u00f6m, och Drageryd f\u00f6r \u00e5ren 1931-2012. Fr\u00e5n &hellip; <a href=\"https:\/\/jensgustafsson.se\/?page_id=33946\">Forts\u00e4tt l\u00e4sa <span class=\"meta-nav\">&rarr;<\/span><\/a><\/p>\n","protected":false},"author":1,"featured_media":33948,"parent":31413,"menu_order":10,"comment_status":"open","ping_status":"closed","template":"","meta":{"footnotes":""},"class_list":["post-33946","page","type-page","status-publish","has-post-thumbnail","hentry"],"_links":{"self":[{"href":"https:\/\/jensgustafsson.se\/index.php?rest_route=\/wp\/v2\/pages\/33946","targetHints":{"allow":["GET"]}}],"collection":[{"href":"https:\/\/jensgustafsson.se\/index.php?rest_route=\/wp\/v2\/pages"}],"about":[{"href":"https:\/\/jensgustafsson.se\/index.php?rest_route=\/wp\/v2\/types\/page"}],"author":[{"embeddable":true,"href":"https:\/\/jensgustafsson.se\/index.php?rest_route=\/wp\/v2\/users\/1"}],"replies":[{"embeddable":true,"href":"https:\/\/jensgustafsson.se\/index.php?rest_route=%2Fwp%2Fv2%2Fcomments&post=33946"}],"version-history":[{"count":12,"href":"https:\/\/jensgustafsson.se\/index.php?rest_route=\/wp\/v2\/pages\/33946\/revisions"}],"predecessor-version":[{"id":34612,"href":"https:\/\/jensgustafsson.se\/index.php?rest_route=\/wp\/v2\/pages\/33946\/revisions\/34612"}],"up":[{"embeddable":true,"href":"https:\/\/jensgustafsson.se\/index.php?rest_route=\/wp\/v2\/pages\/31413"}],"wp:featuredmedia":[{"embeddable":true,"href":"https:\/\/jensgustafsson.se\/index.php?rest_route=\/wp\/v2\/media\/33948"}],"wp:attachment":[{"href":"https:\/\/jensgustafsson.se\/index.php?rest_route=%2Fwp%2Fv2%2Fmedia&parent=33946"}],"curies":[{"name":"wp","href":"https:\/\/api.w.org\/{rel}","templated":true}]}}