{"id":34877,"date":"2025-02-01T07:19:25","date_gmt":"2025-02-01T06:19:25","guid":{"rendered":"https:\/\/jensgustafsson.se\/?page_id=34877"},"modified":"2025-02-01T07:19:25","modified_gmt":"2025-02-01T06:19:25","slug":"januari-2025","status":"publish","type":"page","link":"https:\/\/jensgustafsson.se\/?page_id=34877","title":{"rendered":"Januari 2025."},"content":{"rendered":"\n<p class=\"has-medium-font-size\"><em>H\u00e4r kommer en sammanfattning av januari 2025. V\u00e4derdata f\u00f6r \u00e5rets januarim\u00e5nad \u00e4r h\u00e4mtade fr\u00e5n min privata v\u00e4derstation h\u00e4r i F\u00e5gelfors. Statistiken som jag anv\u00e4nder och j\u00e4mf\u00f6r mot, \u00e4r h\u00e4mtad fr\u00e5n SMHI:s n\u00e4rmaste m\u00e4tstationer Blankastr\u00f6m, och Drageryd f\u00f6r \u00e5ren 1931-2012. Fr\u00e5n 2013 och fram\u00e5t \u00e4r det min egna, privata v\u00e4derstation som levererar siffrorna. Nuvarande \u201dnormalperiod\u201d som anv\u00e4nds att j\u00e4mf\u00f6ra januari 2025 mot, \u00e4r \u00e5ren 1991-2020. D\u00e4r jag anv\u00e4nder ordet \u201dnormalt\u201d i texterna h\u00e4r, menas allts\u00e5 d\u00e5 medeltalen f\u00f6r referensperioden 1991-2020.<\/em><\/p>\n\n\n\n<figure class=\"wp-block-image size-large\"><img loading=\"lazy\" decoding=\"async\" width=\"1024\" height=\"927\" src=\"https:\/\/media1.jensgustafsson.se\/2025\/02\/DSC_0211-1024x927.jpg\" alt=\"\" class=\"wp-image-34888\" srcset=\"https:\/\/media1.jensgustafsson.se\/2025\/02\/DSC_0211-1024x927.jpg 1024w, https:\/\/media1.jensgustafsson.se\/2025\/02\/DSC_0211-300x272.jpg 300w, https:\/\/media1.jensgustafsson.se\/2025\/02\/DSC_0211-768x695.jpg 768w, https:\/\/media1.jensgustafsson.se\/2025\/02\/DSC_0211-1536x1391.jpg 1536w, https:\/\/media1.jensgustafsson.se\/2025\/02\/DSC_0211-2048x1854.jpg 2048w, https:\/\/media1.jensgustafsson.se\/2025\/02\/DSC_0211-331x300.jpg 331w\" sizes=\"auto, (max-width: 1024px) 100vw, 1024px\" \/><figcaption class=\"wp-element-caption\"><strong><em>Koltrastar \u00e4ter r\u00f6nnb\u00e4r den 5 januari.<\/em><\/strong><\/figcaption><\/figure>\n\n\n\n<figure class=\"wp-block-image size-large\"><img loading=\"lazy\" decoding=\"async\" width=\"1024\" height=\"435\" src=\"https:\/\/media1.jensgustafsson.se\/2025\/02\/image-1024x435.png\" alt=\"\" class=\"wp-image-34890\" srcset=\"https:\/\/media1.jensgustafsson.se\/2025\/02\/image-1024x435.png 1024w, https:\/\/media1.jensgustafsson.se\/2025\/02\/image-300x127.png 300w, https:\/\/media1.jensgustafsson.se\/2025\/02\/image-768x326.png 768w, https:\/\/media1.jensgustafsson.se\/2025\/02\/image-1536x653.png 1536w, https:\/\/media1.jensgustafsson.se\/2025\/02\/image-500x212.png 500w, https:\/\/media1.jensgustafsson.se\/2025\/02\/image.png 1923w\" sizes=\"auto, (max-width: 1024px) 100vw, 1024px\" \/><\/figure>\n\n\n\n<p class=\"has-medium-font-size\"><em>Stapeldiagrammet ovanf\u00f6r visar att f\u00f6rsta halvan av januari var kall, och den andra halvan har varit \u00f6verv\u00e4gande mild. M\u00e5nadens medeltemperatur blev +0,7 grader, och det \u00e4r 1,9 grader mildare \u00e4n normalt. Temperaturen vi hade i b\u00f6rjan av m\u00e5naden gjorde att vi ett tag hade 2,5 grader kallare \u00e4n normalt, och man b\u00f6rjade undra, om det skulle bli en riktigt kall m\u00e5nad. Omslaget mellan kallt och milt i mitten p\u00e5 m\u00e5naden, k\u00e4ndes v\u00e4ldigt tv\u00e4rt.  <\/em><\/p>\n\n\n\n<p class=\"has-medium-font-size\"><em>I stapeldiagrammet nedan visar jag medeltemperaturerna i januari genom \u00e5ren 1991-2025, s\u00e5 kan vi se hur det sv\u00e4ngt upp och ner \u00f6ver tid.<\/em><\/p>\n\n\n\n<figure class=\"wp-block-image size-full\"><img loading=\"lazy\" decoding=\"async\" width=\"2300\" height=\"819\" src=\"https:\/\/media1.jensgustafsson.se\/2025\/02\/image-1.png\" alt=\"\" class=\"wp-image-34892\" srcset=\"https:\/\/media1.jensgustafsson.se\/2025\/02\/image-1.png 2300w, https:\/\/media1.jensgustafsson.se\/2025\/02\/image-1-300x107.png 300w, https:\/\/media1.jensgustafsson.se\/2025\/02\/image-1-1024x365.png 1024w, https:\/\/media1.jensgustafsson.se\/2025\/02\/image-1-768x273.png 768w, https:\/\/media1.jensgustafsson.se\/2025\/02\/image-1-1536x547.png 1536w, https:\/\/media1.jensgustafsson.se\/2025\/02\/image-1-2048x729.png 2048w, https:\/\/media1.jensgustafsson.se\/2025\/02\/image-1-500x178.png 500w\" sizes=\"auto, (max-width: 2300px) 100vw, 2300px\" \/><\/figure>\n\n\n\n<p class=\"has-medium-font-size\"><em>Nedan ser vi en sammanfattning av lite temperaturdata m.m. fr\u00e5n loggen p\u00e5 min v\u00e4derstation under januari 2025.<\/em><\/p>\n\n\n\n<p class=\"has-medium-font-size\"><strong><em>Temperatur (\u00b0C):<br \/>Medel (min+max): +0,7<br \/>Medelminimum: -1,6<br \/>Medelmaximum: +3,3<br \/>Minimum: -16,2 den 13 januari<br \/>Maximum: +7,8 den 16 januari<br \/>H\u00f6gsta minimum: +4,4 den 30 januari<br \/>L\u00e4gsta maximum: -3,3 den 5 januari<br \/>Frostdygn: 9 dygn ( mintemp. under 0\u00b0)<br \/>Isdygn: 6 dygn ( temperaturen under 0\u00b0 hela dygnet)<br \/>Markfrost: 8 dygn (mintemp. \u00f6ver 0\u00b0, men frost p\u00e5 marken)<\/em><\/strong><\/p>\n\n\n\n<figure class=\"wp-block-image size-large\"><img loading=\"lazy\" decoding=\"async\" width=\"1024\" height=\"683\" src=\"https:\/\/media1.jensgustafsson.se\/2025\/02\/DSC_0292-1024x683.jpg\" alt=\"\" class=\"wp-image-34893\" srcset=\"https:\/\/media1.jensgustafsson.se\/2025\/02\/DSC_0292-1024x683.jpg 1024w, https:\/\/media1.jensgustafsson.se\/2025\/02\/DSC_0292-300x200.jpg 300w, https:\/\/media1.jensgustafsson.se\/2025\/02\/DSC_0292-768x512.jpg 768w, https:\/\/media1.jensgustafsson.se\/2025\/02\/DSC_0292-1536x1024.jpg 1536w, https:\/\/media1.jensgustafsson.se\/2025\/02\/DSC_0292-2048x1365.jpg 2048w, https:\/\/media1.jensgustafsson.se\/2025\/02\/DSC_0292-450x300.jpg 450w\" sizes=\"auto, (max-width: 1024px) 100vw, 1024px\" \/><figcaption class=\"wp-element-caption\"><strong><em>Foto fr\u00e5n 11 januari. Sn\u00f6r\u00f6jning p\u00e5 Kyrkogatan efter sn\u00f6fallet d\u00e5.<\/em><\/strong><\/figcaption><\/figure>\n\n\n\n<figure class=\"wp-block-image size-large\"><img loading=\"lazy\" decoding=\"async\" width=\"1024\" height=\"491\" src=\"https:\/\/media1.jensgustafsson.se\/2025\/02\/image-2-1024x491.png\" alt=\"\" class=\"wp-image-34894\" srcset=\"https:\/\/media1.jensgustafsson.se\/2025\/02\/image-2-1024x491.png 1024w, https:\/\/media1.jensgustafsson.se\/2025\/02\/image-2-300x144.png 300w, https:\/\/media1.jensgustafsson.se\/2025\/02\/image-2-768x368.png 768w, https:\/\/media1.jensgustafsson.se\/2025\/02\/image-2-1536x736.png 1536w, https:\/\/media1.jensgustafsson.se\/2025\/02\/image-2-500x240.png 500w, https:\/\/media1.jensgustafsson.se\/2025\/02\/image-2.png 1560w\" sizes=\"auto, (max-width: 1024px) 100vw, 1024px\" \/><\/figure>\n\n\n\n<p class=\"has-medium-font-size\"><em>Nederb\u00f6rden har varit riklig i januari. Vi har f\u00e5tt 58 millimeter, b\u00e5de sn\u00f6 och regn. Den nederb\u00f6rdsm\u00e4ngden \u00e4r 171% av den normala januarinederb\u00f6rden. Vi har haft 12 dagar med m\u00e4tbart sn\u00f6djup, och det st\u00f6rsta sn\u00f6djupet var 12 cm. Det var betydligt st\u00f6rre p\u00e5 sina st\u00e4llen d\u00e4r sn\u00f6n drivit kraftigt i den h\u00e5rda vinden, men 12 cm motsvarar ett medeltal ungef\u00e4r.<\/em><\/p>\n\n\n\n<p class=\"has-medium-font-size\"><em>I stapeldiagrammet nedanf\u00f6r visar jag nederb\u00f6rdsm\u00e4ngden i januari 1991-2025.<\/em><\/p>\n\n\n\n<figure class=\"wp-block-image size-full\"><img loading=\"lazy\" decoding=\"async\" width=\"2275\" height=\"837\" src=\"https:\/\/media1.jensgustafsson.se\/2025\/02\/image-3.png\" alt=\"\" class=\"wp-image-34895\" srcset=\"https:\/\/media1.jensgustafsson.se\/2025\/02\/image-3.png 2275w, https:\/\/media1.jensgustafsson.se\/2025\/02\/image-3-300x110.png 300w, https:\/\/media1.jensgustafsson.se\/2025\/02\/image-3-1024x377.png 1024w, https:\/\/media1.jensgustafsson.se\/2025\/02\/image-3-768x283.png 768w, https:\/\/media1.jensgustafsson.se\/2025\/02\/image-3-1536x565.png 1536w, https:\/\/media1.jensgustafsson.se\/2025\/02\/image-3-2048x753.png 2048w, https:\/\/media1.jensgustafsson.se\/2025\/02\/image-3-500x184.png 500w\" sizes=\"auto, (max-width: 2275px) 100vw, 2275px\" \/><\/figure>\n\n\n\n<figure class=\"wp-block-image size-large\"><img loading=\"lazy\" decoding=\"async\" width=\"1024\" height=\"635\" src=\"https:\/\/media1.jensgustafsson.se\/2025\/02\/DSC_0364-1024x635.jpg\" alt=\"\" class=\"wp-image-34897\" srcset=\"https:\/\/media1.jensgustafsson.se\/2025\/02\/DSC_0364-1024x635.jpg 1024w, https:\/\/media1.jensgustafsson.se\/2025\/02\/DSC_0364-300x186.jpg 300w, https:\/\/media1.jensgustafsson.se\/2025\/02\/DSC_0364-768x477.jpg 768w, https:\/\/media1.jensgustafsson.se\/2025\/02\/DSC_0364-1536x953.jpg 1536w, https:\/\/media1.jensgustafsson.se\/2025\/02\/DSC_0364-2048x1271.jpg 2048w, https:\/\/media1.jensgustafsson.se\/2025\/02\/DSC_0364-483x300.jpg 483w\" sizes=\"auto, (max-width: 1024px) 100vw, 1024px\" \/><figcaption class=\"wp-element-caption\"><strong><em>Kanadag\u00e5s p\u00e5 isen vid \u00d6vrasj\u00f6n 12 januari.<\/em><\/strong><\/figcaption><\/figure>\n\n\n\n<p class=\"has-medium-font-size\"><em>Diagrammet nedan visar vindriktningarna i januari. Den genomsnittliga maxvinden i m\u00e5naden blev 7 m\/s<\/em>.<\/p>\n\n\n\n<figure class=\"wp-block-image size-full\"><img loading=\"lazy\" decoding=\"async\" width=\"1615\" height=\"744\" src=\"https:\/\/media1.jensgustafsson.se\/2025\/02\/image-5.png\" alt=\"\" class=\"wp-image-34899\" srcset=\"https:\/\/media1.jensgustafsson.se\/2025\/02\/image-5.png 1615w, https:\/\/media1.jensgustafsson.se\/2025\/02\/image-5-300x138.png 300w, https:\/\/media1.jensgustafsson.se\/2025\/02\/image-5-1024x472.png 1024w, https:\/\/media1.jensgustafsson.se\/2025\/02\/image-5-768x354.png 768w, https:\/\/media1.jensgustafsson.se\/2025\/02\/image-5-1536x708.png 1536w, https:\/\/media1.jensgustafsson.se\/2025\/02\/image-5-500x230.png 500w\" sizes=\"auto, (max-width: 1615px) 100vw, 1615px\" \/><\/figure>\n\n\n\n<figure class=\"wp-block-image size-large\"><img loading=\"lazy\" decoding=\"async\" width=\"1024\" height=\"773\" src=\"https:\/\/media1.jensgustafsson.se\/2025\/02\/DSC_0502-1024x773.jpg\" alt=\"\" class=\"wp-image-34900\" srcset=\"https:\/\/media1.jensgustafsson.se\/2025\/02\/DSC_0502-1024x773.jpg 1024w, https:\/\/media1.jensgustafsson.se\/2025\/02\/DSC_0502-300x226.jpg 300w, https:\/\/media1.jensgustafsson.se\/2025\/02\/DSC_0502-768x580.jpg 768w, https:\/\/media1.jensgustafsson.se\/2025\/02\/DSC_0502-1536x1159.jpg 1536w, https:\/\/media1.jensgustafsson.se\/2025\/02\/DSC_0502-2048x1546.jpg 2048w, https:\/\/media1.jensgustafsson.se\/2025\/02\/DSC_0502-398x300.jpg 398w\" sizes=\"auto, (max-width: 1024px) 100vw, 1024px\" \/><figcaption class=\"wp-element-caption\"><strong><em>Den 19 januari hittade jag de f\u00f6rsta sn\u00f6droppsknopparna i \u00e5r.<\/em><\/strong><\/figcaption><\/figure>\n\n\n\n<p class=\"has-medium-font-size\"><em>Diagrammet nedan visar det dagliga medelv\u00e4rdet p\u00e5 lufttrycket i januari<\/em>:<\/p>\n\n\n\n<figure class=\"wp-block-image size-large\"><img loading=\"lazy\" decoding=\"async\" width=\"1024\" height=\"433\" src=\"https:\/\/media1.jensgustafsson.se\/2025\/02\/image-6-1024x433.png\" alt=\"\" class=\"wp-image-34902\" srcset=\"https:\/\/media1.jensgustafsson.se\/2025\/02\/image-6-1024x433.png 1024w, https:\/\/media1.jensgustafsson.se\/2025\/02\/image-6-300x127.png 300w, https:\/\/media1.jensgustafsson.se\/2025\/02\/image-6-768x325.png 768w, https:\/\/media1.jensgustafsson.se\/2025\/02\/image-6-500x212.png 500w, https:\/\/media1.jensgustafsson.se\/2025\/02\/image-6.png 1458w\" sizes=\"auto, (max-width: 1024px) 100vw, 1024px\" \/><\/figure>\n\n\n\n<figure class=\"wp-block-image size-large\"><img loading=\"lazy\" decoding=\"async\" width=\"1024\" height=\"683\" src=\"https:\/\/media1.jensgustafsson.se\/2025\/02\/DSC_0546-1024x683.jpg\" alt=\"\" class=\"wp-image-34904\" srcset=\"https:\/\/media1.jensgustafsson.se\/2025\/02\/DSC_0546-1024x683.jpg 1024w, https:\/\/media1.jensgustafsson.se\/2025\/02\/DSC_0546-300x200.jpg 300w, https:\/\/media1.jensgustafsson.se\/2025\/02\/DSC_0546-768x512.jpg 768w, https:\/\/media1.jensgustafsson.se\/2025\/02\/DSC_0546-1536x1024.jpg 1536w, https:\/\/media1.jensgustafsson.se\/2025\/02\/DSC_0546-2048x1365.jpg 2048w, https:\/\/media1.jensgustafsson.se\/2025\/02\/DSC_0546-450x300.jpg 450w\" sizes=\"auto, (max-width: 1024px) 100vw, 1024px\" \/><figcaption class=\"wp-element-caption\"><em><strong>Vid \u00d6vrasj\u00f6badet den 25 januari klockan 16. Ljuset p\u00e5 eftermiddagen k\u00e4nns p\u00e5tagligt d\u00e4r.<\/strong><\/em><\/figcaption><\/figure>\n\n\n\n<p class=\"has-medium-font-size\"><em>S\u00e5 har en m\u00e5nad g\u00e5tt p\u00e5 \u00e5ret 2025, och tv\u00e5 vinterm\u00e5nader av tre p\u00e5 vintern 2024\/2025 har passerat. Februari ser ut att inledas med lite kallare v\u00e4der mot vad vi haft senare delen av januari. Vi f\u00e5r hoppas p\u00e5 lite mera sol fram\u00f6ver, f\u00f6r det k\u00e4nns som att januariv\u00e4dret inneh\u00e5llit mycket gr\u00e5v\u00e4der, men de stunder som solen tittat fram, och man l\u00e5tit den skicka sina str\u00e5lar mot ansiktet, s\u00e5 har den v\u00e4rmt lite i alla fall. Lite konstigt det d\u00e4r med att den k\u00e4nns varm redan i januari. <\/em><\/p>\n\n\n\n<p class=\"has-medium-font-size\"><\/p>\n\n\n\n<p class=\"has-medium-font-size\"><\/p>\n\n\n\n<p><\/p>\n","protected":false},"excerpt":{"rendered":"<p>H\u00e4r kommer en sammanfattning av januari 2025. V\u00e4derdata f\u00f6r \u00e5rets januarim\u00e5nad \u00e4r h\u00e4mtade fr\u00e5n min privata v\u00e4derstation h\u00e4r i F\u00e5gelfors. Statistiken som jag anv\u00e4nder och j\u00e4mf\u00f6r mot, \u00e4r h\u00e4mtad fr\u00e5n SMHI:s n\u00e4rmaste m\u00e4tstationer Blankastr\u00f6m, och Drageryd f\u00f6r \u00e5ren 1931-2012. Fr\u00e5n &hellip; <a href=\"https:\/\/jensgustafsson.se\/?page_id=34877\">Forts\u00e4tt l\u00e4sa <span class=\"meta-nav\">&rarr;<\/span><\/a><\/p>\n","protected":false},"author":1,"featured_media":34910,"parent":34875,"menu_order":1,"comment_status":"open","ping_status":"closed","template":"","meta":{"footnotes":""},"class_list":["post-34877","page","type-page","status-publish","has-post-thumbnail","hentry"],"_links":{"self":[{"href":"https:\/\/jensgustafsson.se\/index.php?rest_route=\/wp\/v2\/pages\/34877","targetHints":{"allow":["GET"]}}],"collection":[{"href":"https:\/\/jensgustafsson.se\/index.php?rest_route=\/wp\/v2\/pages"}],"about":[{"href":"https:\/\/jensgustafsson.se\/index.php?rest_route=\/wp\/v2\/types\/page"}],"author":[{"embeddable":true,"href":"https:\/\/jensgustafsson.se\/index.php?rest_route=\/wp\/v2\/users\/1"}],"replies":[{"embeddable":true,"href":"https:\/\/jensgustafsson.se\/index.php?rest_route=%2Fwp%2Fv2%2Fcomments&post=34877"}],"version-history":[{"count":10,"href":"https:\/\/jensgustafsson.se\/index.php?rest_route=\/wp\/v2\/pages\/34877\/revisions"}],"predecessor-version":[{"id":34907,"href":"https:\/\/jensgustafsson.se\/index.php?rest_route=\/wp\/v2\/pages\/34877\/revisions\/34907"}],"up":[{"embeddable":true,"href":"https:\/\/jensgustafsson.se\/index.php?rest_route=\/wp\/v2\/pages\/34875"}],"wp:featuredmedia":[{"embeddable":true,"href":"https:\/\/jensgustafsson.se\/index.php?rest_route=\/wp\/v2\/media\/34910"}],"wp:attachment":[{"href":"https:\/\/jensgustafsson.se\/index.php?rest_route=%2Fwp%2Fv2%2Fmedia&parent=34877"}],"curies":[{"name":"wp","href":"https:\/\/api.w.org\/{rel}","templated":true}]}}