{"id":35136,"date":"2025-03-01T09:50:04","date_gmt":"2025-03-01T08:50:04","guid":{"rendered":"https:\/\/jensgustafsson.se\/?page_id=35136"},"modified":"2025-03-01T09:50:04","modified_gmt":"2025-03-01T08:50:04","slug":"februari-2025","status":"publish","type":"page","link":"https:\/\/jensgustafsson.se\/?page_id=35136","title":{"rendered":"Februari 2025."},"content":{"rendered":"\n<p class=\"has-medium-font-size\"><em>H\u00e4r kommer en sammanfattning av februari 2025. V\u00e4derdata f\u00f6r \u00e5rets februarim\u00e5nad \u00e4r h\u00e4mtade fr\u00e5n min privata v\u00e4derstation h\u00e4r i F\u00e5gelfors. Statistiken som jag anv\u00e4nder och j\u00e4mf\u00f6r mot, \u00e4r h\u00e4mtad fr\u00e5n SMHI:s n\u00e4rmaste m\u00e4tstationer Blankastr\u00f6m, och Drageryd f\u00f6r \u00e5ren 1931-2012. Fr\u00e5n 2013 och fram\u00e5t \u00e4r det min egna, privata v\u00e4derstation som levererar siffrorna. Nuvarande \u201dnormalperiod\u201d som anv\u00e4nds att j\u00e4mf\u00f6ra februari 2025 mot, \u00e4r \u00e5ren 1991-2020. D\u00e4r jag anv\u00e4nder ordet \u201dnormalt\u201d i texterna h\u00e4r, menas allts\u00e5 d\u00e5 medeltalen f\u00f6r referensperioden 1991-2020.<\/em><\/p>\n\n\n\n<p class=\"has-medium-font-size\"><strong><em>I slutet p\u00e5 detta inl\u00e4gg, s\u00e5 g\u00f6r jag en liten sammanfattning hur temperaturen och nederb\u00f6rden varit i vintern 2025 som just avslutats<\/em><\/strong>.<\/p>\n\n\n\n<figure class=\"wp-block-image size-large\"><img loading=\"lazy\" decoding=\"async\" width=\"1024\" height=\"683\" src=\"https:\/\/media1.jensgustafsson.se\/2025\/03\/DSC_0736-1024x683.jpg\" alt=\"\" class=\"wp-image-35154\" srcset=\"https:\/\/media1.jensgustafsson.se\/2025\/03\/DSC_0736-1024x683.jpg 1024w, https:\/\/media1.jensgustafsson.se\/2025\/03\/DSC_0736-300x200.jpg 300w, https:\/\/media1.jensgustafsson.se\/2025\/03\/DSC_0736-768x512.jpg 768w, https:\/\/media1.jensgustafsson.se\/2025\/03\/DSC_0736-1536x1024.jpg 1536w, https:\/\/media1.jensgustafsson.se\/2025\/03\/DSC_0736-2048x1365.jpg 2048w, https:\/\/media1.jensgustafsson.se\/2025\/03\/DSC_0736-450x300.jpg 450w\" sizes=\"auto, (max-width: 1024px) 100vw, 1024px\" \/><figcaption class=\"wp-element-caption\"><strong><em>Den 2 februari. P\u00e5 v\u00e4g ut mot Ryningen vid soluppg\u00e5ngen.<\/em><\/strong><\/figcaption><\/figure>\n\n\n\n<p class=\"has-medium-font-size\"><\/p>\n\n\n\n<figure class=\"wp-block-image size-large\"><img loading=\"lazy\" decoding=\"async\" width=\"1024\" height=\"586\" src=\"https:\/\/media1.jensgustafsson.se\/2025\/03\/image-1024x586.png\" alt=\"\" class=\"wp-image-35140\" srcset=\"https:\/\/media1.jensgustafsson.se\/2025\/03\/image-1024x586.png 1024w, https:\/\/media1.jensgustafsson.se\/2025\/03\/image-300x172.png 300w, https:\/\/media1.jensgustafsson.se\/2025\/03\/image-768x440.png 768w, https:\/\/media1.jensgustafsson.se\/2025\/03\/image-1536x880.png 1536w, https:\/\/media1.jensgustafsson.se\/2025\/03\/image-500x286.png 500w, https:\/\/media1.jensgustafsson.se\/2025\/03\/image.png 1849w\" sizes=\"auto, (max-width: 1024px) 100vw, 1024px\" \/><\/figure>\n\n\n\n<p class=\"has-medium-font-size\"><em>Medeltemperaturen f\u00f6r februari i \u00e5r blev -0,3 grader, och det \u00e4r 0,4 grader varmare j\u00e4mf\u00f6rt mot normalt. Den senare delen av m\u00e5naden blev f\u00f6rh\u00e5llandevis mild efter en k\u00f6ldkn\u00e4ppen p\u00e5 cirka 10 dygn som syns i stapeldiagrammet ovanf\u00f6r h\u00e4r. <strong>Den milda avslutningen p\u00e5 m\u00e5naden gjorde att vi gick \u00f6ver i meteorologisk v\u00e5r den 22 februari i \u00e5r. Vi har haft lite l\u00e4ngre vinter, j\u00e4mf\u00f6rt med genomsnittet i normalperioden. Vi fick 95 dygn med meteorologisk vinter, och genomsnittet i normalperioden \u00e4r 80 dygn.<\/strong><\/em><\/p>\n\n\n\n<p class=\"has-medium-font-size\"><em>F\u00f6r att vi ska kunna \u00f6verblicka februari genom referensperioden 1991-2020, s\u00e5 visar jag det i diagrammet nedanf\u00f6r. Ut\u00f6ver de 30 \u00e5ren som ing\u00e5r i &#8221;normalperioden&#8221; har jag fortsatt fylla p\u00e5 serien med \u00e5ren 2021-2025.<\/em><\/p>\n\n\n\n<figure class=\"wp-block-image size-full\"><img loading=\"lazy\" decoding=\"async\" width=\"2205\" height=\"801\" src=\"https:\/\/media1.jensgustafsson.se\/2025\/03\/image-1.png\" alt=\"\" class=\"wp-image-35142\" srcset=\"https:\/\/media1.jensgustafsson.se\/2025\/03\/image-1.png 2205w, https:\/\/media1.jensgustafsson.se\/2025\/03\/image-1-300x109.png 300w, https:\/\/media1.jensgustafsson.se\/2025\/03\/image-1-1024x372.png 1024w, https:\/\/media1.jensgustafsson.se\/2025\/03\/image-1-768x279.png 768w, https:\/\/media1.jensgustafsson.se\/2025\/03\/image-1-1536x558.png 1536w, https:\/\/media1.jensgustafsson.se\/2025\/03\/image-1-2048x744.png 2048w, https:\/\/media1.jensgustafsson.se\/2025\/03\/image-1-500x182.png 500w\" sizes=\"auto, (max-width: 2205px) 100vw, 2205px\" \/><\/figure>\n\n\n\n<p class=\"has-medium-font-size\"><em>Nedan ser vi en sammanfattning av lite temperaturdata m.m. fr\u00e5n loggen p\u00e5 min v\u00e4derstation under februari 2025.<\/em><\/p>\n\n\n\n<p class=\"has-medium-font-size\">T<strong>emperatur (\u00b0C):<br \/>Medel (min+max): -0,3<br \/>Medelminimum: -3,5<br \/>Medelmaximum: 3,0<br \/>Minimum: -13,8 den 16 februari<br \/>Maximum: +9,3 den 23 februari<br \/>H\u00f6gsta minimum: +3,2 den 25 februari<br \/>L\u00e4gsta maximum: -2,6 den 16 februari<br \/>Frostdygn: 15 dygn ( mintemp. under 0\u00b0)<br \/>Isdygn: 6 dygn ( temperaturen under 0\u00b0 hela dygnet)<br \/>Markfrost: 3 dygn (mintemp. \u00f6ver 0\u00b0, men frost p\u00e5 marken)<\/strong><\/p>\n\n\n\n<figure class=\"wp-block-image size-large\"><img loading=\"lazy\" decoding=\"async\" width=\"1024\" height=\"614\" src=\"https:\/\/media1.jensgustafsson.se\/2025\/03\/DSC_0885-1024x614.jpg\" alt=\"\" class=\"wp-image-35156\" srcset=\"https:\/\/media1.jensgustafsson.se\/2025\/03\/DSC_0885-1024x614.jpg 1024w, https:\/\/media1.jensgustafsson.se\/2025\/03\/DSC_0885-300x180.jpg 300w, https:\/\/media1.jensgustafsson.se\/2025\/03\/DSC_0885-768x461.jpg 768w, https:\/\/media1.jensgustafsson.se\/2025\/03\/DSC_0885-1536x922.jpg 1536w, https:\/\/media1.jensgustafsson.se\/2025\/03\/DSC_0885-2048x1229.jpg 2048w, https:\/\/media1.jensgustafsson.se\/2025\/03\/DSC_0885-500x300.jpg 500w\" sizes=\"auto, (max-width: 1024px) 100vw, 1024px\" \/><figcaption class=\"wp-element-caption\"><strong><em>Den 11 februari. Sn\u00f6droppar vid Lillsj\u00f6dal. I tr\u00e4dg\u00e5rden d\u00e4r stationshuset fanns en g\u00e5ng i tiden.<\/em><\/strong><\/figcaption><\/figure>\n\n\n\n<figure class=\"wp-block-image size-large\"><img loading=\"lazy\" decoding=\"async\" width=\"1024\" height=\"530\" src=\"https:\/\/media1.jensgustafsson.se\/2025\/03\/image-2-1024x530.png\" alt=\"\" class=\"wp-image-35145\" srcset=\"https:\/\/media1.jensgustafsson.se\/2025\/03\/image-2-1024x530.png 1024w, https:\/\/media1.jensgustafsson.se\/2025\/03\/image-2-300x155.png 300w, https:\/\/media1.jensgustafsson.se\/2025\/03\/image-2-768x397.png 768w, https:\/\/media1.jensgustafsson.se\/2025\/03\/image-2-500x259.png 500w, https:\/\/media1.jensgustafsson.se\/2025\/03\/image-2.png 1487w\" sizes=\"auto, (max-width: 1024px) 100vw, 1024px\" \/><\/figure>\n\n\n\n<p class=\"has-medium-font-size\"><em>Februari blev nederb\u00f6rdsfattig. Vi har f\u00e5tt bara 7 mm, i form av b\u00e5de regn och sn\u00f6. De 7 millimetrarna motsvarar 21% av den normala nederb\u00f6rden f\u00f6r m\u00e5naden. 3 dagar har vi haft m\u00e4tbart sn\u00f6djup, och det var som mest 2 centimeter. N\u00e5gra dagar har det varit med lite sn\u00f6fl\u00e4ckar h\u00e4r och var, men inget sammanh\u00e4ngande sn\u00f6t\u00e4cke. <\/em><\/p>\n\n\n\n<p class=\"has-medium-font-size\"><em>Diagrammet nedan visar nederb\u00f6rdsm\u00e4ngden i millimeter f\u00f6r februari m\u00e5nad i referensperioden 1991-2020, och precis som med temperaturdiagrammet, s\u00e5 har jag lagt till 2021-2025 ocks\u00e5.<\/em><\/p>\n\n\n\n<figure class=\"wp-block-image size-large\"><img loading=\"lazy\" decoding=\"async\" width=\"1024\" height=\"379\" src=\"https:\/\/media1.jensgustafsson.se\/2025\/03\/image-3-1024x379.png\" alt=\"\" class=\"wp-image-35146\" srcset=\"https:\/\/media1.jensgustafsson.se\/2025\/03\/image-3-1024x379.png 1024w, https:\/\/media1.jensgustafsson.se\/2025\/03\/image-3-300x111.png 300w, https:\/\/media1.jensgustafsson.se\/2025\/03\/image-3-768x285.png 768w, https:\/\/media1.jensgustafsson.se\/2025\/03\/image-3-1536x569.png 1536w, https:\/\/media1.jensgustafsson.se\/2025\/03\/image-3-2048x759.png 2048w, https:\/\/media1.jensgustafsson.se\/2025\/03\/image-3-500x185.png 500w\" sizes=\"auto, (max-width: 1024px) 100vw, 1024px\" \/><\/figure>\n\n\n\n<figure class=\"wp-block-image size-large\"><img loading=\"lazy\" decoding=\"async\" width=\"1024\" height=\"683\" src=\"https:\/\/media1.jensgustafsson.se\/2025\/03\/DSC_0662-1024x683.jpg\" alt=\"\" class=\"wp-image-35157\" srcset=\"https:\/\/media1.jensgustafsson.se\/2025\/03\/DSC_0662-1024x683.jpg 1024w, https:\/\/media1.jensgustafsson.se\/2025\/03\/DSC_0662-300x200.jpg 300w, https:\/\/media1.jensgustafsson.se\/2025\/03\/DSC_0662-768x512.jpg 768w, https:\/\/media1.jensgustafsson.se\/2025\/03\/DSC_0662-1536x1024.jpg 1536w, https:\/\/media1.jensgustafsson.se\/2025\/03\/DSC_0662-2048x1365.jpg 2048w, https:\/\/media1.jensgustafsson.se\/2025\/03\/DSC_0662-450x300.jpg 450w\" sizes=\"auto, (max-width: 1024px) 100vw, 1024px\" \/><figcaption class=\"wp-element-caption\"><strong><em>Den 1 februari. Em\u00e5n vid Jungnerholmarna Fliseryd.<\/em><\/strong><\/figcaption><\/figure>\n\n\n\n<p class=\"has-medium-font-size\"><em>Diagrammet nedan visar vindriktningarna i februari. Den genomsnittliga maxvinden i m\u00e5naden blev 5,5 m\/s<\/em>.<\/p>\n\n\n\n<figure class=\"wp-block-image size-large\"><img loading=\"lazy\" decoding=\"async\" width=\"1024\" height=\"401\" src=\"https:\/\/media1.jensgustafsson.se\/2025\/03\/image-4-1024x401.png\" alt=\"\" class=\"wp-image-35147\" srcset=\"https:\/\/media1.jensgustafsson.se\/2025\/03\/image-4-1024x401.png 1024w, https:\/\/media1.jensgustafsson.se\/2025\/03\/image-4-300x117.png 300w, https:\/\/media1.jensgustafsson.se\/2025\/03\/image-4-768x301.png 768w, https:\/\/media1.jensgustafsson.se\/2025\/03\/image-4-500x196.png 500w, https:\/\/media1.jensgustafsson.se\/2025\/03\/image-4.png 1504w\" sizes=\"auto, (max-width: 1024px) 100vw, 1024px\" \/><\/figure>\n\n\n\n<figure class=\"wp-block-image size-large\"><img loading=\"lazy\" decoding=\"async\" width=\"1024\" height=\"683\" src=\"https:\/\/media1.jensgustafsson.se\/2025\/03\/DSC_0782-1024x683.jpg\" alt=\"\" class=\"wp-image-35159\" srcset=\"https:\/\/media1.jensgustafsson.se\/2025\/03\/DSC_0782-1024x683.jpg 1024w, https:\/\/media1.jensgustafsson.se\/2025\/03\/DSC_0782-300x200.jpg 300w, https:\/\/media1.jensgustafsson.se\/2025\/03\/DSC_0782-768x512.jpg 768w, https:\/\/media1.jensgustafsson.se\/2025\/03\/DSC_0782-1536x1024.jpg 1536w, https:\/\/media1.jensgustafsson.se\/2025\/03\/DSC_0782-2048x1365.jpg 2048w, https:\/\/media1.jensgustafsson.se\/2025\/03\/DSC_0782-450x300.jpg 450w\" sizes=\"auto, (max-width: 1024px) 100vw, 1024px\" \/><figcaption class=\"wp-element-caption\"><em><strong>Den 3 februari. N\u00f6t\u00e5n vid Vecklevad p\u00e5 morgonen.<\/strong><\/em><\/figcaption><\/figure>\n\n\n\n<p class=\"has-medium-font-size\"><em>Diagrammet nedan visar det dagliga medelv\u00e4rdet p\u00e5 lufttrycket i februari<\/em>:<\/p>\n\n\n\n<figure class=\"wp-block-image size-large\"><img loading=\"lazy\" decoding=\"async\" width=\"1024\" height=\"475\" src=\"https:\/\/media1.jensgustafsson.se\/2025\/03\/image-5-1024x475.png\" alt=\"\" class=\"wp-image-35148\" srcset=\"https:\/\/media1.jensgustafsson.se\/2025\/03\/image-5-1024x475.png 1024w, https:\/\/media1.jensgustafsson.se\/2025\/03\/image-5-300x139.png 300w, https:\/\/media1.jensgustafsson.se\/2025\/03\/image-5-768x357.png 768w, https:\/\/media1.jensgustafsson.se\/2025\/03\/image-5-500x232.png 500w, https:\/\/media1.jensgustafsson.se\/2025\/03\/image-5.png 1374w\" sizes=\"auto, (max-width: 1024px) 100vw, 1024px\" \/><\/figure>\n\n\n\n<figure class=\"wp-block-image size-large\"><img loading=\"lazy\" decoding=\"async\" width=\"1024\" height=\"747\" src=\"https:\/\/media1.jensgustafsson.se\/2025\/03\/DSC_1131-1-1024x747.jpg\" alt=\"\" class=\"wp-image-35162\" srcset=\"https:\/\/media1.jensgustafsson.se\/2025\/03\/DSC_1131-1-1024x747.jpg 1024w, https:\/\/media1.jensgustafsson.se\/2025\/03\/DSC_1131-1-300x219.jpg 300w, https:\/\/media1.jensgustafsson.se\/2025\/03\/DSC_1131-1-768x561.jpg 768w, https:\/\/media1.jensgustafsson.se\/2025\/03\/DSC_1131-1-1536x1121.jpg 1536w, https:\/\/media1.jensgustafsson.se\/2025\/03\/DSC_1131-1-2048x1495.jpg 2048w, https:\/\/media1.jensgustafsson.se\/2025\/03\/DSC_1131-1-411x300.jpg 411w\" sizes=\"auto, (max-width: 1024px) 100vw, 1024px\" \/><figcaption class=\"wp-element-caption\"><strong><em>Den 24 februari. F\u00e5gelfors kyrka p\u00e5 eftermiddagen.<\/em><\/strong><\/figcaption><\/figure>\n\n\n\n<p class=\"has-medium-font-size\"><em>D\u00e5 ska jag skriva lite om \u00e5rstiden vinter 2024\/2025. Med vinter avses d\u00e5 de tre kalendariska vinterm\u00e5naderna&nbsp;december \u00e5r 2024, januari och februari \u00e5r 2025<\/em><\/p>\n\n\n\n<p class=\"has-medium-font-size\"><em>Jag b\u00f6rjar med hur medeltemperaturen blev. Den blev +0,9 grader, och det \u00e4r 1,6  grader varmare j\u00e4mf\u00f6rt med normalperioden. Vi hade en mild decemberm\u00e5nad med ett temperatur\u00f6verskott p\u00e5 2,1 grader. Januarim\u00e5naden gav ett \u00f6verskott p\u00e5 1,9 grader, och s\u00e5 d\u00e5 februari med 0,4 graders \u00f6verskott. S\u00e5 totalt sett en mild vinter.<\/em> F\u00f6r att visa hur medeltemperaturen varit i vintrarna 1991-2025, s\u00e5 l\u00e4gger jag in ett diagram p\u00e5 det h\u00e4r nedanf\u00f6r.<\/p>\n\n\n\n<figure class=\"wp-block-image size-large\"><img loading=\"lazy\" decoding=\"async\" width=\"1024\" height=\"378\" src=\"https:\/\/media1.jensgustafsson.se\/2025\/03\/image-8-1024x378.png\" alt=\"\" class=\"wp-image-35168\" srcset=\"https:\/\/media1.jensgustafsson.se\/2025\/03\/image-8-1024x378.png 1024w, https:\/\/media1.jensgustafsson.se\/2025\/03\/image-8-300x111.png 300w, https:\/\/media1.jensgustafsson.se\/2025\/03\/image-8-768x283.png 768w, https:\/\/media1.jensgustafsson.se\/2025\/03\/image-8-1536x567.png 1536w, https:\/\/media1.jensgustafsson.se\/2025\/03\/image-8-500x184.png 500w, https:\/\/media1.jensgustafsson.se\/2025\/03\/image-8.png 1572w\" sizes=\"auto, (max-width: 1024px) 100vw, 1024px\" \/><\/figure>\n\n\n\n<p class=\"has-medium-font-size\"><em>D\u00e5 g\u00e5r vi till nederb\u00f6rden. Vi har f\u00e5tt 104 mm sn\u00f6 och regn, och det inneb\u00e4r 95% av den normala vinternederb\u00f6rden. F\u00f6r att vi ska kunna se hur nederb\u00f6rdsm\u00e4ngden varit i vintrarna 1991-2025, s\u00e5 l\u00e4gger jag in diagrammet nedan.<\/em><\/p>\n\n\n\n<figure class=\"wp-block-image size-full\"><img loading=\"lazy\" decoding=\"async\" width=\"1024\" height=\"326\" src=\"https:\/\/media1.jensgustafsson.se\/2025\/03\/image-7.png\" alt=\"\" class=\"wp-image-35167\" srcset=\"https:\/\/media1.jensgustafsson.se\/2025\/03\/image-7.png 1024w, https:\/\/media1.jensgustafsson.se\/2025\/03\/image-7-300x96.png 300w, https:\/\/media1.jensgustafsson.se\/2025\/03\/image-7-768x245.png 768w, https:\/\/media1.jensgustafsson.se\/2025\/03\/image-7-500x159.png 500w\" sizes=\"auto, (max-width: 1024px) 100vw, 1024px\" \/><\/figure>\n\n\n\n<figure class=\"wp-block-image size-large\"><img loading=\"lazy\" decoding=\"async\" width=\"1024\" height=\"794\" src=\"https:\/\/media1.jensgustafsson.se\/2025\/03\/22-feb-2025-7-1024x794.jpg\" alt=\"\" class=\"wp-image-35169\" srcset=\"https:\/\/media1.jensgustafsson.se\/2025\/03\/22-feb-2025-7-1024x794.jpg 1024w, https:\/\/media1.jensgustafsson.se\/2025\/03\/22-feb-2025-7-300x233.jpg 300w, https:\/\/media1.jensgustafsson.se\/2025\/03\/22-feb-2025-7-768x596.jpg 768w, https:\/\/media1.jensgustafsson.se\/2025\/03\/22-feb-2025-7-1536x1192.jpg 1536w, https:\/\/media1.jensgustafsson.se\/2025\/03\/22-feb-2025-7-387x300.jpg 387w, https:\/\/media1.jensgustafsson.se\/2025\/03\/22-feb-2025-7.jpg 1856w\" sizes=\"auto, (max-width: 1024px) 100vw, 1024px\" \/><figcaption class=\"wp-element-caption\"><strong><em>Den 22 februari. Klobosj\u00f6n vid solnedg\u00e5ngen.<\/em><\/strong><\/figcaption><\/figure>\n\n\n\n<p class=\"has-medium-font-size\"><em>D\u00e5 var februarim\u00e5naden sammanfattad, och likas\u00e5 vintern 2025. Nu g\u00e5r vi in i de h\u00e4rliga v\u00e5rm\u00e5naderna, och tar in allt vad de ger oss med blommor, v\u00e4rme, och s\u00e5 sm\u00e5ningom gr\u00f6nska ocks\u00e5. <\/em><\/p>\n","protected":false},"excerpt":{"rendered":"<p>H\u00e4r kommer en sammanfattning av februari 2025. V\u00e4derdata f\u00f6r \u00e5rets februarim\u00e5nad \u00e4r h\u00e4mtade fr\u00e5n min privata v\u00e4derstation h\u00e4r i F\u00e5gelfors. Statistiken som jag anv\u00e4nder och j\u00e4mf\u00f6r mot, \u00e4r h\u00e4mtad fr\u00e5n SMHI:s n\u00e4rmaste m\u00e4tstationer Blankastr\u00f6m, och Drageryd f\u00f6r \u00e5ren 1931-2012. Fr\u00e5n &hellip; <a href=\"https:\/\/jensgustafsson.se\/?page_id=35136\">Forts\u00e4tt l\u00e4sa <span class=\"meta-nav\">&rarr;<\/span><\/a><\/p>\n","protected":false},"author":1,"featured_media":35152,"parent":34875,"menu_order":2,"comment_status":"open","ping_status":"closed","template":"","meta":{"footnotes":""},"class_list":["post-35136","page","type-page","status-publish","has-post-thumbnail","hentry"],"_links":{"self":[{"href":"https:\/\/jensgustafsson.se\/index.php?rest_route=\/wp\/v2\/pages\/35136","targetHints":{"allow":["GET"]}}],"collection":[{"href":"https:\/\/jensgustafsson.se\/index.php?rest_route=\/wp\/v2\/pages"}],"about":[{"href":"https:\/\/jensgustafsson.se\/index.php?rest_route=\/wp\/v2\/types\/page"}],"author":[{"embeddable":true,"href":"https:\/\/jensgustafsson.se\/index.php?rest_route=\/wp\/v2\/users\/1"}],"replies":[{"embeddable":true,"href":"https:\/\/jensgustafsson.se\/index.php?rest_route=%2Fwp%2Fv2%2Fcomments&post=35136"}],"version-history":[{"count":18,"href":"https:\/\/jensgustafsson.se\/index.php?rest_route=\/wp\/v2\/pages\/35136\/revisions"}],"predecessor-version":[{"id":35172,"href":"https:\/\/jensgustafsson.se\/index.php?rest_route=\/wp\/v2\/pages\/35136\/revisions\/35172"}],"up":[{"embeddable":true,"href":"https:\/\/jensgustafsson.se\/index.php?rest_route=\/wp\/v2\/pages\/34875"}],"wp:featuredmedia":[{"embeddable":true,"href":"https:\/\/jensgustafsson.se\/index.php?rest_route=\/wp\/v2\/media\/35152"}],"wp:attachment":[{"href":"https:\/\/jensgustafsson.se\/index.php?rest_route=%2Fwp%2Fv2%2Fmedia&parent=35136"}],"curies":[{"name":"wp","href":"https:\/\/api.w.org\/{rel}","templated":true}]}}