{"id":35423,"date":"2025-04-01T07:18:58","date_gmt":"2025-04-01T06:18:58","guid":{"rendered":"https:\/\/jensgustafsson.se\/?page_id=35423"},"modified":"2025-04-01T07:29:19","modified_gmt":"2025-04-01T06:29:19","slug":"mars-2025","status":"publish","type":"page","link":"https:\/\/jensgustafsson.se\/?page_id=35423","title":{"rendered":"Mars 2025."},"content":{"rendered":"\n<p class=\"has-medium-font-size\"><em><\/em><em>H\u00e4r kommer en sammanfattning av mars 2025. V\u00e4derdata f\u00f6r \u00e5rets marsm\u00e5nad \u00e4r h\u00e4mtade fr\u00e5n min privata v\u00e4derstation h\u00e4r i F\u00e5gelfors. Statistiken som jag anv\u00e4nder och j\u00e4mf\u00f6r mot, \u00e4r h\u00e4mtad fr\u00e5n SMHI:s n\u00e4rmaste m\u00e4tstationer Blankastr\u00f6m, och Drageryd f\u00f6r \u00e5ren 1931-2012. Fr\u00e5n 2013 och fram\u00e5t \u00e4r det min egna, privata v\u00e4derstation som levererar siffrorna. Nuvarande \u201dnormalperiod\u201d som anv\u00e4nds att j\u00e4mf\u00f6ra mars 2025 mot, \u00e4r \u00e5ren 1991-2020. D\u00e4r jag anv\u00e4nder ordet \u201dnormalt\u201d i texterna h\u00e4r, menas allts\u00e5 d\u00e5 medeltalen f\u00f6r referensperioden 1991-2020.<\/em><\/p>\n\n\n\n<figure class=\"wp-block-image size-large\"><img loading=\"lazy\" decoding=\"async\" width=\"1024\" height=\"671\" src=\"https:\/\/media1.jensgustafsson.se\/2025\/04\/DSC_1257-1024x671.jpg\" alt=\"\" class=\"wp-image-35442\" srcset=\"https:\/\/media1.jensgustafsson.se\/2025\/04\/DSC_1257-1024x671.jpg 1024w, https:\/\/media1.jensgustafsson.se\/2025\/04\/DSC_1257-300x197.jpg 300w, https:\/\/media1.jensgustafsson.se\/2025\/04\/DSC_1257-768x503.jpg 768w, https:\/\/media1.jensgustafsson.se\/2025\/04\/DSC_1257-1536x1007.jpg 1536w, https:\/\/media1.jensgustafsson.se\/2025\/04\/DSC_1257-2048x1342.jpg 2048w, https:\/\/media1.jensgustafsson.se\/2025\/04\/DSC_1257-458x300.jpg 458w\" sizes=\"auto, (max-width: 1024px) 100vw, 1024px\" \/><figcaption class=\"wp-element-caption\"><strong><em>Sn\u00f6droppar i Lilla Klobo den 2:e mars.<\/em><\/strong><\/figcaption><\/figure>\n\n\n\n<p class=\"has-large-font-size\"><em>Temperaturen.<\/em><\/p>\n\n\n\n<figure class=\"wp-block-image size-large\"><img loading=\"lazy\" decoding=\"async\" width=\"1024\" height=\"430\" src=\"https:\/\/media1.jensgustafsson.se\/2025\/04\/image-1024x430.png\" alt=\"\" class=\"wp-image-35426\" srcset=\"https:\/\/media1.jensgustafsson.se\/2025\/04\/image-1024x430.png 1024w, https:\/\/media1.jensgustafsson.se\/2025\/04\/image-300x126.png 300w, https:\/\/media1.jensgustafsson.se\/2025\/04\/image-768x323.png 768w, https:\/\/media1.jensgustafsson.se\/2025\/04\/image-1536x645.png 1536w, https:\/\/media1.jensgustafsson.se\/2025\/04\/image-500x210.png 500w, https:\/\/media1.jensgustafsson.se\/2025\/04\/image.png 1924w\" sizes=\"auto, (max-width: 1024px) 100vw, 1024px\" \/><\/figure>\n\n\n\n<p class=\"has-medium-font-size\"><em>2025 \u00e5rs marsm\u00e5nad blev mild. M\u00e5nadens medeltemperatur blev +4,5 grader, och det \u00e4r 2,8 grader varmare j\u00e4mf\u00f6rt mot normalt. Senast vi hade en s\u00e5dan mild marsm\u00e5nad var 2014. Jag visar i ett diagram h\u00e4r nedan, hur medeltemperaturen varit genom \u00e5ren 1991-2025<\/em>.<\/p>\n\n\n\n<figure class=\"wp-block-image size-large\"><img loading=\"lazy\" decoding=\"async\" width=\"1024\" height=\"353\" src=\"https:\/\/media1.jensgustafsson.se\/2025\/04\/image-1-1024x353.png\" alt=\"\" class=\"wp-image-35427\" srcset=\"https:\/\/media1.jensgustafsson.se\/2025\/04\/image-1-1024x353.png 1024w, https:\/\/media1.jensgustafsson.se\/2025\/04\/image-1-300x104.png 300w, https:\/\/media1.jensgustafsson.se\/2025\/04\/image-1-768x265.png 768w, https:\/\/media1.jensgustafsson.se\/2025\/04\/image-1-1536x530.png 1536w, https:\/\/media1.jensgustafsson.se\/2025\/04\/image-1-2048x707.png 2048w, https:\/\/media1.jensgustafsson.se\/2025\/04\/image-1-500x173.png 500w\" sizes=\"auto, (max-width: 1024px) 100vw, 1024px\" \/><\/figure>\n\n\n\n<p class=\"has-medium-font-size\"><em>Nedan ser vi en sammanfattning av lite temperaturdata m.m. fr\u00e5n loggen p\u00e5 min v\u00e4derstation under mars 2025.<\/em><\/p>\n\n\n\n<p class=\"has-medium-font-size\"><strong>Temperatur (\u00b0C):<br \/>Medel (min+max): 4,5<br \/>Medelminimum: -0,3<br \/>Medelmaximum: 9,7<br \/>Minimum: -8,4 den 15 mars<br \/>Maximum: +17,3 den 28 mars<br \/>H\u00f6gsta minimum: +6,3 den 5 mars<br \/>L\u00e4gsta maximum: 2,2 den 12 mars<br \/>Frostdygn: 16 dygn ( mintemp. under 0\u00b0)<br \/>Isdygn: 0 dygn ( temperaturen under 0\u00b0 hela dygnet)<br \/>Markfrost: 6 dygn (mintemp. \u00f6ver 0\u00b0, men frost p\u00e5 marken)<\/strong><\/p>\n\n\n\n<figure class=\"wp-block-image size-large\"><img loading=\"lazy\" decoding=\"async\" width=\"1024\" height=\"683\" src=\"https:\/\/media1.jensgustafsson.se\/2025\/04\/DSC_1326-1024x683.jpg\" alt=\"\" class=\"wp-image-35443\" srcset=\"https:\/\/media1.jensgustafsson.se\/2025\/04\/DSC_1326-1024x683.jpg 1024w, https:\/\/media1.jensgustafsson.se\/2025\/04\/DSC_1326-300x200.jpg 300w, https:\/\/media1.jensgustafsson.se\/2025\/04\/DSC_1326-768x512.jpg 768w, https:\/\/media1.jensgustafsson.se\/2025\/04\/DSC_1326-1536x1024.jpg 1536w, https:\/\/media1.jensgustafsson.se\/2025\/04\/DSC_1326-2048x1365.jpg 2048w, https:\/\/media1.jensgustafsson.se\/2025\/04\/DSC_1326-450x300.jpg 450w\" sizes=\"auto, (max-width: 1024px) 100vw, 1024px\" \/><figcaption class=\"wp-element-caption\"><strong><em>De f\u00f6rsta bl\u00e5sipporna hittade jag den 4:e mars.<\/em><\/strong><\/figcaption><\/figure>\n\n\n\n<p class=\"has-large-font-size\"><em>Nederb\u00f6rden.<\/em><\/p>\n\n\n\n<figure class=\"wp-block-image size-large\"><img loading=\"lazy\" decoding=\"async\" width=\"1024\" height=\"488\" src=\"https:\/\/media1.jensgustafsson.se\/2025\/04\/image-2-1024x488.png\" alt=\"\" class=\"wp-image-35434\" srcset=\"https:\/\/media1.jensgustafsson.se\/2025\/04\/image-2-1024x488.png 1024w, https:\/\/media1.jensgustafsson.se\/2025\/04\/image-2-300x143.png 300w, https:\/\/media1.jensgustafsson.se\/2025\/04\/image-2-768x366.png 768w, https:\/\/media1.jensgustafsson.se\/2025\/04\/image-2-1536x732.png 1536w, https:\/\/media1.jensgustafsson.se\/2025\/04\/image-2-500x238.png 500w, https:\/\/media1.jensgustafsson.se\/2025\/04\/image-2.png 1561w\" sizes=\"auto, (max-width: 1024px) 100vw, 1024px\" \/><\/figure>\n\n\n\n<p class=\"has-medium-font-size\"><em>Nederb\u00f6rd har vi f\u00e5tt 9 millimeter i mars. Det \u00e4r bara 35% av den normala nederb\u00f6rden f\u00f6r denna m\u00e5nad. Det \u00e4r absolut inte bra, att b\u00e5de februari och mars varit torra. Nu b\u00f6rjar ju v\u00e4xtligheten att ta fart, och kr\u00e4ver vatten. Den lilla nederb\u00f6rden som kommit, har fallit b\u00e5de som sn\u00f6 och regn. Vi har haft en endaste dag med m\u00e4tbart sn\u00f6djup, och det var den 12:e mars, d\u00e5 jag m\u00e4tte upp 2 centimeter. Jag visar i diagrammet nedan, hur det sett ut genom \u00e5ren 1991-2025 med nederb\u00f6rden i mars.<\/em><\/p>\n\n\n\n<figure class=\"wp-block-image size-large\"><img loading=\"lazy\" decoding=\"async\" width=\"1024\" height=\"397\" src=\"https:\/\/media1.jensgustafsson.se\/2025\/04\/image-4-1024x397.png\" alt=\"\" class=\"wp-image-35436\" srcset=\"https:\/\/media1.jensgustafsson.se\/2025\/04\/image-4-1024x397.png 1024w, https:\/\/media1.jensgustafsson.se\/2025\/04\/image-4-300x116.png 300w, https:\/\/media1.jensgustafsson.se\/2025\/04\/image-4-768x298.png 768w, https:\/\/media1.jensgustafsson.se\/2025\/04\/image-4-1536x595.png 1536w, https:\/\/media1.jensgustafsson.se\/2025\/04\/image-4-2048x794.png 2048w, https:\/\/media1.jensgustafsson.se\/2025\/04\/image-4-500x194.png 500w\" sizes=\"auto, (max-width: 1024px) 100vw, 1024px\" \/><\/figure>\n\n\n\n<figure class=\"wp-block-image size-large\"><img loading=\"lazy\" decoding=\"async\" width=\"1024\" height=\"683\" src=\"https:\/\/media1.jensgustafsson.se\/2025\/04\/DSC_1680-1024x683.jpg\" alt=\"\" class=\"wp-image-35445\" srcset=\"https:\/\/media1.jensgustafsson.se\/2025\/04\/DSC_1680-1024x683.jpg 1024w, https:\/\/media1.jensgustafsson.se\/2025\/04\/DSC_1680-300x200.jpg 300w, https:\/\/media1.jensgustafsson.se\/2025\/04\/DSC_1680-768x512.jpg 768w, https:\/\/media1.jensgustafsson.se\/2025\/04\/DSC_1680-1536x1024.jpg 1536w, https:\/\/media1.jensgustafsson.se\/2025\/04\/DSC_1680-2048x1365.jpg 2048w, https:\/\/media1.jensgustafsson.se\/2025\/04\/DSC_1680-450x300.jpg 450w\" sizes=\"auto, (max-width: 1024px) 100vw, 1024px\" \/><figcaption class=\"wp-element-caption\"><strong><em>Mosipporna \u00e4r p\u00e5 g\u00e5ng den 17:e mars.<\/em><\/strong><\/figcaption><\/figure>\n\n\n\n<p class=\"has-large-font-size\"><em>Vindriktningar.<\/em><\/p>\n\n\n\n<p class=\"has-medium-font-size\"><em>Diagrammet nedan visar vindriktningarna i mars. Den genomsnittliga maxvinden i m\u00e5naden blev 8 m\/s.<\/em><\/p>\n\n\n\n<figure class=\"wp-block-image size-large\"><img loading=\"lazy\" decoding=\"async\" width=\"1024\" height=\"361\" src=\"https:\/\/media1.jensgustafsson.se\/2025\/04\/image-5-1024x361.png\" alt=\"\" class=\"wp-image-35437\" srcset=\"https:\/\/media1.jensgustafsson.se\/2025\/04\/image-5-1024x361.png 1024w, https:\/\/media1.jensgustafsson.se\/2025\/04\/image-5-300x106.png 300w, https:\/\/media1.jensgustafsson.se\/2025\/04\/image-5-768x270.png 768w, https:\/\/media1.jensgustafsson.se\/2025\/04\/image-5-1536x541.png 1536w, https:\/\/media1.jensgustafsson.se\/2025\/04\/image-5-500x176.png 500w, https:\/\/media1.jensgustafsson.se\/2025\/04\/image-5.png 1610w\" sizes=\"auto, (max-width: 1024px) 100vw, 1024px\" \/><\/figure>\n\n\n\n<figure class=\"wp-block-image size-large\"><img loading=\"lazy\" decoding=\"async\" width=\"1024\" height=\"683\" src=\"https:\/\/media1.jensgustafsson.se\/2025\/04\/DSC_1822-1024x683.jpg\" alt=\"\" class=\"wp-image-35446\" srcset=\"https:\/\/media1.jensgustafsson.se\/2025\/04\/DSC_1822-1024x683.jpg 1024w, https:\/\/media1.jensgustafsson.se\/2025\/04\/DSC_1822-300x200.jpg 300w, https:\/\/media1.jensgustafsson.se\/2025\/04\/DSC_1822-768x512.jpg 768w, https:\/\/media1.jensgustafsson.se\/2025\/04\/DSC_1822-1536x1024.jpg 1536w, https:\/\/media1.jensgustafsson.se\/2025\/04\/DSC_1822-2048x1365.jpg 2048w, https:\/\/media1.jensgustafsson.se\/2025\/04\/DSC_1822-450x300.jpg 450w\" sizes=\"auto, (max-width: 1024px) 100vw, 1024px\" \/><figcaption class=\"wp-element-caption\"><strong><em>Vinterg\u00e4ck den 24:e mars.<\/em><\/strong><\/figcaption><\/figure>\n\n\n\n<p class=\"has-large-font-size\"><em>Lufttrycket.<\/em><\/p>\n\n\n\n<p class=\"has-medium-font-size\"><em>Diagrammet nedan visar det dagliga medelv\u00e4rdet p\u00e5 lufttrycket i mars<\/em>:<\/p>\n\n\n\n<figure class=\"wp-block-image size-large\"><img loading=\"lazy\" decoding=\"async\" width=\"1024\" height=\"449\" src=\"https:\/\/media1.jensgustafsson.se\/2025\/04\/image-6-1024x449.png\" alt=\"\" class=\"wp-image-35439\" srcset=\"https:\/\/media1.jensgustafsson.se\/2025\/04\/image-6-1024x449.png 1024w, https:\/\/media1.jensgustafsson.se\/2025\/04\/image-6-300x132.png 300w, https:\/\/media1.jensgustafsson.se\/2025\/04\/image-6-768x337.png 768w, https:\/\/media1.jensgustafsson.se\/2025\/04\/image-6-500x219.png 500w, https:\/\/media1.jensgustafsson.se\/2025\/04\/image-6.png 1387w\" sizes=\"auto, (max-width: 1024px) 100vw, 1024px\" \/><\/figure>\n\n\n\n<figure class=\"wp-block-image size-large\"><img loading=\"lazy\" decoding=\"async\" width=\"1024\" height=\"683\" src=\"https:\/\/media1.jensgustafsson.se\/2025\/04\/DSC_1948-1024x683.jpg\" alt=\"\" class=\"wp-image-35448\" srcset=\"https:\/\/media1.jensgustafsson.se\/2025\/04\/DSC_1948-1024x683.jpg 1024w, https:\/\/media1.jensgustafsson.se\/2025\/04\/DSC_1948-300x200.jpg 300w, https:\/\/media1.jensgustafsson.se\/2025\/04\/DSC_1948-768x512.jpg 768w, https:\/\/media1.jensgustafsson.se\/2025\/04\/DSC_1948-1536x1024.jpg 1536w, https:\/\/media1.jensgustafsson.se\/2025\/04\/DSC_1948-2048x1365.jpg 2048w, https:\/\/media1.jensgustafsson.se\/2025\/04\/DSC_1948-450x300.jpg 450w\" sizes=\"auto, (max-width: 1024px) 100vw, 1024px\" \/><figcaption class=\"wp-element-caption\"><strong><em>Mosipporna fullt utslagna den 29:e mars.<\/em><\/strong><\/figcaption><\/figure>\n\n\n\n<blockquote class=\"wp-block-quote is-layout-flow wp-block-quote-is-layout-flow\">\n\n\n<figure class=\"wp-block-pullquote has-medium-font-size\"><blockquote><p><em>Nu g\u00e5r vi in i april<br \/>Den blir som den vill<br \/>April \u00e4r k\u00e4nd f\u00f6r sina v\u00e4derliga nycker<br \/>Oavsett vad vi t\u00e4nker och tycker<\/em><br \/><\/p><\/blockquote><\/figure>\n\n\n\n<p><\/p>\n<\/blockquote>\n\n\n\n<p><\/p>\n\n\n\n<p><\/p>\n","protected":false},"excerpt":{"rendered":"<p>H\u00e4r kommer en sammanfattning av mars 2025. V\u00e4derdata f\u00f6r \u00e5rets marsm\u00e5nad \u00e4r h\u00e4mtade fr\u00e5n min privata v\u00e4derstation h\u00e4r i F\u00e5gelfors. Statistiken som jag anv\u00e4nder och j\u00e4mf\u00f6r mot, \u00e4r h\u00e4mtad fr\u00e5n SMHI:s n\u00e4rmaste m\u00e4tstationer Blankastr\u00f6m, och Drageryd f\u00f6r \u00e5ren 1931-2012. Fr\u00e5n &hellip; <a href=\"https:\/\/jensgustafsson.se\/?page_id=35423\">Forts\u00e4tt l\u00e4sa <span class=\"meta-nav\">&rarr;<\/span><\/a><\/p>\n","protected":false},"author":1,"featured_media":35454,"parent":34875,"menu_order":3,"comment_status":"open","ping_status":"closed","template":"","meta":{"footnotes":""},"class_list":["post-35423","page","type-page","status-publish","has-post-thumbnail","hentry"],"_links":{"self":[{"href":"https:\/\/jensgustafsson.se\/index.php?rest_route=\/wp\/v2\/pages\/35423","targetHints":{"allow":["GET"]}}],"collection":[{"href":"https:\/\/jensgustafsson.se\/index.php?rest_route=\/wp\/v2\/pages"}],"about":[{"href":"https:\/\/jensgustafsson.se\/index.php?rest_route=\/wp\/v2\/types\/page"}],"author":[{"embeddable":true,"href":"https:\/\/jensgustafsson.se\/index.php?rest_route=\/wp\/v2\/users\/1"}],"replies":[{"embeddable":true,"href":"https:\/\/jensgustafsson.se\/index.php?rest_route=%2Fwp%2Fv2%2Fcomments&post=35423"}],"version-history":[{"count":19,"href":"https:\/\/jensgustafsson.se\/index.php?rest_route=\/wp\/v2\/pages\/35423\/revisions"}],"predecessor-version":[{"id":35455,"href":"https:\/\/jensgustafsson.se\/index.php?rest_route=\/wp\/v2\/pages\/35423\/revisions\/35455"}],"up":[{"embeddable":true,"href":"https:\/\/jensgustafsson.se\/index.php?rest_route=\/wp\/v2\/pages\/34875"}],"wp:featuredmedia":[{"embeddable":true,"href":"https:\/\/jensgustafsson.se\/index.php?rest_route=\/wp\/v2\/media\/35454"}],"wp:attachment":[{"href":"https:\/\/jensgustafsson.se\/index.php?rest_route=%2Fwp%2Fv2%2Fmedia&parent=35423"}],"curies":[{"name":"wp","href":"https:\/\/api.w.org\/{rel}","templated":true}]}}