{"id":35732,"date":"2025-05-01T17:28:22","date_gmt":"2025-05-01T16:28:22","guid":{"rendered":"https:\/\/jensgustafsson.se\/?page_id=35732"},"modified":"2025-06-01T06:26:41","modified_gmt":"2025-06-01T05:26:41","slug":"april-2025","status":"publish","type":"page","link":"https:\/\/jensgustafsson.se\/?page_id=35732","title":{"rendered":"April 2025."},"content":{"rendered":"\n<p class=\"has-medium-font-size\"><em>H\u00e4r kommer en sammanfattning av april 2025. V\u00e4derdata f\u00f6r \u00e5rets aprilm\u00e5nad \u00e4r h\u00e4mtade fr\u00e5n min privata v\u00e4derstation h\u00e4r i F\u00e5gelfors. Statistiken som jag anv\u00e4nder och j\u00e4mf\u00f6r mot, \u00e4r h\u00e4mtad fr\u00e5n SMHI:s n\u00e4rmaste m\u00e4tstationer Blankastr\u00f6m, och Drageryd f\u00f6r \u00e5ren 1931-2012. Fr\u00e5n 2013 och fram\u00e5t \u00e4r det min egna, privata v\u00e4derstation som levererar siffrorna. Nuvarande \u201dnormalperiod\u201d som anv\u00e4nds att j\u00e4mf\u00f6ra april 2025 mot, \u00e4r \u00e5ren 1991-2020. D\u00e4r jag anv\u00e4nder ordet \u201dnormalt\u201d i texterna h\u00e4r, menas allts\u00e5 d\u00e5 medeltalen f\u00f6r referensperioden 1991-2020.<\/em><\/p>\n\n\n\n<figure class=\"wp-block-image size-large\"><img loading=\"lazy\" decoding=\"async\" width=\"1024\" height=\"683\" src=\"https:\/\/media1.jensgustafsson.se\/2025\/04\/DSC_2399-1024x683.jpg\" alt=\"\" class=\"wp-image-35568\" srcset=\"https:\/\/media1.jensgustafsson.se\/2025\/04\/DSC_2399-1024x683.jpg 1024w, https:\/\/media1.jensgustafsson.se\/2025\/04\/DSC_2399-300x200.jpg 300w, https:\/\/media1.jensgustafsson.se\/2025\/04\/DSC_2399-768x512.jpg 768w, https:\/\/media1.jensgustafsson.se\/2025\/04\/DSC_2399-1536x1024.jpg 1536w, https:\/\/media1.jensgustafsson.se\/2025\/04\/DSC_2399-2048x1365.jpg 2048w, https:\/\/media1.jensgustafsson.se\/2025\/04\/DSC_2399-450x300.jpg 450w\" sizes=\"auto, (max-width: 1024px) 100vw, 1024px\" \/><\/figure>\n\n\n\n<p class=\"has-large-font-size\"><em>Temperaturen.<\/em><\/p>\n\n\n\n<figure class=\"wp-block-image size-large\"><img loading=\"lazy\" decoding=\"async\" width=\"1024\" height=\"430\" src=\"https:\/\/media1.jensgustafsson.se\/2025\/05\/image-1024x430.png\" alt=\"\" class=\"wp-image-35745\" srcset=\"https:\/\/media1.jensgustafsson.se\/2025\/05\/image-1024x430.png 1024w, https:\/\/media1.jensgustafsson.se\/2025\/05\/image-300x126.png 300w, https:\/\/media1.jensgustafsson.se\/2025\/05\/image-768x322.png 768w, https:\/\/media1.jensgustafsson.se\/2025\/05\/image-1536x644.png 1536w, https:\/\/media1.jensgustafsson.se\/2025\/05\/image-500x210.png 500w, https:\/\/media1.jensgustafsson.se\/2025\/05\/image.png 1924w\" sizes=\"auto, (max-width: 1024px) 100vw, 1024px\" \/><\/figure>\n\n\n\n<p class=\"has-medium-font-size\"><em>En mycket mild m\u00e5nad blev det. Aprilm\u00e5nadens medeltemperatur blev +9 grader, och det \u00e4r 2,6 grader varmare j\u00e4mf\u00f6rt mot normalt. Det har bara intr\u00e4ffat en g\u00e5ng under de 90 \u00e5ren som jag har koll p\u00e5 statistiken h\u00e4r omkring, som det varit varmare. Det var 2011, och d\u00e5 var medeltemperaturen +9,4 grader.<\/em> <em>Jag visar i ett diagram h\u00e4r nedan, hur medeltemperaturen i april varit genom \u00e5ren 1991-2025<\/em>.<\/p>\n\n\n\n<figure class=\"wp-block-image size-large\"><img loading=\"lazy\" decoding=\"async\" width=\"1024\" height=\"368\" src=\"https:\/\/media1.jensgustafsson.se\/2025\/05\/image-1-1024x368.png\" alt=\"\" class=\"wp-image-35746\" srcset=\"https:\/\/media1.jensgustafsson.se\/2025\/05\/image-1-1024x368.png 1024w, https:\/\/media1.jensgustafsson.se\/2025\/05\/image-1-300x108.png 300w, https:\/\/media1.jensgustafsson.se\/2025\/05\/image-1-768x276.png 768w, https:\/\/media1.jensgustafsson.se\/2025\/05\/image-1-1536x553.png 1536w, https:\/\/media1.jensgustafsson.se\/2025\/05\/image-1-2048x737.png 2048w, https:\/\/media1.jensgustafsson.se\/2025\/05\/image-1-500x180.png 500w\" sizes=\"auto, (max-width: 1024px) 100vw, 1024px\" \/><\/figure>\n\n\n\n<p class=\"has-medium-font-size\"><em>Nedan ser vi en sammanfattning av lite temperaturdata m.m. fr\u00e5n loggen p\u00e5 min v\u00e4derstation under april 2025.<\/em><\/p>\n\n\n\n<p class=\"has-medium-font-size\"><strong>Temperatur (\u00b0C):<br \/>Medel (min+max): 9,0<br \/>Medelminimum: 3,0<br \/>Medelmaximum: 15,4<br \/>Minimum: -5,2 den 6 april<br \/>Maximum: 19,9 den 3 april<br \/>H\u00f6gsta minimum: 9,1 den 17 april<br \/>L\u00e4gsta maximum: 6,1 den 5 april<br \/>Frostdygn: 9 ( mintemp. under 0\u00b0)<br \/>Markfrost: 3 dygn (mintemp. \u00f6ver 0\u00b0, men frost p\u00e5 marken)<\/strong><\/p>\n\n\n\n<figure class=\"wp-block-image size-large\"><img loading=\"lazy\" decoding=\"async\" width=\"1024\" height=\"692\" src=\"https:\/\/media1.jensgustafsson.se\/2025\/05\/DSC_2046-1024x692.jpg\" alt=\"\" class=\"wp-image-35760\" srcset=\"https:\/\/media1.jensgustafsson.se\/2025\/05\/DSC_2046-1024x692.jpg 1024w, https:\/\/media1.jensgustafsson.se\/2025\/05\/DSC_2046-300x203.jpg 300w, https:\/\/media1.jensgustafsson.se\/2025\/05\/DSC_2046-768x519.jpg 768w, https:\/\/media1.jensgustafsson.se\/2025\/05\/DSC_2046-1536x1038.jpg 1536w, https:\/\/media1.jensgustafsson.se\/2025\/05\/DSC_2046-2048x1384.jpg 2048w, https:\/\/media1.jensgustafsson.se\/2025\/05\/DSC_2046-444x300.jpg 444w\" sizes=\"auto, (max-width: 1024px) 100vw, 1024px\" \/><\/figure>\n\n\n\n<p class=\"has-large-font-size\"><em>Nederb\u00f6rden.<\/em><\/p>\n\n\n\n<figure class=\"wp-block-image size-large\"><img loading=\"lazy\" decoding=\"async\" width=\"1024\" height=\"497\" src=\"https:\/\/media1.jensgustafsson.se\/2025\/05\/image-2-1024x497.png\" alt=\"\" class=\"wp-image-35747\" srcset=\"https:\/\/media1.jensgustafsson.se\/2025\/05\/image-2-1024x497.png 1024w, https:\/\/media1.jensgustafsson.se\/2025\/05\/image-2-300x146.png 300w, https:\/\/media1.jensgustafsson.se\/2025\/05\/image-2-768x373.png 768w, https:\/\/media1.jensgustafsson.se\/2025\/05\/image-2-1536x746.png 1536w, https:\/\/media1.jensgustafsson.se\/2025\/05\/image-2-500x243.png 500w, https:\/\/media1.jensgustafsson.se\/2025\/05\/image-2.png 1561w\" sizes=\"auto, (max-width: 1024px) 100vw, 1024px\" \/><\/figure>\n\n\n\n<p class=\"has-medium-font-size\"><em>Nederb\u00f6rden har det varit d\u00e5ligt med i april. 4 millimeter har vi f\u00e5tt, och det motsvarar 14% av den normala nederb\u00f6rden i m\u00e5naden. Det h\u00e4r \u00e4r inte bra p\u00e5 n\u00e5got vis. Det h\u00f6rs i media om l\u00e5ga grundvattenniv\u00e5er, och det kan st\u00e4lla till med problem med bl.a. vattentillf\u00f6rseln i brunnar fram\u00e5t sommaren, om det inte kommer en massa regn snart. Jag tittade p\u00e5 hur det sett ut med nederb\u00f6rd under de fyra f\u00f6rsta m\u00e5naderna p\u00e5 detta \u00e5r, och ser d\u00e5 att det \u00e4r endast januari som har ett nederb\u00f6rds\u00f6verskott. De tre resterande m\u00e5naderna har vi dragits med underskott. Vi har i \u00e5r f\u00e5tt 64% av den totala, normala nederb\u00f6rdsm\u00e4ngden f\u00f6r de fyra f\u00f6rsta m\u00e5naderna.<\/em> <em>S\u00e5 hur tr\u00e5kigt den \u00e4n l\u00e5ter, regn beh\u00f6vs i m\u00e4ngder.<\/em> <em>Jag visar i diagrammet nedan, hur det sett ut genom \u00e5ren 1991-2025 med nederb\u00f6rden i april.<\/em><\/p>\n\n\n\n<figure class=\"wp-block-image size-large\"><img loading=\"lazy\" decoding=\"async\" width=\"1024\" height=\"410\" src=\"https:\/\/media1.jensgustafsson.se\/2025\/05\/image-3-1024x410.png\" alt=\"\" class=\"wp-image-35748\" srcset=\"https:\/\/media1.jensgustafsson.se\/2025\/05\/image-3-1024x410.png 1024w, https:\/\/media1.jensgustafsson.se\/2025\/05\/image-3-300x120.png 300w, https:\/\/media1.jensgustafsson.se\/2025\/05\/image-3-768x307.png 768w, https:\/\/media1.jensgustafsson.se\/2025\/05\/image-3-1536x615.png 1536w, https:\/\/media1.jensgustafsson.se\/2025\/05\/image-3-2048x820.png 2048w, https:\/\/media1.jensgustafsson.se\/2025\/05\/image-3-500x200.png 500w\" sizes=\"auto, (max-width: 1024px) 100vw, 1024px\" \/><\/figure>\n\n\n\n<figure class=\"wp-block-image size-large\"><img loading=\"lazy\" decoding=\"async\" width=\"1024\" height=\"636\" src=\"https:\/\/media1.jensgustafsson.se\/2025\/05\/DSC_2080-1024x636.jpg\" alt=\"\" class=\"wp-image-35761\" srcset=\"https:\/\/media1.jensgustafsson.se\/2025\/05\/DSC_2080-1024x636.jpg 1024w, https:\/\/media1.jensgustafsson.se\/2025\/05\/DSC_2080-300x186.jpg 300w, https:\/\/media1.jensgustafsson.se\/2025\/05\/DSC_2080-768x477.jpg 768w, https:\/\/media1.jensgustafsson.se\/2025\/05\/DSC_2080-1536x954.jpg 1536w, https:\/\/media1.jensgustafsson.se\/2025\/05\/DSC_2080-2048x1272.jpg 2048w, https:\/\/media1.jensgustafsson.se\/2025\/05\/DSC_2080-483x300.jpg 483w\" sizes=\"auto, (max-width: 1024px) 100vw, 1024px\" \/><\/figure>\n\n\n\n<p class=\"has-large-font-size\"><em>Vindriktningar.<\/em><\/p>\n\n\n\n<figure class=\"wp-block-image size-large\"><img loading=\"lazy\" decoding=\"async\" width=\"1024\" height=\"354\" src=\"https:\/\/media1.jensgustafsson.se\/2025\/05\/image-4-1024x354.png\" alt=\"\" class=\"wp-image-35749\" srcset=\"https:\/\/media1.jensgustafsson.se\/2025\/05\/image-4-1024x354.png 1024w, https:\/\/media1.jensgustafsson.se\/2025\/05\/image-4-300x104.png 300w, https:\/\/media1.jensgustafsson.se\/2025\/05\/image-4-768x266.png 768w, https:\/\/media1.jensgustafsson.se\/2025\/05\/image-4-1536x531.png 1536w, https:\/\/media1.jensgustafsson.se\/2025\/05\/image-4-500x173.png 500w, https:\/\/media1.jensgustafsson.se\/2025\/05\/image-4.png 1611w\" sizes=\"auto, (max-width: 1024px) 100vw, 1024px\" \/><\/figure>\n\n\n\n<p class=\"has-medium-font-size\"><em>Diagrammet ovanf\u00f6r h\u00e4r visar vindriktningarna i april. Den genomsnittliga maxvinden i m\u00e5naden blev 7 m\/s.<\/em><\/p>\n\n\n\n<figure class=\"wp-block-image size-large\"><img loading=\"lazy\" decoding=\"async\" width=\"1024\" height=\"683\" src=\"https:\/\/media1.jensgustafsson.se\/2025\/05\/DSC_2725-1024x683.jpg\" alt=\"\" class=\"wp-image-35762\" srcset=\"https:\/\/media1.jensgustafsson.se\/2025\/05\/DSC_2725-1024x683.jpg 1024w, https:\/\/media1.jensgustafsson.se\/2025\/05\/DSC_2725-300x200.jpg 300w, https:\/\/media1.jensgustafsson.se\/2025\/05\/DSC_2725-768x512.jpg 768w, https:\/\/media1.jensgustafsson.se\/2025\/05\/DSC_2725-1536x1024.jpg 1536w, https:\/\/media1.jensgustafsson.se\/2025\/05\/DSC_2725-2048x1365.jpg 2048w, https:\/\/media1.jensgustafsson.se\/2025\/05\/DSC_2725-450x300.jpg 450w\" sizes=\"auto, (max-width: 1024px) 100vw, 1024px\" \/><\/figure>\n\n\n\n<p class=\"has-large-font-size\"><em>Lufttrycket.<\/em><\/p>\n\n\n\n<p class=\"has-medium-font-size\"><em>Diagrammet nedan visar det dagliga medelv\u00e4rdet p\u00e5 lufttrycket i april<\/em>:<\/p>\n\n\n\n<figure class=\"wp-block-image size-large\"><img loading=\"lazy\" decoding=\"async\" width=\"1024\" height=\"457\" src=\"https:\/\/media1.jensgustafsson.se\/2025\/05\/image-5-1024x457.png\" alt=\"\" class=\"wp-image-35750\" srcset=\"https:\/\/media1.jensgustafsson.se\/2025\/05\/image-5-1024x457.png 1024w, https:\/\/media1.jensgustafsson.se\/2025\/05\/image-5-300x134.png 300w, https:\/\/media1.jensgustafsson.se\/2025\/05\/image-5-768x343.png 768w, https:\/\/media1.jensgustafsson.se\/2025\/05\/image-5-500x223.png 500w, https:\/\/media1.jensgustafsson.se\/2025\/05\/image-5.png 1255w\" sizes=\"auto, (max-width: 1024px) 100vw, 1024px\" \/><\/figure>\n\n\n\n<figure class=\"wp-block-image size-large\"><img loading=\"lazy\" decoding=\"async\" width=\"1024\" height=\"750\" src=\"https:\/\/media1.jensgustafsson.se\/2025\/05\/DSC_2626-1024x750.jpg\" alt=\"\" class=\"wp-image-35763\" srcset=\"https:\/\/media1.jensgustafsson.se\/2025\/05\/DSC_2626-1024x750.jpg 1024w, https:\/\/media1.jensgustafsson.se\/2025\/05\/DSC_2626-300x220.jpg 300w, https:\/\/media1.jensgustafsson.se\/2025\/05\/DSC_2626-768x563.jpg 768w, https:\/\/media1.jensgustafsson.se\/2025\/05\/DSC_2626-1536x1125.jpg 1536w, https:\/\/media1.jensgustafsson.se\/2025\/05\/DSC_2626-2048x1500.jpg 2048w, https:\/\/media1.jensgustafsson.se\/2025\/05\/DSC_2626-410x300.jpg 410w\" sizes=\"auto, (max-width: 1024px) 100vw, 1024px\" \/><\/figure>\n\n\n\n<p class=\"has-medium-font-size\"><em>Som avslutning p\u00e5 detta inl\u00e4gg om aprilm\u00e5naden, s\u00e5 tittar jag p\u00e5 hur det ser ut med medeltemperaturen efter att fyra m\u00e5nader av \u00e5ret har g\u00e5tt. Det visar sig att vi har 2 grader varmare i \u00e5r j\u00e4mf\u00f6rt mot medeltalet f\u00f6r de fyra f\u00f6rsta m\u00e5naderna i referensperioden 1991-2020. Vi f\u00e5r se hur resten av \u00e5ret blir, kanske blir ett varmt \u00e5r?<\/em><\/p>\n\n\n\n<p class=\"has-medium-font-size\"><\/p>\n","protected":false},"excerpt":{"rendered":"<p>H\u00e4r kommer en sammanfattning av april 2025. V\u00e4derdata f\u00f6r \u00e5rets aprilm\u00e5nad \u00e4r h\u00e4mtade fr\u00e5n min privata v\u00e4derstation h\u00e4r i F\u00e5gelfors. Statistiken som jag anv\u00e4nder och j\u00e4mf\u00f6r mot, \u00e4r h\u00e4mtad fr\u00e5n SMHI:s n\u00e4rmaste m\u00e4tstationer Blankastr\u00f6m, och Drageryd f\u00f6r \u00e5ren 1931-2012. Fr\u00e5n &hellip; <a href=\"https:\/\/jensgustafsson.se\/?page_id=35732\">Forts\u00e4tt l\u00e4sa <span class=\"meta-nav\">&rarr;<\/span><\/a><\/p>\n","protected":false},"author":1,"featured_media":35736,"parent":34875,"menu_order":4,"comment_status":"closed","ping_status":"closed","template":"","meta":{"footnotes":""},"class_list":["post-35732","page","type-page","status-publish","has-post-thumbnail","hentry"],"_links":{"self":[{"href":"https:\/\/jensgustafsson.se\/index.php?rest_route=\/wp\/v2\/pages\/35732","targetHints":{"allow":["GET"]}}],"collection":[{"href":"https:\/\/jensgustafsson.se\/index.php?rest_route=\/wp\/v2\/pages"}],"about":[{"href":"https:\/\/jensgustafsson.se\/index.php?rest_route=\/wp\/v2\/types\/page"}],"author":[{"embeddable":true,"href":"https:\/\/jensgustafsson.se\/index.php?rest_route=\/wp\/v2\/users\/1"}],"replies":[{"embeddable":true,"href":"https:\/\/jensgustafsson.se\/index.php?rest_route=%2Fwp%2Fv2%2Fcomments&post=35732"}],"version-history":[{"count":8,"href":"https:\/\/jensgustafsson.se\/index.php?rest_route=\/wp\/v2\/pages\/35732\/revisions"}],"predecessor-version":[{"id":36055,"href":"https:\/\/jensgustafsson.se\/index.php?rest_route=\/wp\/v2\/pages\/35732\/revisions\/36055"}],"up":[{"embeddable":true,"href":"https:\/\/jensgustafsson.se\/index.php?rest_route=\/wp\/v2\/pages\/34875"}],"wp:featuredmedia":[{"embeddable":true,"href":"https:\/\/jensgustafsson.se\/index.php?rest_route=\/wp\/v2\/media\/35736"}],"wp:attachment":[{"href":"https:\/\/jensgustafsson.se\/index.php?rest_route=%2Fwp%2Fv2%2Fmedia&parent=35732"}],"curies":[{"name":"wp","href":"https:\/\/api.w.org\/{rel}","templated":true}]}}