{"id":36037,"date":"2025-06-01T15:12:07","date_gmt":"2025-06-01T14:12:07","guid":{"rendered":"https:\/\/jensgustafsson.se\/?page_id=36037"},"modified":"2025-06-01T15:12:07","modified_gmt":"2025-06-01T14:12:07","slug":"maj-2025","status":"publish","type":"page","link":"https:\/\/jensgustafsson.se\/?page_id=36037","title":{"rendered":"Maj 2025."},"content":{"rendered":"\n<p class=\"has-medium-font-size\"><em>H\u00e4r kommer en sammanfattning av maj 2025. V\u00e4derdata f\u00f6r \u00e5rets majm\u00e5nad \u00e4r h\u00e4mtade fr\u00e5n min privata v\u00e4derstation h\u00e4r i F\u00e5gelfors. Statistiken som jag anv\u00e4nder och j\u00e4mf\u00f6r mot, \u00e4r h\u00e4mtad fr\u00e5n SMHI:s n\u00e4rmaste m\u00e4tstationer Blankastr\u00f6m, och Drageryd f\u00f6r \u00e5ren 1931-2012. Fr\u00e5n 2013 och fram\u00e5t \u00e4r det min egna, privata v\u00e4derstation som levererar siffrorna. Nuvarande \u201dnormalperiod\u201d som anv\u00e4nds att j\u00e4mf\u00f6ra maj 2025 mot, \u00e4r \u00e5ren 1991-2020. D\u00e4r jag anv\u00e4nder ordet \u201dnormalt\u201d i texterna h\u00e4r, menas allts\u00e5 d\u00e5 medeltalen f\u00f6r referensperioden 1991-2020.<\/em><\/p>\n\n\n\n<p class=\"has-medium-font-size\"><strong><em><strong><em>I slutet p\u00e5 detta inl\u00e4gg, s\u00e5 g\u00f6r jag en sammanfattning hur temperaturen och nederb\u00f6rden varit under v\u00e5ren 2025 som just avslutats<\/em><\/strong>.<\/em><\/strong><\/p>\n\n\n\n<figure class=\"wp-block-image size-large\"><img loading=\"lazy\" decoding=\"async\" width=\"1024\" height=\"683\" src=\"https:\/\/media1.jensgustafsson.se\/2025\/06\/DSC_2897-1024x683.jpg\" alt=\"\" class=\"wp-image-36068\" srcset=\"https:\/\/media1.jensgustafsson.se\/2025\/06\/DSC_2897-1024x683.jpg 1024w, https:\/\/media1.jensgustafsson.se\/2025\/06\/DSC_2897-300x200.jpg 300w, https:\/\/media1.jensgustafsson.se\/2025\/06\/DSC_2897-768x512.jpg 768w, https:\/\/media1.jensgustafsson.se\/2025\/06\/DSC_2897-1536x1024.jpg 1536w, https:\/\/media1.jensgustafsson.se\/2025\/06\/DSC_2897-2048x1365.jpg 2048w, https:\/\/media1.jensgustafsson.se\/2025\/06\/DSC_2897-450x300.jpg 450w\" sizes=\"auto, (max-width: 1024px) 100vw, 1024px\" \/><figcaption class=\"wp-element-caption\"><strong><em>P\u00e5 morgonen den 7:e maj var det rej\u00e4lt med frost p\u00e5 styvmorsviolerna.<\/em><\/strong><\/figcaption><\/figure>\n\n\n\n<figure class=\"wp-block-image size-large\"><img loading=\"lazy\" decoding=\"async\" width=\"1024\" height=\"430\" src=\"https:\/\/media1.jensgustafsson.se\/2025\/06\/image-1024x430.png\" alt=\"\" class=\"wp-image-36043\" srcset=\"https:\/\/media1.jensgustafsson.se\/2025\/06\/image-1024x430.png 1024w, https:\/\/media1.jensgustafsson.se\/2025\/06\/image-300x126.png 300w, https:\/\/media1.jensgustafsson.se\/2025\/06\/image-768x322.png 768w, https:\/\/media1.jensgustafsson.se\/2025\/06\/image-1536x644.png 1536w, https:\/\/media1.jensgustafsson.se\/2025\/06\/image-500x210.png 500w, https:\/\/media1.jensgustafsson.se\/2025\/06\/image.png 1924w\" sizes=\"auto, (max-width: 1024px) 100vw, 1024px\" \/><\/figure>\n\n\n\n<p class=\"has-large-font-size\"><em>Temperaturen.<\/em><\/p>\n\n\n\n<p class=\"has-medium-font-size\"><em>2025 \u00e5rs majm\u00e5nad blev sammantaget lite kyligare j\u00e4mf\u00f6rt mot normalt. M\u00e5nadens medeltemperatur blev +10,9 grader, och det \u00e4r 0,5 grader l\u00e4gre \u00e4n normalt. En dag med h\u00f6gsommarv\u00e4rme fick vi i alla fall. Jag gjorde ett diagram f\u00f6r temperaturavvikelserna dag f\u00f6r dag genom m\u00e5naden, och d\u00e4r ser vi att vi haft underskott i stort sett hela m\u00e5naden.<\/em><\/p>\n\n\n\n<figure class=\"wp-block-image size-large\"><img loading=\"lazy\" decoding=\"async\" width=\"1024\" height=\"409\" src=\"https:\/\/media1.jensgustafsson.se\/2025\/06\/image-1-1024x409.png\" alt=\"\" class=\"wp-image-36044\" srcset=\"https:\/\/media1.jensgustafsson.se\/2025\/06\/image-1-1024x409.png 1024w, https:\/\/media1.jensgustafsson.se\/2025\/06\/image-1-300x120.png 300w, https:\/\/media1.jensgustafsson.se\/2025\/06\/image-1-768x307.png 768w, https:\/\/media1.jensgustafsson.se\/2025\/06\/image-1-500x200.png 500w, https:\/\/media1.jensgustafsson.se\/2025\/06\/image-1.png 1105w\" sizes=\"auto, (max-width: 1024px) 100vw, 1024px\" \/><\/figure>\n\n\n\n<p class=\"has-medium-font-size\"><em>I diagrammet nedan ser vi maj m\u00e5nads medeltemperatur genom \u00e5ren 1991-2025. 2018 sticker ut rej\u00e4lt med sina+15,6 grader. Fjol\u00e5rets majm\u00e5nad var ocks\u00e5 varm, som vi ser, och hamnar p\u00e5 andra platsen efter 2018 i perioden som jag visar h\u00e4r.<\/em><\/p>\n\n\n\n<figure class=\"wp-block-image size-large\"><img loading=\"lazy\" decoding=\"async\" width=\"1024\" height=\"291\" src=\"https:\/\/media1.jensgustafsson.se\/2025\/06\/image-2-1024x291.png\" alt=\"\" class=\"wp-image-36046\" srcset=\"https:\/\/media1.jensgustafsson.se\/2025\/06\/image-2-1024x291.png 1024w, https:\/\/media1.jensgustafsson.se\/2025\/06\/image-2-300x85.png 300w, https:\/\/media1.jensgustafsson.se\/2025\/06\/image-2-768x218.png 768w, https:\/\/media1.jensgustafsson.se\/2025\/06\/image-2-1536x437.png 1536w, https:\/\/media1.jensgustafsson.se\/2025\/06\/image-2-2048x582.png 2048w, https:\/\/media1.jensgustafsson.se\/2025\/06\/image-2-500x142.png 500w\" sizes=\"auto, (max-width: 1024px) 100vw, 1024px\" \/><\/figure>\n\n\n\n<p class=\"has-medium-font-size\"><em>Nedan ser vi en sammanfattning av lite temperaturdata m.m. fr\u00e5n loggen p\u00e5 min v\u00e4derstation under maj 2025.<\/em><\/p>\n\n\n\n<p class=\"has-medium-font-size\"><strong>Temperatur (\u00b0C):<br \/>Medel (min+max): 10,9<br \/>Medelminimum: 5,0<br \/>Medelmaximum: 17,5<br \/>Minimum: -2,3 den 5 maj<br \/>Maximum: 25,5 den 20 maj<br \/>H\u00f6gsta minimum: 10,3 den 31 maj<br \/>L\u00e4gsta maximum: 9,8 den 4 maj<br \/>Frostdygn: 3 ( mintemp. under 0\u00b0)<br \/>Markfrost: 3 dygn (mintemp. \u00f6ver 0\u00b0, men frost p\u00e5 marken)<\/strong><\/p>\n\n\n\n<figure class=\"wp-block-image size-large\"><img loading=\"lazy\" decoding=\"async\" width=\"1024\" height=\"728\" src=\"https:\/\/media1.jensgustafsson.se\/2025\/06\/DSC_2851-1024x728.jpg\" alt=\"\" class=\"wp-image-36070\" srcset=\"https:\/\/media1.jensgustafsson.se\/2025\/06\/DSC_2851-1024x728.jpg 1024w, https:\/\/media1.jensgustafsson.se\/2025\/06\/DSC_2851-300x213.jpg 300w, https:\/\/media1.jensgustafsson.se\/2025\/06\/DSC_2851-768x546.jpg 768w, https:\/\/media1.jensgustafsson.se\/2025\/06\/DSC_2851-1536x1092.jpg 1536w, https:\/\/media1.jensgustafsson.se\/2025\/06\/DSC_2851-2048x1456.jpg 2048w, https:\/\/media1.jensgustafsson.se\/2025\/06\/DSC_2851-422x300.jpg 422w\" sizes=\"auto, (max-width: 1024px) 100vw, 1024px\" \/><figcaption class=\"wp-element-caption\"><strong><em>F\u00f6rg\u00e4tmigej den 3:e maj.<\/em><\/strong><\/figcaption><\/figure>\n\n\n\n<p class=\"has-large-font-size\"><em>Nederb\u00f6rden.<\/em><\/p>\n\n\n\n<figure class=\"wp-block-image size-large\"><img loading=\"lazy\" decoding=\"async\" width=\"1024\" height=\"497\" src=\"https:\/\/media1.jensgustafsson.se\/2025\/06\/image-3-1024x497.png\" alt=\"\" class=\"wp-image-36049\" srcset=\"https:\/\/media1.jensgustafsson.se\/2025\/06\/image-3-1024x497.png 1024w, https:\/\/media1.jensgustafsson.se\/2025\/06\/image-3-300x146.png 300w, https:\/\/media1.jensgustafsson.se\/2025\/06\/image-3-768x373.png 768w, https:\/\/media1.jensgustafsson.se\/2025\/06\/image-3-1536x746.png 1536w, https:\/\/media1.jensgustafsson.se\/2025\/06\/image-3-500x243.png 500w, https:\/\/media1.jensgustafsson.se\/2025\/06\/image-3.png 1561w\" sizes=\"auto, (max-width: 1024px) 100vw, 1024px\" \/><\/figure>\n\n\n\n<p class=\"has-medium-font-size\"><em>Regn har vi f\u00e5tt 43,5 millimeter, om vi ska vara petnoga, men jag avrundar det till 44 millimeter. Det motsvarar 96% av den normala regnm\u00e4ngden i maj. Vi f\u00e5r v\u00e4l vara tacksamma f\u00f6r att underskottet med regn inte blev s\u00e5 stort, som vi haft de f\u00f6reg\u00e5ende tre m\u00e5naderna. Faktum kvarst\u00e5r, att vi beh\u00f6ver rej\u00e4lt med regn fram\u00f6ver. I diagrammet nedan h\u00e4r ser vi hur regnm\u00e4ngderna varit i maj genom \u00e5ren 1991-2025.<\/em><\/p>\n\n\n\n<figure class=\"wp-block-image size-large\"><img loading=\"lazy\" decoding=\"async\" width=\"1024\" height=\"367\" src=\"https:\/\/media1.jensgustafsson.se\/2025\/06\/image-4-1024x367.png\" alt=\"\" class=\"wp-image-36050\" srcset=\"https:\/\/media1.jensgustafsson.se\/2025\/06\/image-4-1024x367.png 1024w, https:\/\/media1.jensgustafsson.se\/2025\/06\/image-4-300x107.png 300w, https:\/\/media1.jensgustafsson.se\/2025\/06\/image-4-768x275.png 768w, https:\/\/media1.jensgustafsson.se\/2025\/06\/image-4-1536x550.png 1536w, https:\/\/media1.jensgustafsson.se\/2025\/06\/image-4-2048x733.png 2048w, https:\/\/media1.jensgustafsson.se\/2025\/06\/image-4-500x179.png 500w\" sizes=\"auto, (max-width: 1024px) 100vw, 1024px\" \/><\/figure>\n\n\n\n<figure class=\"wp-block-image size-large\"><img loading=\"lazy\" decoding=\"async\" width=\"1024\" height=\"683\" src=\"https:\/\/media1.jensgustafsson.se\/2025\/06\/DSC_2970-1024x683.jpg\" alt=\"\" class=\"wp-image-36071\" srcset=\"https:\/\/media1.jensgustafsson.se\/2025\/06\/DSC_2970-1024x683.jpg 1024w, https:\/\/media1.jensgustafsson.se\/2025\/06\/DSC_2970-300x200.jpg 300w, https:\/\/media1.jensgustafsson.se\/2025\/06\/DSC_2970-768x512.jpg 768w, https:\/\/media1.jensgustafsson.se\/2025\/06\/DSC_2970-1536x1024.jpg 1536w, https:\/\/media1.jensgustafsson.se\/2025\/06\/DSC_2970-2048x1365.jpg 2048w, https:\/\/media1.jensgustafsson.se\/2025\/06\/DSC_2970-450x300.jpg 450w\" sizes=\"auto, (max-width: 1024px) 100vw, 1024px\" \/><figcaption class=\"wp-element-caption\"><strong><em>Dammen vid Forsaryd\/Blankastr\u00f6m den 9:e maj<\/em><\/strong><\/figcaption><\/figure>\n\n\n\n<p class=\"has-large-font-size\"><em>Vindriktningar.<\/em><\/p>\n\n\n\n<figure class=\"wp-block-image size-large\"><img loading=\"lazy\" decoding=\"async\" width=\"1024\" height=\"354\" src=\"https:\/\/media1.jensgustafsson.se\/2025\/06\/image-5-1024x354.png\" alt=\"\" class=\"wp-image-36051\" srcset=\"https:\/\/media1.jensgustafsson.se\/2025\/06\/image-5-1024x354.png 1024w, https:\/\/media1.jensgustafsson.se\/2025\/06\/image-5-300x104.png 300w, https:\/\/media1.jensgustafsson.se\/2025\/06\/image-5-768x266.png 768w, https:\/\/media1.jensgustafsson.se\/2025\/06\/image-5-1536x531.png 1536w, https:\/\/media1.jensgustafsson.se\/2025\/06\/image-5-500x173.png 500w, https:\/\/media1.jensgustafsson.se\/2025\/06\/image-5.png 1610w\" sizes=\"auto, (max-width: 1024px) 100vw, 1024px\" \/><\/figure>\n\n\n\n<p class=\"has-medium-font-size\"><em>Diagrammet ovanf\u00f6r visar vindriktningarna i maj. Den genomsnittliga maxvinden i m\u00e5naden blev 8 m\/s. Ganska m\u00e5nga bl\u00e5siga dagar, och vinden har mestadels upplevts kylig\/kall.<\/em><\/p>\n\n\n\n<figure class=\"wp-block-image size-large\"><img loading=\"lazy\" decoding=\"async\" width=\"1024\" height=\"755\" src=\"https:\/\/media1.jensgustafsson.se\/2025\/06\/DSC_3038-1024x755.jpg\" alt=\"\" class=\"wp-image-36072\" srcset=\"https:\/\/media1.jensgustafsson.se\/2025\/06\/DSC_3038-1024x755.jpg 1024w, https:\/\/media1.jensgustafsson.se\/2025\/06\/DSC_3038-300x221.jpg 300w, https:\/\/media1.jensgustafsson.se\/2025\/06\/DSC_3038-768x566.jpg 768w, https:\/\/media1.jensgustafsson.se\/2025\/06\/DSC_3038-1536x1133.jpg 1536w, https:\/\/media1.jensgustafsson.se\/2025\/06\/DSC_3038-2048x1510.jpg 2048w, https:\/\/media1.jensgustafsson.se\/2025\/06\/DSC_3038-407x300.jpg 407w\" sizes=\"auto, (max-width: 1024px) 100vw, 1024px\" \/><figcaption class=\"wp-element-caption\"><strong><em>Backsippor vid Gamlehult den 12:e maj.<\/em><\/strong><\/figcaption><\/figure>\n\n\n\n<p class=\"has-large-font-size\"><em>Lufttrycket.<\/em><\/p>\n\n\n\n<p class=\"has-medium-font-size\"><em>Diagrammet nedan visar det dagliga medelv\u00e4rdet p\u00e5 lufttrycket i maj<\/em>:<\/p>\n\n\n\n<figure class=\"wp-block-image size-large\"><img loading=\"lazy\" decoding=\"async\" width=\"1024\" height=\"408\" src=\"https:\/\/media1.jensgustafsson.se\/2025\/06\/image-6-1024x408.png\" alt=\"\" class=\"wp-image-36056\" srcset=\"https:\/\/media1.jensgustafsson.se\/2025\/06\/image-6-1024x408.png 1024w, https:\/\/media1.jensgustafsson.se\/2025\/06\/image-6-300x119.png 300w, https:\/\/media1.jensgustafsson.se\/2025\/06\/image-6-768x306.png 768w, https:\/\/media1.jensgustafsson.se\/2025\/06\/image-6-500x199.png 500w, https:\/\/media1.jensgustafsson.se\/2025\/06\/image-6.png 1525w\" sizes=\"auto, (max-width: 1024px) 100vw, 1024px\" \/><\/figure>\n\n\n\n<figure class=\"wp-block-image size-large\"><img loading=\"lazy\" decoding=\"async\" width=\"1024\" height=\"683\" src=\"https:\/\/media1.jensgustafsson.se\/2025\/06\/DSC_3143-1024x683.jpg\" alt=\"\" class=\"wp-image-36073\" srcset=\"https:\/\/media1.jensgustafsson.se\/2025\/06\/DSC_3143-1024x683.jpg 1024w, https:\/\/media1.jensgustafsson.se\/2025\/06\/DSC_3143-300x200.jpg 300w, https:\/\/media1.jensgustafsson.se\/2025\/06\/DSC_3143-768x512.jpg 768w, https:\/\/media1.jensgustafsson.se\/2025\/06\/DSC_3143-1536x1024.jpg 1536w, https:\/\/media1.jensgustafsson.se\/2025\/06\/DSC_3143-2048x1365.jpg 2048w, https:\/\/media1.jensgustafsson.se\/2025\/06\/DSC_3143-450x300.jpg 450w\" sizes=\"auto, (max-width: 1024px) 100vw, 1024px\" \/><figcaption class=\"wp-element-caption\"><strong><em>Vid Sadeshult den 20:e maj.<\/em><\/strong><\/figcaption><\/figure>\n\n\n\n<p class=\"has-medium-font-size\"><em>D\u00e5 tar vi en tillbakablick p\u00e5 v\u00e5ren (mars, april och maj) 2025. Medeltemperaturen f\u00f6r v\u00e5ren blev +8,1 grader, det \u00e4r 1,7 grader varmare j\u00e4mf\u00f6rt mot normalt. \u00c5rets v\u00e5r blev aningen kallare j\u00e4mf\u00f6rt mot fjol\u00e5rets. Om vi bryter ner v\u00e5ren i de tre m\u00e5naderna den best\u00e5r av s\u00e5 ser vi att i mars hade vi ett temperatur\u00f6verskott p\u00e5 2,8 grader, april blev temperatur\u00f6verskottet 2,6 grader och sist d\u00e5 maj som vi hade ett underskott p\u00e5 0,5 grader. I stapeldiagrammet nedan visar jag medeltemperaturen f\u00f6r v\u00e5rarna genom \u00e5ren 1991-2025.<\/em><\/p>\n\n\n\n<figure class=\"wp-block-image size-large\"><img loading=\"lazy\" decoding=\"async\" width=\"1024\" height=\"373\" src=\"https:\/\/media1.jensgustafsson.se\/2025\/06\/image-9-1024x373.png\" alt=\"\" class=\"wp-image-36063\" srcset=\"https:\/\/media1.jensgustafsson.se\/2025\/06\/image-9-1024x373.png 1024w, https:\/\/media1.jensgustafsson.se\/2025\/06\/image-9-300x109.png 300w, https:\/\/media1.jensgustafsson.se\/2025\/06\/image-9-768x279.png 768w, https:\/\/media1.jensgustafsson.se\/2025\/06\/image-9-1536x559.png 1536w, https:\/\/media1.jensgustafsson.se\/2025\/06\/image-9-500x182.png 500w, https:\/\/media1.jensgustafsson.se\/2025\/06\/image-9.png 1616w\" sizes=\"auto, (max-width: 1024px) 100vw, 1024px\" \/><\/figure>\n\n\n\n<p class=\"has-medium-font-size\"><em>D\u00e5 tar vi en titt p\u00e5 nederb\u00f6rden under v\u00e5ren. D\u00e4r har vi f\u00e5tt 57 millimeter, och det motsvarar 57% av den normala nederb\u00f6rdsm\u00e4ngden f\u00f6r \u00e5rstiden v\u00e5r. Vi bryter ner v\u00e5ren m\u00e5nadsvis, och ser att vi i mars fick 65% mindre nederb\u00f6rd mot normalt, april 86% mindre och s\u00e5 d\u00e5 maj d\u00e4r vi fick 4% mindre \u00e4n normalt. Jag visar i stapeldiagrammet nedan hur nederb\u00f6rdsm\u00e4ngderna sett ut i \u00e5rstiden v\u00e5r genom \u00e5ren 1991-2025.<\/em><\/p>\n\n\n\n<figure class=\"wp-block-image size-large\"><img loading=\"lazy\" decoding=\"async\" width=\"1024\" height=\"409\" src=\"https:\/\/media1.jensgustafsson.se\/2025\/06\/image-8-1024x409.png\" alt=\"\" class=\"wp-image-36061\" srcset=\"https:\/\/media1.jensgustafsson.se\/2025\/06\/image-8-1024x409.png 1024w, https:\/\/media1.jensgustafsson.se\/2025\/06\/image-8-300x120.png 300w, https:\/\/media1.jensgustafsson.se\/2025\/06\/image-8-768x307.png 768w, https:\/\/media1.jensgustafsson.se\/2025\/06\/image-8-500x200.png 500w, https:\/\/media1.jensgustafsson.se\/2025\/06\/image-8.png 1223w\" sizes=\"auto, (max-width: 1024px) 100vw, 1024px\" \/><\/figure>\n\n\n\n<figure class=\"wp-block-image size-large\"><img loading=\"lazy\" decoding=\"async\" width=\"1024\" height=\"745\" src=\"https:\/\/media1.jensgustafsson.se\/2025\/06\/DSC_3311-1024x745.jpg\" alt=\"\" class=\"wp-image-36075\" srcset=\"https:\/\/media1.jensgustafsson.se\/2025\/06\/DSC_3311-1024x745.jpg 1024w, https:\/\/media1.jensgustafsson.se\/2025\/06\/DSC_3311-300x218.jpg 300w, https:\/\/media1.jensgustafsson.se\/2025\/06\/DSC_3311-768x559.jpg 768w, https:\/\/media1.jensgustafsson.se\/2025\/06\/DSC_3311-1536x1118.jpg 1536w, https:\/\/media1.jensgustafsson.se\/2025\/06\/DSC_3311-2048x1491.jpg 2048w, https:\/\/media1.jensgustafsson.se\/2025\/06\/DSC_3311-412x300.jpg 412w\" sizes=\"auto, (max-width: 1024px) 100vw, 1024px\" \/><figcaption class=\"wp-element-caption\"><strong><em>I Lilla Klobo den 29:e maj.<\/em><\/strong><\/figcaption><\/figure>\n\n\n\n<p class=\"has-medium-font-size\"><em>Vi g\u00e5r in i f\u00f6rsta kalendariska sommarm\u00e5naden juni nu, och hur sommarv\u00e4dret blir, \u00e5terst\u00e5r att se. Det finns, som vanligt olika teorier, och inl\u00e4gg i media, hur det ska bli. Hur det blev hoppas jag att kunna sammanfatta n\u00e4r sommaren g\u00e5r \u00f6ver i h\u00f6st.<\/em><\/p>\n\n\n\n<figure class=\"wp-block-image size-large\"><img loading=\"lazy\" decoding=\"async\" width=\"1024\" height=\"599\" src=\"https:\/\/media1.jensgustafsson.se\/2025\/06\/Vader-1-1024x599.jpg\" alt=\"\" class=\"wp-image-36080\" srcset=\"https:\/\/media1.jensgustafsson.se\/2025\/06\/Vader-1-1024x599.jpg 1024w, https:\/\/media1.jensgustafsson.se\/2025\/06\/Vader-1-300x175.jpg 300w, https:\/\/media1.jensgustafsson.se\/2025\/06\/Vader-1-768x449.jpg 768w, https:\/\/media1.jensgustafsson.se\/2025\/06\/Vader-1-1536x899.jpg 1536w, https:\/\/media1.jensgustafsson.se\/2025\/06\/Vader-1-2048x1198.jpg 2048w, https:\/\/media1.jensgustafsson.se\/2025\/06\/Vader-1-500x292.jpg 500w\" sizes=\"auto, (max-width: 1024px) 100vw, 1024px\" \/><\/figure>\n\n\n\n<p><\/p>\n","protected":false},"excerpt":{"rendered":"<p>H\u00e4r kommer en sammanfattning av maj 2025. V\u00e4derdata f\u00f6r \u00e5rets majm\u00e5nad \u00e4r h\u00e4mtade fr\u00e5n min privata v\u00e4derstation h\u00e4r i F\u00e5gelfors. Statistiken som jag anv\u00e4nder och j\u00e4mf\u00f6r mot, \u00e4r h\u00e4mtad fr\u00e5n SMHI:s n\u00e4rmaste m\u00e4tstationer Blankastr\u00f6m, och Drageryd f\u00f6r \u00e5ren 1931-2012. Fr\u00e5n &hellip; <a href=\"https:\/\/jensgustafsson.se\/?page_id=36037\">Forts\u00e4tt l\u00e4sa <span class=\"meta-nav\">&rarr;<\/span><\/a><\/p>\n","protected":false},"author":1,"featured_media":36067,"parent":34875,"menu_order":5,"comment_status":"open","ping_status":"closed","template":"","meta":{"footnotes":""},"class_list":["post-36037","page","type-page","status-publish","has-post-thumbnail","hentry"],"_links":{"self":[{"href":"https:\/\/jensgustafsson.se\/index.php?rest_route=\/wp\/v2\/pages\/36037","targetHints":{"allow":["GET"]}}],"collection":[{"href":"https:\/\/jensgustafsson.se\/index.php?rest_route=\/wp\/v2\/pages"}],"about":[{"href":"https:\/\/jensgustafsson.se\/index.php?rest_route=\/wp\/v2\/types\/page"}],"author":[{"embeddable":true,"href":"https:\/\/jensgustafsson.se\/index.php?rest_route=\/wp\/v2\/users\/1"}],"replies":[{"embeddable":true,"href":"https:\/\/jensgustafsson.se\/index.php?rest_route=%2Fwp%2Fv2%2Fcomments&post=36037"}],"version-history":[{"count":21,"href":"https:\/\/jensgustafsson.se\/index.php?rest_route=\/wp\/v2\/pages\/36037\/revisions"}],"predecessor-version":[{"id":36083,"href":"https:\/\/jensgustafsson.se\/index.php?rest_route=\/wp\/v2\/pages\/36037\/revisions\/36083"}],"up":[{"embeddable":true,"href":"https:\/\/jensgustafsson.se\/index.php?rest_route=\/wp\/v2\/pages\/34875"}],"wp:featuredmedia":[{"embeddable":true,"href":"https:\/\/jensgustafsson.se\/index.php?rest_route=\/wp\/v2\/media\/36067"}],"wp:attachment":[{"href":"https:\/\/jensgustafsson.se\/index.php?rest_route=%2Fwp%2Fv2%2Fmedia&parent=36037"}],"curies":[{"name":"wp","href":"https:\/\/api.w.org\/{rel}","templated":true}]}}