{"id":36328,"date":"2025-07-02T04:28:16","date_gmt":"2025-07-02T03:28:16","guid":{"rendered":"https:\/\/jensgustafsson.se\/?page_id=36328"},"modified":"2025-07-02T04:28:16","modified_gmt":"2025-07-02T03:28:16","slug":"juni-2025","status":"publish","type":"page","link":"https:\/\/jensgustafsson.se\/?page_id=36328","title":{"rendered":"Juni 2025."},"content":{"rendered":"\n<p class=\"has-blue-color has-white-background-color has-text-color has-background has-link-color has-medium-font-size wp-elements-7216d42ad6fb3edd27aaf814db4f9ea1\"><em>H\u00e4r kommer en sammanfattning av juni 2025. V\u00e4derdata f\u00f6r \u00e5rets junim\u00e5nad \u00e4r h\u00e4mtade fr\u00e5n min privata v\u00e4derstation h\u00e4r i F\u00e5gelfors. Statistiken som jag anv\u00e4nder och j\u00e4mf\u00f6r mot, \u00e4r h\u00e4mtad fr\u00e5n SMHI:s n\u00e4rmaste m\u00e4tstationer Blankastr\u00f6m, och Drageryd f\u00f6r \u00e5ren 1931-2012. Fr\u00e5n 2013 och fram\u00e5t \u00e4r det min egna, privata v\u00e4derstation som levererar siffrorna. Nuvarande \u201dnormalperiod\u201d som anv\u00e4nds att j\u00e4mf\u00f6ra juni 2025 mot, \u00e4r \u00e5ren 1991-2020. D\u00e4r jag anv\u00e4nder ordet \u201dnormalt\u201d i texterna h\u00e4r, menas allts\u00e5 d\u00e5 medeltalen f\u00f6r referensperioden 1991-2020.<\/em><\/p>\n\n\n\n<figure class=\"wp-block-image size-large\"><img loading=\"lazy\" decoding=\"async\" width=\"1024\" height=\"683\" src=\"https:\/\/media1.jensgustafsson.se\/2025\/07\/DSC_3601-1024x683.jpg\" alt=\"\" class=\"wp-image-36353\" srcset=\"https:\/\/media1.jensgustafsson.se\/2025\/07\/DSC_3601-1024x683.jpg 1024w, https:\/\/media1.jensgustafsson.se\/2025\/07\/DSC_3601-300x200.jpg 300w, https:\/\/media1.jensgustafsson.se\/2025\/07\/DSC_3601-768x512.jpg 768w, https:\/\/media1.jensgustafsson.se\/2025\/07\/DSC_3601-1536x1024.jpg 1536w, https:\/\/media1.jensgustafsson.se\/2025\/07\/DSC_3601-2048x1365.jpg 2048w, https:\/\/media1.jensgustafsson.se\/2025\/07\/DSC_3601-450x300.jpg 450w\" sizes=\"auto, (max-width: 1024px) 100vw, 1024px\" \/><figcaption class=\"wp-element-caption\"><strong><em>Mindre guldvingefj\u00e4ril. 12 juni 2025.<\/em><\/strong><\/figcaption><\/figure>\n\n\n\n<figure class=\"wp-block-image size-large\"><img loading=\"lazy\" decoding=\"async\" width=\"1024\" height=\"463\" src=\"https:\/\/media1.jensgustafsson.se\/2025\/07\/image-1024x463.png\" alt=\"\" class=\"wp-image-36334\" srcset=\"https:\/\/media1.jensgustafsson.se\/2025\/07\/image-1024x463.png 1024w, https:\/\/media1.jensgustafsson.se\/2025\/07\/image-300x136.png 300w, https:\/\/media1.jensgustafsson.se\/2025\/07\/image-768x348.png 768w, https:\/\/media1.jensgustafsson.se\/2025\/07\/image-1536x695.png 1536w, https:\/\/media1.jensgustafsson.se\/2025\/07\/image-500x226.png 500w, https:\/\/media1.jensgustafsson.se\/2025\/07\/image.png 1843w\" sizes=\"auto, (max-width: 1024px) 100vw, 1024px\" \/><\/figure>\n\n\n\n<p class=\"has-black-color has-text-color has-link-color has-large-font-size wp-elements-9369fd73c74384d5d55c9bdec1fafd78\"><em>Temperaturen<\/em><\/p>\n\n\n\n<p class=\"has-medium-font-size\"><em>\u00c5rets junim\u00e5nad blev en aning varmare j\u00e4mf\u00f6rt mot normalt. +16,3 grader blev m\u00e5nadens medeltemperatur, och det \u00e4r 0,9 grader varmare j\u00e4mf\u00f6rt mot normalt. Diagrammet ovanf\u00f6r visar de dagliga min-och maxtemperaturerna, och sammanfattningsvis har det nog varit en ganska hyfsad f\u00f6rsta sommarm\u00e5nad temperaturm\u00e4ssigt. <\/em><\/p>\n\n\n\n<p class=\"has-medium-font-size\"><em>Nedanf\u00f6r h\u00e4r visar jag ett diagram \u00f6ver junim\u00e5nadens medeltemperatur genom \u00e5ren 1991-2025. D\u00e4r ser vi att \u00e5rets juni inte utm\u00e4rker sig som n\u00e5gon speciell i referensperioden.<\/em><\/p>\n\n\n\n<figure class=\"wp-block-image size-large\"><img loading=\"lazy\" decoding=\"async\" width=\"1024\" height=\"336\" src=\"https:\/\/media1.jensgustafsson.se\/2025\/07\/image-1-1024x336.png\" alt=\"\" class=\"wp-image-36335\" srcset=\"https:\/\/media1.jensgustafsson.se\/2025\/07\/image-1-1024x336.png 1024w, https:\/\/media1.jensgustafsson.se\/2025\/07\/image-1-300x98.png 300w, https:\/\/media1.jensgustafsson.se\/2025\/07\/image-1-768x252.png 768w, https:\/\/media1.jensgustafsson.se\/2025\/07\/image-1-1536x504.png 1536w, https:\/\/media1.jensgustafsson.se\/2025\/07\/image-1-2048x672.png 2048w, https:\/\/media1.jensgustafsson.se\/2025\/07\/image-1-500x164.png 500w\" sizes=\"auto, (max-width: 1024px) 100vw, 1024px\" \/><\/figure>\n\n\n\n<p class=\"has-medium-font-size\"><em>Nedan ser vi en sammanfattning av lite temperaturdata m.m. fr\u00e5n loggen p\u00e5 min v\u00e4derstation under juni 2025.<\/em><\/p>\n\n\n\n<p class=\"has-medium-font-size\">T<strong>emperatur (\u00b0C):<br \/>Medel (min+max): 16,3<br \/>Medelminimum: 10,4<br \/>Medelmaximum: 23,1<br \/>Minimum: 4,1 den 13 juni<br \/>Maximum: 31,1 den 15 juni<br \/>H\u00f6gsta minimum: 15,1 den 18 juni<br \/>L\u00e4gsta maximum: 16,1 den 10 juni<br \/>H\u00f6gsommardagar (maxtemp \u00f6ver +25\u00b0 C) 6 dagar<\/strong><\/p>\n\n\n\n<p class=\"has-medium-font-size\"><\/p>\n\n\n\n<figure class=\"wp-block-image size-large\"><img loading=\"lazy\" decoding=\"async\" width=\"977\" height=\"1024\" src=\"https:\/\/media1.jensgustafsson.se\/2025\/07\/DSC_3397-977x1024.jpg\" alt=\"\" class=\"wp-image-36355\" srcset=\"https:\/\/media1.jensgustafsson.se\/2025\/07\/DSC_3397-977x1024.jpg 977w, https:\/\/media1.jensgustafsson.se\/2025\/07\/DSC_3397-286x300.jpg 286w, https:\/\/media1.jensgustafsson.se\/2025\/07\/DSC_3397-768x805.jpg 768w, https:\/\/media1.jensgustafsson.se\/2025\/07\/DSC_3397-1465x1536.jpg 1465w, https:\/\/media1.jensgustafsson.se\/2025\/07\/DSC_3397-1953x2048.jpg 1953w\" sizes=\"auto, (max-width: 977px) 100vw, 977px\" \/><figcaption class=\"wp-element-caption\"><strong><em>Kaprifolen blommar. 3 juni 2025.<\/em><\/strong><\/figcaption><\/figure>\n\n\n\n<p class=\"has-large-font-size\"><em>Nederb\u00f6rden.<\/em><\/p>\n\n\n\n<figure class=\"wp-block-image size-large\"><img loading=\"lazy\" decoding=\"async\" width=\"1024\" height=\"537\" src=\"https:\/\/media1.jensgustafsson.se\/2025\/07\/image-3-1024x537.png\" alt=\"\" class=\"wp-image-36339\" srcset=\"https:\/\/media1.jensgustafsson.se\/2025\/07\/image-3-1024x537.png 1024w, https:\/\/media1.jensgustafsson.se\/2025\/07\/image-3-300x157.png 300w, https:\/\/media1.jensgustafsson.se\/2025\/07\/image-3-768x403.png 768w, https:\/\/media1.jensgustafsson.se\/2025\/07\/image-3-500x262.png 500w, https:\/\/media1.jensgustafsson.se\/2025\/07\/image-3.png 1485w\" sizes=\"auto, (max-width: 1024px) 100vw, 1024px\" \/><\/figure>\n\n\n\n<p class=\"has-medium-font-size\"><em>\u00c4nnu en m\u00e5nad med underskott av nederb\u00f6rd det h\u00e4r \u00e5ret. Vi har f\u00e5tt 48 millimeter regn, och det motsvarar 79% av den normala regnm\u00e4ngden f\u00f6r juni. Regnet har f\u00f6rdelats \u00f6ver 12 dygn, och vid tv\u00e5 tillf\u00e4llen har \u00e5ska varit inblandad.<\/em><\/p>\n\n\n\n<p class=\"has-medium-font-size\"><em>I stapeldiagrammet nedanf\u00f6r visar jag regnm\u00e4ngderna f\u00f6r juni genom \u00e5ren 1991-2025.<\/em><\/p>\n\n\n\n<figure class=\"wp-block-image size-large\"><img loading=\"lazy\" decoding=\"async\" width=\"1024\" height=\"369\" src=\"https:\/\/media1.jensgustafsson.se\/2025\/07\/image-2-1024x369.png\" alt=\"\" class=\"wp-image-36338\" srcset=\"https:\/\/media1.jensgustafsson.se\/2025\/07\/image-2-1024x369.png 1024w, https:\/\/media1.jensgustafsson.se\/2025\/07\/image-2-300x108.png 300w, https:\/\/media1.jensgustafsson.se\/2025\/07\/image-2-768x276.png 768w, https:\/\/media1.jensgustafsson.se\/2025\/07\/image-2-1536x553.png 1536w, https:\/\/media1.jensgustafsson.se\/2025\/07\/image-2-2048x737.png 2048w, https:\/\/media1.jensgustafsson.se\/2025\/07\/image-2-500x180.png 500w\" sizes=\"auto, (max-width: 1024px) 100vw, 1024px\" \/><\/figure>\n\n\n\n<figure class=\"wp-block-image size-large\"><img loading=\"lazy\" decoding=\"async\" width=\"1024\" height=\"683\" src=\"https:\/\/media1.jensgustafsson.se\/2025\/07\/DSC_3608-1024x683.jpg\" alt=\"\" class=\"wp-image-36357\" srcset=\"https:\/\/media1.jensgustafsson.se\/2025\/07\/DSC_3608-1024x683.jpg 1024w, https:\/\/media1.jensgustafsson.se\/2025\/07\/DSC_3608-300x200.jpg 300w, https:\/\/media1.jensgustafsson.se\/2025\/07\/DSC_3608-768x512.jpg 768w, https:\/\/media1.jensgustafsson.se\/2025\/07\/DSC_3608-1536x1024.jpg 1536w, https:\/\/media1.jensgustafsson.se\/2025\/07\/DSC_3608-2048x1365.jpg 2048w, https:\/\/media1.jensgustafsson.se\/2025\/07\/DSC_3608-450x300.jpg 450w\" sizes=\"auto, (max-width: 1024px) 100vw, 1024px\" \/><figcaption class=\"wp-element-caption\"><strong><em>Nyponros. 14 juni 2025.<\/em><\/strong><\/figcaption><\/figure>\n\n\n\n<p class=\"has-large-font-size\"><em>Vindriktningar.<\/em><\/p>\n\n\n\n<figure class=\"wp-block-image size-large\"><img loading=\"lazy\" decoding=\"async\" width=\"1024\" height=\"394\" src=\"https:\/\/media1.jensgustafsson.se\/2025\/07\/image-4-1024x394.png\" alt=\"\" class=\"wp-image-36340\" srcset=\"https:\/\/media1.jensgustafsson.se\/2025\/07\/image-4-1024x394.png 1024w, https:\/\/media1.jensgustafsson.se\/2025\/07\/image-4-300x115.png 300w, https:\/\/media1.jensgustafsson.se\/2025\/07\/image-4-768x295.png 768w, https:\/\/media1.jensgustafsson.se\/2025\/07\/image-4-500x192.png 500w, https:\/\/media1.jensgustafsson.se\/2025\/07\/image-4.png 1534w\" sizes=\"auto, (max-width: 1024px) 100vw, 1024px\" \/><\/figure>\n\n\n\n<p class=\"has-medium-font-size\"><em>Diagrammet ovanf\u00f6r visar vindriktningarna i juni. Den genomsnittliga maxvinden i m\u00e5naden blev 8,5 m\/s. Det som \u00e4r anm\u00e4rkningsv\u00e4rt \u00e4r, att det bl\u00e5st dygnet runt vid flera tillf\u00e4llen. Vi \u00e4r vana vid att det kan vara vindstilla p\u00e5 morgonen, och att vinden efter en bl\u00e5sig dag, avtagit mot kv\u00e4llen, men det verkar ha \u00e4ndrat sig. Vi har haft flera dagar med bl\u00e5st dygnet runt, och d\u00e4rtill har vinden upplevts sval ofta<\/em><\/p>\n\n\n\n<p class=\"has-large-font-size\"><em>Lufttrycket.<\/em><\/p>\n\n\n\n<p class=\"has-medium-font-size\"><em>Diagrammet nedan visar det dagliga medelv\u00e4rdet p\u00e5 lufttrycket i juni<\/em>:<\/p>\n\n\n\n<figure class=\"wp-block-image size-large\"><img loading=\"lazy\" decoding=\"async\" width=\"1024\" height=\"459\" src=\"https:\/\/media1.jensgustafsson.se\/2025\/07\/image-5-1024x459.png\" alt=\"\" class=\"wp-image-36341\" srcset=\"https:\/\/media1.jensgustafsson.se\/2025\/07\/image-5-1024x459.png 1024w, https:\/\/media1.jensgustafsson.se\/2025\/07\/image-5-300x134.png 300w, https:\/\/media1.jensgustafsson.se\/2025\/07\/image-5-768x344.png 768w, https:\/\/media1.jensgustafsson.se\/2025\/07\/image-5-500x224.png 500w, https:\/\/media1.jensgustafsson.se\/2025\/07\/image-5.png 1305w\" sizes=\"auto, (max-width: 1024px) 100vw, 1024px\" \/><\/figure>\n\n\n\n<figure class=\"wp-block-image size-large\"><img loading=\"lazy\" decoding=\"async\" width=\"1024\" height=\"764\" src=\"https:\/\/media1.jensgustafsson.se\/2025\/07\/DSC_3654-1024x764.jpg\" alt=\"\" class=\"wp-image-36359\" srcset=\"https:\/\/media1.jensgustafsson.se\/2025\/07\/DSC_3654-1024x764.jpg 1024w, https:\/\/media1.jensgustafsson.se\/2025\/07\/DSC_3654-300x224.jpg 300w, https:\/\/media1.jensgustafsson.se\/2025\/07\/DSC_3654-768x573.jpg 768w, https:\/\/media1.jensgustafsson.se\/2025\/07\/DSC_3654-1536x1146.jpg 1536w, https:\/\/media1.jensgustafsson.se\/2025\/07\/DSC_3654-2048x1528.jpg 2048w, https:\/\/media1.jensgustafsson.se\/2025\/07\/DSC_3654-402x300.jpg 402w\" sizes=\"auto, (max-width: 1024px) 100vw, 1024px\" \/><figcaption class=\"wp-element-caption\"><strong><em>Bl\u00e5klocka med en blomkrabbspindel inuti. 17 juni 2025.<\/em><\/strong><\/figcaption><\/figure>\n\n\n\n<p class=\"has-medium-font-size\"><em>D\u00e5 f\u00e5r vi se vad juli bjuder oss p\u00e5 detta \u00e5r. Den inleds med riktig h\u00f6gsommarv\u00e4rme ett par dagar ser det ut som just nu. Vi f\u00e5r h\u00e4nga med i v\u00e4dersv\u00e4ngarna, och se vad vi blir bjudna p\u00e5.<\/em><\/p>\n","protected":false},"excerpt":{"rendered":"<p>H\u00e4r kommer en sammanfattning av juni 2025. V\u00e4derdata f\u00f6r \u00e5rets junim\u00e5nad \u00e4r h\u00e4mtade fr\u00e5n min privata v\u00e4derstation h\u00e4r i F\u00e5gelfors. Statistiken som jag anv\u00e4nder och j\u00e4mf\u00f6r mot, \u00e4r h\u00e4mtad fr\u00e5n SMHI:s n\u00e4rmaste m\u00e4tstationer Blankastr\u00f6m, och Drageryd f\u00f6r \u00e5ren 1931-2012. Fr\u00e5n &hellip; <a href=\"https:\/\/jensgustafsson.se\/?page_id=36328\">Forts\u00e4tt l\u00e4sa <span class=\"meta-nav\">&rarr;<\/span><\/a><\/p>\n","protected":false},"author":1,"featured_media":36193,"parent":34875,"menu_order":6,"comment_status":"open","ping_status":"closed","template":"","meta":{"footnotes":""},"class_list":["post-36328","page","type-page","status-publish","has-post-thumbnail","hentry"],"_links":{"self":[{"href":"https:\/\/jensgustafsson.se\/index.php?rest_route=\/wp\/v2\/pages\/36328","targetHints":{"allow":["GET"]}}],"collection":[{"href":"https:\/\/jensgustafsson.se\/index.php?rest_route=\/wp\/v2\/pages"}],"about":[{"href":"https:\/\/jensgustafsson.se\/index.php?rest_route=\/wp\/v2\/types\/page"}],"author":[{"embeddable":true,"href":"https:\/\/jensgustafsson.se\/index.php?rest_route=\/wp\/v2\/users\/1"}],"replies":[{"embeddable":true,"href":"https:\/\/jensgustafsson.se\/index.php?rest_route=%2Fwp%2Fv2%2Fcomments&post=36328"}],"version-history":[{"count":15,"href":"https:\/\/jensgustafsson.se\/index.php?rest_route=\/wp\/v2\/pages\/36328\/revisions"}],"predecessor-version":[{"id":36361,"href":"https:\/\/jensgustafsson.se\/index.php?rest_route=\/wp\/v2\/pages\/36328\/revisions\/36361"}],"up":[{"embeddable":true,"href":"https:\/\/jensgustafsson.se\/index.php?rest_route=\/wp\/v2\/pages\/34875"}],"wp:featuredmedia":[{"embeddable":true,"href":"https:\/\/jensgustafsson.se\/index.php?rest_route=\/wp\/v2\/media\/36193"}],"wp:attachment":[{"href":"https:\/\/jensgustafsson.se\/index.php?rest_route=%2Fwp%2Fv2%2Fmedia&parent=36328"}],"curies":[{"name":"wp","href":"https:\/\/api.w.org\/{rel}","templated":true}]}}