{"id":36620,"date":"2025-08-02T08:32:26","date_gmt":"2025-08-02T07:32:26","guid":{"rendered":"https:\/\/jensgustafsson.se\/?page_id=36620"},"modified":"2025-09-01T09:38:29","modified_gmt":"2025-09-01T08:38:29","slug":"juli-2025","status":"publish","type":"page","link":"https:\/\/jensgustafsson.se\/?page_id=36620","title":{"rendered":"Juli 2025."},"content":{"rendered":"\n<p class=\"has-medium-font-size\"><em>H\u00e4r kommer en sammanfattning av juli 2025. V\u00e4derdata f\u00f6r \u00e5rets julim\u00e5nad \u00e4r h\u00e4mtade fr\u00e5n min privata v\u00e4derstation h\u00e4r i F\u00e5gelfors. Statistiken som jag anv\u00e4nder och j\u00e4mf\u00f6r mot, \u00e4r h\u00e4mtad fr\u00e5n SMHI:s n\u00e4rmaste m\u00e4tstationer Blankastr\u00f6m, och Drageryd f\u00f6r \u00e5ren 1931-2012. Fr\u00e5n 2013 och fram\u00e5t \u00e4r det min egna, privata v\u00e4derstation som levererar siffrorna. Nuvarande \u201dnormalperiod\u201d som anv\u00e4nds att j\u00e4mf\u00f6ra juli 2025 mot, \u00e4r \u00e5ren 1991-2020. D\u00e4r jag anv\u00e4nder ordet \u201dnormalt\u201d i texterna h\u00e4r, menas allts\u00e5 d\u00e5 medeltalen f\u00f6r referensperioden 1991-2020.<\/em><\/p>\n\n\n\n<figure class=\"wp-block-image size-large\"><img loading=\"lazy\" decoding=\"async\" width=\"1024\" height=\"683\" src=\"https:\/\/media1.jensgustafsson.se\/2025\/08\/DSC_3857-1024x683.jpg\" alt=\"\" class=\"wp-image-36643\" srcset=\"https:\/\/media1.jensgustafsson.se\/2025\/08\/DSC_3857-1024x683.jpg 1024w, https:\/\/media1.jensgustafsson.se\/2025\/08\/DSC_3857-300x200.jpg 300w, https:\/\/media1.jensgustafsson.se\/2025\/08\/DSC_3857-768x512.jpg 768w, https:\/\/media1.jensgustafsson.se\/2025\/08\/DSC_3857-1536x1024.jpg 1536w, https:\/\/media1.jensgustafsson.se\/2025\/08\/DSC_3857-2048x1365.jpg 2048w, https:\/\/media1.jensgustafsson.se\/2025\/08\/DSC_3857-450x300.jpg 450w\" sizes=\"auto, (max-width: 1024px) 100vw, 1024px\" \/><figcaption class=\"wp-element-caption\"><strong><em>Foto taget vid Farshult den 8 juli.<\/em><\/strong><\/figcaption><\/figure>\n\n\n\n<p class=\"has-large-font-size\"><em>Temperaturen:<\/em><\/p>\n\n\n\n<figure class=\"wp-block-image size-large\"><img loading=\"lazy\" decoding=\"async\" width=\"1024\" height=\"430\" src=\"https:\/\/media1.jensgustafsson.se\/2025\/08\/image-1-1024x430.png\" alt=\"\" class=\"wp-image-36630\" srcset=\"https:\/\/media1.jensgustafsson.se\/2025\/08\/image-1-1024x430.png 1024w, https:\/\/media1.jensgustafsson.se\/2025\/08\/image-1-300x126.png 300w, https:\/\/media1.jensgustafsson.se\/2025\/08\/image-1-768x322.png 768w, https:\/\/media1.jensgustafsson.se\/2025\/08\/image-1-1536x644.png 1536w, https:\/\/media1.jensgustafsson.se\/2025\/08\/image-1-500x210.png 500w, https:\/\/media1.jensgustafsson.se\/2025\/08\/image-1.png 1924w\" sizes=\"auto, (max-width: 1024px) 100vw, 1024px\" \/><\/figure>\n\n\n\n<p class=\"has-medium-font-size\"><\/p>\n\n\n\n<p class=\"has-medium-font-size\"><em>I \u00e5r fick vi en varm juli. M\u00e5nadens medeltemperatur blev +19,5 grader, och det \u00e4r 1,9 grader varmare j\u00e4mf\u00f6rt mot normalt. Vi har haft 20 dagar med h\u00f6gsommarv\u00e4rme, d.v.s. maxtemperatur \u00f6ver +25 grader. 2 dagar i b\u00f6rjan p\u00e5 m\u00e5naden hade vi, som ni ser i diagrammet ovan h\u00e4r, maxtemperaturer \u00f6ver 30 grader. Vi har haft 2 v\u00e4rmeb\u00f6ljor, vilket inneb\u00e4r minst 5 dagar p\u00e5 raken med en maxtemperatur \u00f6ver +25 grader. Den ena v\u00e4rmeb\u00f6ljan varade i 6 dagar, den andra i 8 dagar. Jag tittade tillbaka p\u00e5 perioden 2013 t.o.m. 2025, och gjorde ett diagram \u00f6ver antalet h\u00f6gsommardagar, och medeltemperatur i juli f\u00f6r respektive \u00e5r. Orange stapel \u00e4r antal h\u00f6gsommardagar, och bl\u00e5 \u00e4r medeltemperaturen. Vi ser att 2018 sticker ut ordentligt.<\/em><\/p>\n\n\n\n<figure class=\"wp-block-image size-large\"><img loading=\"lazy\" decoding=\"async\" width=\"1024\" height=\"423\" src=\"https:\/\/media1.jensgustafsson.se\/2025\/08\/image-2-1024x423.png\" alt=\"\" class=\"wp-image-36631\" srcset=\"https:\/\/media1.jensgustafsson.se\/2025\/08\/image-2-1024x423.png 1024w, https:\/\/media1.jensgustafsson.se\/2025\/08\/image-2-300x124.png 300w, https:\/\/media1.jensgustafsson.se\/2025\/08\/image-2-768x317.png 768w, https:\/\/media1.jensgustafsson.se\/2025\/08\/image-2-500x206.png 500w, https:\/\/media1.jensgustafsson.se\/2025\/08\/image-2.png 1458w\" sizes=\"auto, (max-width: 1024px) 100vw, 1024px\" \/><\/figure>\n\n\n\n<p class=\"has-medium-font-size\"><em>Nedanf\u00f6r h\u00e4r visar jag ett diagram \u00f6ver julim\u00e5nadens medeltemperatur genom \u00e5ren 1991-2025. D\u00e4r ser vi att \u00e5rets juli varit f\u00f6rh\u00e5llandevis varm, men inga rekord \u00e4r slagna.<\/em><\/p>\n\n\n\n<figure class=\"wp-block-image size-large\"><img loading=\"lazy\" decoding=\"async\" width=\"1024\" height=\"285\" src=\"https:\/\/media1.jensgustafsson.se\/2025\/08\/image-3-1024x285.png\" alt=\"\" class=\"wp-image-36632\" srcset=\"https:\/\/media1.jensgustafsson.se\/2025\/08\/image-3-1024x285.png 1024w, https:\/\/media1.jensgustafsson.se\/2025\/08\/image-3-300x84.png 300w, https:\/\/media1.jensgustafsson.se\/2025\/08\/image-3-768x214.png 768w, https:\/\/media1.jensgustafsson.se\/2025\/08\/image-3-1536x428.png 1536w, https:\/\/media1.jensgustafsson.se\/2025\/08\/image-3-2048x570.png 2048w, https:\/\/media1.jensgustafsson.se\/2025\/08\/image-3-500x139.png 500w\" sizes=\"auto, (max-width: 1024px) 100vw, 1024px\" \/><\/figure>\n\n\n\n<p class=\"has-medium-font-size\"><em>Nedan ser vi en sammanfattning av lite temperaturdata m.m. fr\u00e5n loggen p\u00e5 min v\u00e4derstation under juli 2025.<\/em><\/p>\n\n\n\n<p class=\"has-medium-font-size\"><strong><em>Temperatur (\u00b0C):<br \/>Medel (min+max): 19,5<br \/>Medelminimum: 13,7<br \/>Medelmaximum: 26,3<br \/>Minimum: 8,0 den 10 juli<br \/>Maximum: 32,9 den 2 juli<br \/>H\u00f6gsta minimum: 19,5 den 23 juli<br \/>L\u00e4gsta maximum: 17,5 den 11 juli<br \/>H\u00f6gsommardagar (maxtemp \u00f6ver +25\u00b0 C) 20 dagar<\/em><\/strong><\/p>\n\n\n\n<figure class=\"wp-block-image size-large\"><img loading=\"lazy\" decoding=\"async\" width=\"1024\" height=\"757\" src=\"https:\/\/media1.jensgustafsson.se\/2025\/08\/DSC_4008-1024x757.jpg\" alt=\"\" class=\"wp-image-36646\" srcset=\"https:\/\/media1.jensgustafsson.se\/2025\/08\/DSC_4008-1024x757.jpg 1024w, https:\/\/media1.jensgustafsson.se\/2025\/08\/DSC_4008-300x222.jpg 300w, https:\/\/media1.jensgustafsson.se\/2025\/08\/DSC_4008-768x568.jpg 768w, https:\/\/media1.jensgustafsson.se\/2025\/08\/DSC_4008-1536x1136.jpg 1536w, https:\/\/media1.jensgustafsson.se\/2025\/08\/DSC_4008-2048x1514.jpg 2048w, https:\/\/media1.jensgustafsson.se\/2025\/08\/DSC_4008-406x300.jpg 406w\" sizes=\"auto, (max-width: 1024px) 100vw, 1024px\" \/><figcaption class=\"wp-element-caption\"><strong><em>Foto taget i n\u00e4rheten av kyrkan i F\u00e5gelfors den 15 juli.<\/em><\/strong><\/figcaption><\/figure>\n\n\n\n<p class=\"has-large-font-size\"><em>Nederb\u00f6rden: <\/em><\/p>\n\n\n\n<figure class=\"wp-block-image size-large\"><img loading=\"lazy\" decoding=\"async\" width=\"1024\" height=\"477\" src=\"https:\/\/media1.jensgustafsson.se\/2025\/08\/image-4-1024x477.png\" alt=\"\" class=\"wp-image-36635\" srcset=\"https:\/\/media1.jensgustafsson.se\/2025\/08\/image-4-1024x477.png 1024w, https:\/\/media1.jensgustafsson.se\/2025\/08\/image-4-300x140.png 300w, https:\/\/media1.jensgustafsson.se\/2025\/08\/image-4-768x358.png 768w, https:\/\/media1.jensgustafsson.se\/2025\/08\/image-4-1536x716.png 1536w, https:\/\/media1.jensgustafsson.se\/2025\/08\/image-4-500x233.png 500w, https:\/\/media1.jensgustafsson.se\/2025\/08\/image-4.png 1627w\" sizes=\"auto, (max-width: 1024px) 100vw, 1024px\" \/><\/figure>\n\n\n\n<p class=\"has-medium-font-size\"><em>Regn har vi f\u00e5tt en hel del, tack och lov. 78 millimeter har jag registrerat h\u00e4r hos mig, och det motsvarar 105% av den normala regnm\u00e4ngden i juli. Jag har kollat p\u00e5 tv\u00e5 av SMHI:s n\u00e4rmaste m\u00e4tstationer h\u00e4r, Fagerhult och M\u00e5lilla hur mycket regn det kommit d\u00e4r. Fagerhult har rapporterat 120 millimeter, M\u00e5lilla 52 millimeter och h\u00e4r har jag allts\u00e5 f\u00e5tt 78 millimeter. \u00c5ska har h\u00f6rts p\u00e5 avst\u00e5nd h\u00e4r vid tv\u00e5 tillf\u00e4llen, men inte n\u00e4ra oss. \u00c5skan har troligtvis sitt finger med i spelet i de varierande regnm\u00e4ngderna runtomkring oss h\u00e4r.<\/em><\/p>\n\n\n\n<p class=\"has-medium-font-size\"><em>I stapeldiagrammet nedanf\u00f6r visar jag regnm\u00e4ngderna f\u00f6r juli genom \u00e5ren 1991-2025.<\/em><\/p>\n\n\n\n<figure class=\"wp-block-image size-large\"><img loading=\"lazy\" decoding=\"async\" width=\"1024\" height=\"344\" src=\"https:\/\/media1.jensgustafsson.se\/2025\/08\/image-5-1024x344.png\" alt=\"\" class=\"wp-image-36636\" srcset=\"https:\/\/media1.jensgustafsson.se\/2025\/08\/image-5-1024x344.png 1024w, https:\/\/media1.jensgustafsson.se\/2025\/08\/image-5-300x101.png 300w, https:\/\/media1.jensgustafsson.se\/2025\/08\/image-5-768x258.png 768w, https:\/\/media1.jensgustafsson.se\/2025\/08\/image-5-1536x516.png 1536w, https:\/\/media1.jensgustafsson.se\/2025\/08\/image-5-2048x688.png 2048w, https:\/\/media1.jensgustafsson.se\/2025\/08\/image-5-500x168.png 500w\" sizes=\"auto, (max-width: 1024px) 100vw, 1024px\" \/><\/figure>\n\n\n\n<figure class=\"wp-block-image size-large\"><img loading=\"lazy\" decoding=\"async\" width=\"1024\" height=\"683\" src=\"https:\/\/media1.jensgustafsson.se\/2025\/08\/DSC_3760-1024x683.jpg\" alt=\"\" class=\"wp-image-36647\" srcset=\"https:\/\/media1.jensgustafsson.se\/2025\/08\/DSC_3760-1024x683.jpg 1024w, https:\/\/media1.jensgustafsson.se\/2025\/08\/DSC_3760-300x200.jpg 300w, https:\/\/media1.jensgustafsson.se\/2025\/08\/DSC_3760-768x512.jpg 768w, https:\/\/media1.jensgustafsson.se\/2025\/08\/DSC_3760-1536x1024.jpg 1536w, https:\/\/media1.jensgustafsson.se\/2025\/08\/DSC_3760-2048x1365.jpg 2048w, https:\/\/media1.jensgustafsson.se\/2025\/08\/DSC_3760-450x300.jpg 450w\" sizes=\"auto, (max-width: 1024px) 100vw, 1024px\" \/><figcaption class=\"wp-element-caption\"><strong><em>Liam och jag p\u00e5 cykeltur i det fina sommarv\u00e4dret den 1 juli.<\/em><\/strong><\/figcaption><\/figure>\n\n\n\n<p class=\"has-large-font-size\"><em>Vindriktningar.<\/em><\/p>\n\n\n\n<figure class=\"wp-block-image size-large\"><img loading=\"lazy\" decoding=\"async\" width=\"1024\" height=\"340\" src=\"https:\/\/media1.jensgustafsson.se\/2025\/08\/image-6-1024x340.png\" alt=\"\" class=\"wp-image-36638\" srcset=\"https:\/\/media1.jensgustafsson.se\/2025\/08\/image-6-1024x340.png 1024w, https:\/\/media1.jensgustafsson.se\/2025\/08\/image-6-300x100.png 300w, https:\/\/media1.jensgustafsson.se\/2025\/08\/image-6-768x255.png 768w, https:\/\/media1.jensgustafsson.se\/2025\/08\/image-6-1536x510.png 1536w, https:\/\/media1.jensgustafsson.se\/2025\/08\/image-6-500x166.png 500w, https:\/\/media1.jensgustafsson.se\/2025\/08\/image-6.png 1676w\" sizes=\"auto, (max-width: 1024px) 100vw, 1024px\" \/><\/figure>\n\n\n\n<p class=\"has-medium-font-size\"><em>Diagrammet ovanf\u00f6r visar vindriktningarna i juli. Den genomsnittliga maxvinden i m\u00e5naden blev 6,2 m\/s. Denna m\u00e5nad har varit betydligt mindre bl\u00e5sig \u00e4n junim\u00e5naden.<\/em><\/p>\n\n\n\n<figure class=\"wp-block-image size-large\"><img loading=\"lazy\" decoding=\"async\" width=\"1024\" height=\"740\" src=\"https:\/\/media1.jensgustafsson.se\/2025\/08\/DSC_4088-1024x740.jpg\" alt=\"\" class=\"wp-image-36648\" srcset=\"https:\/\/media1.jensgustafsson.se\/2025\/08\/DSC_4088-1024x740.jpg 1024w, https:\/\/media1.jensgustafsson.se\/2025\/08\/DSC_4088-300x217.jpg 300w, https:\/\/media1.jensgustafsson.se\/2025\/08\/DSC_4088-768x555.jpg 768w, https:\/\/media1.jensgustafsson.se\/2025\/08\/DSC_4088-1536x1110.jpg 1536w, https:\/\/media1.jensgustafsson.se\/2025\/08\/DSC_4088-2048x1479.jpg 2048w, https:\/\/media1.jensgustafsson.se\/2025\/08\/DSC_4088-415x300.jpg 415w\" sizes=\"auto, (max-width: 1024px) 100vw, 1024px\" \/><figcaption class=\"wp-element-caption\"><strong><em>Bastardsv\u00e4rmare, fotade den 20 juli.<\/em><\/strong><\/figcaption><\/figure>\n\n\n\n<p class=\"has-large-font-size\"><em>Lufttrycket.<\/em><\/p>\n\n\n\n<p class=\"has-medium-font-size\"><em>Diagrammet nedan visar det dagliga medelv\u00e4rdet p\u00e5 lufttrycket i juli<\/em>:<\/p>\n\n\n\n<figure class=\"wp-block-image size-large\"><img loading=\"lazy\" decoding=\"async\" width=\"1024\" height=\"390\" src=\"https:\/\/media1.jensgustafsson.se\/2025\/08\/image-7-1024x390.png\" alt=\"\" class=\"wp-image-36640\" srcset=\"https:\/\/media1.jensgustafsson.se\/2025\/08\/image-7-1024x390.png 1024w, https:\/\/media1.jensgustafsson.se\/2025\/08\/image-7-300x114.png 300w, https:\/\/media1.jensgustafsson.se\/2025\/08\/image-7-768x293.png 768w, https:\/\/media1.jensgustafsson.se\/2025\/08\/image-7-500x191.png 500w, https:\/\/media1.jensgustafsson.se\/2025\/08\/image-7.png 1511w\" sizes=\"auto, (max-width: 1024px) 100vw, 1024px\" \/><\/figure>\n\n\n\n<figure class=\"wp-block-image size-large\"><img loading=\"lazy\" decoding=\"async\" width=\"1024\" height=\"683\" src=\"https:\/\/media1.jensgustafsson.se\/2025\/08\/DSC_4287-1024x683.jpg\" alt=\"\" class=\"wp-image-36649\" srcset=\"https:\/\/media1.jensgustafsson.se\/2025\/08\/DSC_4287-1024x683.jpg 1024w, https:\/\/media1.jensgustafsson.se\/2025\/08\/DSC_4287-300x200.jpg 300w, https:\/\/media1.jensgustafsson.se\/2025\/08\/DSC_4287-768x512.jpg 768w, https:\/\/media1.jensgustafsson.se\/2025\/08\/DSC_4287-1536x1024.jpg 1536w, https:\/\/media1.jensgustafsson.se\/2025\/08\/DSC_4287-2048x1365.jpg 2048w, https:\/\/media1.jensgustafsson.se\/2025\/08\/DSC_4287-450x300.jpg 450w\" sizes=\"auto, (max-width: 1024px) 100vw, 1024px\" \/><figcaption class=\"wp-element-caption\"><strong><em>Liam och Oliwer vid \u00d6vrasj\u00f6badet 30 juli.<\/em><\/strong><\/figcaption><\/figure>\n\n\n\n<p class=\"has-medium-font-size\"><em>Min personliga reflektion \u00f6ver v\u00e4dret i juli sammanfattar jag s\u00e5h\u00e4r: Lite varierat v\u00e4der med v\u00e4lbeh\u00f6vligt regn d\u00e5 och d\u00e5. En sk\u00f6n v\u00e4rme, som inte varit allt f\u00f6r intensiv, utan hanterbar. Juli 2025 anses vara helt v\u00e4derm\u00e4ssigt okej, f\u00f6r mig h\u00e4r i F\u00e5gelfors.<\/em><\/p>\n\n\n\n<p><\/p>\n","protected":false},"excerpt":{"rendered":"<p>H\u00e4r kommer en sammanfattning av juli 2025. V\u00e4derdata f\u00f6r \u00e5rets julim\u00e5nad \u00e4r h\u00e4mtade fr\u00e5n min privata v\u00e4derstation h\u00e4r i F\u00e5gelfors. Statistiken som jag anv\u00e4nder och j\u00e4mf\u00f6r mot, \u00e4r h\u00e4mtad fr\u00e5n SMHI:s n\u00e4rmaste m\u00e4tstationer Blankastr\u00f6m, och Drageryd f\u00f6r \u00e5ren 1931-2012. Fr\u00e5n &hellip; <a href=\"https:\/\/jensgustafsson.se\/?page_id=36620\">Forts\u00e4tt l\u00e4sa <span class=\"meta-nav\">&rarr;<\/span><\/a><\/p>\n","protected":false},"author":1,"featured_media":36623,"parent":34875,"menu_order":7,"comment_status":"open","ping_status":"closed","template":"","meta":{"footnotes":""},"class_list":["post-36620","page","type-page","status-publish","has-post-thumbnail","hentry"],"_links":{"self":[{"href":"https:\/\/jensgustafsson.se\/index.php?rest_route=\/wp\/v2\/pages\/36620","targetHints":{"allow":["GET"]}}],"collection":[{"href":"https:\/\/jensgustafsson.se\/index.php?rest_route=\/wp\/v2\/pages"}],"about":[{"href":"https:\/\/jensgustafsson.se\/index.php?rest_route=\/wp\/v2\/types\/page"}],"author":[{"embeddable":true,"href":"https:\/\/jensgustafsson.se\/index.php?rest_route=\/wp\/v2\/users\/1"}],"replies":[{"embeddable":true,"href":"https:\/\/jensgustafsson.se\/index.php?rest_route=%2Fwp%2Fv2%2Fcomments&post=36620"}],"version-history":[{"count":15,"href":"https:\/\/jensgustafsson.se\/index.php?rest_route=\/wp\/v2\/pages\/36620\/revisions"}],"predecessor-version":[{"id":36920,"href":"https:\/\/jensgustafsson.se\/index.php?rest_route=\/wp\/v2\/pages\/36620\/revisions\/36920"}],"up":[{"embeddable":true,"href":"https:\/\/jensgustafsson.se\/index.php?rest_route=\/wp\/v2\/pages\/34875"}],"wp:featuredmedia":[{"embeddable":true,"href":"https:\/\/jensgustafsson.se\/index.php?rest_route=\/wp\/v2\/media\/36623"}],"wp:attachment":[{"href":"https:\/\/jensgustafsson.se\/index.php?rest_route=%2Fwp%2Fv2%2Fmedia&parent=36620"}],"curies":[{"name":"wp","href":"https:\/\/api.w.org\/{rel}","templated":true}]}}