{"id":36899,"date":"2025-09-01T08:21:30","date_gmt":"2025-09-01T07:21:30","guid":{"rendered":"https:\/\/jensgustafsson.se\/?page_id=36899"},"modified":"2025-09-01T08:21:30","modified_gmt":"2025-09-01T07:21:30","slug":"augusti-2025","status":"publish","type":"page","link":"https:\/\/jensgustafsson.se\/?page_id=36899","title":{"rendered":"Augusti 2025."},"content":{"rendered":"\n<p class=\"has-medium-font-size\"><em>H\u00e4r kommer en sammanfattning av augusti 2025. V\u00e4derdata f\u00f6r \u00e5rets augustim\u00e5nad \u00e4r h\u00e4mtade fr\u00e5n min privata v\u00e4derstation h\u00e4r i F\u00e5gelfors. Statistiken som jag anv\u00e4nder och j\u00e4mf\u00f6r mot, \u00e4r h\u00e4mtad fr\u00e5n SMHI:s n\u00e4rmaste m\u00e4tstationer Blankastr\u00f6m, och Drageryd f\u00f6r \u00e5ren 1931-2012. Fr\u00e5n 2013 och fram\u00e5t \u00e4r det min egna, privata v\u00e4derstation som levererar siffrorna. Nuvarande \u201dnormalperiod\u201d som anv\u00e4nds att j\u00e4mf\u00f6ra augusti 2025 mot, \u00e4r \u00e5ren 1991-2020. D\u00e4r jag anv\u00e4nder ordet \u201dnormalt\u201d i texterna h\u00e4r, menas allts\u00e5 d\u00e5 medeltalen f\u00f6r referensperioden 1991-2020.<\/em><\/p>\n\n\n\n<figure class=\"wp-block-image size-large\"><img loading=\"lazy\" decoding=\"async\" width=\"1024\" height=\"683\" src=\"https:\/\/media1.jensgustafsson.se\/2025\/09\/DSC_4390-1024x683.jpg\" alt=\"\" class=\"wp-image-36913\" srcset=\"https:\/\/media1.jensgustafsson.se\/2025\/09\/DSC_4390-1024x683.jpg 1024w, https:\/\/media1.jensgustafsson.se\/2025\/09\/DSC_4390-300x200.jpg 300w, https:\/\/media1.jensgustafsson.se\/2025\/09\/DSC_4390-768x512.jpg 768w, https:\/\/media1.jensgustafsson.se\/2025\/09\/DSC_4390-1536x1024.jpg 1536w, https:\/\/media1.jensgustafsson.se\/2025\/09\/DSC_4390-2048x1365.jpg 2048w, https:\/\/media1.jensgustafsson.se\/2025\/09\/DSC_4390-450x300.jpg 450w\" sizes=\"auto, (max-width: 1024px) 100vw, 1024px\" \/><figcaption class=\"wp-element-caption\"><strong><em>I gr\u00e4smattan hemma p\u00e5 Kyrkogatan  2 augusti.<\/em><\/strong><\/figcaption><\/figure>\n\n\n\n<p class=\"has-large-font-size\"><em>Temperaturen:<\/em><\/p>\n\n\n\n<figure class=\"wp-block-image size-large\"><img loading=\"lazy\" decoding=\"async\" width=\"1024\" height=\"430\" src=\"https:\/\/media1.jensgustafsson.se\/2025\/09\/image-1024x430.png\" alt=\"\" class=\"wp-image-36902\" srcset=\"https:\/\/media1.jensgustafsson.se\/2025\/09\/image-1024x430.png 1024w, https:\/\/media1.jensgustafsson.se\/2025\/09\/image-300x126.png 300w, https:\/\/media1.jensgustafsson.se\/2025\/09\/image-768x322.png 768w, https:\/\/media1.jensgustafsson.se\/2025\/09\/image-1536x644.png 1536w, https:\/\/media1.jensgustafsson.se\/2025\/09\/image-500x210.png 500w, https:\/\/media1.jensgustafsson.se\/2025\/09\/image.png 1924w\" sizes=\"auto, (max-width: 1024px) 100vw, 1024px\" \/><\/figure>\n\n\n\n<p class=\"has-medium-font-size\"><em>Augusti i \u00e5r blev en normalvarm m\u00e5nad. +16,7 grader blev medeltemperaturen, och det \u00e4r 0,1 grader varmare j\u00e4mf\u00f6rt mot normalt. Vi f\u00e5r g\u00e5 tillbaka till 2021, f\u00f6r att hitta en liknande augusti. De tre senaste \u00e5ren har augusti varit varmare \u00e4n normalt. Nedanf\u00f6r l\u00e4gger jag in stapeldiagrammet med augustim\u00e5nadens medeltemperatur f\u00f6r \u00e5ren 1991-2025, s\u00e5 blir det l\u00e4tt \u00f6versk\u00e5dligt med variationerna genom \u00e5ren.<\/em><\/p>\n\n\n\n<figure class=\"wp-block-image size-large\"><img loading=\"lazy\" decoding=\"async\" width=\"1024\" height=\"365\" src=\"https:\/\/media1.jensgustafsson.se\/2025\/09\/image-2-1024x365.png\" alt=\"\" class=\"wp-image-36904\" srcset=\"https:\/\/media1.jensgustafsson.se\/2025\/09\/image-2-1024x365.png 1024w, https:\/\/media1.jensgustafsson.se\/2025\/09\/image-2-300x107.png 300w, https:\/\/media1.jensgustafsson.se\/2025\/09\/image-2-768x274.png 768w, https:\/\/media1.jensgustafsson.se\/2025\/09\/image-2-1536x547.png 1536w, https:\/\/media1.jensgustafsson.se\/2025\/09\/image-2-2048x730.png 2048w, https:\/\/media1.jensgustafsson.se\/2025\/09\/image-2-500x178.png 500w\" sizes=\"auto, (max-width: 1024px) 100vw, 1024px\" \/><\/figure>\n\n\n\n<p class=\"has-medium-font-size\"><em>Vi fick m\u00e5nga varma dagar under m\u00e5naden, 6 dagar med h\u00f6gsommarv\u00e4rme (\u00f6ver +25 grader). 27 dagar med maxtemperatur \u00f6ver +20 grader, allts\u00e5 bara 4 dagar som inte temperaturen \u00f6versteg +20 grader. Det som dragit ner medeltemperaturen \u00e4r de lite kyliga n\u00e4tterna vi haft. 13 dygn har minimumtemperaturen g\u00e5tt under +10 grader.<\/em><\/p>\n\n\n\n<p class=\"has-medium-font-size\"><em>Nedan ser vi en sammanfattning av lite temperaturdata m.m. fr\u00e5n loggen p\u00e5 min v\u00e4derstation under augusti 2025.<\/em><\/p>\n\n\n\n<p class=\"has-medium-font-size\"><strong><em>Temperatur (\u00b0C):<br \/>Medel (min+max): 16,7<br \/>Medelminimum: 10,4<br \/>Medelmaximum: 23,9<br \/>Minimum: 3,6 den 26 augusti<br \/>Maximum: 31,3 den 15 augusti<br \/>H\u00f6gsta minimum: 16,1 den 30 augusti<br \/>L\u00e4gsta maximum: 17,4 den 23 augusti<br \/>Frostdygn: ( mintemp. under 0\u00b0): 0<br \/>Markfrost: dygn (mintemp. \u00f6ver 0\u00b0, men frost p\u00e5 marken): 0<\/em><\/strong><\/p>\n\n\n\n<figure class=\"wp-block-image size-large\"><img loading=\"lazy\" decoding=\"async\" width=\"1024\" height=\"727\" src=\"https:\/\/media1.jensgustafsson.se\/2025\/09\/DSC_4569-1024x727.jpg\" alt=\"\" class=\"wp-image-36914\" srcset=\"https:\/\/media1.jensgustafsson.se\/2025\/09\/DSC_4569-1024x727.jpg 1024w, https:\/\/media1.jensgustafsson.se\/2025\/09\/DSC_4569-300x213.jpg 300w, https:\/\/media1.jensgustafsson.se\/2025\/09\/DSC_4569-768x545.jpg 768w, https:\/\/media1.jensgustafsson.se\/2025\/09\/DSC_4569-1536x1091.jpg 1536w, https:\/\/media1.jensgustafsson.se\/2025\/09\/DSC_4569-2048x1454.jpg 2048w, https:\/\/media1.jensgustafsson.se\/2025\/09\/DSC_4569-423x300.jpg 423w\" sizes=\"auto, (max-width: 1024px) 100vw, 1024px\" \/><figcaption class=\"wp-element-caption\"><strong><em>P\u00e5f\u00e5gel\u00f6ga, 17 augusti.<\/em><\/strong><\/figcaption><\/figure>\n\n\n\n<p class=\"has-large-font-size\"><em>Nederb\u00f6rden:<\/em><\/p>\n\n\n\n<figure class=\"wp-block-image size-large\"><img loading=\"lazy\" decoding=\"async\" width=\"1024\" height=\"497\" src=\"https:\/\/media1.jensgustafsson.se\/2025\/09\/image-3-1024x497.png\" alt=\"\" class=\"wp-image-36906\" srcset=\"https:\/\/media1.jensgustafsson.se\/2025\/09\/image-3-1024x497.png 1024w, https:\/\/media1.jensgustafsson.se\/2025\/09\/image-3-300x146.png 300w, https:\/\/media1.jensgustafsson.se\/2025\/09\/image-3-768x373.png 768w, https:\/\/media1.jensgustafsson.se\/2025\/09\/image-3-1536x746.png 1536w, https:\/\/media1.jensgustafsson.se\/2025\/09\/image-3-500x243.png 500w, https:\/\/media1.jensgustafsson.se\/2025\/09\/image-3.png 1561w\" sizes=\"auto, (max-width: 1024px) 100vw, 1024px\" \/><\/figure>\n\n\n\n<p class=\"has-medium-font-size\"><em>En mycket torr m\u00e5nad blev det. 17 millimeter har vi f\u00e5tt, och det motsvarar bara 27% av den normala regnm\u00e4ngden i augusti. \u00c5ska har h\u00f6rts p\u00e5 avst\u00e5nd vid 2 tillf\u00e4llen. Diagrammet nedan visar regnm\u00e4ngderna i augusti genom \u00e5ren 1991-2025.<\/em><\/p>\n\n\n\n<figure class=\"wp-block-image size-large\"><img loading=\"lazy\" decoding=\"async\" width=\"1024\" height=\"377\" src=\"https:\/\/media1.jensgustafsson.se\/2025\/09\/image-4-1024x377.png\" alt=\"\" class=\"wp-image-36907\" srcset=\"https:\/\/media1.jensgustafsson.se\/2025\/09\/image-4-1024x377.png 1024w, https:\/\/media1.jensgustafsson.se\/2025\/09\/image-4-300x111.png 300w, https:\/\/media1.jensgustafsson.se\/2025\/09\/image-4-768x283.png 768w, https:\/\/media1.jensgustafsson.se\/2025\/09\/image-4-1536x566.png 1536w, https:\/\/media1.jensgustafsson.se\/2025\/09\/image-4-2048x755.png 2048w, https:\/\/media1.jensgustafsson.se\/2025\/09\/image-4-500x184.png 500w\" sizes=\"auto, (max-width: 1024px) 100vw, 1024px\" \/><\/figure>\n\n\n\n<figure class=\"wp-block-image size-large\"><img loading=\"lazy\" decoding=\"async\" width=\"1024\" height=\"683\" src=\"https:\/\/media1.jensgustafsson.se\/2025\/09\/DSC_4456-1024x683.jpg\" alt=\"\" class=\"wp-image-36915\" srcset=\"https:\/\/media1.jensgustafsson.se\/2025\/09\/DSC_4456-1024x683.jpg 1024w, https:\/\/media1.jensgustafsson.se\/2025\/09\/DSC_4456-300x200.jpg 300w, https:\/\/media1.jensgustafsson.se\/2025\/09\/DSC_4456-768x512.jpg 768w, https:\/\/media1.jensgustafsson.se\/2025\/09\/DSC_4456-1536x1024.jpg 1536w, https:\/\/media1.jensgustafsson.se\/2025\/09\/DSC_4456-2048x1365.jpg 2048w, https:\/\/media1.jensgustafsson.se\/2025\/09\/DSC_4456-450x300.jpg 450w\" sizes=\"auto, (max-width: 1024px) 100vw, 1024px\" \/><figcaption class=\"wp-element-caption\"><strong><em>Vit bl\u00e5klocka, 8 augusti.<\/em><\/strong><\/figcaption><\/figure>\n\n\n\n<p class=\"has-large-font-size\"><em>Vindriktningar.<\/em><\/p>\n\n\n\n<figure class=\"wp-block-image size-large\"><img loading=\"lazy\" decoding=\"async\" width=\"1024\" height=\"354\" src=\"https:\/\/media1.jensgustafsson.se\/2025\/09\/image-5-1024x354.png\" alt=\"\" class=\"wp-image-36908\" srcset=\"https:\/\/media1.jensgustafsson.se\/2025\/09\/image-5-1024x354.png 1024w, https:\/\/media1.jensgustafsson.se\/2025\/09\/image-5-300x104.png 300w, https:\/\/media1.jensgustafsson.se\/2025\/09\/image-5-768x266.png 768w, https:\/\/media1.jensgustafsson.se\/2025\/09\/image-5-1536x531.png 1536w, https:\/\/media1.jensgustafsson.se\/2025\/09\/image-5-500x173.png 500w, https:\/\/media1.jensgustafsson.se\/2025\/09\/image-5.png 1610w\" sizes=\"auto, (max-width: 1024px) 100vw, 1024px\" \/><\/figure>\n\n\n\n<p class=\"has-medium-font-size\"><em>Diagrammet ovanf\u00f6r visar vindriktningarna i augusti. Den genomsnittliga maxvinden i m\u00e5naden blev 6,5 m\/s. Lite mera vind j\u00e4mf\u00f6rt mot julim\u00e5naden, men de sista dagarna i m\u00e5naden blev vindsvaga.<\/em><\/p>\n\n\n\n<figure class=\"wp-block-image size-large\"><img loading=\"lazy\" decoding=\"async\" width=\"1024\" height=\"683\" src=\"https:\/\/media1.jensgustafsson.se\/2025\/09\/DSC_4870-1024x683.jpg\" alt=\"\" class=\"wp-image-36916\" srcset=\"https:\/\/media1.jensgustafsson.se\/2025\/09\/DSC_4870-1024x683.jpg 1024w, https:\/\/media1.jensgustafsson.se\/2025\/09\/DSC_4870-300x200.jpg 300w, https:\/\/media1.jensgustafsson.se\/2025\/09\/DSC_4870-768x512.jpg 768w, https:\/\/media1.jensgustafsson.se\/2025\/09\/DSC_4870-1536x1024.jpg 1536w, https:\/\/media1.jensgustafsson.se\/2025\/09\/DSC_4870-2048x1365.jpg 2048w, https:\/\/media1.jensgustafsson.se\/2025\/09\/DSC_4870-450x300.jpg 450w\" sizes=\"auto, (max-width: 1024px) 100vw, 1024px\" \/><figcaption class=\"wp-element-caption\"><strong><em>Gall\u00e4pplen p\u00e5 ekblad, 29 augusti.<\/em><\/strong><\/figcaption><\/figure>\n\n\n\n<p class=\"has-medium-font-size\"><em>Nu g\u00e5r vi in i f\u00f6rsta h\u00f6stm\u00e5naden, och som jag skrivit tidigare i mina sammanfattningar, regn \u00e4r n\u00f6dv\u00e4ndigt nu. Grundvattnet \u00e4r l\u00e5gt, och fl\u00f6dena i vattendragen \u00e4r l\u00e5ga. Vi f\u00e5r hoppas p\u00e5 det b\u00e4sta.<\/em><\/p>\n\n\n\n<p class=\"has-medium-font-size\"><em>Sommaren 2025 \u00e4r ju allts\u00e5 slut, och jag t\u00e4nker summera den i ett s\u00e4rskilt inl\u00e4gg senare.<\/em><\/p>\n","protected":false},"excerpt":{"rendered":"<p>H\u00e4r kommer en sammanfattning av augusti 2025. V\u00e4derdata f\u00f6r \u00e5rets augustim\u00e5nad \u00e4r h\u00e4mtade fr\u00e5n min privata v\u00e4derstation h\u00e4r i F\u00e5gelfors. Statistiken som jag anv\u00e4nder och j\u00e4mf\u00f6r mot, \u00e4r h\u00e4mtad fr\u00e5n SMHI:s n\u00e4rmaste m\u00e4tstationer Blankastr\u00f6m, och Drageryd f\u00f6r \u00e5ren 1931-2012. Fr\u00e5n &hellip; <a href=\"https:\/\/jensgustafsson.se\/?page_id=36899\">Forts\u00e4tt l\u00e4sa <span class=\"meta-nav\">&rarr;<\/span><\/a><\/p>\n","protected":false},"author":1,"featured_media":36912,"parent":34875,"menu_order":8,"comment_status":"open","ping_status":"closed","template":"","meta":{"footnotes":""},"class_list":["post-36899","page","type-page","status-publish","has-post-thumbnail","hentry"],"_links":{"self":[{"href":"https:\/\/jensgustafsson.se\/index.php?rest_route=\/wp\/v2\/pages\/36899","targetHints":{"allow":["GET"]}}],"collection":[{"href":"https:\/\/jensgustafsson.se\/index.php?rest_route=\/wp\/v2\/pages"}],"about":[{"href":"https:\/\/jensgustafsson.se\/index.php?rest_route=\/wp\/v2\/types\/page"}],"author":[{"embeddable":true,"href":"https:\/\/jensgustafsson.se\/index.php?rest_route=\/wp\/v2\/users\/1"}],"replies":[{"embeddable":true,"href":"https:\/\/jensgustafsson.se\/index.php?rest_route=%2Fwp%2Fv2%2Fcomments&post=36899"}],"version-history":[{"count":8,"href":"https:\/\/jensgustafsson.se\/index.php?rest_route=\/wp\/v2\/pages\/36899\/revisions"}],"predecessor-version":[{"id":36919,"href":"https:\/\/jensgustafsson.se\/index.php?rest_route=\/wp\/v2\/pages\/36899\/revisions\/36919"}],"up":[{"embeddable":true,"href":"https:\/\/jensgustafsson.se\/index.php?rest_route=\/wp\/v2\/pages\/34875"}],"wp:featuredmedia":[{"embeddable":true,"href":"https:\/\/jensgustafsson.se\/index.php?rest_route=\/wp\/v2\/media\/36912"}],"wp:attachment":[{"href":"https:\/\/jensgustafsson.se\/index.php?rest_route=%2Fwp%2Fv2%2Fmedia&parent=36899"}],"curies":[{"name":"wp","href":"https:\/\/api.w.org\/{rel}","templated":true}]}}