{"id":37188,"date":"2025-10-02T06:07:22","date_gmt":"2025-10-02T05:07:22","guid":{"rendered":"https:\/\/jensgustafsson.se\/?page_id=37188"},"modified":"2025-10-02T06:07:22","modified_gmt":"2025-10-02T05:07:22","slug":"september-2025","status":"publish","type":"page","link":"https:\/\/jensgustafsson.se\/?page_id=37188","title":{"rendered":"September 2025."},"content":{"rendered":"\n<p class=\"has-black-color has-white-background-color has-text-color has-background has-link-color has-medium-font-size wp-elements-433f29d2cc016f39267ceac774ff4df9\"><em>H\u00e4r kommer en sammanfattning av september 2025. V\u00e4derdata f\u00f6r \u00e5rets septemberm\u00e5nad \u00e4r h\u00e4mtade fr\u00e5n min privata v\u00e4derstation h\u00e4r i F\u00e5gelfors. Statistiken som jag anv\u00e4nder och j\u00e4mf\u00f6r mot, \u00e4r h\u00e4mtad fr\u00e5n SMHI:s n\u00e4rmaste m\u00e4tstationer Blankastr\u00f6m, och Drageryd f\u00f6r \u00e5ren 1931-2012. Fr\u00e5n 2013 och fram\u00e5t \u00e4r det min egna, privata v\u00e4derstation som levererar siffrorna. Nuvarande \u201dnormalperiod\u201d som anv\u00e4nds att j\u00e4mf\u00f6ra september 2025 mot, \u00e4r \u00e5ren 1991-2020. D\u00e4r jag anv\u00e4nder ordet \u201dnormalt\u201d i texterna h\u00e4r, menas allts\u00e5 d\u00e5 medeltalen f\u00f6r referensperioden 1991-2020.<\/em><\/p>\n\n\n\n<figure class=\"wp-block-image size-large\"><img loading=\"lazy\" decoding=\"async\" width=\"1024\" height=\"683\" src=\"https:\/\/media1.jensgustafsson.se\/2025\/10\/DSC_4957-1024x683.jpg\" alt=\"\" class=\"wp-image-37192\" srcset=\"https:\/\/media1.jensgustafsson.se\/2025\/10\/DSC_4957-1024x683.jpg 1024w, https:\/\/media1.jensgustafsson.se\/2025\/10\/DSC_4957-300x200.jpg 300w, https:\/\/media1.jensgustafsson.se\/2025\/10\/DSC_4957-768x512.jpg 768w, https:\/\/media1.jensgustafsson.se\/2025\/10\/DSC_4957-1536x1024.jpg 1536w, https:\/\/media1.jensgustafsson.se\/2025\/10\/DSC_4957-2048x1365.jpg 2048w, https:\/\/media1.jensgustafsson.se\/2025\/10\/DSC_4957-450x300.jpg 450w\" sizes=\"auto, (max-width: 1024px) 100vw, 1024px\" \/><figcaption class=\"wp-element-caption\"><strong><em>M\u00e5rtsj\u00f6bergen 1 september 2025.<\/em><\/strong><\/figcaption><\/figure>\n\n\n\n<p class=\"has-large-font-size\"><em>Temperaturen:<\/em><\/p>\n\n\n\n<figure class=\"wp-block-image size-large\"><img loading=\"lazy\" decoding=\"async\" width=\"1024\" height=\"463\" src=\"https:\/\/media1.jensgustafsson.se\/2025\/10\/image-2-1024x463.png\" alt=\"\" class=\"wp-image-37202\" srcset=\"https:\/\/media1.jensgustafsson.se\/2025\/10\/image-2-1024x463.png 1024w, https:\/\/media1.jensgustafsson.se\/2025\/10\/image-2-300x136.png 300w, https:\/\/media1.jensgustafsson.se\/2025\/10\/image-2-768x347.png 768w, https:\/\/media1.jensgustafsson.se\/2025\/10\/image-2-1536x694.png 1536w, https:\/\/media1.jensgustafsson.se\/2025\/10\/image-2-500x226.png 500w, https:\/\/media1.jensgustafsson.se\/2025\/10\/image-2.png 2019w\" sizes=\"auto, (max-width: 1024px) 100vw, 1024px\" \/><\/figure>\n\n\n\n<p class=\"has-black-color has-white-background-color has-text-color has-background has-link-color has-medium-font-size wp-elements-d03d3cdd19c304e2350ffd7db3bc601e\"><em>Septemberm\u00e5naden inleds med mycket varmt v\u00e4der, f\u00f6r att vara i september. N\u00e5gra dagar med h\u00f6gsommarv\u00e4rme, och n\u00e4tter som var varma ocks\u00e5. Medeltemperaturen efter att halva m\u00e5naden g\u00e5tt, var rekordh\u00f6g, +17,1 grader. Som vi ser i mitt diagram ovanf\u00f6r, s\u00e5 blev andra halvan av september svalare, och d\u00e5 framf\u00f6r allt den senare delen, d\u00e5 vi fick n\u00e5gra frostn\u00e4tter ocks\u00e5. M\u00e5nadens medeltemperatur blev d\u00e5 till slut +14,5 grader, och det \u00e4r 2,1 grader varmare, j\u00e4mf\u00f6rt mot normalt. Totalt sett en varm september, men inte rekordvarm. Jag visar i stapeldiagrammet nedanf\u00f6r hur september sett ut genom \u00e5ren 1991-2025:<\/em><\/p>\n\n\n\n<figure class=\"wp-block-image size-large\"><img loading=\"lazy\" decoding=\"async\" width=\"1024\" height=\"382\" src=\"https:\/\/media1.jensgustafsson.se\/2025\/10\/image-3-1024x382.png\" alt=\"\" class=\"wp-image-37203\" srcset=\"https:\/\/media1.jensgustafsson.se\/2025\/10\/image-3-1024x382.png 1024w, https:\/\/media1.jensgustafsson.se\/2025\/10\/image-3-300x112.png 300w, https:\/\/media1.jensgustafsson.se\/2025\/10\/image-3-768x286.png 768w, https:\/\/media1.jensgustafsson.se\/2025\/10\/image-3-1536x573.png 1536w, https:\/\/media1.jensgustafsson.se\/2025\/10\/image-3-2048x764.png 2048w, https:\/\/media1.jensgustafsson.se\/2025\/10\/image-3-500x186.png 500w\" sizes=\"auto, (max-width: 1024px) 100vw, 1024px\" \/><\/figure>\n\n\n\n<p class=\"has-black-color has-white-background-color has-text-color has-background has-link-color has-medium-font-size wp-elements-0a5ff984c4460ff15f56ea3d01c89b60\"><em>Nedan ser vi en sammanfattning av lite temperaturdata m.m. fr\u00e5n loggen p\u00e5 min v\u00e4derstation under september 2025.<\/em><\/p>\n\n\n\n<p class=\"has-black-color has-white-background-color has-text-color has-background has-link-color has-medium-font-size wp-elements-d9991cab8f05b1eec71fab31d99e91c5\"><strong><em>Temperatur (\u00b0C):<br \/>Medel (min+max): 14,5<br \/>Medelminimum: 9<br \/>Medelmaximum: 20<br \/>Minimum: -1,1 den 24 september<br \/>Maximum: 27,1 den 5 september<br \/>H\u00f6gsta minimum: 16,4 den 11 september<br \/>L\u00e4gsta maximum: 13,3 den 30 september<br \/>H\u00f6gsommardagar (maxtemp \u00f6ver +25\u00b0 C) 3<br \/>Frostdygn: ( mintemp. under 0\u00b0) 3<br \/>Markfrost: dygn (mintemp. \u00f6ver 0\u00b0, men frost p\u00e5 marken) 2<\/em><\/strong><\/p>\n\n\n\n<p class=\"has-medium-font-size\"><\/p>\n\n\n\n<figure class=\"wp-block-image size-large\"><img loading=\"lazy\" decoding=\"async\" width=\"1024\" height=\"755\" src=\"https:\/\/media1.jensgustafsson.se\/2025\/10\/DSC_5150-1024x755.jpg\" alt=\"\" class=\"wp-image-37215\" srcset=\"https:\/\/media1.jensgustafsson.se\/2025\/10\/DSC_5150-1024x755.jpg 1024w, https:\/\/media1.jensgustafsson.se\/2025\/10\/DSC_5150-300x221.jpg 300w, https:\/\/media1.jensgustafsson.se\/2025\/10\/DSC_5150-768x566.jpg 768w, https:\/\/media1.jensgustafsson.se\/2025\/10\/DSC_5150-1536x1132.jpg 1536w, https:\/\/media1.jensgustafsson.se\/2025\/10\/DSC_5150-2048x1509.jpg 2048w, https:\/\/media1.jensgustafsson.se\/2025\/10\/DSC_5150-407x300.jpg 407w\" sizes=\"auto, (max-width: 1024px) 100vw, 1024px\" \/><figcaption class=\"wp-element-caption\"><strong><em>M\u00e5nf\u00f6rm\u00f6rkelsen\/blodm\u00e5nen den 7 september.<\/em><\/strong><\/figcaption><\/figure>\n\n\n\n<p class=\"has-medium-font-size\"><\/p>\n\n\n\n<p class=\"has-large-font-size\"><strong><em>Nederb\u00f6rden:<\/em><\/strong><\/p>\n\n\n\n<p class=\"has-medium-font-size\"><\/p>\n\n\n\n<p><\/p>\n\n\n\n<figure class=\"wp-block-image size-large\"><img loading=\"lazy\" decoding=\"async\" width=\"1024\" height=\"497\" src=\"https:\/\/media1.jensgustafsson.se\/2025\/10\/image-4-1024x497.png\" alt=\"\" class=\"wp-image-37208\" srcset=\"https:\/\/media1.jensgustafsson.se\/2025\/10\/image-4-1024x497.png 1024w, https:\/\/media1.jensgustafsson.se\/2025\/10\/image-4-300x146.png 300w, https:\/\/media1.jensgustafsson.se\/2025\/10\/image-4-768x373.png 768w, https:\/\/media1.jensgustafsson.se\/2025\/10\/image-4-1536x746.png 1536w, https:\/\/media1.jensgustafsson.se\/2025\/10\/image-4-500x243.png 500w, https:\/\/media1.jensgustafsson.se\/2025\/10\/image-4.png 1561w\" sizes=\"auto, (max-width: 1024px) 100vw, 1024px\" \/><\/figure>\n\n\n\n<p class=\"has-black-color has-white-background-color has-text-color has-background has-link-color has-medium-font-size wp-elements-bdf6b39aa8c53a736fecae4214ccd400\"><em>69 millimeter regn har vi f\u00e5tt, f\u00f6rdelat \u00f6ver 10 dygn. Det motsvarar 144% av den normala regnm\u00e4ngden f\u00f6r september, och som vi vet, s\u00e5 beh\u00f6ver vi regnet mer \u00e4n v\u00e4l. Jag har ocks\u00e5 noterat \u00e5ska p\u00e5 avst\u00e5nd vid tv\u00e5 tillf\u00e4llen under m\u00e5naden. I diagrammet nedanf\u00f6r visar jag regnm\u00e4ngderna i september i respektive \u00e5r, i perioden 1991-2025:<\/em><\/p>\n\n\n\n<figure class=\"wp-block-image size-large\"><img loading=\"lazy\" decoding=\"async\" width=\"1024\" height=\"367\" src=\"https:\/\/media1.jensgustafsson.se\/2025\/10\/image-5-1024x367.png\" alt=\"\" class=\"wp-image-37209\" srcset=\"https:\/\/media1.jensgustafsson.se\/2025\/10\/image-5-1024x367.png 1024w, https:\/\/media1.jensgustafsson.se\/2025\/10\/image-5-300x108.png 300w, https:\/\/media1.jensgustafsson.se\/2025\/10\/image-5-768x276.png 768w, https:\/\/media1.jensgustafsson.se\/2025\/10\/image-5-1536x551.png 1536w, https:\/\/media1.jensgustafsson.se\/2025\/10\/image-5-2048x735.png 2048w, https:\/\/media1.jensgustafsson.se\/2025\/10\/image-5-500x179.png 500w\" sizes=\"auto, (max-width: 1024px) 100vw, 1024px\" \/><\/figure>\n\n\n\n<figure class=\"wp-block-image size-large\"><img loading=\"lazy\" decoding=\"async\" width=\"1024\" height=\"789\" src=\"https:\/\/media1.jensgustafsson.se\/2025\/10\/DSC_5297-1024x789.jpg\" alt=\"\" class=\"wp-image-37217\" srcset=\"https:\/\/media1.jensgustafsson.se\/2025\/10\/DSC_5297-1024x789.jpg 1024w, https:\/\/media1.jensgustafsson.se\/2025\/10\/DSC_5297-300x231.jpg 300w, https:\/\/media1.jensgustafsson.se\/2025\/10\/DSC_5297-768x592.jpg 768w, https:\/\/media1.jensgustafsson.se\/2025\/10\/DSC_5297-1536x1184.jpg 1536w, https:\/\/media1.jensgustafsson.se\/2025\/10\/DSC_5297-2048x1578.jpg 2048w, https:\/\/media1.jensgustafsson.se\/2025\/10\/DSC_5297-389x300.jpg 389w\" sizes=\"auto, (max-width: 1024px) 100vw, 1024px\" \/><figcaption class=\"wp-element-caption\"><strong><em>P\u00e5 morgonen den 13 september.<\/em><\/strong><\/figcaption><\/figure>\n\n\n\n<p class=\"has-large-font-size\"><em>Vindriktningar.<\/em><\/p>\n\n\n\n<figure class=\"wp-block-image size-large\"><img loading=\"lazy\" decoding=\"async\" width=\"1024\" height=\"354\" src=\"https:\/\/media1.jensgustafsson.se\/2025\/10\/image-6-1024x354.png\" alt=\"\" class=\"wp-image-37211\" srcset=\"https:\/\/media1.jensgustafsson.se\/2025\/10\/image-6-1024x354.png 1024w, https:\/\/media1.jensgustafsson.se\/2025\/10\/image-6-300x104.png 300w, https:\/\/media1.jensgustafsson.se\/2025\/10\/image-6-768x266.png 768w, https:\/\/media1.jensgustafsson.se\/2025\/10\/image-6-1536x531.png 1536w, https:\/\/media1.jensgustafsson.se\/2025\/10\/image-6-500x173.png 500w, https:\/\/media1.jensgustafsson.se\/2025\/10\/image-6.png 1610w\" sizes=\"auto, (max-width: 1024px) 100vw, 1024px\" \/><\/figure>\n\n\n\n<p class=\"has-black-color has-white-background-color has-text-color has-background has-link-color has-medium-font-size wp-elements-944cb44131c8166bc5d1e0aa658c8d42\"><em>Diagrammet ovanf\u00f6r visar vindriktningarna i september. Den genomsnittliga maxvinden i m\u00e5naden blev 5,2 m\/s, allts\u00e5 lite mindre vind denna m\u00e5nad, j\u00e4mf\u00f6rt mot den f\u00f6rra.<\/em><\/p>\n\n\n\n<figure class=\"wp-block-image size-large\"><img loading=\"lazy\" decoding=\"async\" width=\"1024\" height=\"683\" src=\"https:\/\/media1.jensgustafsson.se\/2025\/10\/DSC_5201-1024x683.jpg\" alt=\"\" class=\"wp-image-37218\" srcset=\"https:\/\/media1.jensgustafsson.se\/2025\/10\/DSC_5201-1024x683.jpg 1024w, https:\/\/media1.jensgustafsson.se\/2025\/10\/DSC_5201-300x200.jpg 300w, https:\/\/media1.jensgustafsson.se\/2025\/10\/DSC_5201-768x512.jpg 768w, https:\/\/media1.jensgustafsson.se\/2025\/10\/DSC_5201-1536x1024.jpg 1536w, https:\/\/media1.jensgustafsson.se\/2025\/10\/DSC_5201-2048x1365.jpg 2048w, https:\/\/media1.jensgustafsson.se\/2025\/10\/DSC_5201-450x300.jpg 450w\" sizes=\"auto, (max-width: 1024px) 100vw, 1024px\" \/><figcaption class=\"wp-element-caption\"><strong><em>En promenad vid Barnebo stenmurar den 9 september.<\/em><\/strong><\/figcaption><\/figure>\n\n\n\n<p class=\"has-black-color has-white-background-color has-text-color has-background has-link-color has-medium-font-size wp-elements-4d84be1dd8dda4226834ddb11fba3e04\"><em>Det var septemberm\u00e5nadens sammanfattning, och vi g\u00e5r vidare in i andra h\u00f6stm\u00e5naden i almanackan. Vi st\u00e5r fortfarande kvar i meteorologisk sommar h\u00e4r i F\u00e5gelfors. Det var v\u00e4ldigt n\u00e4ra f\u00f6r n\u00e5gra dagar sedan, att vi hade f\u00e5tt h\u00f6st \u00e4ven meteorologisk s\u00e5dan, d\u00e5 vi hade fyra dygn efter varandra med dygnsmedeltemperatur under +10 grader. D\u00e4refter f\u00f6ljde det ett par dygn med lite h\u00f6gre temperaturer igen. \u00c5terst\u00e5r att se n\u00e4r \u00f6verg\u00e5ngen blir, men gissar p\u00e5 att den \u00e4r v\u00e4ldigt n\u00e4ra.<\/em><\/p>\n","protected":false},"excerpt":{"rendered":"<p>H\u00e4r kommer en sammanfattning av september 2025. V\u00e4derdata f\u00f6r \u00e5rets septemberm\u00e5nad \u00e4r h\u00e4mtade fr\u00e5n min privata v\u00e4derstation h\u00e4r i F\u00e5gelfors. Statistiken som jag anv\u00e4nder och j\u00e4mf\u00f6r mot, \u00e4r h\u00e4mtad fr\u00e5n SMHI:s n\u00e4rmaste m\u00e4tstationer Blankastr\u00f6m, och Drageryd f\u00f6r \u00e5ren 1931-2012. Fr\u00e5n &hellip; <a href=\"https:\/\/jensgustafsson.se\/?page_id=37188\">Forts\u00e4tt l\u00e4sa <span class=\"meta-nav\">&rarr;<\/span><\/a><\/p>\n","protected":false},"author":1,"featured_media":37189,"parent":34875,"menu_order":9,"comment_status":"open","ping_status":"closed","template":"","meta":{"footnotes":""},"class_list":["post-37188","page","type-page","status-publish","has-post-thumbnail","hentry"],"_links":{"self":[{"href":"https:\/\/jensgustafsson.se\/index.php?rest_route=\/wp\/v2\/pages\/37188","targetHints":{"allow":["GET"]}}],"collection":[{"href":"https:\/\/jensgustafsson.se\/index.php?rest_route=\/wp\/v2\/pages"}],"about":[{"href":"https:\/\/jensgustafsson.se\/index.php?rest_route=\/wp\/v2\/types\/page"}],"author":[{"embeddable":true,"href":"https:\/\/jensgustafsson.se\/index.php?rest_route=\/wp\/v2\/users\/1"}],"replies":[{"embeddable":true,"href":"https:\/\/jensgustafsson.se\/index.php?rest_route=%2Fwp%2Fv2%2Fcomments&post=37188"}],"version-history":[{"count":20,"href":"https:\/\/jensgustafsson.se\/index.php?rest_route=\/wp\/v2\/pages\/37188\/revisions"}],"predecessor-version":[{"id":37225,"href":"https:\/\/jensgustafsson.se\/index.php?rest_route=\/wp\/v2\/pages\/37188\/revisions\/37225"}],"up":[{"embeddable":true,"href":"https:\/\/jensgustafsson.se\/index.php?rest_route=\/wp\/v2\/pages\/34875"}],"wp:featuredmedia":[{"embeddable":true,"href":"https:\/\/jensgustafsson.se\/index.php?rest_route=\/wp\/v2\/media\/37189"}],"wp:attachment":[{"href":"https:\/\/jensgustafsson.se\/index.php?rest_route=%2Fwp%2Fv2%2Fmedia&parent=37188"}],"curies":[{"name":"wp","href":"https:\/\/api.w.org\/{rel}","templated":true}]}}