{"id":37462,"date":"2025-11-01T08:41:19","date_gmt":"2025-11-01T07:41:19","guid":{"rendered":"https:\/\/jensgustafsson.se\/?page_id=37462"},"modified":"2025-11-01T08:41:19","modified_gmt":"2025-11-01T07:41:19","slug":"oktober-2025","status":"publish","type":"page","link":"https:\/\/jensgustafsson.se\/?page_id=37462","title":{"rendered":"Oktober 2025."},"content":{"rendered":"\n<p class=\"has-black-color has-white-background-color has-text-color has-background has-link-color has-medium-font-size wp-elements-bbb5e0d2f6bffe641294b95f9e982513\"><em>H\u00e4r kommer en sammanfattning av oktober 2025. V\u00e4derdata f\u00f6r \u00e5rets oktoberm\u00e5nad \u00e4r h\u00e4mtade fr\u00e5n min privata v\u00e4derstation h\u00e4r i F\u00e5gelfors. Statistiken som jag anv\u00e4nder och j\u00e4mf\u00f6r mot, \u00e4r h\u00e4mtad fr\u00e5n SMHI:s n\u00e4rmaste m\u00e4tstationer Blankastr\u00f6m, och Drageryd f\u00f6r \u00e5ren 1931-2012. Fr\u00e5n 2013 och fram\u00e5t \u00e4r det min egna, privata v\u00e4derstation som levererar siffrorna. Nuvarande \u201dnormalperiod\u201d som anv\u00e4nds att j\u00e4mf\u00f6ra oktober 2025 mot, \u00e4r \u00e5ren 1991-2020. D\u00e4r jag anv\u00e4nder ordet \u201dnormalt\u201d i texterna h\u00e4r, menas allts\u00e5 d\u00e5 medeltalen f\u00f6r referensperioden 1991-2020.<\/em><\/p>\n\n\n\n<figure class=\"wp-block-image size-large\"><img loading=\"lazy\" decoding=\"async\" width=\"1024\" height=\"640\" src=\"https:\/\/media1.jensgustafsson.se\/2025\/11\/DSC_5987-1024x640.jpg\" alt=\"\" class=\"wp-image-37481\" srcset=\"https:\/\/media1.jensgustafsson.se\/2025\/11\/DSC_5987-1024x640.jpg 1024w, https:\/\/media1.jensgustafsson.se\/2025\/11\/DSC_5987-300x188.jpg 300w, https:\/\/media1.jensgustafsson.se\/2025\/11\/DSC_5987-768x480.jpg 768w, https:\/\/media1.jensgustafsson.se\/2025\/11\/DSC_5987-1536x960.jpg 1536w, https:\/\/media1.jensgustafsson.se\/2025\/11\/DSC_5987-2048x1280.jpg 2048w, https:\/\/media1.jensgustafsson.se\/2025\/11\/DSC_5987-480x300.jpg 480w\" sizes=\"auto, (max-width: 1024px) 100vw, 1024px\" \/><figcaption class=\"wp-element-caption\"><strong><em>Flugsvamp vid Svindla Kvarn den 9 oktober.<\/em><\/strong><\/figcaption><\/figure>\n\n\n\n<p class=\"has-black-color has-white-background-color has-text-color has-background has-link-color has-large-font-size wp-elements-ed170abc78ba3632593ec231111d5c42\"><em>Temperaturen:<\/em><\/p>\n\n\n\n<figure class=\"wp-block-image size-large\"><img loading=\"lazy\" decoding=\"async\" width=\"1024\" height=\"436\" src=\"https:\/\/media1.jensgustafsson.se\/2025\/11\/image-1024x436.png\" alt=\"\" class=\"wp-image-37468\" srcset=\"https:\/\/media1.jensgustafsson.se\/2025\/11\/image-1024x436.png 1024w, https:\/\/media1.jensgustafsson.se\/2025\/11\/image-300x128.png 300w, https:\/\/media1.jensgustafsson.se\/2025\/11\/image-768x327.png 768w, https:\/\/media1.jensgustafsson.se\/2025\/11\/image-1536x653.png 1536w, https:\/\/media1.jensgustafsson.se\/2025\/11\/image-500x213.png 500w, https:\/\/media1.jensgustafsson.se\/2025\/11\/image.png 1963w\" sizes=\"auto, (max-width: 1024px) 100vw, 1024px\" \/><\/figure>\n\n\n\n<p class=\"has-black-color has-white-background-color has-text-color has-background has-link-color has-medium-font-size wp-elements-24e72a4a608df14d59cc09145be15408\"><em>Oktober i \u00e5r blev en m\u00e5nad med b\u00e5de milt och kallt v\u00e4der. M\u00e5nadens medeltemperatur blev +7,9 grader, och det \u00e4r 0,5 grader varmare, j\u00e4mf\u00f6rt mot normalt. Det jag tycker sticker ut lite, \u00e4r att det skiftat snabbt mellan lite kyligare v\u00e4dertyp och riktigt milda dygn. Vi ser i stapeldiagrammet ovanf\u00f6r h\u00e4r, att f\u00f6rsta halvan av m\u00e5naden var mildare, \u00e4n den andra delen. Det \u00e4r v\u00e4l som det ska, f\u00f6r vi g\u00e5r ju mot slutet av h\u00f6sten, och d\u00e5 b\u00f6r det ju bli en avkylning efterhand. Jag visar i stapeldiagrammet nedanf\u00f6r hur oktober sett ut genom \u00e5ren 1991-2025:<\/em><\/p>\n\n\n\n<figure class=\"wp-block-image size-large\"><img loading=\"lazy\" decoding=\"async\" width=\"1024\" height=\"350\" src=\"https:\/\/media1.jensgustafsson.se\/2025\/11\/image-1-1024x350.png\" alt=\"\" class=\"wp-image-37469\" srcset=\"https:\/\/media1.jensgustafsson.se\/2025\/11\/image-1-1024x350.png 1024w, https:\/\/media1.jensgustafsson.se\/2025\/11\/image-1-300x103.png 300w, https:\/\/media1.jensgustafsson.se\/2025\/11\/image-1-768x263.png 768w, https:\/\/media1.jensgustafsson.se\/2025\/11\/image-1-1536x525.png 1536w, https:\/\/media1.jensgustafsson.se\/2025\/11\/image-1-2048x700.png 2048w, https:\/\/media1.jensgustafsson.se\/2025\/11\/image-1-500x171.png 500w\" sizes=\"auto, (max-width: 1024px) 100vw, 1024px\" \/><\/figure>\n\n\n\n<p class=\"has-black-color has-white-background-color has-text-color has-background has-link-color has-medium-font-size wp-elements-578ed3848a1099a761765e9673d07495\"><em>Nedan ser vi en sammanfattning av lite temperaturdata m.m. fr\u00e5n loggen p\u00e5 min v\u00e4derstation under oktober 2025.<\/em><\/p>\n\n\n\n<p class=\"has-black-color has-white-background-color has-text-color has-background has-link-color has-medium-font-size wp-elements-cc0fa3013349d2e8eb6f641544e32a44\"><strong><em>Temperatur (\u00b0C):<br \/>Medel (min+max): 7,9<br \/>Medelminimum: 3,9<br \/>Medelmaximum: 11,9<br \/>Minimum: -5,6 den 20 oktober<br \/>Maximum: 16,8 den 11 oktober<br \/>H\u00f6gsta minimum: 11,2 den 11 oktober<br \/>L\u00e4gsta maximum: 7,8 den 18 och 31 oktober<br \/>Frostdygn: ( mintemp. under 0\u00b0) 8<br \/>Markfrost: dygn (mintemp. \u00f6ver 0\u00b0, men frost p\u00e5 marken) 4<\/em><\/strong><\/p>\n\n\n\n<figure class=\"wp-block-image size-large\"><img loading=\"lazy\" decoding=\"async\" width=\"1024\" height=\"859\" src=\"https:\/\/media1.jensgustafsson.se\/2025\/11\/DSC_6633-1024x859.jpg\" alt=\"\" class=\"wp-image-37489\" srcset=\"https:\/\/media1.jensgustafsson.se\/2025\/11\/DSC_6633-1024x859.jpg 1024w, https:\/\/media1.jensgustafsson.se\/2025\/11\/DSC_6633-300x252.jpg 300w, https:\/\/media1.jensgustafsson.se\/2025\/11\/DSC_6633-768x645.jpg 768w, https:\/\/media1.jensgustafsson.se\/2025\/11\/DSC_6633-1536x1289.jpg 1536w, https:\/\/media1.jensgustafsson.se\/2025\/11\/DSC_6633-2048x1719.jpg 2048w, https:\/\/media1.jensgustafsson.se\/2025\/11\/DSC_6633-357x300.jpg 357w\" sizes=\"auto, (max-width: 1024px) 100vw, 1024px\" \/><figcaption class=\"wp-element-caption\"><strong><em>Vid Blankastr\u00f6m den 25 oktober.<\/em><\/strong><\/figcaption><\/figure>\n\n\n\n<p class=\"has-black-color has-white-background-color has-text-color has-background has-link-color has-large-font-size wp-elements-9327a218ea18d20eae87d1f77def6744\"><strong><em>Nederb\u00f6rden:<\/em><\/strong><\/p>\n\n\n\n<figure class=\"wp-block-image size-large\"><img loading=\"lazy\" decoding=\"async\" width=\"1024\" height=\"509\" src=\"https:\/\/media1.jensgustafsson.se\/2025\/11\/image-2-1024x509.png\" alt=\"\" class=\"wp-image-37474\" srcset=\"https:\/\/media1.jensgustafsson.se\/2025\/11\/image-2-1024x509.png 1024w, https:\/\/media1.jensgustafsson.se\/2025\/11\/image-2-300x149.png 300w, https:\/\/media1.jensgustafsson.se\/2025\/11\/image-2-768x382.png 768w, https:\/\/media1.jensgustafsson.se\/2025\/11\/image-2-1536x763.png 1536w, https:\/\/media1.jensgustafsson.se\/2025\/11\/image-2-500x248.png 500w, https:\/\/media1.jensgustafsson.se\/2025\/11\/image-2.png 1560w\" sizes=\"auto, (max-width: 1024px) 100vw, 1024px\" \/><\/figure>\n\n\n\n<p class=\"has-black-color has-white-background-color has-text-color has-background has-link-color has-medium-font-size wp-elements-81bc71581f93aa1ba8447e88c74814a1\"><em>Regn har vi f\u00e5tt ganska rej\u00e4lt i oktober. 66 millimeter blev det till slut, och det motsvarar 129% av den normala genomsnittliga nederb\u00f6rdsm\u00e4ngden i oktober. Jag kollade hur vi ligger till med den totala nederb\u00f6rdsm\u00e4ngden f\u00f6r \u00e5ret, och vi har f\u00e5tt 399 millimeter s\u00e5 h\u00e4r l\u00e5ngt, och det motsvarar 71% av den normala \u00e5rsnederb\u00f6rden. Allts\u00e5, hur tr\u00e5kigt det \u00e4n l\u00e5ter, s\u00e5 beh\u00f6ver vi lite drygt ett par hundra millimeter nederb\u00f6rd under de tv\u00e5 m\u00e5naderna som \u00e4r kvar av \u00e5ret. I diagrammet nedanf\u00f6r visar jag regnm\u00e4ngderna i oktober i respektive \u00e5r, i perioden 1991-2025:<\/em><\/p>\n\n\n\n<figure class=\"wp-block-image size-large\"><img loading=\"lazy\" decoding=\"async\" width=\"1024\" height=\"384\" src=\"https:\/\/media1.jensgustafsson.se\/2025\/11\/image-3-1024x384.png\" alt=\"\" class=\"wp-image-37475\" srcset=\"https:\/\/media1.jensgustafsson.se\/2025\/11\/image-3-1024x384.png 1024w, https:\/\/media1.jensgustafsson.se\/2025\/11\/image-3-300x112.png 300w, https:\/\/media1.jensgustafsson.se\/2025\/11\/image-3-768x288.png 768w, https:\/\/media1.jensgustafsson.se\/2025\/11\/image-3-1536x576.png 1536w, https:\/\/media1.jensgustafsson.se\/2025\/11\/image-3-2048x768.png 2048w, https:\/\/media1.jensgustafsson.se\/2025\/11\/image-3-500x187.png 500w\" sizes=\"auto, (max-width: 1024px) 100vw, 1024px\" \/><\/figure>\n\n\n\n<figure class=\"wp-block-image size-large\"><img loading=\"lazy\" decoding=\"async\" width=\"1024\" height=\"683\" src=\"https:\/\/media1.jensgustafsson.se\/2025\/11\/DSC_6185-1024x683.jpg\" alt=\"\" class=\"wp-image-37483\" srcset=\"https:\/\/media1.jensgustafsson.se\/2025\/11\/DSC_6185-1024x683.jpg 1024w, https:\/\/media1.jensgustafsson.se\/2025\/11\/DSC_6185-300x200.jpg 300w, https:\/\/media1.jensgustafsson.se\/2025\/11\/DSC_6185-768x512.jpg 768w, https:\/\/media1.jensgustafsson.se\/2025\/11\/DSC_6185-1536x1024.jpg 1536w, https:\/\/media1.jensgustafsson.se\/2025\/11\/DSC_6185-2048x1365.jpg 2048w, https:\/\/media1.jensgustafsson.se\/2025\/11\/DSC_6185-450x300.jpg 450w\" sizes=\"auto, (max-width: 1024px) 100vw, 1024px\" \/><figcaption class=\"wp-element-caption\"><strong><em>P\u00e5 morgonen vid Klobosj\u00f6n den 14 oktober<\/em><\/strong>.<\/figcaption><\/figure>\n\n\n\n<p class=\"has-black-color has-white-background-color has-text-color has-background has-link-color has-large-font-size wp-elements-7fb0e9b96913691be428b60affc2a52f\"><em>Vindriktningar.<\/em><\/p>\n\n\n\n<figure class=\"wp-block-image size-large\"><img loading=\"lazy\" decoding=\"async\" width=\"1024\" height=\"361\" src=\"https:\/\/media1.jensgustafsson.se\/2025\/11\/image-4-1024x361.png\" alt=\"\" class=\"wp-image-37476\" srcset=\"https:\/\/media1.jensgustafsson.se\/2025\/11\/image-4-1024x361.png 1024w, https:\/\/media1.jensgustafsson.se\/2025\/11\/image-4-300x106.png 300w, https:\/\/media1.jensgustafsson.se\/2025\/11\/image-4-768x270.png 768w, https:\/\/media1.jensgustafsson.se\/2025\/11\/image-4-1536x541.png 1536w, https:\/\/media1.jensgustafsson.se\/2025\/11\/image-4-500x176.png 500w, https:\/\/media1.jensgustafsson.se\/2025\/11\/image-4.png 1610w\" sizes=\"auto, (max-width: 1024px) 100vw, 1024px\" \/><\/figure>\n\n\n\n<p class=\"has-black-color has-white-background-color has-text-color has-background has-link-color has-medium-font-size wp-elements-a221a40347b00ae2aeb0c6b59b6c745c\"><em>Diagrammet ovanf\u00f6r visar vindriktningarna i oktober. Den genomsnittliga maxvinden i m\u00e5naden blev 5,6 m\/s.<\/em><\/p>\n\n\n\n<figure class=\"wp-block-image size-large\"><img loading=\"lazy\" decoding=\"async\" width=\"1024\" height=\"724\" src=\"https:\/\/media1.jensgustafsson.se\/2025\/11\/DSC_6639-1024x724.jpg\" alt=\"\" class=\"wp-image-37484\" srcset=\"https:\/\/media1.jensgustafsson.se\/2025\/11\/DSC_6639-1024x724.jpg 1024w, https:\/\/media1.jensgustafsson.se\/2025\/11\/DSC_6639-300x212.jpg 300w, https:\/\/media1.jensgustafsson.se\/2025\/11\/DSC_6639-768x543.jpg 768w, https:\/\/media1.jensgustafsson.se\/2025\/11\/DSC_6639-1536x1086.jpg 1536w, https:\/\/media1.jensgustafsson.se\/2025\/11\/DSC_6639-2048x1448.jpg 2048w, https:\/\/media1.jensgustafsson.se\/2025\/11\/DSC_6639-424x300.jpg 424w\" sizes=\"auto, (max-width: 1024px) 100vw, 1024px\" \/><figcaption class=\"wp-element-caption\"><strong><em>Styvmorsvioler i full blom, 25 oktober.<\/em><\/strong><\/figcaption><\/figure>\n\n\n\n<p class=\"has-black-color has-white-background-color has-text-color has-background has-link-color has-medium-font-size wp-elements-2912ce97065618515def98697ef9b12d\"><em>I skrivande stund har vi precis g\u00e5tt in i tredje, och sista h\u00f6stm\u00e5naden f\u00f6r i \u00e5r. Hur v\u00e4dret blir f\u00e5r vi f\u00f6lja dag f\u00f6r dag. Det finns ju ett tales\u00e4tt som lyder: &#8221;Vi f\u00e5r v\u00e4lja kl\u00e4der efter v\u00e4der&#8221;, och det \u00e4r ju sant. <\/em><\/p>\n\n\n\n<p class=\"has-black-color has-white-background-color has-text-color has-background has-link-color has-medium-font-size wp-elements-6b52ea660018635cff30dd6098dd07da\"><em><strong>V\u00e4dret kommer aldrig att anpassa sig efter vad vi m\u00e4nniskor t\u00e4nker och tycker.<\/strong><\/em><\/p>\n\n\n\n<figure class=\"wp-block-image size-large\"><img loading=\"lazy\" decoding=\"async\" width=\"1024\" height=\"793\" src=\"https:\/\/media1.jensgustafsson.se\/2025\/11\/DSC_6787-1024x793.jpg\" alt=\"\" class=\"wp-image-37485\" srcset=\"https:\/\/media1.jensgustafsson.se\/2025\/11\/DSC_6787-1024x793.jpg 1024w, https:\/\/media1.jensgustafsson.se\/2025\/11\/DSC_6787-300x232.jpg 300w, https:\/\/media1.jensgustafsson.se\/2025\/11\/DSC_6787-768x595.jpg 768w, https:\/\/media1.jensgustafsson.se\/2025\/11\/DSC_6787-1536x1190.jpg 1536w, https:\/\/media1.jensgustafsson.se\/2025\/11\/DSC_6787-2048x1586.jpg 2048w, https:\/\/media1.jensgustafsson.se\/2025\/11\/DSC_6787-387x300.jpg 387w\" sizes=\"auto, (max-width: 1024px) 100vw, 1024px\" \/><figcaption class=\"wp-element-caption\"><strong><em>En ovanlig f\u00e5gel hos oss, kungsfiskaren fick jag \u00e4ran att fotografera 31 oktober.<\/em><\/strong><\/figcaption><\/figure>\n","protected":false},"excerpt":{"rendered":"<p>H\u00e4r kommer en sammanfattning av oktober 2025. V\u00e4derdata f\u00f6r \u00e5rets oktoberm\u00e5nad \u00e4r h\u00e4mtade fr\u00e5n min privata v\u00e4derstation h\u00e4r i F\u00e5gelfors. Statistiken som jag anv\u00e4nder och j\u00e4mf\u00f6r mot, \u00e4r h\u00e4mtad fr\u00e5n SMHI:s n\u00e4rmaste m\u00e4tstationer Blankastr\u00f6m, och Drageryd f\u00f6r \u00e5ren 1931-2012. Fr\u00e5n &hellip; <a href=\"https:\/\/jensgustafsson.se\/?page_id=37462\">Forts\u00e4tt l\u00e4sa <span class=\"meta-nav\">&rarr;<\/span><\/a><\/p>\n","protected":false},"author":1,"featured_media":37480,"parent":34875,"menu_order":10,"comment_status":"open","ping_status":"closed","template":"","meta":{"footnotes":""},"class_list":["post-37462","page","type-page","status-publish","has-post-thumbnail","hentry"],"_links":{"self":[{"href":"https:\/\/jensgustafsson.se\/index.php?rest_route=\/wp\/v2\/pages\/37462","targetHints":{"allow":["GET"]}}],"collection":[{"href":"https:\/\/jensgustafsson.se\/index.php?rest_route=\/wp\/v2\/pages"}],"about":[{"href":"https:\/\/jensgustafsson.se\/index.php?rest_route=\/wp\/v2\/types\/page"}],"author":[{"embeddable":true,"href":"https:\/\/jensgustafsson.se\/index.php?rest_route=\/wp\/v2\/users\/1"}],"replies":[{"embeddable":true,"href":"https:\/\/jensgustafsson.se\/index.php?rest_route=%2Fwp%2Fv2%2Fcomments&post=37462"}],"version-history":[{"count":14,"href":"https:\/\/jensgustafsson.se\/index.php?rest_route=\/wp\/v2\/pages\/37462\/revisions"}],"predecessor-version":[{"id":37490,"href":"https:\/\/jensgustafsson.se\/index.php?rest_route=\/wp\/v2\/pages\/37462\/revisions\/37490"}],"up":[{"embeddable":true,"href":"https:\/\/jensgustafsson.se\/index.php?rest_route=\/wp\/v2\/pages\/34875"}],"wp:featuredmedia":[{"embeddable":true,"href":"https:\/\/jensgustafsson.se\/index.php?rest_route=\/wp\/v2\/media\/37480"}],"wp:attachment":[{"href":"https:\/\/jensgustafsson.se\/index.php?rest_route=%2Fwp%2Fv2%2Fmedia&parent=37462"}],"curies":[{"name":"wp","href":"https:\/\/api.w.org\/{rel}","templated":true}]}}