{"id":37812,"date":"2025-12-01T11:50:10","date_gmt":"2025-12-01T10:50:10","guid":{"rendered":"https:\/\/jensgustafsson.se\/?page_id=37812"},"modified":"2025-12-01T11:50:10","modified_gmt":"2025-12-01T10:50:10","slug":"november-2025","status":"publish","type":"page","link":"https:\/\/jensgustafsson.se\/?page_id=37812","title":{"rendered":"November 2025."},"content":{"rendered":"\n<p class=\"has-medium-font-size\"><em>H\u00e4r kommer en sammanfattning av november 2025. V\u00e4derdata f\u00f6r \u00e5rets novemberm\u00e5nad \u00e4r h\u00e4mtade fr\u00e5n min privata v\u00e4derstation h\u00e4r i F\u00e5gelfors. Statistiken som jag anv\u00e4nder och j\u00e4mf\u00f6r mot, \u00e4r h\u00e4mtad fr\u00e5n SMHI:s n\u00e4rmaste m\u00e4tstationer Blankastr\u00f6m, och Drageryd f\u00f6r \u00e5ren 1931-2012. Fr\u00e5n 2013 och fram\u00e5t \u00e4r det min egna, privata v\u00e4derstation som levererar siffrorna. Nuvarande \u201dnormalperiod\u201d som anv\u00e4nds att j\u00e4mf\u00f6ra november 2025 mot, \u00e4r \u00e5ren 1991-2020. D\u00e4r jag anv\u00e4nder ordet \u201dnormalt\u201d i texterna h\u00e4r, menas allts\u00e5 d\u00e5 medeltalen f\u00f6r referensperioden 1991-2020.<\/em><\/p>\n\n\n\n<figure class=\"wp-block-image size-large\"><img loading=\"lazy\" decoding=\"async\" width=\"1024\" height=\"683\" src=\"https:\/\/media1.jensgustafsson.se\/2025\/12\/DSC_6889-1024x683.jpg\" alt=\"\" class=\"wp-image-37830\" srcset=\"https:\/\/media1.jensgustafsson.se\/2025\/12\/DSC_6889-1024x683.jpg 1024w, https:\/\/media1.jensgustafsson.se\/2025\/12\/DSC_6889-300x200.jpg 300w, https:\/\/media1.jensgustafsson.se\/2025\/12\/DSC_6889-768x512.jpg 768w, https:\/\/media1.jensgustafsson.se\/2025\/12\/DSC_6889-1536x1024.jpg 1536w, https:\/\/media1.jensgustafsson.se\/2025\/12\/DSC_6889-2048x1365.jpg 2048w, https:\/\/media1.jensgustafsson.se\/2025\/12\/DSC_6889-450x300.jpg 450w\" sizes=\"auto, (max-width: 1024px) 100vw, 1024px\" \/><figcaption class=\"wp-element-caption\"><strong><em>Vid Vecklevad den 7:e  november.<\/em><\/strong><\/figcaption><\/figure>\n\n\n\n<p class=\"has-large-font-size\"><em><strong>Temperaturen:<\/strong><\/em><\/p>\n\n\n\n<figure class=\"wp-block-image size-large\"><img loading=\"lazy\" decoding=\"async\" width=\"1024\" height=\"439\" src=\"https:\/\/media1.jensgustafsson.se\/2025\/12\/image-1024x439.png\" alt=\"\" class=\"wp-image-37815\" srcset=\"https:\/\/media1.jensgustafsson.se\/2025\/12\/image-1024x439.png 1024w, https:\/\/media1.jensgustafsson.se\/2025\/12\/image-300x129.png 300w, https:\/\/media1.jensgustafsson.se\/2025\/12\/image-768x329.png 768w, https:\/\/media1.jensgustafsson.se\/2025\/12\/image-1536x658.png 1536w, https:\/\/media1.jensgustafsson.se\/2025\/12\/image-500x214.png 500w, https:\/\/media1.jensgustafsson.se\/2025\/12\/image.png 1923w\" sizes=\"auto, (max-width: 1024px) 100vw, 1024px\" \/><\/figure>\n\n\n\n<p class=\"has-medium-font-size\"><em>Som vi ser i diagrammet ovanf\u00f6r h\u00e4r, s\u00e5 blev november i \u00e5r en m\u00e5nad d\u00e4r temperaturen sv\u00e4ngde mellan ytterligheterna. Fr\u00e5n att i b\u00f6rjan p\u00e5 m\u00e5naden ha temperaturer som var en bra bit \u00f6ver det normala, hamnade vi till slut med en medeltemperatur under den normala f\u00f6r m\u00e5naden. Medeltemperaturen blev +2,6 grader, och det \u00e4r 0,7 grader kallare \u00e4n normalt. Temperaturfallet i mitten p\u00e5 m\u00e5naden gjorde att vi gick in i en tidig, meteorologisk vinter den 15 november. Den 22:a november hade vi en riktigt kall natt i v\u00e5ra trakter f\u00f6r att vara november, d\u00e5 minimumtemperaturen blev -14,1 grader. Jag gick in i statistiken, och f\u00f6r att hitta n\u00e5got dygn med s\u00e5 kallt i november m\u00e5nad, fick jag g\u00e5 tillbaka till den 21 november 1995. D\u00e5 hade SMHI:s d\u00e5varande m\u00e4tstation i Drageryd (ca 4 km f\u00e5gelv\u00e4gen h\u00e4rifr\u00e5n) noterat just -14,1 grader som l\u00e4gst. Jag visar i stapeldiagrammet nedanf\u00f6r hur novembers medeltemperatur sett ut genom \u00e5ren 1991-2025:<\/em><\/p>\n\n\n\n<figure class=\"wp-block-image size-large\"><img loading=\"lazy\" decoding=\"async\" width=\"1024\" height=\"371\" src=\"https:\/\/media1.jensgustafsson.se\/2025\/12\/image-1-1024x371.png\" alt=\"\" class=\"wp-image-37816\" srcset=\"https:\/\/media1.jensgustafsson.se\/2025\/12\/image-1-1024x371.png 1024w, https:\/\/media1.jensgustafsson.se\/2025\/12\/image-1-300x109.png 300w, https:\/\/media1.jensgustafsson.se\/2025\/12\/image-1-768x278.png 768w, https:\/\/media1.jensgustafsson.se\/2025\/12\/image-1-1536x556.png 1536w, https:\/\/media1.jensgustafsson.se\/2025\/12\/image-1-2048x741.png 2048w, https:\/\/media1.jensgustafsson.se\/2025\/12\/image-1-500x181.png 500w\" sizes=\"auto, (max-width: 1024px) 100vw, 1024px\" \/><\/figure>\n\n\n\n<p class=\"has-medium-font-size\"><em>Nedan ser vi en sammanfattning av lite temperaturdata m.m. fr\u00e5n loggen p\u00e5 min v\u00e4derstation under november 2025.<\/em><\/p>\n\n\n\n<p class=\"has-medium-font-size\"><strong><em>Temperatur (\u00b0C):<br \/>Medel (min+max): 2,6<br \/>Medelminimum: -0,2<br \/>Medelmaximum: 5,5<br \/>Minimum: -14,1 den 22 november<br \/>Maximum: 13,5 den 5 november<br \/>H\u00f6gsta minimum: 9,6 den 6 november<br \/>L\u00e4gsta maximum: -5,2 den 24 november<br \/>Frostdygn: 11 ( mintemp. under 0\u00b0)<br \/>Isdygn: 4 dygn ( temperaturen under 0\u00b0 hela dygnet)<br \/>Markfrost: 1 dygn (mintemp. \u00f6ver 0\u00b0, men frost p\u00e5 marken)<\/em><\/strong><\/p>\n\n\n\n<figure class=\"wp-block-image size-large\"><img loading=\"lazy\" decoding=\"async\" width=\"1024\" height=\"658\" src=\"https:\/\/media1.jensgustafsson.se\/2025\/12\/DSC_7036-1024x658.jpg\" alt=\"\" class=\"wp-image-37832\" srcset=\"https:\/\/media1.jensgustafsson.se\/2025\/12\/DSC_7036-1024x658.jpg 1024w, https:\/\/media1.jensgustafsson.se\/2025\/12\/DSC_7036-300x193.jpg 300w, https:\/\/media1.jensgustafsson.se\/2025\/12\/DSC_7036-768x493.jpg 768w, https:\/\/media1.jensgustafsson.se\/2025\/12\/DSC_7036-1536x986.jpg 1536w, https:\/\/media1.jensgustafsson.se\/2025\/12\/DSC_7036-2048x1315.jpg 2048w, https:\/\/media1.jensgustafsson.se\/2025\/12\/DSC_7036-467x300.jpg 467w\" sizes=\"auto, (max-width: 1024px) 100vw, 1024px\" \/><figcaption class=\"wp-element-caption\"><strong><em>Str\u00f6mstaren den 11:e november.<\/em><\/strong><\/figcaption><\/figure>\n\n\n\n<p class=\"has-large-font-size\"><strong><em>Nederb\u00f6rden:<\/em><\/strong><\/p>\n\n\n\n<figure class=\"wp-block-image size-large\"><img loading=\"lazy\" decoding=\"async\" width=\"1024\" height=\"524\" src=\"https:\/\/media1.jensgustafsson.se\/2025\/12\/image-2-1024x524.png\" alt=\"\" class=\"wp-image-37821\" srcset=\"https:\/\/media1.jensgustafsson.se\/2025\/12\/image-2-1024x524.png 1024w, https:\/\/media1.jensgustafsson.se\/2025\/12\/image-2-300x153.png 300w, https:\/\/media1.jensgustafsson.se\/2025\/12\/image-2-768x393.png 768w, https:\/\/media1.jensgustafsson.se\/2025\/12\/image-2-1536x786.png 1536w, https:\/\/media1.jensgustafsson.se\/2025\/12\/image-2-500x256.png 500w, https:\/\/media1.jensgustafsson.se\/2025\/12\/image-2.png 1560w\" sizes=\"auto, (max-width: 1024px) 100vw, 1024px\" \/><\/figure>\n\n\n\n<p class=\"has-medium-font-size\"><em>Nederb\u00f6rd b\u00e5de i form av regn och sn\u00f6 har vi f\u00e5tt 29 millimeter i sm\u00e4lt form. Det motsvarar 54% av den normala nederb\u00f6rdsm\u00e4ngden i november. Vi har haft 9 dagar med m\u00e4tbart sn\u00f6djup, och so mest m\u00e4tte jag ett sn\u00f6djup p\u00e5 ca 25 centimeter den 21 november. Jag ser att det fattas cirka 140 millimeter nederb\u00f6rd i \u00e5r f\u00f6r att komma upp i den normala \u00e5rsnederb\u00f6rden, s\u00e5 det vill v\u00e4l till om december ska kunna fylla upp det. I diagrammet nedanf\u00f6r visar jag nederb\u00f6rdsm\u00e4ngderna i november i respektive \u00e5r, i perioden 1991-2025:<\/em><\/p>\n\n\n\n<figure class=\"wp-block-image size-large\"><img loading=\"lazy\" decoding=\"async\" width=\"1024\" height=\"376\" src=\"https:\/\/media1.jensgustafsson.se\/2025\/12\/image-3-1024x376.png\" alt=\"\" class=\"wp-image-37823\" srcset=\"https:\/\/media1.jensgustafsson.se\/2025\/12\/image-3-1024x376.png 1024w, https:\/\/media1.jensgustafsson.se\/2025\/12\/image-3-300x110.png 300w, https:\/\/media1.jensgustafsson.se\/2025\/12\/image-3-768x282.png 768w, https:\/\/media1.jensgustafsson.se\/2025\/12\/image-3-1536x564.png 1536w, https:\/\/media1.jensgustafsson.se\/2025\/12\/image-3-2048x752.png 2048w, https:\/\/media1.jensgustafsson.se\/2025\/12\/image-3-500x184.png 500w\" sizes=\"auto, (max-width: 1024px) 100vw, 1024px\" \/><\/figure>\n\n\n\n<figure class=\"wp-block-image size-large\"><img loading=\"lazy\" decoding=\"async\" width=\"1024\" height=\"683\" src=\"https:\/\/media1.jensgustafsson.se\/2025\/12\/DSC_6940-1024x683.jpg\" alt=\"\" class=\"wp-image-37834\" srcset=\"https:\/\/media1.jensgustafsson.se\/2025\/12\/DSC_6940-1024x683.jpg 1024w, https:\/\/media1.jensgustafsson.se\/2025\/12\/DSC_6940-300x200.jpg 300w, https:\/\/media1.jensgustafsson.se\/2025\/12\/DSC_6940-768x512.jpg 768w, https:\/\/media1.jensgustafsson.se\/2025\/12\/DSC_6940-1536x1024.jpg 1536w, https:\/\/media1.jensgustafsson.se\/2025\/12\/DSC_6940-2048x1365.jpg 2048w, https:\/\/media1.jensgustafsson.se\/2025\/12\/DSC_6940-450x300.jpg 450w\" sizes=\"auto, (max-width: 1024px) 100vw, 1024px\" \/><figcaption class=\"wp-element-caption\"><strong><em>Steglitsen den 9:e november.<\/em><\/strong><\/figcaption><\/figure>\n\n\n\n<p class=\"has-large-font-size\"><em><strong>Vindriktningar.<\/strong><\/em><\/p>\n\n\n\n<figure class=\"wp-block-image size-large\"><img loading=\"lazy\" decoding=\"async\" width=\"1024\" height=\"363\" src=\"https:\/\/media1.jensgustafsson.se\/2025\/12\/image-4-1024x363.png\" alt=\"\" class=\"wp-image-37825\" srcset=\"https:\/\/media1.jensgustafsson.se\/2025\/12\/image-4-1024x363.png 1024w, https:\/\/media1.jensgustafsson.se\/2025\/12\/image-4-300x106.png 300w, https:\/\/media1.jensgustafsson.se\/2025\/12\/image-4-768x272.png 768w, https:\/\/media1.jensgustafsson.se\/2025\/12\/image-4-1536x544.png 1536w, https:\/\/media1.jensgustafsson.se\/2025\/12\/image-4-500x177.png 500w, https:\/\/media1.jensgustafsson.se\/2025\/12\/image-4.png 1610w\" sizes=\"auto, (max-width: 1024px) 100vw, 1024px\" \/><\/figure>\n\n\n\n<p class=\"has-medium-font-size\"><em>Diagrammet ovanf\u00f6r visar vindriktningarna i november. Den genomsnittliga maxvinden i m\u00e5naden blev 5 m\/s.<\/em><\/p>\n\n\n\n<figure class=\"wp-block-image size-large\"><img loading=\"lazy\" decoding=\"async\" width=\"1024\" height=\"683\" src=\"https:\/\/media1.jensgustafsson.se\/2025\/12\/DSC_7288-1024x683.jpg\" alt=\"\" class=\"wp-image-37836\" srcset=\"https:\/\/media1.jensgustafsson.se\/2025\/12\/DSC_7288-1024x683.jpg 1024w, https:\/\/media1.jensgustafsson.se\/2025\/12\/DSC_7288-300x200.jpg 300w, https:\/\/media1.jensgustafsson.se\/2025\/12\/DSC_7288-768x512.jpg 768w, https:\/\/media1.jensgustafsson.se\/2025\/12\/DSC_7288-1536x1024.jpg 1536w, https:\/\/media1.jensgustafsson.se\/2025\/12\/DSC_7288-2048x1365.jpg 2048w, https:\/\/media1.jensgustafsson.se\/2025\/12\/DSC_7288-450x300.jpg 450w\" sizes=\"auto, (max-width: 1024px) 100vw, 1024px\" \/><figcaption class=\"wp-element-caption\"><strong><em>Byv\u00e4gen i Lilla Klobo den 27:e november.<\/em><\/strong><\/figcaption><\/figure>\n\n\n\n<p class=\"has-medium-font-size\"><em>D\u00e4rmed st\u00e4nger vi november m\u00e5nads v\u00e4derblad, och \u00f6ppnar upp december, vinterm\u00e5nad 1 av 3. Jag kommer inom kort med ett speciellt inl\u00e4gg om hur h\u00f6sten blev, temperatur- och nederb\u00f6rdsm\u00e4ssigt. <\/em><\/p>\n","protected":false},"excerpt":{"rendered":"<p>H\u00e4r kommer en sammanfattning av november 2025. V\u00e4derdata f\u00f6r \u00e5rets novemberm\u00e5nad \u00e4r h\u00e4mtade fr\u00e5n min privata v\u00e4derstation h\u00e4r i F\u00e5gelfors. Statistiken som jag anv\u00e4nder och j\u00e4mf\u00f6r mot, \u00e4r h\u00e4mtad fr\u00e5n SMHI:s n\u00e4rmaste m\u00e4tstationer Blankastr\u00f6m, och Drageryd f\u00f6r \u00e5ren 1931-2012. Fr\u00e5n &hellip; <a href=\"https:\/\/jensgustafsson.se\/?page_id=37812\">Forts\u00e4tt l\u00e4sa <span class=\"meta-nav\">&rarr;<\/span><\/a><\/p>\n","protected":false},"author":1,"featured_media":37829,"parent":34875,"menu_order":11,"comment_status":"open","ping_status":"closed","template":"","meta":{"footnotes":""},"class_list":["post-37812","page","type-page","status-publish","has-post-thumbnail","hentry"],"_links":{"self":[{"href":"https:\/\/jensgustafsson.se\/index.php?rest_route=\/wp\/v2\/pages\/37812","targetHints":{"allow":["GET"]}}],"collection":[{"href":"https:\/\/jensgustafsson.se\/index.php?rest_route=\/wp\/v2\/pages"}],"about":[{"href":"https:\/\/jensgustafsson.se\/index.php?rest_route=\/wp\/v2\/types\/page"}],"author":[{"embeddable":true,"href":"https:\/\/jensgustafsson.se\/index.php?rest_route=\/wp\/v2\/users\/1"}],"replies":[{"embeddable":true,"href":"https:\/\/jensgustafsson.se\/index.php?rest_route=%2Fwp%2Fv2%2Fcomments&post=37812"}],"version-history":[{"count":16,"href":"https:\/\/jensgustafsson.se\/index.php?rest_route=\/wp\/v2\/pages\/37812\/revisions"}],"predecessor-version":[{"id":37838,"href":"https:\/\/jensgustafsson.se\/index.php?rest_route=\/wp\/v2\/pages\/37812\/revisions\/37838"}],"up":[{"embeddable":true,"href":"https:\/\/jensgustafsson.se\/index.php?rest_route=\/wp\/v2\/pages\/34875"}],"wp:featuredmedia":[{"embeddable":true,"href":"https:\/\/jensgustafsson.se\/index.php?rest_route=\/wp\/v2\/media\/37829"}],"wp:attachment":[{"href":"https:\/\/jensgustafsson.se\/index.php?rest_route=%2Fwp%2Fv2%2Fmedia&parent=37812"}],"curies":[{"name":"wp","href":"https:\/\/api.w.org\/{rel}","templated":true}]}}