{"id":38387,"date":"2026-02-01T15:27:35","date_gmt":"2026-02-01T14:27:35","guid":{"rendered":"https:\/\/jensgustafsson.se\/?page_id=38387"},"modified":"2026-02-12T06:57:19","modified_gmt":"2026-02-12T05:57:19","slug":"januari-2026","status":"publish","type":"page","link":"https:\/\/jensgustafsson.se\/?page_id=38387","title":{"rendered":"Januari 2026."},"content":{"rendered":"\n<p class=\"has-medium-font-size\"><em>H\u00e4r kommer sammanfattningen av v\u00e4dret i januari 2026. V\u00e4derdata f\u00f6r \u00e5rets januarim\u00e5nad \u00e4r h\u00e4mtade fr\u00e5n min privata v\u00e4derstation h\u00e4r i F\u00e5gelfors. Statistiken som jag anv\u00e4nder och j\u00e4mf\u00f6r mot, \u00e4r h\u00e4mtad fr\u00e5n SMHI:s n\u00e4rmaste m\u00e4tstationer Blankastr\u00f6m, och Drageryd f\u00f6r \u00e5ren 1931-2012. Fr\u00e5n 2013 och fram\u00e5t \u00e4r det min egna, privata v\u00e4derstation som levererar siffrorna. Nuvarande \u201dnormalperiod\u201d som anv\u00e4nds att j\u00e4mf\u00f6ra januari 2026 mot, \u00e4r \u00e5ren 1991-2020. D\u00e4r jag anv\u00e4nder ordet \u201dnormalt\u201d i texterna h\u00e4r, menas allts\u00e5 d\u00e5 medeltalen f\u00f6r referensperioden 1991-2020.<\/em><\/p>\n\n\n\n<figure class=\"wp-block-image size-large\"><img loading=\"lazy\" decoding=\"async\" width=\"1024\" height=\"730\" src=\"https:\/\/media1.jensgustafsson.se\/2026\/02\/DSC_7671-1024x730.jpg\" alt=\"\" class=\"wp-image-38399\" srcset=\"https:\/\/media1.jensgustafsson.se\/2026\/02\/DSC_7671-1024x730.jpg 1024w, https:\/\/media1.jensgustafsson.se\/2026\/02\/DSC_7671-300x214.jpg 300w, https:\/\/media1.jensgustafsson.se\/2026\/02\/DSC_7671-768x548.jpg 768w, https:\/\/media1.jensgustafsson.se\/2026\/02\/DSC_7671-1536x1095.jpg 1536w, https:\/\/media1.jensgustafsson.se\/2026\/02\/DSC_7671-2048x1460.jpg 2048w, https:\/\/media1.jensgustafsson.se\/2026\/02\/DSC_7671-421x300.jpg 421w\" sizes=\"auto, (max-width: 1024px) 100vw, 1024px\" \/><figcaption class=\"wp-element-caption\"><strong><em>Den 3:e januari.<\/em><\/strong><\/figcaption><\/figure>\n\n\n\n<p class=\"has-large-font-size\"><em><strong>Temperaturen:<\/strong><\/em><\/p>\n\n\n\n<figure class=\"wp-block-image size-large\"><img loading=\"lazy\" decoding=\"async\" width=\"1024\" height=\"428\" src=\"https:\/\/media1.jensgustafsson.se\/2026\/02\/image-1024x428.png\" alt=\"\" class=\"wp-image-38389\" srcset=\"https:\/\/media1.jensgustafsson.se\/2026\/02\/image-1024x428.png 1024w, https:\/\/media1.jensgustafsson.se\/2026\/02\/image-300x125.png 300w, https:\/\/media1.jensgustafsson.se\/2026\/02\/image-768x321.png 768w, https:\/\/media1.jensgustafsson.se\/2026\/02\/image-1536x642.png 1536w, https:\/\/media1.jensgustafsson.se\/2026\/02\/image-500x209.png 500w, https:\/\/media1.jensgustafsson.se\/2026\/02\/image.png 1934w\" sizes=\"auto, (max-width: 1024px) 100vw, 1024px\" \/><\/figure>\n\n\n\n<p class=\"has-medium-font-size\"><em>Diagrammet h\u00e4r talar ju sitt klarspr\u00e5k hur m\u00e5naden varit temperaturm\u00e4ssigt. En kall januari j\u00e4mf\u00f6rt mot vad som \u00e4r normalt. M\u00e5nadens medeltemperatur blev -3,1 grader, och det \u00e4r 1,9 grader <strong>kallare <\/strong>\u00e4n normalt. Jag visar i diagrammet nedanf\u00f6r h\u00e4r hur januari sett ut genom \u00e5ren 1991-2026:<\/em><\/p>\n\n\n\n<figure class=\"wp-block-image size-large\"><img loading=\"lazy\" decoding=\"async\" width=\"1024\" height=\"341\" src=\"https:\/\/media1.jensgustafsson.se\/2026\/02\/image-1-1024x341.png\" alt=\"\" class=\"wp-image-38390\" srcset=\"https:\/\/media1.jensgustafsson.se\/2026\/02\/image-1-1024x341.png 1024w, https:\/\/media1.jensgustafsson.se\/2026\/02\/image-1-300x100.png 300w, https:\/\/media1.jensgustafsson.se\/2026\/02\/image-1-768x256.png 768w, https:\/\/media1.jensgustafsson.se\/2026\/02\/image-1-1536x511.png 1536w, https:\/\/media1.jensgustafsson.se\/2026\/02\/image-1-2048x681.png 2048w, https:\/\/media1.jensgustafsson.se\/2026\/02\/image-1-500x166.png 500w\" sizes=\"auto, (max-width: 1024px) 100vw, 1024px\" \/><\/figure>\n\n\n\n<p class=\"has-medium-font-size\"><em>Nedan ser vi en sammanfattning av lite temperaturdata m.m. fr\u00e5n loggen p\u00e5 min v\u00e4derstation under januari 2026<\/em>:<\/p>\n\n\n\n<p class=\"has-medium-font-size\"><em><strong>Temperatur (\u00b0C):<br \/>Medel (min+max): -3,1<br \/>Medelminimum: -4,9<br \/>Medelmaximum: -1,3<br \/>Minimum: -15,7 den 7:e januari<br \/>Maximum: +3 den 1:e januari<br \/>H\u00f6gsta minimum: 1,3 den 17:e januari<br \/>L\u00e4gsta maximum: -5,3 den 7:e januari<br \/>Frostdygn: 5 ( mintemp. under 0\u00b0)<br \/>Isdygn: 22 (minusgrader hela dygnet)<\/strong><\/em><\/p>\n\n\n\n<p class=\"has-medium-font-size\"><\/p>\n\n\n\n<figure class=\"wp-block-image size-large\"><img loading=\"lazy\" decoding=\"async\" width=\"1024\" height=\"683\" src=\"https:\/\/media1.jensgustafsson.se\/2026\/02\/DSC_7711-1024x683.jpg\" alt=\"\" class=\"wp-image-38400\" srcset=\"https:\/\/media1.jensgustafsson.se\/2026\/02\/DSC_7711-1024x683.jpg 1024w, https:\/\/media1.jensgustafsson.se\/2026\/02\/DSC_7711-300x200.jpg 300w, https:\/\/media1.jensgustafsson.se\/2026\/02\/DSC_7711-768x512.jpg 768w, https:\/\/media1.jensgustafsson.se\/2026\/02\/DSC_7711-1536x1024.jpg 1536w, https:\/\/media1.jensgustafsson.se\/2026\/02\/DSC_7711-2048x1365.jpg 2048w, https:\/\/media1.jensgustafsson.se\/2026\/02\/DSC_7711-450x300.jpg 450w\" sizes=\"auto, (max-width: 1024px) 100vw, 1024px\" \/><figcaption class=\"wp-element-caption\"><strong><em>Den 5:e januari.<\/em><\/strong><\/figcaption><\/figure>\n\n\n\n<p class=\"has-medium-font-size\"><em><strong><br \/><\/strong><\/em><\/p>\n\n\n\n<p class=\"has-large-font-size\"><strong><em>Nederb\u00f6rden:<\/em><\/strong><\/p>\n\n\n\n<figure class=\"wp-block-image size-large\"><img loading=\"lazy\" decoding=\"async\" width=\"1024\" height=\"514\" src=\"https:\/\/media1.jensgustafsson.se\/2026\/02\/image-2-1024x514.png\" alt=\"\" class=\"wp-image-38392\" srcset=\"https:\/\/media1.jensgustafsson.se\/2026\/02\/image-2-1024x514.png 1024w, https:\/\/media1.jensgustafsson.se\/2026\/02\/image-2-300x151.png 300w, https:\/\/media1.jensgustafsson.se\/2026\/02\/image-2-768x386.png 768w, https:\/\/media1.jensgustafsson.se\/2026\/02\/image-2-1536x771.png 1536w, https:\/\/media1.jensgustafsson.se\/2026\/02\/image-2-500x251.png 500w, https:\/\/media1.jensgustafsson.se\/2026\/02\/image-2.png 1589w\" sizes=\"auto, (max-width: 1024px) 100vw, 1024px\" \/><\/figure>\n\n\n\n<p class=\"has-medium-font-size\"><em>Nederb\u00f6rden har varit riklig. Vi fick totalt 63 millimeter i sm\u00e4lt form, och det motsvarar 185% av den normala januarinederb\u00f6rden. Den 3:e januari hade vi ett riktigt sn\u00f6igt dygn, med stora m\u00e4ngder som f\u00f6ll. Vi har haft 30 dagar med m\u00e4tbart sn\u00f6djup, och det \u00e4r v\u00e4ldigt ovanligt numera i januari. Det st\u00f6rsta sn\u00f6djupet som jag m\u00e4tt upp under m\u00e5naden \u00e4r 44 centimeter. Det \u00e4r ocks\u00e5 ovanligt med ett s\u00e5dant sn\u00f6djup.<\/em><\/p>\n\n\n\n<p class=\"has-medium-font-size\">I&nbsp;<em>diagrammet nedanf\u00f6r visar jag nederb\u00f6rdsm\u00e4ngderna i januari i respektive \u00e5r, i perioden 1991-2026:<\/em><\/p>\n\n\n\n<figure class=\"wp-block-image size-large\"><img loading=\"lazy\" decoding=\"async\" width=\"1024\" height=\"421\" src=\"https:\/\/media1.jensgustafsson.se\/2026\/02\/image-3-1024x421.png\" alt=\"\" class=\"wp-image-38394\" srcset=\"https:\/\/media1.jensgustafsson.se\/2026\/02\/image-3-1024x421.png 1024w, https:\/\/media1.jensgustafsson.se\/2026\/02\/image-3-300x123.png 300w, https:\/\/media1.jensgustafsson.se\/2026\/02\/image-3-768x316.png 768w, https:\/\/media1.jensgustafsson.se\/2026\/02\/image-3-1536x632.png 1536w, https:\/\/media1.jensgustafsson.se\/2026\/02\/image-3-2048x842.png 2048w, https:\/\/media1.jensgustafsson.se\/2026\/02\/image-3-500x206.png 500w\" sizes=\"auto, (max-width: 1024px) 100vw, 1024px\" \/><\/figure>\n\n\n\n<figure class=\"wp-block-image size-large\"><img loading=\"lazy\" decoding=\"async\" width=\"1024\" height=\"711\" src=\"https:\/\/media1.jensgustafsson.se\/2026\/02\/DSC_7730-1024x711.jpg\" alt=\"\" class=\"wp-image-38401\" srcset=\"https:\/\/media1.jensgustafsson.se\/2026\/02\/DSC_7730-1024x711.jpg 1024w, https:\/\/media1.jensgustafsson.se\/2026\/02\/DSC_7730-300x208.jpg 300w, https:\/\/media1.jensgustafsson.se\/2026\/02\/DSC_7730-768x533.jpg 768w, https:\/\/media1.jensgustafsson.se\/2026\/02\/DSC_7730-1536x1066.jpg 1536w, https:\/\/media1.jensgustafsson.se\/2026\/02\/DSC_7730-2048x1422.jpg 2048w, https:\/\/media1.jensgustafsson.se\/2026\/02\/DSC_7730-432x300.jpg 432w\" sizes=\"auto, (max-width: 1024px) 100vw, 1024px\" \/><figcaption class=\"wp-element-caption\"><strong><em>Den 5:e januari.<\/em><\/strong><\/figcaption><\/figure>\n\n\n\n<p class=\"has-large-font-size\"><em><strong>Vindriktningar<\/strong><\/em>:<\/p>\n\n\n\n<figure class=\"wp-block-image size-large\"><img loading=\"lazy\" decoding=\"async\" width=\"1024\" height=\"367\" src=\"https:\/\/media1.jensgustafsson.se\/2026\/02\/image-4-1024x367.png\" alt=\"\" class=\"wp-image-38395\" srcset=\"https:\/\/media1.jensgustafsson.se\/2026\/02\/image-4-1024x367.png 1024w, https:\/\/media1.jensgustafsson.se\/2026\/02\/image-4-300x108.png 300w, https:\/\/media1.jensgustafsson.se\/2026\/02\/image-4-768x275.png 768w, https:\/\/media1.jensgustafsson.se\/2026\/02\/image-4-1536x551.png 1536w, https:\/\/media1.jensgustafsson.se\/2026\/02\/image-4-500x179.png 500w, https:\/\/media1.jensgustafsson.se\/2026\/02\/image-4.png 1607w\" sizes=\"auto, (max-width: 1024px) 100vw, 1024px\" \/><\/figure>\n\n\n\n<p class=\"has-medium-font-size\"><em><\/em><em>Diagrammet ovanf\u00f6r visar vindriktningarna i januari. Som vi ser har vindriktningen dominerats av nordost-ost-sydostvindar. Den genomsnittliga maxvinden i m\u00e5naden blev 6 m\/s.<\/em><\/p>\n\n\n\n<figure class=\"wp-block-image size-large\"><img loading=\"lazy\" decoding=\"async\" width=\"1024\" height=\"683\" src=\"https:\/\/media1.jensgustafsson.se\/2026\/02\/DSC_7743-1024x683.jpg\" alt=\"\" class=\"wp-image-38402\" srcset=\"https:\/\/media1.jensgustafsson.se\/2026\/02\/DSC_7743-1024x683.jpg 1024w, https:\/\/media1.jensgustafsson.se\/2026\/02\/DSC_7743-300x200.jpg 300w, https:\/\/media1.jensgustafsson.se\/2026\/02\/DSC_7743-768x512.jpg 768w, https:\/\/media1.jensgustafsson.se\/2026\/02\/DSC_7743-1536x1024.jpg 1536w, https:\/\/media1.jensgustafsson.se\/2026\/02\/DSC_7743-2048x1365.jpg 2048w, https:\/\/media1.jensgustafsson.se\/2026\/02\/DSC_7743-450x300.jpg 450w\" sizes=\"auto, (max-width: 1024px) 100vw, 1024px\" \/><figcaption class=\"wp-element-caption\"><strong><em>Den 8:e januari.<\/em><\/strong><\/figcaption><\/figure>\n\n\n\n<p class=\"has-medium-font-size\"><em>Nu g\u00e5r vi in i februari, tredje och sista kalendariska vinterm\u00e5naden f\u00f6r detta \u00e5r. Kylan ser ut att h\u00e5lla sitt grepp om oss ett bra tag till, s\u00e5 det blir intressant att f\u00f6lja utvecklingen fram\u00f6ver.<\/em><\/p>\n\n\n\n<figure class=\"wp-block-image size-large\"><img loading=\"lazy\" decoding=\"async\" width=\"1024\" height=\"683\" src=\"https:\/\/media1.jensgustafsson.se\/2026\/02\/DSC_7854-1024x683.jpg\" alt=\"\" class=\"wp-image-38403\" srcset=\"https:\/\/media1.jensgustafsson.se\/2026\/02\/DSC_7854-1024x683.jpg 1024w, https:\/\/media1.jensgustafsson.se\/2026\/02\/DSC_7854-300x200.jpg 300w, https:\/\/media1.jensgustafsson.se\/2026\/02\/DSC_7854-768x512.jpg 768w, https:\/\/media1.jensgustafsson.se\/2026\/02\/DSC_7854-1536x1024.jpg 1536w, https:\/\/media1.jensgustafsson.se\/2026\/02\/DSC_7854-2048x1365.jpg 2048w, https:\/\/media1.jensgustafsson.se\/2026\/02\/DSC_7854-450x300.jpg 450w\" sizes=\"auto, (max-width: 1024px) 100vw, 1024px\" \/><figcaption class=\"wp-element-caption\"><strong><em>Den 28:e januari.<\/em><\/strong><\/figcaption><\/figure>\n","protected":false},"excerpt":{"rendered":"<p>H\u00e4r kommer sammanfattningen av v\u00e4dret i januari 2026. V\u00e4derdata f\u00f6r \u00e5rets januarim\u00e5nad \u00e4r h\u00e4mtade fr\u00e5n min privata v\u00e4derstation h\u00e4r i F\u00e5gelfors. Statistiken som jag anv\u00e4nder och j\u00e4mf\u00f6r mot, \u00e4r h\u00e4mtad fr\u00e5n SMHI:s n\u00e4rmaste m\u00e4tstationer Blankastr\u00f6m, och Drageryd f\u00f6r \u00e5ren 1931-2012. &hellip; <a href=\"https:\/\/jensgustafsson.se\/?page_id=38387\">Forts\u00e4tt l\u00e4sa <span class=\"meta-nav\">&rarr;<\/span><\/a><\/p>\n","protected":false},"author":1,"featured_media":38397,"parent":38385,"menu_order":1,"comment_status":"closed","ping_status":"closed","template":"","meta":{"footnotes":""},"class_list":["post-38387","page","type-page","status-publish","has-post-thumbnail","hentry"],"_links":{"self":[{"href":"https:\/\/jensgustafsson.se\/index.php?rest_route=\/wp\/v2\/pages\/38387","targetHints":{"allow":["GET"]}}],"collection":[{"href":"https:\/\/jensgustafsson.se\/index.php?rest_route=\/wp\/v2\/pages"}],"about":[{"href":"https:\/\/jensgustafsson.se\/index.php?rest_route=\/wp\/v2\/types\/page"}],"author":[{"embeddable":true,"href":"https:\/\/jensgustafsson.se\/index.php?rest_route=\/wp\/v2\/users\/1"}],"replies":[{"embeddable":true,"href":"https:\/\/jensgustafsson.se\/index.php?rest_route=%2Fwp%2Fv2%2Fcomments&post=38387"}],"version-history":[{"count":8,"href":"https:\/\/jensgustafsson.se\/index.php?rest_route=\/wp\/v2\/pages\/38387\/revisions"}],"predecessor-version":[{"id":38493,"href":"https:\/\/jensgustafsson.se\/index.php?rest_route=\/wp\/v2\/pages\/38387\/revisions\/38493"}],"up":[{"embeddable":true,"href":"https:\/\/jensgustafsson.se\/index.php?rest_route=\/wp\/v2\/pages\/38385"}],"wp:featuredmedia":[{"embeddable":true,"href":"https:\/\/jensgustafsson.se\/index.php?rest_route=\/wp\/v2\/media\/38397"}],"wp:attachment":[{"href":"https:\/\/jensgustafsson.se\/index.php?rest_route=%2Fwp%2Fv2%2Fmedia&parent=38387"}],"curies":[{"name":"wp","href":"https:\/\/api.w.org\/{rel}","templated":true}]}}