{"id":38632,"date":"2026-03-01T08:27:00","date_gmt":"2026-03-01T07:27:00","guid":{"rendered":"https:\/\/jensgustafsson.se\/?page_id=38632"},"modified":"2026-03-01T08:27:00","modified_gmt":"2026-03-01T07:27:00","slug":"februari-2026","status":"publish","type":"page","link":"https:\/\/jensgustafsson.se\/?page_id=38632","title":{"rendered":"Februari 2026."},"content":{"rendered":"\n<p class=\"has-medium-font-size\"><em>H\u00e4r kommer sammanfattningen av v\u00e4dret i februari 2026. V\u00e4derdata f\u00f6r \u00e5rets februarim\u00e5nad \u00e4r h\u00e4mtade fr\u00e5n min privata v\u00e4derstation h\u00e4r i F\u00e5gelfors. Statistiken som jag anv\u00e4nder och j\u00e4mf\u00f6r mot, \u00e4r h\u00e4mtad fr\u00e5n SMHI:s n\u00e4rmaste m\u00e4tstationer Blankastr\u00f6m, och Drageryd f\u00f6r \u00e5ren 1931-2012. Fr\u00e5n 2013 och fram\u00e5t \u00e4r det min egna, privata v\u00e4derstation som levererar siffrorna. Nuvarande \u201dnormalperiod\u201d som anv\u00e4nds att j\u00e4mf\u00f6ra februari 2026 mot, \u00e4r \u00e5ren 1991-2020. D\u00e4r jag anv\u00e4nder ordet \u201dnormalt\u201d i texterna h\u00e4r, menas allts\u00e5 d\u00e5 medeltalen f\u00f6r referensperioden 1991-2020.<\/em><\/p>\n\n\n\n<figure class=\"wp-block-image size-large\"><img loading=\"lazy\" decoding=\"async\" width=\"1024\" height=\"651\" src=\"https:\/\/media1.jensgustafsson.se\/2026\/03\/DSC_7950-1024x651.jpg\" alt=\"\" class=\"wp-image-38636\" srcset=\"https:\/\/media1.jensgustafsson.se\/2026\/03\/DSC_7950-1024x651.jpg 1024w, https:\/\/media1.jensgustafsson.se\/2026\/03\/DSC_7950-300x191.jpg 300w, https:\/\/media1.jensgustafsson.se\/2026\/03\/DSC_7950-768x489.jpg 768w, https:\/\/media1.jensgustafsson.se\/2026\/03\/DSC_7950-1536x977.jpg 1536w, https:\/\/media1.jensgustafsson.se\/2026\/03\/DSC_7950-2048x1303.jpg 2048w, https:\/\/media1.jensgustafsson.se\/2026\/03\/DSC_7950-472x300.jpg 472w\" sizes=\"auto, (max-width: 1024px) 100vw, 1024px\" \/><figcaption class=\"wp-element-caption\"><strong><em>Forsaryd den 9:e februari.<\/em><\/strong><\/figcaption><\/figure>\n\n\n\n<p class=\"has-large-font-size\"><em><strong>Temperaturen:<\/strong><\/em><\/p>\n\n\n\n<figure class=\"wp-block-image size-large\"><img loading=\"lazy\" decoding=\"async\" width=\"1024\" height=\"430\" src=\"https:\/\/media1.jensgustafsson.se\/2026\/03\/image-1024x430.png\" alt=\"\" class=\"wp-image-38637\" srcset=\"https:\/\/media1.jensgustafsson.se\/2026\/03\/image-1024x430.png 1024w, https:\/\/media1.jensgustafsson.se\/2026\/03\/image-300x126.png 300w, https:\/\/media1.jensgustafsson.se\/2026\/03\/image-768x322.png 768w, https:\/\/media1.jensgustafsson.se\/2026\/03\/image-1536x645.png 1536w, https:\/\/media1.jensgustafsson.se\/2026\/03\/image-500x210.png 500w, https:\/\/media1.jensgustafsson.se\/2026\/03\/image.png 1935w\" sizes=\"auto, (max-width: 1024px) 100vw, 1024px\" \/><\/figure>\n\n\n\n<p class=\"has-medium-font-size\"><em>\u00c5rets februari blev en kall m\u00e5nad. M\u00e5nadens medeltemperatur blev <strong>-3,2 grader<\/strong>, och det \u00e4r <strong>2,5 grader kallare <\/strong>j\u00e4mf\u00f6rt mot normalt. Senast vi hade en s\u00e5dan kall februari var \u00e5r 2012. Vi har haft ovanligt m\u00e5nga isdygn (minusgrader hela dygnet), hela 19 dygn blev det, och de kom ocks\u00e5 i f\u00f6ljd. Den 20:e v\u00e4nde det mot lite mildare v\u00e4der, som vi ser i temperaturdiagrammet.<\/em><\/p>\n\n\n\n<p class=\"has-medium-font-size\"><em>Jag visar i diagrammet nedanf\u00f6r h\u00e4r hur februari sett ut genom \u00e5ren 1991-2026:<\/em><\/p>\n\n\n\n<figure class=\"wp-block-image size-large\"><img loading=\"lazy\" decoding=\"async\" width=\"1024\" height=\"368\" src=\"https:\/\/media1.jensgustafsson.se\/2026\/03\/image-1-1024x368.png\" alt=\"\" class=\"wp-image-38639\" srcset=\"https:\/\/media1.jensgustafsson.se\/2026\/03\/image-1-1024x368.png 1024w, https:\/\/media1.jensgustafsson.se\/2026\/03\/image-1-300x108.png 300w, https:\/\/media1.jensgustafsson.se\/2026\/03\/image-1-768x276.png 768w, https:\/\/media1.jensgustafsson.se\/2026\/03\/image-1-1536x552.png 1536w, https:\/\/media1.jensgustafsson.se\/2026\/03\/image-1-2048x736.png 2048w, https:\/\/media1.jensgustafsson.se\/2026\/03\/image-1-500x180.png 500w\" sizes=\"auto, (max-width: 1024px) 100vw, 1024px\" \/><\/figure>\n\n\n\n<p class=\"has-medium-font-size\"><em>Nedan ser vi en sammanfattning av lite temperaturdata m.m. fr\u00e5n loggen p\u00e5 min v\u00e4derstation under januari 2026<\/em>:<\/p>\n\n\n\n<p class=\"has-medium-font-size\"><strong><em>Temperatur (\u00b0C):<br \/>Medel (min+max): -3,2<br \/>Medelminimum: -6,5<br \/>Medelmaximum: 0,1<br \/>Minimum: -21 den 16:e februari<br \/>Maximum: 9,1 den 27:e februari<br \/>H\u00f6gsta minimum: 5,1 den 27:e februari<br \/>L\u00e4gsta maximum: -4,3 den 2:e februari<br \/>Frostdygn: 6 ( mintemp. under 0\u00b0)<br \/>Isdygn: 19 (minusgrader hela dygnet)<\/em><\/strong><\/p>\n\n\n\n<p class=\"has-medium-font-size\"><\/p>\n\n\n\n<figure class=\"wp-block-image size-large\"><img loading=\"lazy\" decoding=\"async\" width=\"1024\" height=\"760\" src=\"https:\/\/media1.jensgustafsson.se\/2026\/03\/DSC_8035-1024x760.jpg\" alt=\"\" class=\"wp-image-38641\" srcset=\"https:\/\/media1.jensgustafsson.se\/2026\/03\/DSC_8035-1024x760.jpg 1024w, https:\/\/media1.jensgustafsson.se\/2026\/03\/DSC_8035-300x223.jpg 300w, https:\/\/media1.jensgustafsson.se\/2026\/03\/DSC_8035-768x570.jpg 768w, https:\/\/media1.jensgustafsson.se\/2026\/03\/DSC_8035-1536x1141.jpg 1536w, https:\/\/media1.jensgustafsson.se\/2026\/03\/DSC_8035-2048x1521.jpg 2048w, https:\/\/media1.jensgustafsson.se\/2026\/03\/DSC_8035-404x300.jpg 404w\" sizes=\"auto, (max-width: 1024px) 100vw, 1024px\" \/><figcaption class=\"wp-element-caption\"><strong><em>Byv\u00e4gen i Lilla Klobo den 15:e februari.<\/em><\/strong><\/figcaption><\/figure>\n\n\n\n<p class=\"has-large-font-size\"><strong><em>Nederb\u00f6rden:<\/em><\/strong><\/p>\n\n\n\n<p class=\"has-medium-font-size\"><\/p>\n\n\n\n<figure class=\"wp-block-image size-large\"><img loading=\"lazy\" decoding=\"async\" width=\"1024\" height=\"512\" src=\"https:\/\/media1.jensgustafsson.se\/2026\/03\/image-4-1024x512.png\" alt=\"\" class=\"wp-image-38645\" srcset=\"https:\/\/media1.jensgustafsson.se\/2026\/03\/image-4-1024x512.png 1024w, https:\/\/media1.jensgustafsson.se\/2026\/03\/image-4-300x150.png 300w, https:\/\/media1.jensgustafsson.se\/2026\/03\/image-4-768x384.png 768w, https:\/\/media1.jensgustafsson.se\/2026\/03\/image-4-1536x768.png 1536w, https:\/\/media1.jensgustafsson.se\/2026\/03\/image-4-500x250.png 500w, https:\/\/media1.jensgustafsson.se\/2026\/03\/image-4.png 1589w\" sizes=\"auto, (max-width: 1024px) 100vw, 1024px\" \/><\/figure>\n\n\n\n<p class=\"has-medium-font-size\"><em>M\u00e5naden har varit relativt nederb\u00f6rdsfattig. Vi har f\u00e5tt 18 millimeter i sm\u00e4lt form totalt, och det \u00e4r 55% av den normala februarinederb\u00f6rden. Vi har haft m\u00e4tbart sn\u00f6t\u00e4cke alla 28 dagarna i februari, och det \u00e4r v\u00e4ldigt ovanligt nu f\u00f6r tiden. Det mesta sn\u00f6djupet som jag m\u00e4tt i m\u00e5naden \u00e4r 22 centimeter.<\/em><\/p>\n\n\n\n<p class=\"has-medium-font-size\">I\u00a0<em>diagrammet nedanf\u00f6r visar jag nederb\u00f6rdsm\u00e4ngderna f\u00f6r februari i respektive \u00e5r, under perioden 1991-2026:<\/em><\/p>\n\n\n\n<p class=\"has-medium-font-size\"><\/p>\n\n\n\n<figure class=\"wp-block-image size-large\"><img loading=\"lazy\" decoding=\"async\" width=\"1024\" height=\"369\" src=\"https:\/\/media1.jensgustafsson.se\/2026\/03\/image-5-1024x369.png\" alt=\"\" class=\"wp-image-38650\" srcset=\"https:\/\/media1.jensgustafsson.se\/2026\/03\/image-5-1024x369.png 1024w, https:\/\/media1.jensgustafsson.se\/2026\/03\/image-5-300x108.png 300w, https:\/\/media1.jensgustafsson.se\/2026\/03\/image-5-768x277.png 768w, https:\/\/media1.jensgustafsson.se\/2026\/03\/image-5-1536x554.png 1536w, https:\/\/media1.jensgustafsson.se\/2026\/03\/image-5-2048x738.png 2048w, https:\/\/media1.jensgustafsson.se\/2026\/03\/image-5-500x180.png 500w\" sizes=\"auto, (max-width: 1024px) 100vw, 1024px\" \/><\/figure>\n\n\n\n<p class=\"has-medium-font-size\"><\/p>\n\n\n\n<figure class=\"wp-block-image size-large\"><img loading=\"lazy\" decoding=\"async\" width=\"1024\" height=\"683\" src=\"https:\/\/media1.jensgustafsson.se\/2026\/03\/DSC_8084-1024x683.jpg\" alt=\"\" class=\"wp-image-38652\" srcset=\"https:\/\/media1.jensgustafsson.se\/2026\/03\/DSC_8084-1024x683.jpg 1024w, https:\/\/media1.jensgustafsson.se\/2026\/03\/DSC_8084-300x200.jpg 300w, https:\/\/media1.jensgustafsson.se\/2026\/03\/DSC_8084-768x512.jpg 768w, https:\/\/media1.jensgustafsson.se\/2026\/03\/DSC_8084-1536x1024.jpg 1536w, https:\/\/media1.jensgustafsson.se\/2026\/03\/DSC_8084-2048x1365.jpg 2048w, https:\/\/media1.jensgustafsson.se\/2026\/03\/DSC_8084-450x300.jpg 450w\" sizes=\"auto, (max-width: 1024px) 100vw, 1024px\" \/><figcaption class=\"wp-element-caption\"><strong><em>Vecklevad den 22:e februari.<\/em><\/strong><\/figcaption><\/figure>\n\n\n\n<p class=\"has-large-font-size\"><em><strong>Vindriktningar<\/strong><\/em>:<\/p>\n\n\n\n<p class=\"has-medium-font-size\"><\/p>\n\n\n\n<figure class=\"wp-block-image size-large\"><img loading=\"lazy\" decoding=\"async\" width=\"1024\" height=\"365\" src=\"https:\/\/media1.jensgustafsson.se\/2026\/03\/image-6-1024x365.png\" alt=\"\" class=\"wp-image-38653\" srcset=\"https:\/\/media1.jensgustafsson.se\/2026\/03\/image-6-1024x365.png 1024w, https:\/\/media1.jensgustafsson.se\/2026\/03\/image-6-300x107.png 300w, https:\/\/media1.jensgustafsson.se\/2026\/03\/image-6-768x274.png 768w, https:\/\/media1.jensgustafsson.se\/2026\/03\/image-6-1536x548.png 1536w, https:\/\/media1.jensgustafsson.se\/2026\/03\/image-6-500x178.png 500w, https:\/\/media1.jensgustafsson.se\/2026\/03\/image-6.png 1607w\" sizes=\"auto, (max-width: 1024px) 100vw, 1024px\" \/><\/figure>\n\n\n\n<p class=\"has-medium-font-size\"><em>Diagrammet ovanf\u00f6r visar vindriktningarna i februari. Som vi ser har vindarna kommit \u00f6verv\u00e4gande fr\u00e5n riktningen d\u00e4r ostlig varit inblandad. I slutet p\u00e5 m\u00e5naden v\u00e4nde den \u00e4ntligen mot den v\u00e4stra sidan, som hade med sig mildare luft. Den genomsnittliga maxvinden i m\u00e5naden blev 6,4 m\/s.<\/em><\/p>\n\n\n\n<figure class=\"wp-block-image size-large\"><img loading=\"lazy\" decoding=\"async\" width=\"1024\" height=\"579\" src=\"https:\/\/media1.jensgustafsson.se\/2026\/03\/DSC_8130-1024x579.jpg\" alt=\"\" class=\"wp-image-38654\" srcset=\"https:\/\/media1.jensgustafsson.se\/2026\/03\/DSC_8130-1024x579.jpg 1024w, https:\/\/media1.jensgustafsson.se\/2026\/03\/DSC_8130-300x170.jpg 300w, https:\/\/media1.jensgustafsson.se\/2026\/03\/DSC_8130-768x434.jpg 768w, https:\/\/media1.jensgustafsson.se\/2026\/03\/DSC_8130-1536x868.jpg 1536w, https:\/\/media1.jensgustafsson.se\/2026\/03\/DSC_8130-2048x1158.jpg 2048w, https:\/\/media1.jensgustafsson.se\/2026\/03\/DSC_8130-500x283.jpg 500w\" sizes=\"auto, (max-width: 1024px) 100vw, 1024px\" \/><figcaption class=\"wp-element-caption\"><strong><em>Kyrkan inb\u00e4ddad i dimma d\u00e4r bakom \u00e5kern den 28:e februari.<\/em><\/strong><\/figcaption><\/figure>\n\n\n\n<p class=\"has-medium-font-size\"><em>N\u00e4r jag skriver detta inl\u00e4gg \u00e4r det s\u00f6ndag morgon, den 1:e mars, och vi har p\u00e5b\u00f6rjat f\u00f6rsta dagen i f\u00f6rsta v\u00e5rm\u00e5naden. Vi l\u00e4gger vintern 2025\/26 bakom oss, och den kommer jag att sammanfatta i ett s\u00e4rskilt inl\u00e4gg inom kort. <\/em><\/p>\n","protected":false},"excerpt":{"rendered":"<p>H\u00e4r kommer sammanfattningen av v\u00e4dret i februari 2026. V\u00e4derdata f\u00f6r \u00e5rets februarim\u00e5nad \u00e4r h\u00e4mtade fr\u00e5n min privata v\u00e4derstation h\u00e4r i F\u00e5gelfors. Statistiken som jag anv\u00e4nder och j\u00e4mf\u00f6r mot, \u00e4r h\u00e4mtad fr\u00e5n SMHI:s n\u00e4rmaste m\u00e4tstationer Blankastr\u00f6m, och Drageryd f\u00f6r \u00e5ren 1931-2012. &hellip; <a href=\"https:\/\/jensgustafsson.se\/?page_id=38632\">Forts\u00e4tt l\u00e4sa <span class=\"meta-nav\">&rarr;<\/span><\/a><\/p>\n","protected":false},"author":1,"featured_media":38633,"parent":38385,"menu_order":2,"comment_status":"open","ping_status":"closed","template":"","meta":{"footnotes":""},"class_list":["post-38632","page","type-page","status-publish","has-post-thumbnail","hentry"],"_links":{"self":[{"href":"https:\/\/jensgustafsson.se\/index.php?rest_route=\/wp\/v2\/pages\/38632","targetHints":{"allow":["GET"]}}],"collection":[{"href":"https:\/\/jensgustafsson.se\/index.php?rest_route=\/wp\/v2\/pages"}],"about":[{"href":"https:\/\/jensgustafsson.se\/index.php?rest_route=\/wp\/v2\/types\/page"}],"author":[{"embeddable":true,"href":"https:\/\/jensgustafsson.se\/index.php?rest_route=\/wp\/v2\/users\/1"}],"replies":[{"embeddable":true,"href":"https:\/\/jensgustafsson.se\/index.php?rest_route=%2Fwp%2Fv2%2Fcomments&post=38632"}],"version-history":[{"count":12,"href":"https:\/\/jensgustafsson.se\/index.php?rest_route=\/wp\/v2\/pages\/38632\/revisions"}],"predecessor-version":[{"id":38656,"href":"https:\/\/jensgustafsson.se\/index.php?rest_route=\/wp\/v2\/pages\/38632\/revisions\/38656"}],"up":[{"embeddable":true,"href":"https:\/\/jensgustafsson.se\/index.php?rest_route=\/wp\/v2\/pages\/38385"}],"wp:featuredmedia":[{"embeddable":true,"href":"https:\/\/jensgustafsson.se\/index.php?rest_route=\/wp\/v2\/media\/38633"}],"wp:attachment":[{"href":"https:\/\/jensgustafsson.se\/index.php?rest_route=%2Fwp%2Fv2%2Fmedia&parent=38632"}],"curies":[{"name":"wp","href":"https:\/\/api.w.org\/{rel}","templated":true}]}}