{"id":38930,"date":"2026-04-01T05:13:51","date_gmt":"2026-04-01T04:13:51","guid":{"rendered":"https:\/\/jensgustafsson.se\/?page_id=38930"},"modified":"2026-04-01T06:09:44","modified_gmt":"2026-04-01T05:09:44","slug":"mars-2026","status":"publish","type":"page","link":"https:\/\/jensgustafsson.se\/?page_id=38930","title":{"rendered":"Mars 2026."},"content":{"rendered":"\n<p class=\"has-medium-font-size\"><em>H\u00e4r kommer sammanfattningen av v\u00e4dret i mars 2026. V\u00e4derdata f\u00f6r \u00e5rets marsm\u00e5nad \u00e4r h\u00e4mtade fr\u00e5n min privata v\u00e4derstation h\u00e4r i F\u00e5gelfors. Statistiken som jag anv\u00e4nder och j\u00e4mf\u00f6r mot, \u00e4r h\u00e4mtad fr\u00e5n SMHI:s n\u00e4rmaste m\u00e4tstationer Blankastr\u00f6m, och Drageryd f\u00f6r \u00e5ren 1931-2012. Fr\u00e5n 2013 och fram\u00e5t \u00e4r det min egna, privata v\u00e4derstation som levererar siffrorna. Nuvarande \u201dnormalperiod\u201d som anv\u00e4nds att j\u00e4mf\u00f6ra mars 2026 mot, \u00e4r \u00e5ren 1991-2020. D\u00e4r jag anv\u00e4nder ordet \u201dnormalt\u201d i texterna h\u00e4r, menas allts\u00e5 d\u00e5 medeltalen f\u00f6r referensperioden 1991-2020.<\/em><\/p>\n\n\n\n<figure class=\"wp-block-image size-large\"><img loading=\"lazy\" decoding=\"async\" width=\"1024\" height=\"701\" src=\"https:\/\/media1.jensgustafsson.se\/2026\/03\/DSC_8259-1-1024x701.jpg\" alt=\"\" class=\"wp-image-38933\" srcset=\"https:\/\/media1.jensgustafsson.se\/2026\/03\/DSC_8259-1-1024x701.jpg 1024w, https:\/\/media1.jensgustafsson.se\/2026\/03\/DSC_8259-1-300x205.jpg 300w, https:\/\/media1.jensgustafsson.se\/2026\/03\/DSC_8259-1-768x526.jpg 768w, https:\/\/media1.jensgustafsson.se\/2026\/03\/DSC_8259-1-1536x1051.jpg 1536w, https:\/\/media1.jensgustafsson.se\/2026\/03\/DSC_8259-1-2048x1402.jpg 2048w, https:\/\/media1.jensgustafsson.se\/2026\/03\/DSC_8259-1-438x300.jpg 438w\" sizes=\"auto, (max-width: 1024px) 100vw, 1024px\" \/><figcaption class=\"wp-element-caption\"><strong><em>Sn\u00f6droppar den 7:e mars.<\/em><\/strong><\/figcaption><\/figure>\n\n\n\n<p class=\"has-large-font-size\"><em><strong>Temperaturen:<\/strong><\/em><\/p>\n\n\n\n<figure class=\"wp-block-image size-large\"><img loading=\"lazy\" decoding=\"async\" width=\"1024\" height=\"430\" src=\"https:\/\/media1.jensgustafsson.se\/2026\/04\/image-1024x430.png\" alt=\"\" class=\"wp-image-38935\" srcset=\"https:\/\/media1.jensgustafsson.se\/2026\/04\/image-1024x430.png 1024w, https:\/\/media1.jensgustafsson.se\/2026\/04\/image-300x126.png 300w, https:\/\/media1.jensgustafsson.se\/2026\/04\/image-768x323.png 768w, https:\/\/media1.jensgustafsson.se\/2026\/04\/image-1536x645.png 1536w, https:\/\/media1.jensgustafsson.se\/2026\/04\/image-500x210.png 500w, https:\/\/media1.jensgustafsson.se\/2026\/04\/image.png 1924w\" sizes=\"auto, (max-width: 1024px) 100vw, 1024px\" \/><\/figure>\n\n\n\n<p class=\"has-medium-font-size\"><em>Efter att \u00e5r 2026 startade med tv\u00e5 m\u00e5nader som var kallare \u00e4n normalt, s\u00e5 blev f\u00f6rsta v\u00e5rm\u00e5naden betydligt varmare j\u00e4mf\u00f6rt mot normalt. M\u00e5nadens medeltemperatur blev +5,1 grader, och det \u00e4r 3,4 grader varmare \u00e4n normalt.<\/em><\/p>\n\n\n\n<p class=\"has-medium-font-size\"><em>S\u00e5 varm marsm\u00e5nad har vi bara haft en g\u00e5ng tidigare genom \u00e5ren 1931-2026, och det var \u00e5r 1990. Det \u00e5ret var medeltemperaturen i mars +5,4 grader.<\/em><\/p>\n\n\n\n<p class=\"has-medium-font-size\"><em>Jag visar i diagrammet nedanf\u00f6r h\u00e4r hur mars sett ut genom \u00e5ren 1991-2026:<\/em><\/p>\n\n\n\n<figure class=\"wp-block-image size-large\"><img loading=\"lazy\" decoding=\"async\" width=\"1024\" height=\"364\" src=\"https:\/\/media1.jensgustafsson.se\/2026\/04\/image-1-1024x364.png\" alt=\"\" class=\"wp-image-38936\" srcset=\"https:\/\/media1.jensgustafsson.se\/2026\/04\/image-1-1024x364.png 1024w, https:\/\/media1.jensgustafsson.se\/2026\/04\/image-1-300x107.png 300w, https:\/\/media1.jensgustafsson.se\/2026\/04\/image-1-768x273.png 768w, https:\/\/media1.jensgustafsson.se\/2026\/04\/image-1-1536x545.png 1536w, https:\/\/media1.jensgustafsson.se\/2026\/04\/image-1-2048x727.png 2048w, https:\/\/media1.jensgustafsson.se\/2026\/04\/image-1-500x178.png 500w\" sizes=\"auto, (max-width: 1024px) 100vw, 1024px\" \/><\/figure>\n\n\n\n<p class=\"has-medium-font-size\"><em>Nedan ser vi en sammanfattning av lite temperaturdata m.m. fr\u00e5n loggen p\u00e5 min v\u00e4derstation under mars 2026<\/em>:<\/p>\n\n\n\n<p class=\"has-medium-font-size\"><em><strong>Temperatur (\u00b0C):<br \/>Medel (min+max): 5,1<br \/>Medelminimum: -0,4<br \/>Medelmaximum: 10,8<br \/>Minimum: -5,2 den 6:e mars<br \/>Maximum: 15,1 den 9:e mars<br \/>H\u00f6gsta minimum: 5,9 den 25:e mars<br \/>L\u00e4gsta maximum: 4,6 den 14:e mars<br \/>Frostdygn: 18 dygn ( mintemp. under 0\u00b0)<br \/>Isdygn: 0 dygn ( temperaturen under 0\u00b0 hela dygnet)<br \/>Markfrost: 3 dygn (mintemp. \u00f6ver 0\u00b0, men frost p\u00e5 marken)<\/strong><\/em><\/p>\n\n\n\n<figure class=\"wp-block-image size-large\"><img loading=\"lazy\" decoding=\"async\" width=\"1024\" height=\"606\" src=\"https:\/\/media1.jensgustafsson.se\/2026\/04\/DSC_8318-1024x606.jpg\" alt=\"\" class=\"wp-image-38939\" srcset=\"https:\/\/media1.jensgustafsson.se\/2026\/04\/DSC_8318-1024x606.jpg 1024w, https:\/\/media1.jensgustafsson.se\/2026\/04\/DSC_8318-300x178.jpg 300w, https:\/\/media1.jensgustafsson.se\/2026\/04\/DSC_8318-768x455.jpg 768w, https:\/\/media1.jensgustafsson.se\/2026\/04\/DSC_8318-1536x910.jpg 1536w, https:\/\/media1.jensgustafsson.se\/2026\/04\/DSC_8318-2048x1213.jpg 2048w, https:\/\/media1.jensgustafsson.se\/2026\/04\/DSC_8318-500x296.jpg 500w\" sizes=\"auto, (max-width: 1024px) 100vw, 1024px\" \/><figcaption class=\"wp-element-caption\"><strong><em>Den 12:e mars fotograferade jag de f\u00f6rsta tranorna f\u00f6r i \u00e5r.<\/em><\/strong><\/figcaption><\/figure>\n\n\n\n<p class=\"has-large-font-size\"><strong><em>Nederb\u00f6rden:<\/em><\/strong><\/p>\n\n\n\n<p class=\"has-medium-font-size\"><em>Nederb\u00f6rd har vi f\u00e5tt 27 millimeter i mars. Det motsvarar 104% av den normala m\u00e5nadsnederb\u00f6rden, s\u00e5 det blev s\u00e5 n\u00e4ra normalt man kan komma<\/em>:<\/p>\n\n\n\n<figure class=\"wp-block-image size-large\"><img loading=\"lazy\" decoding=\"async\" width=\"1024\" height=\"524\" src=\"https:\/\/media1.jensgustafsson.se\/2026\/04\/image-2-1024x524.png\" alt=\"\" class=\"wp-image-38940\" srcset=\"https:\/\/media1.jensgustafsson.se\/2026\/04\/image-2-1024x524.png 1024w, https:\/\/media1.jensgustafsson.se\/2026\/04\/image-2-300x154.png 300w, https:\/\/media1.jensgustafsson.se\/2026\/04\/image-2-768x393.png 768w, https:\/\/media1.jensgustafsson.se\/2026\/04\/image-2-1536x786.png 1536w, https:\/\/media1.jensgustafsson.se\/2026\/04\/image-2-500x256.png 500w, https:\/\/media1.jensgustafsson.se\/2026\/04\/image-2.png 1561w\" sizes=\"auto, (max-width: 1024px) 100vw, 1024px\" \/><\/figure>\n\n\n\n<p class=\"has-medium-font-size\"><em>N\u00e5got m\u00e4tbart sn\u00f6djup har vi inte haft i mars. I b\u00f6rjan p\u00e5 m\u00e5naden, s\u00e5 fanns det lite sn\u00f6fl\u00e4ckar h\u00e4r och d\u00e4r, men inget sammanh\u00e4ngande sn\u00f6t\u00e4cke.<\/em><\/p>\n\n\n\n<p class=\"has-medium-font-size\">I&nbsp;<em>diagrammet nedanf\u00f6r visar jag nederb\u00f6rdsm\u00e4ngderna f\u00f6r mars i respektive \u00e5r, under perioden 1991-2026:<\/em><\/p>\n\n\n\n<figure class=\"wp-block-image size-large\"><img loading=\"lazy\" decoding=\"async\" width=\"1024\" height=\"379\" src=\"https:\/\/media1.jensgustafsson.se\/2026\/04\/image-3-1024x379.png\" alt=\"\" class=\"wp-image-38942\" srcset=\"https:\/\/media1.jensgustafsson.se\/2026\/04\/image-3-1024x379.png 1024w, https:\/\/media1.jensgustafsson.se\/2026\/04\/image-3-300x111.png 300w, https:\/\/media1.jensgustafsson.se\/2026\/04\/image-3-768x284.png 768w, https:\/\/media1.jensgustafsson.se\/2026\/04\/image-3-1536x569.png 1536w, https:\/\/media1.jensgustafsson.se\/2026\/04\/image-3-2048x758.png 2048w, https:\/\/media1.jensgustafsson.se\/2026\/04\/image-3-500x185.png 500w\" sizes=\"auto, (max-width: 1024px) 100vw, 1024px\" \/><\/figure>\n\n\n\n<figure class=\"wp-block-image size-large\"><img loading=\"lazy\" decoding=\"async\" width=\"1024\" height=\"683\" src=\"https:\/\/media1.jensgustafsson.se\/2026\/04\/DSC_8499-1024x683.jpg\" alt=\"\" class=\"wp-image-38941\" srcset=\"https:\/\/media1.jensgustafsson.se\/2026\/04\/DSC_8499-1024x683.jpg 1024w, https:\/\/media1.jensgustafsson.se\/2026\/04\/DSC_8499-300x200.jpg 300w, https:\/\/media1.jensgustafsson.se\/2026\/04\/DSC_8499-768x512.jpg 768w, https:\/\/media1.jensgustafsson.se\/2026\/04\/DSC_8499-1536x1024.jpg 1536w, https:\/\/media1.jensgustafsson.se\/2026\/04\/DSC_8499-2048x1365.jpg 2048w, https:\/\/media1.jensgustafsson.se\/2026\/04\/DSC_8499-450x300.jpg 450w\" sizes=\"auto, (max-width: 1024px) 100vw, 1024px\" \/><figcaption class=\"wp-element-caption\"><strong><em>Den 20:e mars vid \u00c4lmten, Farshult.<\/em><\/strong><\/figcaption><\/figure>\n\n\n\n<p class=\"has-large-font-size\"><em><strong>Vindriktningar<\/strong><\/em>:<\/p>\n\n\n\n<figure class=\"wp-block-image size-large\"><img loading=\"lazy\" decoding=\"async\" width=\"1024\" height=\"355\" src=\"https:\/\/media1.jensgustafsson.se\/2026\/04\/image-4-1024x355.png\" alt=\"\" class=\"wp-image-38943\" srcset=\"https:\/\/media1.jensgustafsson.se\/2026\/04\/image-4-1024x355.png 1024w, https:\/\/media1.jensgustafsson.se\/2026\/04\/image-4-300x104.png 300w, https:\/\/media1.jensgustafsson.se\/2026\/04\/image-4-768x266.png 768w, https:\/\/media1.jensgustafsson.se\/2026\/04\/image-4-1536x532.png 1536w, https:\/\/media1.jensgustafsson.se\/2026\/04\/image-4-500x173.png 500w, https:\/\/media1.jensgustafsson.se\/2026\/04\/image-4.png 1611w\" sizes=\"auto, (max-width: 1024px) 100vw, 1024px\" \/><\/figure>\n\n\n\n<p class=\"has-medium-font-size\"><em>Diagrammet ovanf\u00f6r visar vindriktningarna i mars. Vinden har mestadels kommit fr\u00e5n den v\u00e4stliga sidan denna m\u00e5nad. <\/em><\/p>\n\n\n\n<p class=\"has-medium-font-size\"><em>Den genomsnittliga maxvinden i m\u00e5naden blev 7 m\/s. Trots att vi haft en totalt sett mild marsm\u00e5nad, s\u00e5 har jag personligen upplevt vinden v\u00e4ldigt kylig vissa dagar.<\/em><\/p>\n\n\n\n<figure class=\"wp-block-image size-large\"><img loading=\"lazy\" decoding=\"async\" width=\"1024\" height=\"872\" src=\"https:\/\/media1.jensgustafsson.se\/2026\/04\/DSC_8709-1024x872.jpg\" alt=\"\" class=\"wp-image-38944\" srcset=\"https:\/\/media1.jensgustafsson.se\/2026\/04\/DSC_8709-1024x872.jpg 1024w, https:\/\/media1.jensgustafsson.se\/2026\/04\/DSC_8709-300x255.jpg 300w, https:\/\/media1.jensgustafsson.se\/2026\/04\/DSC_8709-768x654.jpg 768w, https:\/\/media1.jensgustafsson.se\/2026\/04\/DSC_8709-1536x1308.jpg 1536w, https:\/\/media1.jensgustafsson.se\/2026\/04\/DSC_8709-2048x1744.jpg 2048w, https:\/\/media1.jensgustafsson.se\/2026\/04\/DSC_8709-352x300.jpg 352w\" sizes=\"auto, (max-width: 1024px) 100vw, 1024px\" \/><figcaption class=\"wp-element-caption\"><strong><em>Den 27:e mars \u00e4r dessa sn\u00f6klockor fotograferade.<\/em><\/strong><\/figcaption><\/figure>\n\n\n\n<p class=\"has-medium-font-size\"><em>S\u00e5 l\u00e4gger vi mars m\u00e5nad till handlingarna d\u00e5, som vi noterar som den <strong>n\u00e4st varmaste i v\u00e5ra trakter p\u00e5 minst 96 \u00e5r tillbaka i tiden.<\/strong><\/em><\/p>\n\n\n\n<figure class=\"wp-block-image size-large\"><img loading=\"lazy\" decoding=\"async\" width=\"1024\" height=\"648\" src=\"https:\/\/media1.jensgustafsson.se\/2026\/04\/DSC_8754-1024x648.jpg\" alt=\"\" class=\"wp-image-38952\" srcset=\"https:\/\/media1.jensgustafsson.se\/2026\/04\/DSC_8754-1024x648.jpg 1024w, https:\/\/media1.jensgustafsson.se\/2026\/04\/DSC_8754-300x190.jpg 300w, https:\/\/media1.jensgustafsson.se\/2026\/04\/DSC_8754-768x486.jpg 768w, https:\/\/media1.jensgustafsson.se\/2026\/04\/DSC_8754-1536x972.jpg 1536w, https:\/\/media1.jensgustafsson.se\/2026\/04\/DSC_8754-474x300.jpg 474w, https:\/\/media1.jensgustafsson.se\/2026\/04\/DSC_8754.jpg 1776w\" sizes=\"auto, (max-width: 1024px) 100vw, 1024px\" \/><figcaption class=\"wp-element-caption\"><strong><em>Den 28:e mars fotade jag denna ormvr\u00e5k.<\/em><\/strong><\/figcaption><\/figure>\n\n\n\n<p class=\"has-medium-font-size\"><em>I massmedia l\u00e4ser\/h\u00f6r man ofta i b\u00f6rjan p\u00e5 varje \u00e5r, prognoser om hur \u00e5ret kommer att bli vad g\u00e4ller temperatur och nederb\u00f6rd. Jag sysslar ju inte med prognoser, tack och lov, utan dokumenterar v\u00e4derdata under \u00e5rets lopp. <\/em><\/p>\n\n\n\n<p class=\"has-medium-font-size\"><em>D\u00e4rf\u00f6r t\u00e4nkte jag att g\u00f6ra en tillbakablick vid varje m\u00e5nadsskifte, och se hur vi ligger till i medeltal under \u00e5ret, s\u00e5 l\u00e5ngt som vi \u00e4r, och j\u00e4mf\u00f6ra det i motsvarande tidsperiod i referensperioden 1991-2020.<\/em><\/p>\n\n\n\n<p class=\"has-medium-font-size\"><em>D\u00e5 ser det ut s\u00e5h\u00e4r efter 3 m\u00e5nader:<\/em><\/p>\n\n\n\n<p class=\"has-medium-font-size\"><em>Medeltemperaturen \u00e4r 0,3 grader kallare j\u00e4mf\u00f6rt mot den genomsnittliga medeltemperaturen f\u00f6r januari, februari och mars i normalperioden.<\/em><\/p>\n\n\n\n<p class=\"has-medium-font-size\">V<em>ad det g\u00e4ller nederb\u00f6rd, s\u00e5 har vi f\u00e5tt 103% av den normala nederb\u00f6rdsm\u00e4ngden f\u00f6r de tre f\u00f6rsta m\u00e5naderna p\u00e5 \u00e5ret.<\/em><\/p>\n\n\n\n<p class=\"has-medium-font-size\"><em>Som vanligt p\u00e5pekar jag att detta inte ska s\u00e4ttas i n\u00e5got st\u00f6rre sammanhang, eller som n\u00e5gon prognos, det hinner ju sv\u00e4nga m\u00e5nga g\u00e5nger innan \u00e5ret \u00e4r slut.<\/em><\/p>\n\n\n\n<p class=\"has-medium-font-size\"><em>D\u00e4rmed g\u00e5r vi vidare in i april, v\u00e5rm\u00e5nad nummer 2.<\/em><\/p>\n\n\n\n<figure class=\"wp-block-image size-large\"><img loading=\"lazy\" decoding=\"async\" width=\"1024\" height=\"683\" src=\"https:\/\/media1.jensgustafsson.se\/2026\/04\/DSC_8781-1024x683.jpg\" alt=\"\" class=\"wp-image-38946\" srcset=\"https:\/\/media1.jensgustafsson.se\/2026\/04\/DSC_8781-1024x683.jpg 1024w, https:\/\/media1.jensgustafsson.se\/2026\/04\/DSC_8781-300x200.jpg 300w, https:\/\/media1.jensgustafsson.se\/2026\/04\/DSC_8781-768x512.jpg 768w, https:\/\/media1.jensgustafsson.se\/2026\/04\/DSC_8781-1536x1024.jpg 1536w, https:\/\/media1.jensgustafsson.se\/2026\/04\/DSC_8781-2048x1365.jpg 2048w, https:\/\/media1.jensgustafsson.se\/2026\/04\/DSC_8781-450x300.jpg 450w\" sizes=\"auto, (max-width: 1024px) 100vw, 1024px\" \/><figcaption class=\"wp-element-caption\"><strong><em>31:e mars tidigt p\u00e5 morgonen ute i skogen.<\/em><\/strong><\/figcaption><\/figure>\n","protected":false},"excerpt":{"rendered":"<p>H\u00e4r kommer sammanfattningen av v\u00e4dret i mars 2026. V\u00e4derdata f\u00f6r \u00e5rets marsm\u00e5nad \u00e4r h\u00e4mtade fr\u00e5n min privata v\u00e4derstation h\u00e4r i F\u00e5gelfors. Statistiken som jag anv\u00e4nder och j\u00e4mf\u00f6r mot, \u00e4r h\u00e4mtad fr\u00e5n SMHI:s n\u00e4rmaste m\u00e4tstationer Blankastr\u00f6m, och Drageryd f\u00f6r \u00e5ren 1931-2012. &hellip; <a href=\"https:\/\/jensgustafsson.se\/?page_id=38930\">Forts\u00e4tt l\u00e4sa <span class=\"meta-nav\">&rarr;<\/span><\/a><\/p>\n","protected":false},"author":1,"featured_media":38950,"parent":38385,"menu_order":3,"comment_status":"open","ping_status":"closed","template":"","meta":{"footnotes":""},"class_list":["post-38930","page","type-page","status-publish","has-post-thumbnail","hentry"],"_links":{"self":[{"href":"https:\/\/jensgustafsson.se\/index.php?rest_route=\/wp\/v2\/pages\/38930","targetHints":{"allow":["GET"]}}],"collection":[{"href":"https:\/\/jensgustafsson.se\/index.php?rest_route=\/wp\/v2\/pages"}],"about":[{"href":"https:\/\/jensgustafsson.se\/index.php?rest_route=\/wp\/v2\/types\/page"}],"author":[{"embeddable":true,"href":"https:\/\/jensgustafsson.se\/index.php?rest_route=\/wp\/v2\/users\/1"}],"replies":[{"embeddable":true,"href":"https:\/\/jensgustafsson.se\/index.php?rest_route=%2Fwp%2Fv2%2Fcomments&post=38930"}],"version-history":[{"count":9,"href":"https:\/\/jensgustafsson.se\/index.php?rest_route=\/wp\/v2\/pages\/38930\/revisions"}],"predecessor-version":[{"id":38953,"href":"https:\/\/jensgustafsson.se\/index.php?rest_route=\/wp\/v2\/pages\/38930\/revisions\/38953"}],"up":[{"embeddable":true,"href":"https:\/\/jensgustafsson.se\/index.php?rest_route=\/wp\/v2\/pages\/38385"}],"wp:featuredmedia":[{"embeddable":true,"href":"https:\/\/jensgustafsson.se\/index.php?rest_route=\/wp\/v2\/media\/38950"}],"wp:attachment":[{"href":"https:\/\/jensgustafsson.se\/index.php?rest_route=%2Fwp%2Fv2%2Fmedia&parent=38930"}],"curies":[{"name":"wp","href":"https:\/\/api.w.org\/{rel}","templated":true}]}}