{"id":39173,"date":"2026-05-02T10:59:22","date_gmt":"2026-05-02T09:59:22","guid":{"rendered":"https:\/\/jensgustafsson.se\/?page_id=39173"},"modified":"2026-05-02T13:24:11","modified_gmt":"2026-05-02T12:24:11","slug":"april-2026","status":"publish","type":"page","link":"https:\/\/jensgustafsson.se\/?page_id=39173","title":{"rendered":"April 2026."},"content":{"rendered":"\n<p class=\"has-medium-font-size\"><em>H\u00e4r kommer sammanfattningen av v\u00e4dret i april 2026. V\u00e4derdata f\u00f6r \u00e5rets aprilm\u00e5nad \u00e4r h\u00e4mtade fr\u00e5n min privata v\u00e4derstation h\u00e4r i F\u00e5gelfors. Statistiken som jag anv\u00e4nder och j\u00e4mf\u00f6r mot, \u00e4r h\u00e4mtad fr\u00e5n SMHI:s n\u00e4rmaste m\u00e4tstationer Blankastr\u00f6m, och Drageryd f\u00f6r \u00e5ren 1931-2012. Fr\u00e5n 2013 och fram\u00e5t \u00e4r det min egna, privata v\u00e4derstation som levererar siffrorna. Nuvarande \u201dnormalperiod\u201d som anv\u00e4nds att j\u00e4mf\u00f6ra april 2026 mot, \u00e4r \u00e5ren 1991-2020. D\u00e4r jag anv\u00e4nder ordet \u201dnormalt\u201d i texterna h\u00e4r, menas allts\u00e5 d\u00e5 medeltalen f\u00f6r referensperioden 1991-2020.<\/em><\/p>\n\n\n\n<figure class=\"wp-block-image size-large\"><img loading=\"lazy\" decoding=\"async\" width=\"1024\" height=\"683\" src=\"https:\/\/media1.jensgustafsson.se\/2026\/05\/DSC_8874-1024x683.jpg\" alt=\"\" class=\"wp-image-39191\" srcset=\"https:\/\/media1.jensgustafsson.se\/2026\/05\/DSC_8874-1024x683.jpg 1024w, https:\/\/media1.jensgustafsson.se\/2026\/05\/DSC_8874-300x200.jpg 300w, https:\/\/media1.jensgustafsson.se\/2026\/05\/DSC_8874-768x512.jpg 768w, https:\/\/media1.jensgustafsson.se\/2026\/05\/DSC_8874-1536x1024.jpg 1536w, https:\/\/media1.jensgustafsson.se\/2026\/05\/DSC_8874-2048x1365.jpg 2048w, https:\/\/media1.jensgustafsson.se\/2026\/05\/DSC_8874-450x300.jpg 450w\" sizes=\"auto, (max-width: 1024px) 100vw, 1024px\" \/><figcaption class=\"wp-element-caption\"><strong><em>Vid N\u00f6t\u00e5n, Vecklevad den 7:e april.<\/em><\/strong><\/figcaption><\/figure>\n\n\n\n<p class=\"has-large-font-size\"><em><strong>Temperaturen:<\/strong><\/em><\/p>\n\n\n\n<figure class=\"wp-block-image size-full\"><img loading=\"lazy\" decoding=\"async\" width=\"1924\" height=\"808\" src=\"https:\/\/media1.jensgustafsson.se\/2026\/05\/image-1.png\" alt=\"\" class=\"wp-image-39177\" srcset=\"https:\/\/media1.jensgustafsson.se\/2026\/05\/image-1.png 1924w, https:\/\/media1.jensgustafsson.se\/2026\/05\/image-1-300x126.png 300w, https:\/\/media1.jensgustafsson.se\/2026\/05\/image-1-1024x430.png 1024w, https:\/\/media1.jensgustafsson.se\/2026\/05\/image-1-768x323.png 768w, https:\/\/media1.jensgustafsson.se\/2026\/05\/image-1-1536x645.png 1536w, https:\/\/media1.jensgustafsson.se\/2026\/05\/image-1-500x210.png 500w\" sizes=\"auto, (max-width: 1924px) 100vw, 1924px\" \/><\/figure>\n\n\n\n<p class=\"has-medium-font-size\"><em>Aprilm\u00e5naden blev temperaturm\u00e4ssigt en n\u00e4ra normal m\u00e5nad. Medeltemperaturen blev till slut +6,9 grader, och det \u00e4r 0,5 grader varmare j\u00e4mf\u00f6rt mot normalt f\u00f6r april. Vi har haft m\u00e5nga soliga dagar, men det som dragit ner helhetsintrycket \u00e4r, att det varit en hel del kyliga vindar vissa dagar. Valborgsm\u00e4ssoafton blev den varmaste dagen i m\u00e5naden.<\/em><\/p>\n\n\n\n<p class=\"has-medium-font-size\"><em>Jag visar i diagrammet nedanf\u00f6r h\u00e4r hur april sett ut genom \u00e5ren 1991-2026:<\/em><\/p>\n\n\n\n<figure class=\"wp-block-image size-large\"><img loading=\"lazy\" decoding=\"async\" width=\"1024\" height=\"337\" src=\"https:\/\/media1.jensgustafsson.se\/2026\/05\/image-2-1024x337.png\" alt=\"\" class=\"wp-image-39178\" srcset=\"https:\/\/media1.jensgustafsson.se\/2026\/05\/image-2-1024x337.png 1024w, https:\/\/media1.jensgustafsson.se\/2026\/05\/image-2-300x99.png 300w, https:\/\/media1.jensgustafsson.se\/2026\/05\/image-2-768x253.png 768w, https:\/\/media1.jensgustafsson.se\/2026\/05\/image-2-1536x505.png 1536w, https:\/\/media1.jensgustafsson.se\/2026\/05\/image-2-2048x674.png 2048w, https:\/\/media1.jensgustafsson.se\/2026\/05\/image-2-500x164.png 500w\" sizes=\"auto, (max-width: 1024px) 100vw, 1024px\" \/><\/figure>\n\n\n\n<p class=\"has-medium-font-size\"><em>Vi ser i diagrammet ovanf\u00f6r, att 2025 \u00e5rs aprilm\u00e5nad var betydligt varmare \u00e4n \u00e5rets. Det hade jag lyckats gl\u00f6mma bort, tills jag tittade i mina v\u00e4dersiffror.<\/em><\/p>\n\n\n\n<p class=\"has-medium-font-size\"><em>Nedan ser vi en sammanfattning av lite temperaturdata m.m. fr\u00e5n loggen p\u00e5 min v\u00e4derstation under april 2026<\/em>:<\/p>\n\n\n\n<p class=\"has-medium-font-size\"><em><strong>Temperatur (\u00b0C):<br \/>Medel (min+max): 6,9<br \/>Medelminimum: 0,5<br \/>Medelmaximum: 13,8<br \/>Minimum: -6,2 den 11 april<br \/>Maximum: +21,9 den 30 april<br \/>H\u00f6gsta minimum: +7,1 den 30 april<br \/>L\u00e4gsta maximum: 9,2 den 10 april<br \/>Frostdygn: 13 ( mintemp. under 0\u00b0)<br \/>Markfrost: 5 dygn (mintemp. \u00f6ver 0\u00b0, men frost p\u00e5 marken)<\/strong><\/em><\/p>\n\n\n\n<figure class=\"wp-block-image size-large\"><img loading=\"lazy\" decoding=\"async\" width=\"1024\" height=\"683\" src=\"https:\/\/media1.jensgustafsson.se\/2026\/05\/DSC_9031-1024x683.jpg\" alt=\"\" class=\"wp-image-39192\" srcset=\"https:\/\/media1.jensgustafsson.se\/2026\/05\/DSC_9031-1024x683.jpg 1024w, https:\/\/media1.jensgustafsson.se\/2026\/05\/DSC_9031-300x200.jpg 300w, https:\/\/media1.jensgustafsson.se\/2026\/05\/DSC_9031-768x512.jpg 768w, https:\/\/media1.jensgustafsson.se\/2026\/05\/DSC_9031-1536x1024.jpg 1536w, https:\/\/media1.jensgustafsson.se\/2026\/05\/DSC_9031-2048x1365.jpg 2048w, https:\/\/media1.jensgustafsson.se\/2026\/05\/DSC_9031-450x300.jpg 450w\" sizes=\"auto, (max-width: 1024px) 100vw, 1024px\" \/><figcaption class=\"wp-element-caption\"><strong><em>Vid Kronobo kvarn 12:e april.<\/em><\/strong><\/figcaption><\/figure>\n\n\n\n<p class=\"has-large-font-size\"><strong><em>Nederb\u00f6rden:<\/em><\/strong><\/p>\n\n\n\n<p class=\"has-medium-font-size\"><em>En nederb\u00f6rdsfattig m\u00e5nad, 9,5 millimeter har vi f\u00e5tt, och det motsvarar bara 34% av den normala m\u00e5nadsnederb\u00f6rden i april.<\/em><\/p>\n\n\n\n<figure class=\"wp-block-image size-large\"><img loading=\"lazy\" decoding=\"async\" width=\"1024\" height=\"524\" src=\"https:\/\/media1.jensgustafsson.se\/2026\/05\/image-3-1024x524.png\" alt=\"\" class=\"wp-image-39181\" srcset=\"https:\/\/media1.jensgustafsson.se\/2026\/05\/image-3-1024x524.png 1024w, https:\/\/media1.jensgustafsson.se\/2026\/05\/image-3-300x154.png 300w, https:\/\/media1.jensgustafsson.se\/2026\/05\/image-3-768x393.png 768w, https:\/\/media1.jensgustafsson.se\/2026\/05\/image-3-1536x786.png 1536w, https:\/\/media1.jensgustafsson.se\/2026\/05\/image-3-500x256.png 500w, https:\/\/media1.jensgustafsson.se\/2026\/05\/image-3.png 1561w\" sizes=\"auto, (max-width: 1024px) 100vw, 1024px\" \/><\/figure>\n\n\n\n<p class=\"has-medium-font-size\">I&nbsp;<em>diagrammet nedanf\u00f6r visar jag nederb\u00f6rdsm\u00e4ngderna f\u00f6r april i respektive \u00e5r, under perioden 1991-2026:<\/em><\/p>\n\n\n\n<figure class=\"wp-block-image size-large\"><img loading=\"lazy\" decoding=\"async\" width=\"1024\" height=\"387\" src=\"https:\/\/media1.jensgustafsson.se\/2026\/05\/image-4-1024x387.png\" alt=\"\" class=\"wp-image-39182\" srcset=\"https:\/\/media1.jensgustafsson.se\/2026\/05\/image-4-1024x387.png 1024w, https:\/\/media1.jensgustafsson.se\/2026\/05\/image-4-300x113.png 300w, https:\/\/media1.jensgustafsson.se\/2026\/05\/image-4-768x290.png 768w, https:\/\/media1.jensgustafsson.se\/2026\/05\/image-4-1536x581.png 1536w, https:\/\/media1.jensgustafsson.se\/2026\/05\/image-4-2048x775.png 2048w, https:\/\/media1.jensgustafsson.se\/2026\/05\/image-4-500x189.png 500w\" sizes=\"auto, (max-width: 1024px) 100vw, 1024px\" \/><\/figure>\n\n\n\n<figure class=\"wp-block-image size-large\"><img loading=\"lazy\" decoding=\"async\" width=\"1024\" height=\"713\" src=\"https:\/\/media1.jensgustafsson.se\/2026\/05\/DSC_9125-1024x713.jpg\" alt=\"\" class=\"wp-image-39193\" srcset=\"https:\/\/media1.jensgustafsson.se\/2026\/05\/DSC_9125-1024x713.jpg 1024w, https:\/\/media1.jensgustafsson.se\/2026\/05\/DSC_9125-300x209.jpg 300w, https:\/\/media1.jensgustafsson.se\/2026\/05\/DSC_9125-768x535.jpg 768w, https:\/\/media1.jensgustafsson.se\/2026\/05\/DSC_9125-1536x1070.jpg 1536w, https:\/\/media1.jensgustafsson.se\/2026\/05\/DSC_9125-2048x1427.jpg 2048w, https:\/\/media1.jensgustafsson.se\/2026\/05\/DSC_9125-431x300.jpg 431w\" sizes=\"auto, (max-width: 1024px) 100vw, 1024px\" \/><figcaption class=\"wp-element-caption\"><strong><em>Vid \u00d6vrasj\u00f6n den 17:e april.<\/em><\/strong><\/figcaption><\/figure>\n\n\n\n<p><\/p>\n\n\n\n<p class=\"has-large-font-size\"><em><strong>Vindriktningar<\/strong><\/em>:<\/p>\n\n\n\n<figure class=\"wp-block-image size-large\"><img loading=\"lazy\" decoding=\"async\" width=\"1024\" height=\"365\" src=\"https:\/\/media1.jensgustafsson.se\/2026\/05\/image-5-1024x365.png\" alt=\"\" class=\"wp-image-39183\" srcset=\"https:\/\/media1.jensgustafsson.se\/2026\/05\/image-5-1024x365.png 1024w, https:\/\/media1.jensgustafsson.se\/2026\/05\/image-5-300x107.png 300w, https:\/\/media1.jensgustafsson.se\/2026\/05\/image-5-768x274.png 768w, https:\/\/media1.jensgustafsson.se\/2026\/05\/image-5-1536x548.png 1536w, https:\/\/media1.jensgustafsson.se\/2026\/05\/image-5-500x178.png 500w, https:\/\/media1.jensgustafsson.se\/2026\/05\/image-5.png 1565w\" sizes=\"auto, (max-width: 1024px) 100vw, 1024px\" \/><\/figure>\n\n\n\n<p class=\"has-medium-font-size\"><em>Den genomsnittliga maxvinden i m\u00e5naden blev 8,7 m\/s. Det var ju rej\u00e4lt bl\u00e5sigt i b\u00f6rjan av m\u00e5naden.<\/em><\/p>\n\n\n\n<figure class=\"wp-block-image size-large\"><img loading=\"lazy\" decoding=\"async\" width=\"1024\" height=\"504\" src=\"https:\/\/media1.jensgustafsson.se\/2026\/05\/image-6-1024x504.png\" alt=\"\" class=\"wp-image-39184\" srcset=\"https:\/\/media1.jensgustafsson.se\/2026\/05\/image-6-1024x504.png 1024w, https:\/\/media1.jensgustafsson.se\/2026\/05\/image-6-300x148.png 300w, https:\/\/media1.jensgustafsson.se\/2026\/05\/image-6-768x378.png 768w, https:\/\/media1.jensgustafsson.se\/2026\/05\/image-6-500x246.png 500w, https:\/\/media1.jensgustafsson.se\/2026\/05\/image-6.png 1153w\" sizes=\"auto, (max-width: 1024px) 100vw, 1024px\" \/><\/figure>\n\n\n\n<figure class=\"wp-block-image size-large\"><img loading=\"lazy\" decoding=\"async\" width=\"1024\" height=\"763\" src=\"https:\/\/media1.jensgustafsson.se\/2026\/05\/DSC_9193-1-1024x763.jpg\" alt=\"\" class=\"wp-image-39195\" srcset=\"https:\/\/media1.jensgustafsson.se\/2026\/05\/DSC_9193-1-1024x763.jpg 1024w, https:\/\/media1.jensgustafsson.se\/2026\/05\/DSC_9193-1-300x223.jpg 300w, https:\/\/media1.jensgustafsson.se\/2026\/05\/DSC_9193-1-768x572.jpg 768w, https:\/\/media1.jensgustafsson.se\/2026\/05\/DSC_9193-1-403x300.jpg 403w, https:\/\/media1.jensgustafsson.se\/2026\/05\/DSC_9193-1.jpg 1321w\" sizes=\"auto, (max-width: 1024px) 100vw, 1024px\" \/><figcaption class=\"wp-element-caption\"><strong><em>S\u00e4des\u00e4rlan vid Svindla kvarn den 18:e april.<\/em><\/strong><\/figcaption><\/figure>\n\n\n\n<p class=\"has-medium-font-size\"><em>D\u00e5 s\u00e5 ska vi se hur vi ligger till med temperatur och nederb\u00f6rd efter att 4 m\u00e5nader har g\u00e5tt av \u00e5r 2026. Jag j\u00e4mf\u00f6r mot normalperioden 1991-2020 och de 4 f\u00f6rsta m\u00e5naderna d\u00e4r.<\/em><\/p>\n\n\n\n<p class=\"has-medium-font-size\"><em>Vad det g\u00e4ller temperaturen, s\u00e5 ligger den s\u00e5 n\u00e4ra normalt som det g\u00e5r. 0,1 grad kallare j\u00e4mf\u00f6rt mot normalt har vi nu, och det \u00e4r ju en marginell skillnad.<\/em><\/p>\n\n\n\n<p class=\"has-medium-font-size\"><em>Nederb\u00f6rdsm\u00e4ngden uppg\u00e5r till 97% av den normala nederb\u00f6rdsm\u00e4ngden f\u00f6r de 4 f\u00f6rsta m\u00e5naderna.<\/em><\/p>\n\n\n\n<p class=\"has-medium-font-size\"><em>V\u00e4xtligheten beh\u00f6ver vatten nu, s\u00e5 vi hoppas att det fyller p\u00e5 nu i maj m\u00e5nad.<\/em><\/p>\n\n\n\n<figure class=\"wp-block-image size-large\"><img loading=\"lazy\" decoding=\"async\" width=\"1024\" height=\"646\" src=\"https:\/\/media1.jensgustafsson.se\/2026\/05\/DSC_9605-1024x646.jpg\" alt=\"\" class=\"wp-image-39197\" srcset=\"https:\/\/media1.jensgustafsson.se\/2026\/05\/DSC_9605-1024x646.jpg 1024w, https:\/\/media1.jensgustafsson.se\/2026\/05\/DSC_9605-300x189.jpg 300w, https:\/\/media1.jensgustafsson.se\/2026\/05\/DSC_9605-768x484.jpg 768w, https:\/\/media1.jensgustafsson.se\/2026\/05\/DSC_9605-1536x969.jpg 1536w, https:\/\/media1.jensgustafsson.se\/2026\/05\/DSC_9605-2048x1292.jpg 2048w, https:\/\/media1.jensgustafsson.se\/2026\/05\/DSC_9605-476x300.jpg 476w\" sizes=\"auto, (max-width: 1024px) 100vw, 1024px\" \/><figcaption class=\"wp-element-caption\"><strong><em>P\u00e5 Salemv\u00e4gen, Lilla Klobo den 28:e april.<\/em><\/strong><\/figcaption><\/figure>\n\n\n\n<figure class=\"wp-block-image size-large\"><img loading=\"lazy\" decoding=\"async\" width=\"1024\" height=\"683\" src=\"https:\/\/media1.jensgustafsson.se\/2026\/05\/DSC_9724-1024x683.jpg\" alt=\"\" class=\"wp-image-39199\" srcset=\"https:\/\/media1.jensgustafsson.se\/2026\/05\/DSC_9724-1024x683.jpg 1024w, https:\/\/media1.jensgustafsson.se\/2026\/05\/DSC_9724-300x200.jpg 300w, https:\/\/media1.jensgustafsson.se\/2026\/05\/DSC_9724-768x512.jpg 768w, https:\/\/media1.jensgustafsson.se\/2026\/05\/DSC_9724-1536x1024.jpg 1536w, https:\/\/media1.jensgustafsson.se\/2026\/05\/DSC_9724-2048x1365.jpg 2048w, https:\/\/media1.jensgustafsson.se\/2026\/05\/DSC_9724-450x300.jpg 450w\" sizes=\"auto, (max-width: 1024px) 100vw, 1024px\" \/><figcaption class=\"wp-element-caption\"><strong><em>Valborgsm\u00e4sspfirande p\u00e5 Stureplan i  F\u00e5gelfors den 30:e april.<\/em><\/strong><\/figcaption><\/figure>\n","protected":false},"excerpt":{"rendered":"<p>H\u00e4r kommer sammanfattningen av v\u00e4dret i april 2026. V\u00e4derdata f\u00f6r \u00e5rets aprilm\u00e5nad \u00e4r h\u00e4mtade fr\u00e5n min privata v\u00e4derstation h\u00e4r i F\u00e5gelfors. Statistiken som jag anv\u00e4nder och j\u00e4mf\u00f6r mot, \u00e4r h\u00e4mtad fr\u00e5n SMHI:s n\u00e4rmaste m\u00e4tstationer Blankastr\u00f6m, och Drageryd f\u00f6r \u00e5ren 1931-2012. &hellip; <a href=\"https:\/\/jensgustafsson.se\/?page_id=39173\">Forts\u00e4tt l\u00e4sa <span class=\"meta-nav\">&rarr;<\/span><\/a><\/p>\n","protected":false},"author":1,"featured_media":39176,"parent":38385,"menu_order":4,"comment_status":"open","ping_status":"closed","template":"","meta":{"footnotes":""},"class_list":["post-39173","page","type-page","status-publish","has-post-thumbnail","hentry"],"_links":{"self":[{"href":"https:\/\/jensgustafsson.se\/index.php?rest_route=\/wp\/v2\/pages\/39173","targetHints":{"allow":["GET"]}}],"collection":[{"href":"https:\/\/jensgustafsson.se\/index.php?rest_route=\/wp\/v2\/pages"}],"about":[{"href":"https:\/\/jensgustafsson.se\/index.php?rest_route=\/wp\/v2\/types\/page"}],"author":[{"embeddable":true,"href":"https:\/\/jensgustafsson.se\/index.php?rest_route=\/wp\/v2\/users\/1"}],"replies":[{"embeddable":true,"href":"https:\/\/jensgustafsson.se\/index.php?rest_route=%2Fwp%2Fv2%2Fcomments&post=39173"}],"version-history":[{"count":12,"href":"https:\/\/jensgustafsson.se\/index.php?rest_route=\/wp\/v2\/pages\/39173\/revisions"}],"predecessor-version":[{"id":39201,"href":"https:\/\/jensgustafsson.se\/index.php?rest_route=\/wp\/v2\/pages\/39173\/revisions\/39201"}],"up":[{"embeddable":true,"href":"https:\/\/jensgustafsson.se\/index.php?rest_route=\/wp\/v2\/pages\/38385"}],"wp:featuredmedia":[{"embeddable":true,"href":"https:\/\/jensgustafsson.se\/index.php?rest_route=\/wp\/v2\/media\/39176"}],"wp:attachment":[{"href":"https:\/\/jensgustafsson.se\/index.php?rest_route=%2Fwp%2Fv2%2Fmedia&parent=39173"}],"curies":[{"name":"wp","href":"https:\/\/api.w.org\/{rel}","templated":true}]}}