{"id":4394,"date":"2015-03-01T05:51:26","date_gmt":"2015-03-01T04:51:26","guid":{"rendered":"http:\/\/jensgustafsson.se\/?page_id=4394"},"modified":"2015-05-18T16:25:26","modified_gmt":"2015-05-18T15:25:26","slug":"februari-2015","status":"publish","type":"page","link":"https:\/\/jensgustafsson.se\/?page_id=4394","title":{"rendered":"Februari 2015."},"content":{"rendered":"<p>&nbsp;<\/p>\n<table width=\"276\">\n<tbody>\n<tr>\n<td width=\"148\"><span style=\"color: #33cccc;\"><em>Temperatur (\u00b0C):<\/em><\/span><\/td>\n<td width=\"64\"><span style=\"color: #33cccc;\"><em>\u00a0<\/em><\/span><\/td>\n<\/tr>\n<tr>\n<td><span style=\"color: #33cccc;\"><em>Medeltemp:<\/em><\/span><\/td>\n<td><span style=\"color: #33cccc;\"><em>0,7<\/em><\/span><\/td>\n<\/tr>\n<tr>\n<td><span style=\"color: #33cccc;\"><em>Medelmax:<\/em><\/span><\/td>\n<td><span style=\"color: #33cccc;\"><em>3,2<\/em><\/span><\/td>\n<\/tr>\n<tr>\n<td><span style=\"color: #33cccc;\"><em>Medelmin:<\/em><\/span><\/td>\n<td><span style=\"color: #33cccc;\"><em>-1,6<\/em><\/span><\/td>\n<\/tr>\n<tr>\n<td><span style=\"color: #33cccc;\"><em>L\u00e4gsta temp:<\/em><\/span><\/td>\n<td colspan=\"2\"><span style=\"color: #33cccc;\"><em>\u00b4-6,9 den 3:e februari<\/em><\/span><\/td>\n<\/tr>\n<tr>\n<td><span style=\"color: #33cccc;\"><em>H\u00f6gsta temp:<\/em><\/span><\/td>\n<td colspan=\"2\"><span style=\"color: #33cccc;\"><em>8,5 den 10:e februari<\/em><\/span><\/td>\n<\/tr>\n<tr>\n<td><span style=\"color: #33cccc;\"><em>Frostn\u00e4tter:<\/em><\/span><\/td>\n<td><span style=\"color: #33cccc;\"><em>21<\/em><\/span><\/td>\n<\/tr>\n<tr>\n<td><span style=\"color: #33cccc;\"><em>Nederb\u00f6rd (mm):<\/em><\/span><\/td>\n<td><span style=\"color: #33cccc;\"><em>15,6<\/em><\/span><\/td>\n<\/tr>\n<tr>\n<td><span style=\"color: #33cccc;\"><em>Nederb\u00f6rdsdagar:<\/em><\/span><\/td>\n<td><span style=\"color: #33cccc;\"><em>11<\/em><\/span><\/td>\n<\/tr>\n<tr>\n<td><span style=\"color: #33cccc;\"><em>H\u00f6gsta vindhast (m\/s).:<\/em><\/span><\/td>\n<td colspan=\"2\"><span style=\"color: #33cccc;\"><em>14 den 18:e februari<\/em><\/span><\/td>\n<\/tr>\n<tr>\n<td><span style=\"color: #33cccc;\"><em>Lufttryck \/hPa):<\/em><\/span><\/td>\n<td><span style=\"color: #33cccc;\"><em>\u00a0<\/em><\/span><\/td>\n<\/tr>\n<tr>\n<td><span style=\"color: #33cccc;\"><em>Max:<\/em><\/span><\/td>\n<td colspan=\"2\"><span style=\"color: #33cccc;\"><em>1032,5 den 15:e februari<\/em><\/span><\/td>\n<\/tr>\n<tr>\n<td><span style=\"color: #33cccc;\"><em>Min:<\/em><\/span><\/td>\n<td colspan=\"2\"><span style=\"color: #33cccc;\"><em>972,4 den 1:e februari<\/em><\/span><\/td>\n<\/tr>\n<\/tbody>\n<\/table>\n<p>&nbsp;<\/p>\n","protected":false},"excerpt":{"rendered":"<p>&nbsp; Temperatur (\u00b0C): \u00a0 Medeltemp: 0,7 Medelmax: 3,2 Medelmin: -1,6 L\u00e4gsta temp: \u00b4-6,9 den 3:e februari H\u00f6gsta temp: 8,5 den 10:e februari Frostn\u00e4tter: 21 Nederb\u00f6rd (mm): 15,6 Nederb\u00f6rdsdagar: 11 H\u00f6gsta vindhast (m\/s).: 14 den 18:e februari Lufttryck \/hPa): \u00a0 Max: &hellip; <a href=\"https:\/\/jensgustafsson.se\/?page_id=4394\">Forts\u00e4tt l\u00e4sa <span class=\"meta-nav\">&rarr;<\/span><\/a><\/p>\n","protected":false},"author":1,"featured_media":0,"parent":4326,"menu_order":1,"comment_status":"closed","ping_status":"open","template":"","meta":{"footnotes":""},"class_list":["post-4394","page","type-page","status-publish","hentry"],"_links":{"self":[{"href":"https:\/\/jensgustafsson.se\/index.php?rest_route=\/wp\/v2\/pages\/4394","targetHints":{"allow":["GET"]}}],"collection":[{"href":"https:\/\/jensgustafsson.se\/index.php?rest_route=\/wp\/v2\/pages"}],"about":[{"href":"https:\/\/jensgustafsson.se\/index.php?rest_route=\/wp\/v2\/types\/page"}],"author":[{"embeddable":true,"href":"https:\/\/jensgustafsson.se\/index.php?rest_route=\/wp\/v2\/users\/1"}],"replies":[{"embeddable":true,"href":"https:\/\/jensgustafsson.se\/index.php?rest_route=%2Fwp%2Fv2%2Fcomments&post=4394"}],"version-history":[{"count":1,"href":"https:\/\/jensgustafsson.se\/index.php?rest_route=\/wp\/v2\/pages\/4394\/revisions"}],"predecessor-version":[{"id":4395,"href":"https:\/\/jensgustafsson.se\/index.php?rest_route=\/wp\/v2\/pages\/4394\/revisions\/4395"}],"up":[{"embeddable":true,"href":"https:\/\/jensgustafsson.se\/index.php?rest_route=\/wp\/v2\/pages\/4326"}],"wp:attachment":[{"href":"https:\/\/jensgustafsson.se\/index.php?rest_route=%2Fwp%2Fv2%2Fmedia&parent=4394"}],"curies":[{"name":"wp","href":"https:\/\/api.w.org\/{rel}","templated":true}]}}