{"id":5205,"date":"2015-11-01T06:55:45","date_gmt":"2015-11-01T05:55:45","guid":{"rendered":"http:\/\/jensgustafsson.se\/?page_id=5205"},"modified":"2015-11-01T07:04:17","modified_gmt":"2015-11-01T06:04:17","slug":"oktober-2015","status":"publish","type":"page","link":"https:\/\/jensgustafsson.se\/?page_id=5205","title":{"rendered":"Oktober 2015."},"content":{"rendered":"<p>&nbsp;<\/p>\n<table width=\"256\">\n<tbody>\n<tr>\n<td colspan=\"4\" width=\"256\">\n<h2><span style=\"color: #33cccc;\"><em>Summary for period 2015-10-01 to 2015-10-31<\/em><\/span><\/h2>\n<\/td>\n<\/tr>\n<tr>\n<td><span style=\"color: #33cccc;\"><em>\u00a0<\/em><\/span><\/td>\n<td><span style=\"color: #33cccc;\"><em>\u00a0<\/em><\/span><\/td>\n<td><span style=\"color: #33cccc;\"><em>\u00a0<\/em><\/span><\/td>\n<td><span style=\"color: #33cccc;\"><em>\u00a0<\/em><\/span><\/td>\n<\/tr>\n<tr>\n<td colspan=\"2\"><span style=\"color: #33cccc;\"><em>Temperature (\u00b0C):<\/em><\/span><\/td>\n<td><span style=\"color: #33cccc;\"><em>\u00a0<\/em><\/span><\/td>\n<td><span style=\"color: #33cccc;\"><em>\u00a0<\/em><\/span><\/td>\n<\/tr>\n<tr>\n<td colspan=\"2\"><span style=\"color: #33cccc;\"><em>Mean (1 minute) 8,0<\/em><\/span><\/td>\n<td><span style=\"color: #33cccc;\"><em>\u00a0<\/em><\/span><\/td>\n<td><span style=\"color: #33cccc;\"><em>\u00a0<\/em><\/span><\/td>\n<\/tr>\n<tr>\n<td colspan=\"3\"><span style=\"color: #33cccc;\"><em>Mean (min+max)\u00a0\u00a0 7,8<\/em><\/span><\/td>\n<td><span style=\"color: #33cccc;\"><em>\u00a0<\/em><\/span><\/td>\n<\/tr>\n<tr>\n<td colspan=\"3\"><span style=\"color: #33cccc;\"><em>Mean Minimum\u00a0\u00a0\u00a0\u00a0 3,9<\/em><\/span><\/td>\n<td><span style=\"color: #33cccc;\"><em>\u00a0<\/em><\/span><\/td>\n<\/tr>\n<tr>\n<td colspan=\"3\"><span style=\"color: #33cccc;\"><em>Mean Maximum\u00a0\u00a0\u00a0\u00a0 11,7<\/em><\/span><\/td>\n<td><span style=\"color: #33cccc;\"><em>\u00a0<\/em><\/span><\/td>\n<\/tr>\n<tr>\n<td colspan=\"4\"><span style=\"color: #33cccc;\"><em>Minimum\u00a0\u00a0\u00a0\u00a0\u00a0\u00a0\u00a0\u00a0 -1,6 on 2015-10-27<\/em><\/span><\/td>\n<\/tr>\n<tr>\n<td colspan=\"4\"><span style=\"color: #33cccc;\"><em>Maximum\u00a0\u00a0\u00a0\u00a0\u00a0\u00a0\u00a0\u00a0 18,9 on 2015-10-02<\/em><\/span><\/td>\n<\/tr>\n<tr>\n<td colspan=\"4\"><span style=\"color: #33cccc;\"><em>Highest Minimum 10,2 on 2015-10-02<\/em><\/span><\/td>\n<\/tr>\n<tr>\n<td colspan=\"4\"><span style=\"color: #33cccc;\"><em>Lowest Maximum\u00a0\u00a0 9,3 on 2015-10-12<\/em><\/span><\/td>\n<\/tr>\n<tr>\n<td colspan=\"2\"><span style=\"color: #33cccc;\"><em>Air frosts\u00a0\u00a0\u00a0\u00a0\u00a0\u00a0 4<\/em><\/span><\/td>\n<td><span style=\"color: #33cccc;\"><em>\u00a0<\/em><\/span><\/td>\n<td><span style=\"color: #33cccc;\"><em>\u00a0<\/em><\/span><\/td>\n<\/tr>\n<tr>\n<td><span style=\"color: #33cccc;\"><em>\u00a0<\/em><\/span><\/td>\n<td><span style=\"color: #33cccc;\"><em>\u00a0<\/em><\/span><\/td>\n<td><span style=\"color: #33cccc;\"><em>\u00a0<\/em><\/span><\/td>\n<td><span style=\"color: #33cccc;\"><em>\u00a0<\/em><\/span><\/td>\n<\/tr>\n<tr>\n<td colspan=\"2\"><span style=\"color: #33cccc;\"><em>Rainfall (mm):<\/em><\/span><\/td>\n<td><span style=\"color: #33cccc;\"><em>\u00a0<\/em><\/span><\/td>\n<td><span style=\"color: #33cccc;\"><em>\u00a0<\/em><\/span><\/td>\n<\/tr>\n<tr>\n<td colspan=\"2\"><span style=\"color: #33cccc;\"><em>Total for period 5,1<\/em><\/span><\/td>\n<td><span style=\"color: #33cccc;\"><em>\u00a0<\/em><\/span><\/td>\n<td><span style=\"color: #33cccc;\"><em>\u00a0<\/em><\/span><\/td>\n<\/tr>\n<tr>\n<td colspan=\"4\"><span style=\"color: #33cccc;\"><em>Wettest day\u00a0\u00a0\u00a0\u00a0 1,6 on 2015-10-20<\/em><\/span><\/td>\n<\/tr>\n<tr>\n<td><span style=\"color: #33cccc;\"><em>Rain days\u00a0\u00a0\u00a0\u00a0\u00a0\u00a0 4<\/em><\/span><\/td>\n<td><span style=\"color: #33cccc;\"><em>\u00a0<\/em><\/span><\/td>\n<td><span style=\"color: #33cccc;\"><em>\u00a0<\/em><\/span><\/td>\n<td><span style=\"color: #33cccc;\"><em>\u00a0<\/em><\/span><\/td>\n<\/tr>\n<tr>\n<td><span style=\"color: #33cccc;\"><em>Dry days\u00a0\u00a0\u00a0\u00a0\u00a0\u00a0\u00a0\u00a0 27<\/em><\/span><\/td>\n<td><span style=\"color: #33cccc;\"><em>\u00a0<\/em><\/span><\/td>\n<td><span style=\"color: #33cccc;\"><em>\u00a0<\/em><\/span><\/td>\n<td><span style=\"color: #33cccc;\"><em>\u00a0<\/em><\/span><\/td>\n<\/tr>\n<tr>\n<td><span style=\"color: #33cccc;\"><em>\u00a0<\/em><\/span><\/td>\n<td><span style=\"color: #33cccc;\"><em>\u00a0<\/em><\/span><\/td>\n<td><span style=\"color: #33cccc;\"><em>\u00a0<\/em><\/span><\/td>\n<td><span style=\"color: #33cccc;\"><em>\u00a0<\/em><\/span><\/td>\n<\/tr>\n<tr>\n<td colspan=\"2\"><span style=\"color: #33cccc;\"><em>Wind (m\/s):<\/em><\/span><\/td>\n<td><span style=\"color: #33cccc;\"><em>\u00a0<\/em><\/span><\/td>\n<td><span style=\"color: #33cccc;\"><em>\u00a0<\/em><\/span><\/td>\n<\/tr>\n<tr>\n<td colspan=\"4\"><span style=\"color: #33cccc;\"><em>Highest Gust\u00a0\u00a0\u00a0\u00a0 11 on 2015-10-02<\/em><\/span><\/td>\n<\/tr>\n<tr>\n<td><span style=\"color: #33cccc;\"><em>\u00a0<\/em><\/span><\/td>\n<td><span style=\"color: #33cccc;\"><em>\u00a0<\/em><\/span><\/td>\n<td><span style=\"color: #33cccc;\"><em>\u00a0<\/em><\/span><\/td>\n<td><span style=\"color: #33cccc;\"><em>\u00a0<\/em><\/span><\/td>\n<\/tr>\n<tr>\n<td colspan=\"2\"><span style=\"color: #33cccc;\"><em>Pressure (hPa):<\/em><\/span><\/td>\n<td><span style=\"color: #33cccc;\"><em>\u00a0<\/em><\/span><\/td>\n<td><span style=\"color: #33cccc;\"><em>\u00a0<\/em><\/span><\/td>\n<\/tr>\n<tr>\n<td colspan=\"4\"><span style=\"color: #33cccc;\"><em>Maximum\u00a0\u00a0\u00a0\u00a0\u00a0\u00a0\u00a0\u00a0 1035,7 on 2015-10-31<\/em><\/span><\/td>\n<\/tr>\n<tr>\n<td colspan=\"4\"><span style=\"color: #33cccc;\"><em>Minimum\u00a0\u00a0\u00a0\u00a0\u00a0\u00a0\u00a0\u00a0 998,4 on 2015-10-23<\/em><\/span><\/p>\n<h2><span style=\"color: #33cccc;\"><em>Nedan ser du en sammanst\u00e4llning f\u00f6r varje dag i m\u00e5naden.<\/em><\/span><\/h2>\n<table width=\"1198\">\n<tbody>\n<tr>\n<td width=\"191\"><span style=\"color: #33cccc;\"><em>Dag<\/em><\/span><\/td>\n<td width=\"146\"><span style=\"color: #33cccc;\"><em>Mintemp(\u00b0C):<\/em><\/span><\/td>\n<td width=\"128\"><span style=\"color: #33cccc;\"><em>Maxtemp (\u00b0C):<\/em><\/span><\/td>\n<td width=\"157\"><span style=\"color: #33cccc;\"><em>Lufttryck(hPa)Min.<\/em><\/span><\/td>\n<td width=\"161\"><span style=\"color: #33cccc;\"><em>Lufttryck(hPa)Max.<\/em><\/span><\/td>\n<td width=\"106\"><span style=\"color: #33cccc;\"><em>Vindriktning:<\/em><\/span><\/td>\n<td width=\"130\"><span style=\"color: #33cccc;\"><em>Maxvind (m\/s):<\/em><\/span><\/td>\n<td width=\"179\"><span style=\"color: #33cccc;\"><em>Nederb\u00f6rd (mm):<\/em><\/span><\/td>\n<\/tr>\n<tr>\n<td><span style=\"color: #33cccc;\"><em>\u00a0<\/em><\/span><\/td>\n<td><span style=\"color: #33cccc;\"><em>\u00a0<\/em><\/span><\/td>\n<td><span style=\"color: #33cccc;\"><em>\u00a0<\/em><\/span><\/td>\n<td><span style=\"color: #33cccc;\"><em>\u00a0<\/em><\/span><\/td>\n<td><span style=\"color: #33cccc;\"><em>\u00a0<\/em><\/span><\/td>\n<td><span style=\"color: #33cccc;\"><em>\u00a0<\/em><\/span><\/td>\n<td><span style=\"color: #33cccc;\"><em>\u00a0<\/em><\/span><\/td>\n<td><span style=\"color: #33cccc;\"><em>\u00a0<\/em><\/span><\/td>\n<\/tr>\n<tr>\n<td><span style=\"color: #33cccc;\"><em>1<\/em><\/span><\/td>\n<td><span style=\"color: #33cccc;\"><em>7,2<\/em><\/span><\/td>\n<td><span style=\"color: #33cccc;\"><em>16,6<\/em><\/span><\/td>\n<td><span style=\"color: #33cccc;\"><em>1021,8<\/em><\/span><\/td>\n<td><span style=\"color: #33cccc;\"><em>1030,5<\/em><\/span><\/td>\n<td><span style=\"color: #33cccc;\"><em>V\u00e4stlig.<\/em><\/span><\/td>\n<td><span style=\"color: #33cccc;\"><em>8<\/em><\/span><\/td>\n<td><span style=\"color: #33cccc;\"><em>0<\/em><\/span><\/td>\n<\/tr>\n<tr>\n<td><span style=\"color: #33cccc;\"><em>2<\/em><\/span><\/td>\n<td><span style=\"color: #33cccc;\"><em>10,1<\/em><\/span><\/td>\n<td><span style=\"color: #33cccc;\"><em>19,1<\/em><\/span><\/td>\n<td><span style=\"color: #33cccc;\"><em>1014,6<\/em><\/span><\/td>\n<td><span style=\"color: #33cccc;\"><em>1022,1<\/em><\/span><\/td>\n<td><span style=\"color: #33cccc;\"><em>Sydv\u00e4stlig.<\/em><\/span><\/td>\n<td><span style=\"color: #33cccc;\"><em>11<\/em><\/span><\/td>\n<td><span style=\"color: #33cccc;\"><em>0<\/em><\/span><\/td>\n<\/tr>\n<tr>\n<td><span style=\"color: #33cccc;\"><em>3<\/em><\/span><\/td>\n<td><span style=\"color: #33cccc;\"><em>5,4<\/em><\/span><\/td>\n<td><span style=\"color: #33cccc;\"><em>17,2<\/em><\/span><\/td>\n<td><span style=\"color: #33cccc;\"><em>1014,3<\/em><\/span><\/td>\n<td><span style=\"color: #33cccc;\"><em>1018,2<\/em><\/span><\/td>\n<td><span style=\"color: #33cccc;\"><em>Sydostlig.<\/em><\/span><\/td>\n<td><span style=\"color: #33cccc;\"><em>4<\/em><\/span><\/td>\n<td><span style=\"color: #33cccc;\"><em>0<\/em><\/span><\/td>\n<\/tr>\n<tr>\n<td><span style=\"color: #33cccc;\"><em>4<\/em><\/span><\/td>\n<td><span style=\"color: #33cccc;\"><em>3,9<\/em><\/span><\/td>\n<td><span style=\"color: #33cccc;\"><em>13,9<\/em><\/span><\/td>\n<td><span style=\"color: #33cccc;\"><em>1011,4<\/em><\/span><\/td>\n<td><span style=\"color: #33cccc;\"><em>1015,4<\/em><\/span><\/td>\n<td><span style=\"color: #33cccc;\"><em>Ostlig.<\/em><\/span><\/td>\n<td><span style=\"color: #33cccc;\"><em>2<\/em><\/span><\/td>\n<td><span style=\"color: #33cccc;\"><em>0<\/em><\/span><\/td>\n<\/tr>\n<tr>\n<td><span style=\"color: #33cccc;\"><em>5<\/em><\/span><\/td>\n<td><span style=\"color: #33cccc;\"><em>3<\/em><\/span><\/td>\n<td><span style=\"color: #33cccc;\"><em>14,4<\/em><\/span><\/td>\n<td><span style=\"color: #33cccc;\"><em>1012,3<\/em><\/span><\/td>\n<td><span style=\"color: #33cccc;\"><em>1018,5<\/em><\/span><\/td>\n<td><span style=\"color: #33cccc;\"><em>Nordostlig.<\/em><\/span><\/td>\n<td><span style=\"color: #33cccc;\"><em>4<\/em><\/span><\/td>\n<td><span style=\"color: #33cccc;\"><em>0<\/em><\/span><\/td>\n<\/tr>\n<tr>\n<td><span style=\"color: #33cccc;\"><em>6<\/em><\/span><\/td>\n<td><span style=\"color: #33cccc;\"><em>2,1<\/em><\/span><\/td>\n<td><span style=\"color: #33cccc;\"><em>12,8<\/em><\/span><\/td>\n<td><span style=\"color: #33cccc;\"><em>1018,3<\/em><\/span><\/td>\n<td><span style=\"color: #33cccc;\"><em>1021,7<\/em><\/span><\/td>\n<td><span style=\"color: #33cccc;\"><em>Ostlig.<\/em><\/span><\/td>\n<td><span style=\"color: #33cccc;\"><em>7<\/em><\/span><\/td>\n<td><span style=\"color: #33cccc;\"><em>0<\/em><\/span><\/td>\n<\/tr>\n<tr>\n<td><span style=\"color: #33cccc;\"><em>7<\/em><\/span><\/td>\n<td><span style=\"color: #33cccc;\"><em>6,5<\/em><\/span><\/td>\n<td><span style=\"color: #33cccc;\"><em>10,3<\/em><\/span><\/td>\n<td><span style=\"color: #33cccc;\"><em>1021,2<\/em><\/span><\/td>\n<td><span style=\"color: #33cccc;\"><em>1025,2<\/em><\/span><\/td>\n<td><span style=\"color: #33cccc;\"><em>Ostlig.<\/em><\/span><\/td>\n<td><span style=\"color: #33cccc;\"><em>8<\/em><\/span><\/td>\n<td><span style=\"color: #33cccc;\"><em>0<\/em><\/span><\/td>\n<\/tr>\n<tr>\n<td><span style=\"color: #33cccc;\"><em>8<\/em><\/span><\/td>\n<td><span style=\"color: #33cccc;\"><em>6,1<\/em><\/span><\/td>\n<td><span style=\"color: #33cccc;\"><em>11,1<\/em><\/span><\/td>\n<td><span style=\"color: #33cccc;\"><em>1023,7<\/em><\/span><\/td>\n<td><span style=\"color: #33cccc;\"><em>1025,9<\/em><\/span><\/td>\n<td><span style=\"color: #33cccc;\"><em>Nordostlig.<\/em><\/span><\/td>\n<td><span style=\"color: #33cccc;\"><em>9<\/em><\/span><\/td>\n<td><span style=\"color: #33cccc;\"><em>0<\/em><\/span><\/td>\n<\/tr>\n<tr>\n<td><span style=\"color: #33cccc;\"><em>9<\/em><\/span><\/td>\n<td><span style=\"color: #33cccc;\"><em>3,3<\/em><\/span><\/td>\n<td><span style=\"color: #33cccc;\"><em>11,2<\/em><\/span><\/td>\n<td><span style=\"color: #33cccc;\"><em>1025,8<\/em><\/span><\/td>\n<td><span style=\"color: #33cccc;\"><em>1028,7<\/em><\/span><\/td>\n<td><span style=\"color: #33cccc;\"><em>Sydv\u00e4stlig.<\/em><\/span><\/td>\n<td><span style=\"color: #33cccc;\"><em>4<\/em><\/span><\/td>\n<td><span style=\"color: #33cccc;\"><em>0<\/em><\/span><\/td>\n<\/tr>\n<tr>\n<td><span style=\"color: #33cccc;\"><em>10<\/em><\/span><\/td>\n<td><span style=\"color: #33cccc;\"><em>-0,5<\/em><\/span><\/td>\n<td><span style=\"color: #33cccc;\"><em>10<\/em><\/span><\/td>\n<td><span style=\"color: #33cccc;\"><em>1027,8<\/em><\/span><\/td>\n<td><span style=\"color: #33cccc;\"><em>1029,6<\/em><\/span><\/td>\n<td><span style=\"color: #33cccc;\"><em>Sydv\u00e4stlig<\/em><\/span><\/td>\n<td><span style=\"color: #33cccc;\"><em>4<\/em><\/span><\/td>\n<td><span style=\"color: #33cccc;\"><em>0<\/em><\/span><\/td>\n<\/tr>\n<tr>\n<td><span style=\"color: #33cccc;\"><em>11<\/em><\/span><\/td>\n<td><span style=\"color: #33cccc;\"><em>1,1<\/em><\/span><\/td>\n<td><span style=\"color: #33cccc;\"><em>10,4<\/em><\/span><\/td>\n<td><span style=\"color: #33cccc;\"><em>1027,9<\/em><\/span><\/td>\n<td><span style=\"color: #33cccc;\"><em>1029,3<\/em><\/span><\/td>\n<td><span style=\"color: #33cccc;\"><em>Nordlig.<\/em><\/span><\/td>\n<td><span style=\"color: #33cccc;\"><em>5<\/em><\/span><\/td>\n<td><span style=\"color: #33cccc;\"><em>0<\/em><\/span><\/td>\n<\/tr>\n<tr>\n<td><span style=\"color: #33cccc;\"><em>12<\/em><\/span><\/td>\n<td><span style=\"color: #33cccc;\"><em>3,8<\/em><\/span><\/td>\n<td><span style=\"color: #33cccc;\"><em>9,3<\/em><\/span><\/td>\n<td><span style=\"color: #33cccc;\"><em>1027,8<\/em><\/span><\/td>\n<td><span style=\"color: #33cccc;\"><em>1029,5<\/em><\/span><\/td>\n<td><span style=\"color: #33cccc;\"><em>Nordostlig.<\/em><\/span><\/td>\n<td><span style=\"color: #33cccc;\"><em>4<\/em><\/span><\/td>\n<td><span style=\"color: #33cccc;\"><em>0<\/em><\/span><\/td>\n<\/tr>\n<tr>\n<td><span style=\"color: #33cccc;\"><em>13<\/em><\/span><\/td>\n<td><span style=\"color: #33cccc;\"><em>4,8<\/em><\/span><\/td>\n<td><span style=\"color: #33cccc;\"><em>9,8<\/em><\/span><\/td>\n<td><span style=\"color: #33cccc;\"><em>1024,9<\/em><\/span><\/td>\n<td><span style=\"color: #33cccc;\"><em>1028,3<\/em><\/span><\/td>\n<td><span style=\"color: #33cccc;\"><em>Nordostlig.<\/em><\/span><\/td>\n<td><span style=\"color: #33cccc;\"><em>4<\/em><\/span><\/td>\n<td><span style=\"color: #33cccc;\"><em>0<\/em><\/span><\/td>\n<\/tr>\n<tr>\n<td><span style=\"color: #33cccc;\"><em>14<\/em><\/span><\/td>\n<td><span style=\"color: #33cccc;\"><em>4,6<\/em><\/span><\/td>\n<td><span style=\"color: #33cccc;\"><em>10,2<\/em><\/span><\/td>\n<td><span style=\"color: #33cccc;\"><em>1025,3<\/em><\/span><\/td>\n<td><span style=\"color: #33cccc;\"><em>1028<\/em><\/span><\/td>\n<td><span style=\"color: #33cccc;\"><em>Nordostlig.<\/em><\/span><\/td>\n<td><span style=\"color: #33cccc;\"><em>5<\/em><\/span><\/td>\n<td><span style=\"color: #33cccc;\"><em>0<\/em><\/span><\/td>\n<\/tr>\n<tr>\n<td><span style=\"color: #33cccc;\"><em>15<\/em><\/span><\/td>\n<td><span style=\"color: #33cccc;\"><em>-1,2<\/em><\/span><\/td>\n<td><span style=\"color: #33cccc;\"><em>11,4<\/em><\/span><\/td>\n<td><span style=\"color: #33cccc;\"><em>1026,5<\/em><\/span><\/td>\n<td><span style=\"color: #33cccc;\"><em>1029,3<\/em><\/span><\/td>\n<td><span style=\"color: #33cccc;\"><em>Nordostlig.<\/em><\/span><\/td>\n<td><span style=\"color: #33cccc;\"><em>6<\/em><\/span><\/td>\n<td><span style=\"color: #33cccc;\"><em>0<\/em><\/span><\/td>\n<\/tr>\n<tr>\n<td><span style=\"color: #33cccc;\"><em>16<\/em><\/span><\/td>\n<td><span style=\"color: #33cccc;\"><em>3<\/em><\/span><\/td>\n<td><span style=\"color: #33cccc;\"><em>10,4<\/em><\/span><\/td>\n<td><span style=\"color: #33cccc;\"><em>1020,8<\/em><\/span><\/td>\n<td><span style=\"color: #33cccc;\"><em>1027,1<\/em><\/span><\/td>\n<td><span style=\"color: #33cccc;\"><em>Nordostlig.<\/em><\/span><\/td>\n<td><span style=\"color: #33cccc;\"><em>6<\/em><\/span><\/td>\n<td><span style=\"color: #33cccc;\"><em>0<\/em><\/span><\/td>\n<\/tr>\n<tr>\n<td><span style=\"color: #33cccc;\"><em>17<\/em><\/span><\/td>\n<td><span style=\"color: #33cccc;\"><em>7,6<\/em><\/span><\/td>\n<td><span style=\"color: #33cccc;\"><em>9,3<\/em><\/span><\/td>\n<td><span style=\"color: #33cccc;\"><em>1020,1<\/em><\/span><\/td>\n<td><span style=\"color: #33cccc;\"><em>1021,4<\/em><\/span><\/td>\n<td><span style=\"color: #33cccc;\"><em>Nordlig.<\/em><\/span><\/td>\n<td><span style=\"color: #33cccc;\"><em>5<\/em><\/span><\/td>\n<td><span style=\"color: #33cccc;\"><em>1,1<\/em><\/span><\/td>\n<\/tr>\n<tr>\n<td><span style=\"color: #33cccc;\"><em>18<\/em><\/span><\/td>\n<td><span style=\"color: #33cccc;\"><em>5,4<\/em><\/span><\/td>\n<td><span style=\"color: #33cccc;\"><em>9,8<\/em><\/span><\/td>\n<td><span style=\"color: #33cccc;\"><em>1017,8<\/em><\/span><\/td>\n<td><span style=\"color: #33cccc;\"><em>1020,4<\/em><\/span><\/td>\n<td><span style=\"color: #33cccc;\"><em>Sydostlig.<\/em><\/span><\/td>\n<td><span style=\"color: #33cccc;\"><em>4<\/em><\/span><\/td>\n<td><span style=\"color: #33cccc;\"><em>0<\/em><\/span><\/td>\n<\/tr>\n<tr>\n<td><span style=\"color: #33cccc;\"><em>19<\/em><\/span><\/td>\n<td><span style=\"color: #33cccc;\"><em>7,1<\/em><\/span><\/td>\n<td><span style=\"color: #33cccc;\"><em>10,3<\/em><\/span><\/td>\n<td><span style=\"color: #33cccc;\"><em>1018<\/em><\/span><\/td>\n<td><span style=\"color: #33cccc;\"><em>1022,1<\/em><\/span><\/td>\n<td><span style=\"color: #33cccc;\"><em>Nordlig.<\/em><\/span><\/td>\n<td><span style=\"color: #33cccc;\"><em>3<\/em><\/span><\/td>\n<td><span style=\"color: #33cccc;\"><em>0<\/em><\/span><\/td>\n<\/tr>\n<tr>\n<td><span style=\"color: #33cccc;\"><em>20<\/em><\/span><\/td>\n<td><span style=\"color: #33cccc;\"><em>7,5<\/em><\/span><\/td>\n<td><span style=\"color: #33cccc;\"><em>10,6<\/em><\/span><\/td>\n<td><span style=\"color: #33cccc;\"><em>1018,3<\/em><\/span><\/td>\n<td><span style=\"color: #33cccc;\"><em>1022,4<\/em><\/span><\/td>\n<td><span style=\"color: #33cccc;\"><em>Sydlig.<\/em><\/span><\/td>\n<td><span style=\"color: #33cccc;\"><em>3<\/em><\/span><\/td>\n<td><span style=\"color: #33cccc;\"><em>1,5<\/em><\/span><\/td>\n<\/tr>\n<tr>\n<td><span style=\"color: #33cccc;\"><em>21<\/em><\/span><\/td>\n<td><span style=\"color: #33cccc;\"><em>5,4<\/em><\/span><\/td>\n<td><span style=\"color: #33cccc;\"><em>10,9<\/em><\/span><\/td>\n<td><span style=\"color: #33cccc;\"><em>1011,5<\/em><\/span><\/td>\n<td><span style=\"color: #33cccc;\"><em>1018,8<\/em><\/span><\/td>\n<td><span style=\"color: #33cccc;\"><em>Sydv\u00e4stlig.<\/em><\/span><\/td>\n<td><span style=\"color: #33cccc;\"><em>5<\/em><\/span><\/td>\n<td><span style=\"color: #33cccc;\"><em>0<\/em><\/span><\/td>\n<\/tr>\n<tr>\n<td><span style=\"color: #33cccc;\"><em>22<\/em><\/span><\/td>\n<td><span style=\"color: #33cccc;\"><em>7,6<\/em><\/span><\/td>\n<td><span style=\"color: #33cccc;\"><em>12,4<\/em><\/span><\/td>\n<td><span style=\"color: #33cccc;\"><em>1000,2<\/em><\/span><\/td>\n<td><span style=\"color: #33cccc;\"><em>1011,8<\/em><\/span><\/td>\n<td><span style=\"color: #33cccc;\"><em>Sydlig<\/em><\/span><\/td>\n<td><span style=\"color: #33cccc;\"><em>10<\/em><\/span><\/td>\n<td><span style=\"color: #33cccc;\"><em>1,5<\/em><\/span><\/td>\n<\/tr>\n<tr>\n<td><span style=\"color: #33cccc;\"><em>23<\/em><\/span><\/td>\n<td><span style=\"color: #33cccc;\"><em>8,6<\/em><\/span><\/td>\n<td><span style=\"color: #33cccc;\"><em>15,1<\/em><\/span><\/td>\n<td><span style=\"color: #33cccc;\"><em>998,4<\/em><\/span><\/td>\n<td><span style=\"color: #33cccc;\"><em>1014,7<\/em><\/span><\/td>\n<td><span style=\"color: #33cccc;\"><em>V\u00e4stlig.<\/em><\/span><\/td>\n<td><span style=\"color: #33cccc;\"><em>10<\/em><\/span><\/td>\n<td><span style=\"color: #33cccc;\"><em>1<\/em><\/span><\/td>\n<\/tr>\n<tr>\n<td><span style=\"color: #33cccc;\"><em>24<\/em><\/span><\/td>\n<td><span style=\"color: #33cccc;\"><em>4,3<\/em><\/span><\/td>\n<td><span style=\"color: #33cccc;\"><em>12,1<\/em><\/span><\/td>\n<td><span style=\"color: #33cccc;\"><em>1014,5<\/em><\/span><\/td>\n<td><span style=\"color: #33cccc;\"><em>1017,7<\/em><\/span><\/td>\n<td><span style=\"color: #33cccc;\"><em>Sydv\u00e4stlig.<\/em><\/span><\/td>\n<td><span style=\"color: #33cccc;\"><em>10<\/em><\/span><\/td>\n<td><span style=\"color: #33cccc;\"><em>0<\/em><\/span><\/td>\n<\/tr>\n<tr>\n<td><span style=\"color: #33cccc;\"><em>25<\/em><\/span><\/td>\n<td><span style=\"color: #33cccc;\"><em>7,4<\/em><\/span><\/td>\n<td><span style=\"color: #33cccc;\"><em>12,5<\/em><\/span><\/td>\n<td><span style=\"color: #33cccc;\"><em>1008,9<\/em><\/span><\/td>\n<td><span style=\"color: #33cccc;\"><em>1014,8<\/em><\/span><\/td>\n<td><span style=\"color: #33cccc;\"><em>V\u00e4stlig.<\/em><\/span><\/td>\n<td><span style=\"color: #33cccc;\"><em>9<\/em><\/span><\/td>\n<td><span style=\"color: #33cccc;\"><em>0<\/em><\/span><\/td>\n<\/tr>\n<tr>\n<td><span style=\"color: #33cccc;\"><em>26<\/em><\/span><\/td>\n<td><span style=\"color: #33cccc;\"><em>3<\/em><\/span><\/td>\n<td><span style=\"color: #33cccc;\"><em>10,9<\/em><\/span><\/td>\n<td><span style=\"color: #33cccc;\"><em>1014,7<\/em><\/span><\/td>\n<td><span style=\"color: #33cccc;\"><em>1023,7<\/em><\/span><\/td>\n<td><span style=\"color: #33cccc;\"><em>Sydv\u00e4stlig.<\/em><\/span><\/td>\n<td><span style=\"color: #33cccc;\"><em>8<\/em><\/span><\/td>\n<td><span style=\"color: #33cccc;\"><em>0<\/em><\/span><\/td>\n<\/tr>\n<tr>\n<td><span style=\"color: #33cccc;\"><em>27<\/em><\/span><\/td>\n<td><span style=\"color: #33cccc;\"><em>-1,6<\/em><\/span><\/td>\n<td><span style=\"color: #33cccc;\"><em>10,3<\/em><\/span><\/td>\n<td><span style=\"color: #33cccc;\"><em>1022,5<\/em><\/span><\/td>\n<td><span style=\"color: #33cccc;\"><em>1024,2<\/em><\/span><\/td>\n<td><span style=\"color: #33cccc;\"><em>Sydv\u00e4stlig.<\/em><\/span><\/td>\n<td><span style=\"color: #33cccc;\"><em>5<\/em><\/span><\/td>\n<td><span style=\"color: #33cccc;\"><em>0<\/em><\/span><\/td>\n<\/tr>\n<tr>\n<td><span style=\"color: #33cccc;\"><em>28<\/em><\/span><\/td>\n<td><span style=\"color: #33cccc;\"><em>1,3<\/em><\/span><\/td>\n<td><span style=\"color: #33cccc;\"><em>9,5<\/em><\/span><\/td>\n<td><span style=\"color: #33cccc;\"><em>1023<\/em><\/span><\/td>\n<td><span style=\"color: #33cccc;\"><em>1025,8<\/em><\/span><\/td>\n<td><span style=\"color: #33cccc;\"><em>Nordlig.<\/em><\/span><\/td>\n<td><span style=\"color: #33cccc;\"><em>5<\/em><\/span><\/td>\n<td><span style=\"color: #33cccc;\"><em>0<\/em><\/span><\/td>\n<\/tr>\n<tr>\n<td><span style=\"color: #33cccc;\"><em>29<\/em><\/span><\/td>\n<td><span style=\"color: #33cccc;\"><em>4,9<\/em><\/span><\/td>\n<td><span style=\"color: #33cccc;\"><em>10,2<\/em><\/span><\/td>\n<td><span style=\"color: #33cccc;\"><em>1019,9<\/em><\/span><\/td>\n<td><span style=\"color: #33cccc;\"><em>1023,8<\/em><\/span><\/td>\n<td><span style=\"color: #33cccc;\"><em>Ostlig.<\/em><\/span><\/td>\n<td><span style=\"color: #33cccc;\"><em>5<\/em><\/span><\/td>\n<td><span style=\"color: #33cccc;\"><em>0<\/em><\/span><\/td>\n<\/tr>\n<tr>\n<td><span style=\"color: #33cccc;\"><em>30<\/em><\/span><\/td>\n<td><span style=\"color: #33cccc;\"><em>6,7<\/em><\/span><\/td>\n<td><span style=\"color: #33cccc;\"><em>9,8<\/em><\/span><\/td>\n<td><span style=\"color: #33cccc;\"><em>1023,7<\/em><\/span><\/td>\n<td><span style=\"color: #33cccc;\"><em>1034,2<\/em><\/span><\/td>\n<td><span style=\"color: #33cccc;\"><em>Sydostlig.<\/em><\/span><\/td>\n<td><span style=\"color: #33cccc;\"><em>4<\/em><\/span><\/td>\n<td><span style=\"color: #33cccc;\"><em>0<\/em><\/span><\/td>\n<\/tr>\n<tr>\n<td><span style=\"color: #33cccc;\"><em>31<\/em><\/span><\/td>\n<td><span style=\"color: #33cccc;\"><em>4,2<\/em><\/span><\/td>\n<td><span style=\"color: #33cccc;\"><em>10,9<\/em><\/span><\/td>\n<td><span style=\"color: #33cccc;\"><em>1030,5<\/em><\/span><\/td>\n<td><span style=\"color: #33cccc;\"><em>1037,7<\/em><\/span><\/td>\n<td><span style=\"color: #33cccc;\"><em>Sydostlig.<\/em><\/span><\/td>\n<td><span style=\"color: #33cccc;\"><em>3<\/em><\/span><\/td>\n<td><span style=\"color: #33cccc;\"><em>0<\/em><\/span><\/td>\n<\/tr>\n<\/tbody>\n<\/table>\n<\/td>\n<\/tr>\n<\/tbody>\n<\/table>\n<p>&nbsp;<\/p>\n","protected":false},"excerpt":{"rendered":"<p>&nbsp; Summary for period 2015-10-01 to 2015-10-31 \u00a0 \u00a0 \u00a0 \u00a0 Temperature (\u00b0C): \u00a0 \u00a0 Mean (1 minute) 8,0 \u00a0 \u00a0 Mean (min+max)\u00a0\u00a0 7,8 \u00a0 Mean Minimum\u00a0\u00a0\u00a0\u00a0 3,9 \u00a0 Mean Maximum\u00a0\u00a0\u00a0\u00a0 11,7 \u00a0 Minimum\u00a0\u00a0\u00a0\u00a0\u00a0\u00a0\u00a0\u00a0 -1,6 on 2015-10-27 Maximum\u00a0\u00a0\u00a0\u00a0\u00a0\u00a0\u00a0\u00a0 18,9 on &hellip; <a href=\"https:\/\/jensgustafsson.se\/?page_id=5205\">Forts\u00e4tt l\u00e4sa <span class=\"meta-nav\">&rarr;<\/span><\/a><\/p>\n","protected":false},"author":1,"featured_media":0,"parent":4326,"menu_order":10,"comment_status":"closed","ping_status":"closed","template":"","meta":{"footnotes":""},"class_list":["post-5205","page","type-page","status-publish","hentry"],"_links":{"self":[{"href":"https:\/\/jensgustafsson.se\/index.php?rest_route=\/wp\/v2\/pages\/5205","targetHints":{"allow":["GET"]}}],"collection":[{"href":"https:\/\/jensgustafsson.se\/index.php?rest_route=\/wp\/v2\/pages"}],"about":[{"href":"https:\/\/jensgustafsson.se\/index.php?rest_route=\/wp\/v2\/types\/page"}],"author":[{"embeddable":true,"href":"https:\/\/jensgustafsson.se\/index.php?rest_route=\/wp\/v2\/users\/1"}],"replies":[{"embeddable":true,"href":"https:\/\/jensgustafsson.se\/index.php?rest_route=%2Fwp%2Fv2%2Fcomments&post=5205"}],"version-history":[{"count":2,"href":"https:\/\/jensgustafsson.se\/index.php?rest_route=\/wp\/v2\/pages\/5205\/revisions"}],"predecessor-version":[{"id":5207,"href":"https:\/\/jensgustafsson.se\/index.php?rest_route=\/wp\/v2\/pages\/5205\/revisions\/5207"}],"up":[{"embeddable":true,"href":"https:\/\/jensgustafsson.se\/index.php?rest_route=\/wp\/v2\/pages\/4326"}],"wp:attachment":[{"href":"https:\/\/jensgustafsson.se\/index.php?rest_route=%2Fwp%2Fv2%2Fmedia&parent=5205"}],"curies":[{"name":"wp","href":"https:\/\/api.w.org\/{rel}","templated":true}]}}