{"id":8139,"date":"2017-06-01T02:46:41","date_gmt":"2017-06-01T01:46:41","guid":{"rendered":"http:\/\/jensgustafsson.se\/?page_id=8139"},"modified":"2017-06-01T03:12:57","modified_gmt":"2017-06-01T02:12:57","slug":"maj-2017","status":"publish","type":"page","link":"https:\/\/jensgustafsson.se\/?page_id=8139","title":{"rendered":"Maj 2017."},"content":{"rendered":"<p>&nbsp;<\/p>\n<p><span style=\"color: #33cccc;\"><em>Maj m\u00e5nad kan sammanfattas s\u00e5h\u00e4r ungef\u00e4r:<\/em><\/span><\/p>\n<p>&nbsp;<\/p>\n<p><span style=\"color: #33cccc;\"><em>B\u00f6rjan av m\u00e5naden var mycket kylig med frostn\u00e4tter och dagar med sn\u00e5la temperaturer.<\/em><\/span><\/p>\n<p><a href=\"http:\/\/jensgustafsson.se\/?attachment_id=8144\" rel=\"attachment wp-att-8144\"><img loading=\"lazy\" decoding=\"async\" class=\"aligncenter  wp-image-8144\" src=\"http:\/\/media1.jensgustafsson.se\/2017\/06\/DSC_1011-1-300x195.jpg\" alt=\"\" width=\"478\" height=\"316\" \/><\/a><\/p>\n<p>&nbsp;<\/p>\n<p><span style=\"color: #33cccc;\"><em> Det gick \u00e4nda till mitten av m\u00e5naden innan dagstemperaturen var \u00f6ver 20 grader, men d\u00e4refter fick vi ju en period med stigande dagstemperaturer, och n\u00e5gra riktigt varma dagar, total 5 dagar med h\u00f6gsommarv\u00e4rme, d.v.s. maxtemp \u00f6ver 25 grader.<\/em><\/span><\/p>\n<p><a href=\"http:\/\/jensgustafsson.se\/?attachment_id=8145\" rel=\"attachment wp-att-8145\"><img loading=\"lazy\" decoding=\"async\" class=\"aligncenter  wp-image-8145\" src=\"http:\/\/media1.jensgustafsson.se\/2017\/06\/P1090023-300x262.jpg\" alt=\"\" width=\"476\" height=\"418\" \/><\/a><\/p>\n<p><span style=\"color: #33cccc;\"><em>Anm\u00e4rkningsv\u00e4rt \u00e4r\u00a0 nederb\u00f6rdsm\u00e4ngderna som \u00e4r alldeles f\u00f6r l\u00e5ga, och som gjort att vattnet i \u00e5ar och sj\u00f6ar har sjunkit l\u00e5ngt under f\u00f6r \u00e5rstiden normala v\u00e4rden.<\/em><\/span><\/p>\n<p><a href=\"http:\/\/jensgustafsson.se\/?attachment_id=8146\" rel=\"attachment wp-att-8146\"><img loading=\"lazy\" decoding=\"async\" class=\"aligncenter  wp-image-8146\" src=\"http:\/\/media1.jensgustafsson.se\/2017\/06\/P1090352-300x200.jpg\" alt=\"\" width=\"478\" height=\"325\" \/><\/a><\/p>\n<p><span style=\"color: #33cccc;\"><em>H\u00e4r kommer en sammanst\u00e4llning \u00f6ver maj m\u00e5nad\u00a0fr\u00e5n loggen p\u00e5 v\u00e4derstationen:<\/em><\/span><\/p>\n<table width=\"179\">\n<tbody>\n<tr>\n<td width=\"179\"><span style=\"color: #33cccc;\"><em>Summary for maj 2017<\/em><\/span><\/td>\n<\/tr>\n<tr>\n<td><span style=\"color: #33cccc;\"><em>\u00a0<\/em><\/span><\/td>\n<\/tr>\n<tr>\n<td><span style=\"color: #33cccc;\"><em>Temperature (\u00b0C):<\/em><\/span><\/td>\n<\/tr>\n<tr>\n<td><span style=\"color: #33cccc;\"><em>Mean (min+max)\u00a0\u00a0 12,6<\/em><\/span><\/td>\n<\/tr>\n<tr>\n<td><span style=\"color: #33cccc;\"><em>Mean Minimum\u00a0\u00a0\u00a0\u00a0 6,0<\/em><\/span><\/td>\n<\/tr>\n<tr>\n<td><span style=\"color: #33cccc;\"><em>Mean Maximum\u00a0\u00a0\u00a0\u00a0 19,2<\/em><\/span><\/td>\n<\/tr>\n<tr>\n<td><span style=\"color: #33cccc;\"><em>Minimum\u00a0\u00a0\u00a0\u00a0\u00a0\u00a0\u00a0\u00a0 -2,9 day 2<\/em><\/span><\/td>\n<\/tr>\n<tr>\n<td><span style=\"color: #33cccc;\"><em>Maximum\u00a0\u00a0\u00a0\u00a0\u00a0\u00a0\u00a0\u00a0 29,8 day 28<\/em><\/span><\/td>\n<\/tr>\n<tr>\n<td><span style=\"color: #33cccc;\"><em>Highest Minimum 13,3 day 28<\/em><\/span><\/td>\n<\/tr>\n<tr>\n<td><span style=\"color: #33cccc;\"><em>Lowest Maximum\u00a0\u00a0 7,4 day 08<\/em><\/span><\/td>\n<\/tr>\n<tr>\n<td><span style=\"color: #33cccc;\"><em>Air frosts\u00a0\u00a0\u00a0\u00a0\u00a0\u00a0 8<\/em><\/span><\/td>\n<\/tr>\n<tr>\n<td><span style=\"color: #33cccc;\"><em>\u00a0<\/em><\/span><\/td>\n<\/tr>\n<tr>\n<td><span style=\"color: #33cccc;\"><em>Rainfall (mm):<\/em><\/span><\/td>\n<\/tr>\n<tr>\n<td><span style=\"color: #ff9900;\"><em>Total for month 19,7<\/em><\/span><\/td>\n<\/tr>\n<tr>\n<td><span style=\"color: #33cccc;\"><em>Rain days\u00a0\u00a0\u00a0\u00a0\u00a0\u00a0 5<\/em><\/span><\/td>\n<\/tr>\n<tr>\n<td><span style=\"color: #33cccc;\"><em>Dry days\u00a0\u00a0\u00a0\u00a0\u00a0\u00a0\u00a0\u00a0 26<\/em><\/span><\/td>\n<\/tr>\n<tr>\n<td><span style=\"color: #33cccc;\"><em>\u00a0<\/em><\/span><\/td>\n<\/tr>\n<tr>\n<td><span style=\"color: #33cccc;\"><em>Wind (m\/s):<\/em><\/span><\/td>\n<\/tr>\n<tr>\n<td><span style=\"color: #33cccc;\"><em>Highest Gust\u00a0\u00a0\u00a0\u00a0 14 day 07<\/em><\/span><\/td>\n<\/tr>\n<tr>\n<td><span style=\"color: #33cccc;\"><em>\u00a0<\/em><\/span><\/td>\n<\/tr>\n<tr>\n<td><span style=\"color: #33cccc;\"><em>Pressure (hPa):<\/em><\/span><\/td>\n<\/tr>\n<tr>\n<td><span style=\"color: #33cccc;\"><em>Maximum\u00a0\u00a0\u00a0\u00a0\u00a0\u00a0\u00a0\u00a0 1032,1 day 04<\/em><\/span><\/td>\n<\/tr>\n<tr>\n<td><span style=\"color: #33cccc;\"><em>Minimum\u00a0\u00a0\u00a0\u00a0\u00a0\u00a0\u00a0\u00a0 1001,7 day 31<\/em><\/span><\/td>\n<\/tr>\n<\/tbody>\n<\/table>\n<p>&nbsp;<\/p>\n","protected":false},"excerpt":{"rendered":"<p>&nbsp; Maj m\u00e5nad kan sammanfattas s\u00e5h\u00e4r ungef\u00e4r: &nbsp; B\u00f6rjan av m\u00e5naden var mycket kylig med frostn\u00e4tter och dagar med sn\u00e5la temperaturer. &nbsp; Det gick \u00e4nda till mitten av m\u00e5naden innan dagstemperaturen var \u00f6ver 20 grader, men d\u00e4refter fick vi ju &hellip; <a href=\"https:\/\/jensgustafsson.se\/?page_id=8139\">Forts\u00e4tt l\u00e4sa <span class=\"meta-nav\">&rarr;<\/span><\/a><\/p>\n","protected":false},"author":1,"featured_media":8147,"parent":7689,"menu_order":5,"comment_status":"closed","ping_status":"closed","template":"","meta":{"footnotes":""},"class_list":["post-8139","page","type-page","status-publish","has-post-thumbnail","hentry"],"_links":{"self":[{"href":"https:\/\/jensgustafsson.se\/index.php?rest_route=\/wp\/v2\/pages\/8139","targetHints":{"allow":["GET"]}}],"collection":[{"href":"https:\/\/jensgustafsson.se\/index.php?rest_route=\/wp\/v2\/pages"}],"about":[{"href":"https:\/\/jensgustafsson.se\/index.php?rest_route=\/wp\/v2\/types\/page"}],"author":[{"embeddable":true,"href":"https:\/\/jensgustafsson.se\/index.php?rest_route=\/wp\/v2\/users\/1"}],"replies":[{"embeddable":true,"href":"https:\/\/jensgustafsson.se\/index.php?rest_route=%2Fwp%2Fv2%2Fcomments&post=8139"}],"version-history":[{"count":3,"href":"https:\/\/jensgustafsson.se\/index.php?rest_route=\/wp\/v2\/pages\/8139\/revisions"}],"predecessor-version":[{"id":8148,"href":"https:\/\/jensgustafsson.se\/index.php?rest_route=\/wp\/v2\/pages\/8139\/revisions\/8148"}],"up":[{"embeddable":true,"href":"https:\/\/jensgustafsson.se\/index.php?rest_route=\/wp\/v2\/pages\/7689"}],"wp:featuredmedia":[{"embeddable":true,"href":"https:\/\/jensgustafsson.se\/index.php?rest_route=\/wp\/v2\/media\/8147"}],"wp:attachment":[{"href":"https:\/\/jensgustafsson.se\/index.php?rest_route=%2Fwp%2Fv2%2Fmedia&parent=8139"}],"curies":[{"name":"wp","href":"https:\/\/api.w.org\/{rel}","templated":true}]}}