{"id":8541,"date":"2017-09-01T15:21:50","date_gmt":"2017-09-01T14:21:50","guid":{"rendered":"http:\/\/jensgustafsson.se\/?page_id=8541"},"modified":"2017-09-02T04:05:42","modified_gmt":"2017-09-02T03:05:42","slug":"augusti-2017","status":"publish","type":"page","link":"https:\/\/jensgustafsson.se\/?page_id=8541","title":{"rendered":"Augusti 2017."},"content":{"rendered":"<p><span style=\"color: #33cccc;\"><em>Augusti tycker jag har varit en bra m\u00e5nad v\u00e4derm\u00e4ssigt, regn har vi f\u00e5tt en del som tur \u00e4r, inget extremt precis, och vi beh\u00f6ver mycket mera f\u00f6r att grundvattnet ska komma upp i normalniv\u00e5, och f\u00f6r att det ska beh\u00f6vas st\u00f6vlar \u00e5tminstone f\u00f6r att g\u00e5 ut i \u00e5f\u00e5ran i N\u00f6t\u00e5n.<\/em><\/span><\/p>\n<p><span style=\"color: #33cccc;\"><em>V\u00e4rme tycker jag ocks\u00e5 vi har f\u00e5tt lagom med, om man ser till vad som vi kan f\u00f6rv\u00e4nta oss av en svensk sommar, jag kan n\u00e4mna att vi haft 3 dagar med h\u00f6gsommarv\u00e4rme, d.v.s. \u00f6ver 25 grader, 23 dagar med maxtemperatur mellan 20 och 25 grader, kvar blir d\u00e5 ynka 5 dagar som inte temperaturen orkade upp till 20 grader. Kan n\u00e4mna att ifjol hade vi en medeltemp p\u00e5 16,1 grader i augusti mot 16,8 i \u00e5r. Statistik fr\u00e5n n\u00e5gra \u00e5r tillbaka ligger ju p\u00e5 min v\u00e4dersida, s\u00e5 d\u00e4r g\u00e5r det att kolla och j\u00e4mf\u00f6ra.<\/em><\/span><\/p>\n<p><span style=\"color: #33cccc;\"><em>S\u00e5 vad g\u00e4ller augustim\u00e5naden, och f\u00f6rresten hela sommarperioden, tycker jag har varit helt okej normalt svenskt sommarv\u00e4der i F\u00e5gelfors iallafall, men allt \u00e4r ju relativt, och vad man vill och f\u00f6rv\u00e4ntas f\u00e5 ut av sommarv\u00e4dret.<\/em><\/span><\/p>\n<p><span style=\"color: #33cccc;\"><em>Nedan finns sammanfattningen fr\u00e5n min v\u00e4derstations logg i siffror:<\/em><\/span><\/p>\n<p><span style=\"color: #33cccc;\"><em>Summary for period 2017-08-01 to 2017-08-31 <\/em><\/span><\/p>\n<p><span style=\"color: #33cccc;\"><em>Temperature (\u00b0C): <\/em><\/span><br \/>\n<span style=\"color: #33cccc;\"><em>Mean (min+max) 16,8 <\/em><\/span><br \/>\n<span style=\"color: #33cccc;\"><em>Mean Minimum 11,3 <\/em><\/span><br \/>\n<span style=\"color: #33cccc;\"><em>Mean Maximum 22,3 <\/em><\/span><br \/>\n<span style=\"color: #33cccc;\"><em>Minimum 5,8 on 2017-08-24 <\/em><\/span><br \/>\n<span style=\"color: #33cccc;\"><em>Maximum 26,7 on 2017-08-11 <\/em><\/span><br \/>\n<span style=\"color: #33cccc;\"><em>Highest Minimum 15,9 on 2017-08-12 <\/em><\/span><br \/>\n<span style=\"color: #33cccc;\"><em>Lowest Maximum 17,8 on 2017-08-27 <\/em><\/span><br \/>\n<span style=\"color: #33cccc;\"><em>Air frosts 0 <\/em><\/span><\/p>\n<p><span style=\"color: #33cccc;\"><em>Rainfall (mm): <\/em><\/span><br \/>\n<span style=\"color: #33cccc;\"><em>Total for period 75,1 <\/em><\/span><br \/>\n<span style=\"color: #33cccc;\"><em>Wettest day 19,2 on 2017-08-19 <\/em><\/span><br \/>\n<span style=\"color: #33cccc;\"><em>High rain rate 61,2 day 2017-08-19 <\/em><\/span><br \/>\n<span style=\"color: #33cccc;\"><em>Rain days 13 <\/em><\/span><br \/>\n<span style=\"color: #33cccc;\"><em>Dry days 18 <\/em><\/span><\/p>\n<p><span style=\"color: #33cccc;\"><em>Wind (m\/s): <\/em><\/span><br \/>\n<span style=\"color: #33cccc;\"><em>Highest Gust 10 on 2017-08-06.07,13 <\/em><\/span><br \/>\n<span style=\"color: #33cccc;\"><em>Average Speed 1,3 <\/em><\/span><\/p>\n<p><span style=\"color: #33cccc;\"><em>Pressure (hPa): <\/em><\/span><br \/>\n<span style=\"color: #33cccc;\"><em>Maximum 1023,8 on 2017-08-15 <\/em><\/span><br \/>\n<span style=\"color: #33cccc;\"><em>Minimum 999,5 on 2017-08-04<\/em> <\/span><\/p>\n","protected":false},"excerpt":{"rendered":"<p>Augusti tycker jag har varit en bra m\u00e5nad v\u00e4derm\u00e4ssigt, regn har vi f\u00e5tt en del som tur \u00e4r, inget extremt precis, och vi beh\u00f6ver mycket mera f\u00f6r att grundvattnet ska komma upp i normalniv\u00e5, och f\u00f6r att det ska beh\u00f6vas &hellip; <a href=\"https:\/\/jensgustafsson.se\/?page_id=8541\">Forts\u00e4tt l\u00e4sa <span class=\"meta-nav\">&rarr;<\/span><\/a><\/p>\n","protected":false},"author":1,"featured_media":0,"parent":7689,"menu_order":8,"comment_status":"closed","ping_status":"closed","template":"","meta":{"footnotes":""},"class_list":["post-8541","page","type-page","status-publish","hentry"],"_links":{"self":[{"href":"https:\/\/jensgustafsson.se\/index.php?rest_route=\/wp\/v2\/pages\/8541","targetHints":{"allow":["GET"]}}],"collection":[{"href":"https:\/\/jensgustafsson.se\/index.php?rest_route=\/wp\/v2\/pages"}],"about":[{"href":"https:\/\/jensgustafsson.se\/index.php?rest_route=\/wp\/v2\/types\/page"}],"author":[{"embeddable":true,"href":"https:\/\/jensgustafsson.se\/index.php?rest_route=\/wp\/v2\/users\/1"}],"replies":[{"embeddable":true,"href":"https:\/\/jensgustafsson.se\/index.php?rest_route=%2Fwp%2Fv2%2Fcomments&post=8541"}],"version-history":[{"count":2,"href":"https:\/\/jensgustafsson.se\/index.php?rest_route=\/wp\/v2\/pages\/8541\/revisions"}],"predecessor-version":[{"id":8546,"href":"https:\/\/jensgustafsson.se\/index.php?rest_route=\/wp\/v2\/pages\/8541\/revisions\/8546"}],"up":[{"embeddable":true,"href":"https:\/\/jensgustafsson.se\/index.php?rest_route=\/wp\/v2\/pages\/7689"}],"wp:attachment":[{"href":"https:\/\/jensgustafsson.se\/index.php?rest_route=%2Fwp%2Fv2%2Fmedia&parent=8541"}],"curies":[{"name":"wp","href":"https:\/\/api.w.org\/{rel}","templated":true}]}}