{"id":8668,"date":"2017-10-01T04:50:41","date_gmt":"2017-10-01T03:50:41","guid":{"rendered":"http:\/\/jensgustafsson.se\/?page_id=8668"},"modified":"2017-10-01T04:54:04","modified_gmt":"2017-10-01T03:54:04","slug":"september-2017","status":"publish","type":"page","link":"https:\/\/jensgustafsson.se\/?page_id=8668","title":{"rendered":"September 2017."},"content":{"rendered":"<p><span style=\"color: #33cccc;\"><em>September blev en f\u00f6rh\u00e5llandevis regnrik m\u00e5nad (88,6 mm) j\u00e4mf\u00f6rt med vad vi haft de senaste \u00e5ren. Jag b\u00f6rjade med denna v\u00e4dersida 2013, och d\u00e5 fick vi 29,5 mm under september,<a href=\"http:\/\/jensgustafsson.se\/?page_id=1847\" target=\"_blank\" rel=\"noopener\">September 2013.<\/a> ,2014 var det 35,2 mm,<a href=\"http:\/\/jensgustafsson.se\/?page_id=3965\" target=\"_blank\" rel=\"noopener\">September 2014.<\/a> 2015, 61 mm,<a href=\"http:\/\/jensgustafsson.se\/?page_id=5096\" target=\"_blank\" rel=\"noopener\">September 2015.<\/a> 2016 bara 12,5 mm,<a href=\"http:\/\/jensgustafsson.se\/?page_id=6788\" target=\"_blank\" rel=\"noopener\">September 2016.<\/a> s\u00e5 det \u00e4r positivt i den riktningen f\u00f6r vad vi beh\u00f6ver f\u00f6r ett litet tillskott att h\u00f6ja grundvattenniv\u00e5erna.<\/em><\/span><\/p>\n<p><span style=\"color: #33cccc;\"><em>Temperaturm\u00e4ssigt blev det l\u00e4gre medeltemp j\u00e4mf\u00f6rt med fjol\u00e5ret, d\u00e5 vi hade 14,8 grader, och i \u00e5r blev det 13,1 grader, men tittar man bak\u00e5t \u00e4r det mera normalt f\u00f6r m\u00e5naden.<\/em><\/span><\/p>\n<p><span style=\"color: #33cccc;\"><em>Ett m\u00e4ktigt h\u00f6gtryck hade vi ocks\u00e5 i slutet p\u00e5 m\u00e5naden, 1035 hPa, men det hade vi 2015 ocks\u00e5 med ett tryck p\u00e5 \u00f6ver 1040 hPa d\u00e5.<\/em><\/span><\/p>\n<p><span style=\"color: #33cccc;\"><em>En sammanst\u00e4llning i siffror d\u00e5 h\u00e4r nedan:<\/em><\/span><\/p>\n<p><span style=\"color: #33cccc;\"><em>Summary for september 2017<\/em><\/span><\/p>\n<p><span style=\"color: #33cccc;\"><em>Temperature (\u00b0C):<\/em><\/span><br \/>\n<span style=\"color: #33cccc;\"><em>Mean (min+max) 13,1<\/em><\/span><br \/>\n<span style=\"color: #33cccc;\"><em>Mean Minimum 9,9<\/em><\/span><br \/>\n<span style=\"color: #33cccc;\"><em>Mean Maximum 16,4<\/em><\/span><br \/>\n<span style=\"color: #33cccc;\"><em>Minimum 5,2 day 08<\/em><\/span><br \/>\n<span style=\"color: #33cccc;\"><em>Maximum 20,3 day 01<\/em><\/span><br \/>\n<span style=\"color: #33cccc;\"><em>Highest Minimum 13,1 day 23<\/em><\/span><br \/>\n<span style=\"color: #33cccc;\"><em>Lowest Maximum 13,0 day 19<\/em><\/span><br \/>\n<span style=\"color: #33cccc;\"><em>Air frosts 0<\/em><\/span><\/p>\n<p><span style=\"color: #33cccc;\"><em>Rainfall (mm):<\/em><\/span><br \/>\n<span style=\"color: #33cccc;\"><em>Total for month 88,6<\/em><\/span><br \/>\n<span style=\"color: #33cccc;\"><em>Wettest day 19,2 day 04<\/em><\/span><br \/>\n<span style=\"color: #33cccc;\"><em>High rain rate 37,2 day 15<\/em><\/span><br \/>\n<span style=\"color: #33cccc;\"><em>Rain days 18<\/em><\/span><br \/>\n<span style=\"color: #33cccc;\"><em>Dry days 12<\/em><\/span><\/p>\n<p><span style=\"color: #33cccc;\"><em>Wind (m\/s):<\/em><\/span><br \/>\n<span style=\"color: #33cccc;\"><em>Highest Gust 8,4 day 12<\/em><\/span><br \/>\n<span style=\"color: #33cccc;\"><em>Average Speed 0,8<\/em><\/span><br \/>\n<span style=\"color: #33cccc;\"><em>Wind Run 2071,2 km<\/em><\/span><br \/>\n<span style=\"color: #33cccc;\"><em>Gale days 0<\/em><\/span><\/p>\n<p><span style=\"color: #33cccc;\"><em>Pressure (hPa):<\/em><\/span><br \/>\n<span style=\"color: #33cccc;\"><em>Maximum 1035,5 day 27<\/em><\/span><br \/>\n<span style=\"color: #33cccc;\"><em>Minimum 981,4 day 14<\/em><\/span><\/p>\n<p>&nbsp;<\/p>\n<p>&nbsp;<\/p>\n","protected":false},"excerpt":{"rendered":"<p>September blev en f\u00f6rh\u00e5llandevis regnrik m\u00e5nad (88,6 mm) j\u00e4mf\u00f6rt med vad vi haft de senaste \u00e5ren. Jag b\u00f6rjade med denna v\u00e4dersida 2013, och d\u00e5 fick vi 29,5 mm under september,September 2013. ,2014 var det 35,2 mm,September 2014. 2015, 61 mm,September &hellip; <a href=\"https:\/\/jensgustafsson.se\/?page_id=8668\">Forts\u00e4tt l\u00e4sa <span class=\"meta-nav\">&rarr;<\/span><\/a><\/p>\n","protected":false},"author":1,"featured_media":0,"parent":7689,"menu_order":9,"comment_status":"closed","ping_status":"closed","template":"","meta":{"footnotes":""},"class_list":["post-8668","page","type-page","status-publish","hentry"],"_links":{"self":[{"href":"https:\/\/jensgustafsson.se\/index.php?rest_route=\/wp\/v2\/pages\/8668","targetHints":{"allow":["GET"]}}],"collection":[{"href":"https:\/\/jensgustafsson.se\/index.php?rest_route=\/wp\/v2\/pages"}],"about":[{"href":"https:\/\/jensgustafsson.se\/index.php?rest_route=\/wp\/v2\/types\/page"}],"author":[{"embeddable":true,"href":"https:\/\/jensgustafsson.se\/index.php?rest_route=\/wp\/v2\/users\/1"}],"replies":[{"embeddable":true,"href":"https:\/\/jensgustafsson.se\/index.php?rest_route=%2Fwp%2Fv2%2Fcomments&post=8668"}],"version-history":[{"count":4,"href":"https:\/\/jensgustafsson.se\/index.php?rest_route=\/wp\/v2\/pages\/8668\/revisions"}],"predecessor-version":[{"id":8672,"href":"https:\/\/jensgustafsson.se\/index.php?rest_route=\/wp\/v2\/pages\/8668\/revisions\/8672"}],"up":[{"embeddable":true,"href":"https:\/\/jensgustafsson.se\/index.php?rest_route=\/wp\/v2\/pages\/7689"}],"wp:attachment":[{"href":"https:\/\/jensgustafsson.se\/index.php?rest_route=%2Fwp%2Fv2%2Fmedia&parent=8668"}],"curies":[{"name":"wp","href":"https:\/\/api.w.org\/{rel}","templated":true}]}}