{"id":8886,"date":"2017-12-01T05:33:43","date_gmt":"2017-12-01T04:33:43","guid":{"rendered":"http:\/\/jensgustafsson.se\/?page_id=8886"},"modified":"2017-12-02T08:24:31","modified_gmt":"2017-12-02T07:24:31","slug":"november-2017","status":"publish","type":"page","link":"https:\/\/jensgustafsson.se\/?page_id=8886","title":{"rendered":"November 2017."},"content":{"rendered":"<p><em><span style=\"color: #33cccc;\">En sammanst\u00e4llning av november m\u00e5nad, som blev f\u00f6rh\u00e5llandevis mild j\u00e4mf\u00f6rt med vad november brukar vara, och den blev \u00e4ven nedeb\u00f6rdsfattig.\u00a0<\/span><\/em><\/p>\n<p><em><span style=\"color: #33cccc;\">Siffrorna jag anv\u00e4nder nedan kommer fr\u00e5n loggen p\u00e5 min v\u00e4derstation, som anv\u00e4nder tv\u00e5 loggar, Heavywheather och Cumulus.<\/span><\/em><\/p>\n<h1><em><span style=\"color: #33cccc;\">Summary for period 2017-11-01 to 2017-11-30 <\/span><\/em><\/h1>\n<p><em><span style=\"color: #33cccc;\">Temperature (\u00b0C): <\/span><\/em><br \/>\n<em> <span style=\"color: #33cccc;\"> Mean (min+max) 2,9 <\/span><\/em><br \/>\n<em> <span style=\"color: #33cccc;\"> Mean Minimum 0,3 <\/span><\/em><br \/>\n<em> <span style=\"color: #33cccc;\"> Mean Maximum 5,6 <\/span><\/em><br \/>\n<em> <span style=\"color: #33cccc;\"> Minimum -6,5 on 2017-11-14 <\/span><\/em><br \/>\n<em> <span style=\"color: #33cccc;\"> Maximum 12,4 on 2017-11-02 <\/span><\/em><br \/>\n<em> <span style=\"color: #33cccc;\"> Highest Minimum 7,2 on 2017-11-05 <\/span><\/em><br \/>\n<em> <span style=\"color: #33cccc;\"> Lowest Maximum -0,1 on 2017-11-20 <\/span><\/em><br \/>\n<em> <span style=\"color: #33cccc;\"> Air frosts 15 <\/span><\/em><\/p>\n<p><em><span style=\"color: #33cccc;\">Rainfall (mm): <\/span><\/em><br \/>\n<em> <span style=\"color: #33cccc;\"> Total for period 23,3 <\/span><\/em><br \/>\n<em> <span style=\"color: #33cccc;\"> Rain days 12 <\/span><\/em><br \/>\n<em> <span style=\"color: #33cccc;\"> Dry days 18 <\/span><\/em><\/p>\n<p><em><span style=\"color: #33cccc;\">Wind (m\/s): <\/span><\/em><br \/>\n<em> <span style=\"color: #33cccc;\"> Highest Gust 12,1 on 2017-11-11 <\/span><\/em><br \/>\n<em> <span style=\"color: #33cccc;\"> Average Speed 1,5 <\/span><\/em><\/p>\n<p><em><span style=\"color: #33cccc;\">Pressure (hPa): <\/span><\/em><br \/>\n<em> <span style=\"color: #33cccc;\"> Maximum 1026,5 on 2017-11-07 <\/span><\/em><br \/>\n<em> <span style=\"color: #33cccc;\"> Minimum 984,6 on 2017-11-11 <\/span><\/em><\/p>\n<p><em><span style=\"color: #33cccc;\">H\u00e4r nedan l\u00e4gger jag in n\u00e5gra bilder som jag tagit under november m\u00e5nad.<\/span><\/em><\/p>\n<div id=\"attachment_8892\" style=\"width: 3466px\" class=\"wp-caption aligncenter\"><a href=\"http:\/\/jensgustafsson.se\/?attachment_id=8892\" rel=\"attachment wp-att-8892\"><img loading=\"lazy\" decoding=\"async\" aria-describedby=\"caption-attachment-8892\" class=\"size-full wp-image-8892\" src=\"http:\/\/media1.jensgustafsson.se\/2017\/12\/DSC_0346.jpg\" alt=\"\" width=\"3456\" height=\"2304\" srcset=\"https:\/\/media1.jensgustafsson.se\/2017\/12\/DSC_0346.jpg 3456w, https:\/\/media1.jensgustafsson.se\/2017\/12\/DSC_0346-300x200.jpg 300w, https:\/\/media1.jensgustafsson.se\/2017\/12\/DSC_0346-768x512.jpg 768w, https:\/\/media1.jensgustafsson.se\/2017\/12\/DSC_0346-1024x683.jpg 1024w, https:\/\/media1.jensgustafsson.se\/2017\/12\/DSC_0346-450x300.jpg 450w\" sizes=\"auto, (max-width: 3456px) 100vw, 3456px\" \/><\/a><p id=\"caption-attachment-8892\" class=\"wp-caption-text\"><em><span style=\"color: #33cccc;\">4 november vid Vecklevad<\/span><\/em><\/p><\/div>\n<div id=\"attachment_8893\" style=\"width: 3466px\" class=\"wp-caption aligncenter\"><a href=\"http:\/\/jensgustafsson.se\/?attachment_id=8893\" rel=\"attachment wp-att-8893\"><img loading=\"lazy\" decoding=\"async\" aria-describedby=\"caption-attachment-8893\" class=\"size-full wp-image-8893\" src=\"http:\/\/media1.jensgustafsson.se\/2017\/12\/DSC_0382.jpg\" alt=\"\" width=\"3456\" height=\"2304\" srcset=\"https:\/\/media1.jensgustafsson.se\/2017\/12\/DSC_0382.jpg 3456w, https:\/\/media1.jensgustafsson.se\/2017\/12\/DSC_0382-300x200.jpg 300w, https:\/\/media1.jensgustafsson.se\/2017\/12\/DSC_0382-768x512.jpg 768w, https:\/\/media1.jensgustafsson.se\/2017\/12\/DSC_0382-1024x683.jpg 1024w, https:\/\/media1.jensgustafsson.se\/2017\/12\/DSC_0382-450x300.jpg 450w\" sizes=\"auto, (max-width: 3456px) 100vw, 3456px\" \/><\/a><p id=\"caption-attachment-8893\" class=\"wp-caption-text\"><em><span style=\"color: #33cccc;\">11 november p\u00e5 V\u00e4xj\u00f6v\u00e4gen, sn\u00f6byar som gav ett tunt sn\u00f6t\u00e4cke p\u00e5 morgonen, borta till kv\u00e4llen.<\/span><\/em><\/p><\/div>\n<div id=\"attachment_8894\" style=\"width: 3274px\" class=\"wp-caption aligncenter\"><a href=\"http:\/\/jensgustafsson.se\/?attachment_id=8894\" rel=\"attachment wp-att-8894\"><img loading=\"lazy\" decoding=\"async\" aria-describedby=\"caption-attachment-8894\" class=\"size-full wp-image-8894\" src=\"http:\/\/media1.jensgustafsson.se\/2017\/12\/P1110679.jpg\" alt=\"\" width=\"3264\" height=\"2176\" srcset=\"https:\/\/media1.jensgustafsson.se\/2017\/12\/P1110679.jpg 3264w, https:\/\/media1.jensgustafsson.se\/2017\/12\/P1110679-300x200.jpg 300w, https:\/\/media1.jensgustafsson.se\/2017\/12\/P1110679-768x512.jpg 768w, https:\/\/media1.jensgustafsson.se\/2017\/12\/P1110679-1024x683.jpg 1024w, https:\/\/media1.jensgustafsson.se\/2017\/12\/P1110679-450x300.jpg 450w\" sizes=\"auto, (max-width: 3264px) 100vw, 3264px\" \/><\/a><p id=\"caption-attachment-8894\" class=\"wp-caption-text\"><em><span style=\"color: #33cccc;\">12 november, \u00d6lands s\u00f6dra udde.<\/span><\/em><\/p><\/div>\n<div id=\"attachment_8895\" style=\"width: 3462px\" class=\"wp-caption aligncenter\"><a href=\"http:\/\/jensgustafsson.se\/?attachment_id=8895\" rel=\"attachment wp-att-8895\"><img loading=\"lazy\" decoding=\"async\" aria-describedby=\"caption-attachment-8895\" class=\"size-full wp-image-8895\" src=\"http:\/\/media1.jensgustafsson.se\/2017\/12\/DSC_0437.jpg\" alt=\"\" width=\"3452\" height=\"2296\" srcset=\"https:\/\/media1.jensgustafsson.se\/2017\/12\/DSC_0437.jpg 3452w, https:\/\/media1.jensgustafsson.se\/2017\/12\/DSC_0437-300x200.jpg 300w, https:\/\/media1.jensgustafsson.se\/2017\/12\/DSC_0437-768x511.jpg 768w, https:\/\/media1.jensgustafsson.se\/2017\/12\/DSC_0437-1024x681.jpg 1024w, https:\/\/media1.jensgustafsson.se\/2017\/12\/DSC_0437-451x300.jpg 451w\" sizes=\"auto, (max-width: 3452px) 100vw, 3452px\" \/><\/a><p id=\"caption-attachment-8895\" class=\"wp-caption-text\"><em><span style=\"color: #33cccc;\">12 november, \u00d6land, ut \u00f6ver havet vid Sten\u00e5sa.<\/span><\/em><\/p><\/div>\n<div id=\"attachment_8896\" style=\"width: 3274px\" class=\"wp-caption aligncenter\"><a href=\"http:\/\/jensgustafsson.se\/?attachment_id=8896\" rel=\"attachment wp-att-8896\"><img loading=\"lazy\" decoding=\"async\" aria-describedby=\"caption-attachment-8896\" class=\"size-full wp-image-8896\" src=\"http:\/\/media1.jensgustafsson.se\/2017\/12\/P1110692.jpg\" alt=\"\" width=\"3264\" height=\"2176\" srcset=\"https:\/\/media1.jensgustafsson.se\/2017\/12\/P1110692.jpg 3264w, https:\/\/media1.jensgustafsson.se\/2017\/12\/P1110692-300x200.jpg 300w, https:\/\/media1.jensgustafsson.se\/2017\/12\/P1110692-768x512.jpg 768w, https:\/\/media1.jensgustafsson.se\/2017\/12\/P1110692-1024x683.jpg 1024w, https:\/\/media1.jensgustafsson.se\/2017\/12\/P1110692-450x300.jpg 450w\" sizes=\"auto, (max-width: 3264px) 100vw, 3264px\" \/><\/a><p id=\"caption-attachment-8896\" class=\"wp-caption-text\"><em><span style=\"color: #33cccc;\">18 november, en f\u00e4rggrann skymning p\u00e5 himlen bakom v\u00e5rt hus.<\/span><\/em><\/p><\/div>\n<div id=\"attachment_8897\" style=\"width: 3466px\" class=\"wp-caption aligncenter\"><a href=\"http:\/\/jensgustafsson.se\/?attachment_id=8897\" rel=\"attachment wp-att-8897\"><img loading=\"lazy\" decoding=\"async\" aria-describedby=\"caption-attachment-8897\" class=\"size-full wp-image-8897\" src=\"http:\/\/media1.jensgustafsson.se\/2017\/12\/DSC_0582.jpg\" alt=\"\" width=\"3456\" height=\"2304\" srcset=\"https:\/\/media1.jensgustafsson.se\/2017\/12\/DSC_0582.jpg 3456w, https:\/\/media1.jensgustafsson.se\/2017\/12\/DSC_0582-300x200.jpg 300w, https:\/\/media1.jensgustafsson.se\/2017\/12\/DSC_0582-768x512.jpg 768w, https:\/\/media1.jensgustafsson.se\/2017\/12\/DSC_0582-1024x683.jpg 1024w, https:\/\/media1.jensgustafsson.se\/2017\/12\/DSC_0582-450x300.jpg 450w\" sizes=\"auto, (max-width: 3456px) 100vw, 3456px\" \/><\/a><p id=\"caption-attachment-8897\" class=\"wp-caption-text\"><em><span style=\"color: #33cccc;\">19 november, en ruggig dag d\u00e4r jag satt vid k\u00f6ksf\u00f6nstret med kameran riktad mot denna fina domherre hos grannen mitt \u00f6ver v\u00e4gen.<\/span><\/em><\/p><\/div>\n<div id=\"attachment_8898\" style=\"width: 2010px\" class=\"wp-caption aligncenter\"><a href=\"http:\/\/jensgustafsson.se\/?attachment_id=8898\" rel=\"attachment wp-att-8898\"><img loading=\"lazy\" decoding=\"async\" aria-describedby=\"caption-attachment-8898\" class=\"size-full wp-image-8898\" src=\"http:\/\/media1.jensgustafsson.se\/2017\/12\/DSC_0619-2000x1333.jpg\" alt=\"\" width=\"2000\" height=\"1333\" srcset=\"https:\/\/media1.jensgustafsson.se\/2017\/12\/DSC_0619-2000x1333.jpg 2000w, https:\/\/media1.jensgustafsson.se\/2017\/12\/DSC_0619-2000x1333-300x200.jpg 300w, https:\/\/media1.jensgustafsson.se\/2017\/12\/DSC_0619-2000x1333-768x512.jpg 768w, https:\/\/media1.jensgustafsson.se\/2017\/12\/DSC_0619-2000x1333-1024x682.jpg 1024w, https:\/\/media1.jensgustafsson.se\/2017\/12\/DSC_0619-2000x1333-450x300.jpg 450w\" sizes=\"auto, (max-width: 2000px) 100vw, 2000px\" \/><\/a><p id=\"caption-attachment-8898\" class=\"wp-caption-text\"><em><span style=\"color: #33cccc;\">25 november, Badeboda\u00e5n.<\/span><\/em><\/p><\/div>\n<div id=\"attachment_8899\" style=\"width: 3466px\" class=\"wp-caption aligncenter\"><a href=\"http:\/\/jensgustafsson.se\/?attachment_id=8899\" rel=\"attachment wp-att-8899\"><img loading=\"lazy\" decoding=\"async\" aria-describedby=\"caption-attachment-8899\" class=\"size-full wp-image-8899\" src=\"http:\/\/media1.jensgustafsson.se\/2017\/12\/DSC_0640.jpg\" alt=\"\" width=\"3456\" height=\"2304\" srcset=\"https:\/\/media1.jensgustafsson.se\/2017\/12\/DSC_0640.jpg 3456w, https:\/\/media1.jensgustafsson.se\/2017\/12\/DSC_0640-300x200.jpg 300w, https:\/\/media1.jensgustafsson.se\/2017\/12\/DSC_0640-768x512.jpg 768w, https:\/\/media1.jensgustafsson.se\/2017\/12\/DSC_0640-1024x683.jpg 1024w, https:\/\/media1.jensgustafsson.se\/2017\/12\/DSC_0640-450x300.jpg 450w\" sizes=\"auto, (max-width: 3456px) 100vw, 3456px\" \/><\/a><p id=\"caption-attachment-8899\" class=\"wp-caption-text\"><em><span style=\"color: #33cccc;\">25 november, bro \u00f6ver Badeboda\u00e5n.<\/span><\/em><\/p><\/div>\n<div id=\"attachment_8900\" style=\"width: 1728px\" class=\"wp-caption aligncenter\"><a href=\"http:\/\/jensgustafsson.se\/?attachment_id=8900\" rel=\"attachment wp-att-8900\"><img loading=\"lazy\" decoding=\"async\" aria-describedby=\"caption-attachment-8900\" class=\"size-full wp-image-8900\" src=\"http:\/\/media1.jensgustafsson.se\/2017\/12\/DSC_0779.jpg\" alt=\"\" width=\"1718\" height=\"1060\" srcset=\"https:\/\/media1.jensgustafsson.se\/2017\/12\/DSC_0779.jpg 1718w, https:\/\/media1.jensgustafsson.se\/2017\/12\/DSC_0779-300x185.jpg 300w, https:\/\/media1.jensgustafsson.se\/2017\/12\/DSC_0779-768x474.jpg 768w, https:\/\/media1.jensgustafsson.se\/2017\/12\/DSC_0779-1024x632.jpg 1024w, https:\/\/media1.jensgustafsson.se\/2017\/12\/DSC_0779-486x300.jpg 486w\" sizes=\"auto, (max-width: 1718px) 100vw, 1718px\" \/><\/a><p id=\"caption-attachment-8900\" class=\"wp-caption-text\"><em><span style=\"color: #33cccc;\">26 november, str\u00f6mstaren vid Vecklevad.<\/span><\/em><\/p><\/div>\n<p>&nbsp;<\/p>\n<p>&nbsp;<\/p>\n<p>&nbsp;<\/p>\n","protected":false},"excerpt":{"rendered":"<p>En sammanst\u00e4llning av november m\u00e5nad, som blev f\u00f6rh\u00e5llandevis mild j\u00e4mf\u00f6rt med vad november brukar vara, och den blev \u00e4ven nedeb\u00f6rdsfattig.\u00a0 Siffrorna jag anv\u00e4nder nedan kommer fr\u00e5n loggen p\u00e5 min v\u00e4derstation, som anv\u00e4nder tv\u00e5 loggar, Heavywheather och Cumulus. Summary for period &hellip; <a href=\"https:\/\/jensgustafsson.se\/?page_id=8886\">Forts\u00e4tt l\u00e4sa <span class=\"meta-nav\">&rarr;<\/span><\/a><\/p>\n","protected":false},"author":1,"featured_media":0,"parent":7689,"menu_order":11,"comment_status":"closed","ping_status":"closed","template":"","meta":{"footnotes":""},"class_list":["post-8886","page","type-page","status-publish","hentry"],"_links":{"self":[{"href":"https:\/\/jensgustafsson.se\/index.php?rest_route=\/wp\/v2\/pages\/8886","targetHints":{"allow":["GET"]}}],"collection":[{"href":"https:\/\/jensgustafsson.se\/index.php?rest_route=\/wp\/v2\/pages"}],"about":[{"href":"https:\/\/jensgustafsson.se\/index.php?rest_route=\/wp\/v2\/types\/page"}],"author":[{"embeddable":true,"href":"https:\/\/jensgustafsson.se\/index.php?rest_route=\/wp\/v2\/users\/1"}],"replies":[{"embeddable":true,"href":"https:\/\/jensgustafsson.se\/index.php?rest_route=%2Fwp%2Fv2%2Fcomments&post=8886"}],"version-history":[{"count":6,"href":"https:\/\/jensgustafsson.se\/index.php?rest_route=\/wp\/v2\/pages\/8886\/revisions"}],"predecessor-version":[{"id":8904,"href":"https:\/\/jensgustafsson.se\/index.php?rest_route=\/wp\/v2\/pages\/8886\/revisions\/8904"}],"up":[{"embeddable":true,"href":"https:\/\/jensgustafsson.se\/index.php?rest_route=\/wp\/v2\/pages\/7689"}],"wp:attachment":[{"href":"https:\/\/jensgustafsson.se\/index.php?rest_route=%2Fwp%2Fv2%2Fmedia&parent=8886"}],"curies":[{"name":"wp","href":"https:\/\/api.w.org\/{rel}","templated":true}]}}