{"id":9094,"date":"2018-01-01T08:30:02","date_gmt":"2018-01-01T07:30:02","guid":{"rendered":"http:\/\/jensgustafsson.se\/?page_id=9094"},"modified":"2018-01-01T08:51:16","modified_gmt":"2018-01-01T07:51:16","slug":"december-2017","status":"publish","type":"page","link":"https:\/\/jensgustafsson.se\/?page_id=9094","title":{"rendered":"December 2017."},"content":{"rendered":"<p><em><span style=\"color: #33cccc;\">Sammanfattningsvis f\u00f6r december d\u00e5, en f\u00f6rh\u00e5llandevis mild m\u00e5nad,ingen riktig k\u00f6ldkn\u00e4pp, med \u00e5tskilliga gr\u00e5v\u00e4dersdagar, men om man kollar i min logg ( se sammanst\u00e4llningen nedan), s\u00e5 ser jag bl.a.\u00a0 att vi haft\u00a0 halva m\u00e5naden med uppeh\u00e5llsv\u00e4der, 16 dagar av 31 m\u00f6jliga, 16 frostn\u00e4tter, 12 dagar med sn\u00f6t\u00e4ckt mark, blev lite f\u00f6rv\u00e5nad sj\u00e4lv \u00f6ver den siffran, f\u00f6r jag tycker att vi inte haft sn\u00f6 s\u00e5 m\u00e5nga dagar, men det st\u00e4mmer faktiskt. Som mesta sn\u00f6djup hade vi 12 cm den 12:e december.<\/span><\/em><\/p>\n<p><em><span style=\"color: #33cccc;\">H\u00e4r kommer n\u00e5gra bilder, tagna under december m\u00e5nad, p\u00e5 lite olika datum och platser d\u00e4r jag tagit mig fram..<\/span><\/em><\/p>\n<div id=\"attachment_9097\" style=\"width: 594px\" class=\"wp-caption aligncenter\"><a href=\"http:\/\/jensgustafsson.se\/?attachment_id=9097\" rel=\"attachment wp-att-9097\"><img loading=\"lazy\" decoding=\"async\" aria-describedby=\"caption-attachment-9097\" class=\"size-large wp-image-9097\" src=\"http:\/\/media1.jensgustafsson.se\/2018\/01\/DSC_0001-1024x683.jpg\" alt=\"\" width=\"584\" height=\"390\" srcset=\"https:\/\/media1.jensgustafsson.se\/2018\/01\/DSC_0001-1024x683.jpg 1024w, https:\/\/media1.jensgustafsson.se\/2018\/01\/DSC_0001-300x200.jpg 300w, https:\/\/media1.jensgustafsson.se\/2018\/01\/DSC_0001-768x512.jpg 768w, https:\/\/media1.jensgustafsson.se\/2018\/01\/DSC_0001-450x300.jpg 450w\" sizes=\"auto, (max-width: 584px) 100vw, 584px\" \/><\/a><p id=\"caption-attachment-9097\" class=\"wp-caption-text\"><em><span style=\"color: #33cccc;\">2 december hade vi lite pudersn\u00f6 och lite frostig morgon.<\/span><\/em><\/p><\/div>\n<div id=\"attachment_9101\" style=\"width: 594px\" class=\"wp-caption aligncenter\"><a href=\"http:\/\/jensgustafsson.se\/?attachment_id=9101\" rel=\"attachment wp-att-9101\"><img loading=\"lazy\" decoding=\"async\" aria-describedby=\"caption-attachment-9101\" class=\"size-large wp-image-9101\" src=\"http:\/\/media1.jensgustafsson.se\/2018\/01\/DSC_0828-1-1024x683.jpg\" alt=\"\" width=\"584\" height=\"390\" srcset=\"https:\/\/media1.jensgustafsson.se\/2018\/01\/DSC_0828-1-1024x683.jpg 1024w, https:\/\/media1.jensgustafsson.se\/2018\/01\/DSC_0828-1-300x200.jpg 300w, https:\/\/media1.jensgustafsson.se\/2018\/01\/DSC_0828-1-768x512.jpg 768w, https:\/\/media1.jensgustafsson.se\/2018\/01\/DSC_0828-1-450x300.jpg 450w\" sizes=\"auto, (max-width: 584px) 100vw, 584px\" \/><\/a><p id=\"caption-attachment-9101\" class=\"wp-caption-text\"><em><span style=\"color: #33cccc;\">Em\u00e5n vid Blankastr\u00f6m den 10 december.<\/span><\/em><\/p><\/div>\n<div id=\"attachment_9100\" style=\"width: 594px\" class=\"wp-caption aligncenter\"><a href=\"http:\/\/jensgustafsson.se\/?attachment_id=9100\" rel=\"attachment wp-att-9100\"><img loading=\"lazy\" decoding=\"async\" aria-describedby=\"caption-attachment-9100\" class=\"size-large wp-image-9100\" src=\"http:\/\/media1.jensgustafsson.se\/2018\/01\/DSC_0873-1-1024x900.jpg\" alt=\"\" width=\"584\" height=\"513\" srcset=\"https:\/\/media1.jensgustafsson.se\/2018\/01\/DSC_0873-1-1024x900.jpg 1024w, https:\/\/media1.jensgustafsson.se\/2018\/01\/DSC_0873-1-300x264.jpg 300w, https:\/\/media1.jensgustafsson.se\/2018\/01\/DSC_0873-1-768x675.jpg 768w, https:\/\/media1.jensgustafsson.se\/2018\/01\/DSC_0873-1-341x300.jpg 341w, https:\/\/media1.jensgustafsson.se\/2018\/01\/DSC_0873-1.jpg 1741w\" sizes=\"auto, (max-width: 584px) 100vw, 584px\" \/><\/a><p id=\"caption-attachment-9100\" class=\"wp-caption-text\"><em><span style=\"color: #33cccc;\">H\u00e4r r\u00e4ckte inte 600 mm br\u00e4nnvidd till tyv\u00e4rr..Ryningen 10 december.<\/span><\/em><\/p><\/div>\n<div id=\"attachment_9102\" style=\"width: 594px\" class=\"wp-caption aligncenter\"><a href=\"http:\/\/jensgustafsson.se\/?attachment_id=9102\" rel=\"attachment wp-att-9102\"><img loading=\"lazy\" decoding=\"async\" aria-describedby=\"caption-attachment-9102\" class=\"size-large wp-image-9102\" src=\"http:\/\/media1.jensgustafsson.se\/2018\/01\/P1110727-1024x683.jpg\" alt=\"\" width=\"584\" height=\"390\" srcset=\"https:\/\/media1.jensgustafsson.se\/2018\/01\/P1110727-1024x683.jpg 1024w, https:\/\/media1.jensgustafsson.se\/2018\/01\/P1110727-300x200.jpg 300w, https:\/\/media1.jensgustafsson.se\/2018\/01\/P1110727-768x512.jpg 768w, https:\/\/media1.jensgustafsson.se\/2018\/01\/P1110727-450x300.jpg 450w\" sizes=\"auto, (max-width: 584px) 100vw, 584px\" \/><\/a><p id=\"caption-attachment-9102\" class=\"wp-caption-text\"><em><span style=\"color: #33cccc;\">11 december kom sn\u00f6n till F\u00e5gelfors och Kyrkogatan.<\/span><\/em><\/p><\/div>\n<div id=\"attachment_9103\" style=\"width: 594px\" class=\"wp-caption aligncenter\"><a href=\"http:\/\/jensgustafsson.se\/?attachment_id=9103\" rel=\"attachment wp-att-9103\"><img loading=\"lazy\" decoding=\"async\" aria-describedby=\"caption-attachment-9103\" class=\"size-large wp-image-9103\" src=\"http:\/\/media1.jensgustafsson.se\/2018\/01\/P1110734-1024x756.jpg\" alt=\"\" width=\"584\" height=\"431\" srcset=\"https:\/\/media1.jensgustafsson.se\/2018\/01\/P1110734-1024x756.jpg 1024w, https:\/\/media1.jensgustafsson.se\/2018\/01\/P1110734-300x222.jpg 300w, https:\/\/media1.jensgustafsson.se\/2018\/01\/P1110734-768x567.jpg 768w, https:\/\/media1.jensgustafsson.se\/2018\/01\/P1110734-406x300.jpg 406w\" sizes=\"auto, (max-width: 584px) 100vw, 584px\" \/><\/a><p id=\"caption-attachment-9103\" class=\"wp-caption-text\"><em><span style=\"color: #33cccc;\">V\u00e5rt r\u00f6nnb\u00e4rstr\u00e4d med sn\u00f6skrud 12 december.<\/span><\/em><\/p><\/div>\n<div id=\"attachment_9105\" style=\"width: 594px\" class=\"wp-caption aligncenter\"><a href=\"http:\/\/jensgustafsson.se\/?attachment_id=9105\" rel=\"attachment wp-att-9105\"><img loading=\"lazy\" decoding=\"async\" aria-describedby=\"caption-attachment-9105\" class=\"size-large wp-image-9105\" src=\"http:\/\/media1.jensgustafsson.se\/2018\/01\/DSC_0985-2000x1333-1024x682.jpg\" alt=\"\" width=\"584\" height=\"389\" srcset=\"https:\/\/media1.jensgustafsson.se\/2018\/01\/DSC_0985-2000x1333-1024x682.jpg 1024w, https:\/\/media1.jensgustafsson.se\/2018\/01\/DSC_0985-2000x1333-300x200.jpg 300w, https:\/\/media1.jensgustafsson.se\/2018\/01\/DSC_0985-2000x1333-768x512.jpg 768w, https:\/\/media1.jensgustafsson.se\/2018\/01\/DSC_0985-2000x1333-450x300.jpg 450w, https:\/\/media1.jensgustafsson.se\/2018\/01\/DSC_0985-2000x1333.jpg 2000w\" sizes=\"auto, (max-width: 584px) 100vw, 584px\" \/><\/a><p id=\"caption-attachment-9105\" class=\"wp-caption-text\"><em><span style=\"color: #33cccc;\">Vid Bruksdammen upp mot Klobo Kvarn 16 december.<\/span><\/em><\/p><\/div>\n<div id=\"attachment_9115\" style=\"width: 594px\" class=\"wp-caption aligncenter\"><a href=\"http:\/\/jensgustafsson.se\/?attachment_id=9115\" rel=\"attachment wp-att-9115\"><img loading=\"lazy\" decoding=\"async\" aria-describedby=\"caption-attachment-9115\" class=\"size-large wp-image-9115\" src=\"http:\/\/media1.jensgustafsson.se\/2018\/01\/DSC_0934-1024x682.jpg\" alt=\"\" width=\"584\" height=\"389\" srcset=\"https:\/\/media1.jensgustafsson.se\/2018\/01\/DSC_0934-1024x682.jpg 1024w, https:\/\/media1.jensgustafsson.se\/2018\/01\/DSC_0934-300x200.jpg 300w, https:\/\/media1.jensgustafsson.se\/2018\/01\/DSC_0934-768x511.jpg 768w, https:\/\/media1.jensgustafsson.se\/2018\/01\/DSC_0934-451x300.jpg 451w\" sizes=\"auto, (max-width: 584px) 100vw, 584px\" \/><\/a><p id=\"caption-attachment-9115\" class=\"wp-caption-text\"><em><span style=\"color: #33cccc;\">Tidigt p\u00e5 morgonen 16 december \u00f6ver Virserumssj\u00f6n med Dackestupet i bakgrunden, toppen inb\u00e4ddad i dis..<\/span><\/em><\/p><\/div>\n<div id=\"attachment_9106\" style=\"width: 594px\" class=\"wp-caption aligncenter\"><a href=\"http:\/\/jensgustafsson.se\/?attachment_id=9106\" rel=\"attachment wp-att-9106\"><img loading=\"lazy\" decoding=\"async\" aria-describedby=\"caption-attachment-9106\" class=\"wp-image-9106 size-large\" src=\"http:\/\/media1.jensgustafsson.se\/2018\/01\/DSC_0029-2000x1333-1024x682.jpg\" alt=\"\" width=\"584\" height=\"389\" srcset=\"https:\/\/media1.jensgustafsson.se\/2018\/01\/DSC_0029-2000x1333-1024x682.jpg 1024w, https:\/\/media1.jensgustafsson.se\/2018\/01\/DSC_0029-2000x1333-300x200.jpg 300w, https:\/\/media1.jensgustafsson.se\/2018\/01\/DSC_0029-2000x1333-768x512.jpg 768w, https:\/\/media1.jensgustafsson.se\/2018\/01\/DSC_0029-2000x1333-450x300.jpg 450w, https:\/\/media1.jensgustafsson.se\/2018\/01\/DSC_0029-2000x1333.jpg 2000w\" sizes=\"auto, (max-width: 584px) 100vw, 584px\" \/><\/a><p id=\"caption-attachment-9106\" class=\"wp-caption-text\"><em><span style=\"color: #33cccc;\">V\u00e4gen vid Otto B\u00e4cks grotta 16 december.<\/span><\/em><\/p><\/div>\n<div id=\"attachment_9107\" style=\"width: 594px\" class=\"wp-caption aligncenter\"><a href=\"http:\/\/jensgustafsson.se\/?attachment_id=9107\" rel=\"attachment wp-att-9107\"><img loading=\"lazy\" decoding=\"async\" aria-describedby=\"caption-attachment-9107\" class=\"size-large wp-image-9107\" src=\"http:\/\/media1.jensgustafsson.se\/2018\/01\/DSC_0137-1024x652.jpg\" alt=\"\" width=\"584\" height=\"372\" srcset=\"https:\/\/media1.jensgustafsson.se\/2018\/01\/DSC_0137-1024x652.jpg 1024w, https:\/\/media1.jensgustafsson.se\/2018\/01\/DSC_0137-300x191.jpg 300w, https:\/\/media1.jensgustafsson.se\/2018\/01\/DSC_0137-768x489.jpg 768w, https:\/\/media1.jensgustafsson.se\/2018\/01\/DSC_0137-471x300.jpg 471w\" sizes=\"auto, (max-width: 584px) 100vw, 584px\" \/><\/a><p id=\"caption-attachment-9107\" class=\"wp-caption-text\"><em><span style=\"color: #33cccc;\">Vid \u00d6rarevet, S\u00f6der\u00e5kra, Anders och jag v\u00e4ntar p\u00e5 soluppg\u00e5ngen, 29 december, en av m\u00e5nga givande utflykter tillsammans.<\/span><\/em><\/p><\/div>\n<div id=\"attachment_9112\" style=\"width: 594px\" class=\"wp-caption aligncenter\"><a href=\"http:\/\/jensgustafsson.se\/?attachment_id=9112\" rel=\"attachment wp-att-9112\"><img loading=\"lazy\" decoding=\"async\" aria-describedby=\"caption-attachment-9112\" class=\"size-large wp-image-9112\" src=\"http:\/\/media1.jensgustafsson.se\/2018\/01\/DSC_0155-1024x515.jpg\" alt=\"\" width=\"584\" height=\"294\" srcset=\"https:\/\/media1.jensgustafsson.se\/2018\/01\/DSC_0155-1024x515.jpg 1024w, https:\/\/media1.jensgustafsson.se\/2018\/01\/DSC_0155-300x151.jpg 300w, https:\/\/media1.jensgustafsson.se\/2018\/01\/DSC_0155-768x386.jpg 768w, https:\/\/media1.jensgustafsson.se\/2018\/01\/DSC_0155-500x251.jpg 500w\" sizes=\"auto, (max-width: 584px) 100vw, 584px\" \/><\/a><p id=\"caption-attachment-9112\" class=\"wp-caption-text\"><em><span style=\"color: #33cccc;\">\u00d6rarevet 29 december<\/span><\/em><\/p><\/div>\n<div id=\"attachment_9108\" style=\"width: 594px\" class=\"wp-caption aligncenter\"><a href=\"http:\/\/jensgustafsson.se\/?attachment_id=9108\" rel=\"attachment wp-att-9108\"><img loading=\"lazy\" decoding=\"async\" aria-describedby=\"caption-attachment-9108\" class=\"size-large wp-image-9108\" src=\"http:\/\/media1.jensgustafsson.se\/2018\/01\/DSC_0225-1024x927.jpg\" alt=\"\" width=\"584\" height=\"529\" srcset=\"https:\/\/media1.jensgustafsson.se\/2018\/01\/DSC_0225-1024x927.jpg 1024w, https:\/\/media1.jensgustafsson.se\/2018\/01\/DSC_0225-300x272.jpg 300w, https:\/\/media1.jensgustafsson.se\/2018\/01\/DSC_0225-768x695.jpg 768w, https:\/\/media1.jensgustafsson.se\/2018\/01\/DSC_0225-331x300.jpg 331w, https:\/\/media1.jensgustafsson.se\/2018\/01\/DSC_0225.jpg 1649w\" sizes=\"auto, (max-width: 584px) 100vw, 584px\" \/><\/a><p id=\"caption-attachment-9108\" class=\"wp-caption-text\"><em><span style=\"color: #33cccc;\">Bergkvara 29 december, en h\u00e4ger, som jag tyckte fick g\u00f6ra sig i svartvitt.<\/span><\/em><\/p><\/div>\n<div id=\"attachment_9109\" style=\"width: 594px\" class=\"wp-caption aligncenter\"><a href=\"http:\/\/jensgustafsson.se\/?attachment_id=9109\" rel=\"attachment wp-att-9109\"><img loading=\"lazy\" decoding=\"async\" aria-describedby=\"caption-attachment-9109\" class=\"size-large wp-image-9109\" src=\"http:\/\/media1.jensgustafsson.se\/2018\/01\/P1120223-1024x658.jpg\" alt=\"\" width=\"584\" height=\"375\" srcset=\"https:\/\/media1.jensgustafsson.se\/2018\/01\/P1120223-1024x658.jpg 1024w, https:\/\/media1.jensgustafsson.se\/2018\/01\/P1120223-300x193.jpg 300w, https:\/\/media1.jensgustafsson.se\/2018\/01\/P1120223-768x494.jpg 768w, https:\/\/media1.jensgustafsson.se\/2018\/01\/P1120223-467x300.jpg 467w\" sizes=\"auto, (max-width: 584px) 100vw, 584px\" \/><\/a><p id=\"caption-attachment-9109\" class=\"wp-caption-text\"><em><span style=\"color: #33cccc;\">B\u00e5tar i vintervila, Pataholm 29 december.<\/span><\/em><\/p><\/div>\n<p><em><span style=\"color: #33cccc;\">Summary for period 2017-12-01 to 2017-12-31<\/span><\/em><\/p>\n<p><em><span style=\"color: #33cccc;\">Temperature (\u00b0C):<\/span><\/em><br \/>\n<em><span style=\"color: #33cccc;\"> Mean (min+max) 1,6<\/span><\/em><br \/>\n<em><span style=\"color: #33cccc;\"> Mean Minimum -0,5<\/span><\/em><br \/>\n<em><span style=\"color: #33cccc;\"> Mean Maximum 3,7<\/span><\/em><br \/>\n<em><span style=\"color: #33cccc;\"> Minimum -4,5 on 2017-12-05<\/span><\/em><br \/>\n<em><span style=\"color: #33cccc;\"> Maximum 9,7 on 2017-12-23<\/span><\/em><br \/>\n<em><span style=\"color: #33cccc;\"> Highest Minimum 4,7 on 2017-12-07<\/span><\/em><br \/>\n<em><span style=\"color: #33cccc;\"> Lowest Maximum -0,2 on 2017-12-17<\/span><\/em><br \/>\n<em><span style=\"color: #33cccc;\"> Air frosts 16<\/span><\/em><\/p>\n<p><em><span style=\"color: #33cccc;\">Rainfall (mm):<\/span><\/em><br \/>\n<em><span style=\"color: #33cccc;\"> Total for period 38,8<\/span><\/em><br \/>\n<em><span style=\"color: #33cccc;\"> Rain days 15<\/span><\/em><br \/>\n<em><span style=\"color: #33cccc;\"> Dry days 16<\/span><\/em><\/p>\n<p><em><span style=\"color: #33cccc;\">Wind (m\/s):<\/span><\/em><br \/>\n<em><span style=\"color: #33cccc;\"> Highest Gust 12,8 on 2017-12-23<\/span><\/em><\/p>\n<p><em><span style=\"color: #33cccc;\">Pressure (hPa):<\/span><\/em><br \/>\n<em><span style=\"color: #33cccc;\"> Maximum 1028,7 on 2017-12-19<\/span><\/em><br \/>\n<em><span style=\"color: #33cccc;\"> Minimum 977,0 on 2017-12-14<\/span><\/em><\/p>\n","protected":false},"excerpt":{"rendered":"<p>Sammanfattningsvis f\u00f6r december d\u00e5, en f\u00f6rh\u00e5llandevis mild m\u00e5nad,ingen riktig k\u00f6ldkn\u00e4pp, med \u00e5tskilliga gr\u00e5v\u00e4dersdagar, men om man kollar i min logg ( se sammanst\u00e4llningen nedan), s\u00e5 ser jag bl.a.\u00a0 att vi haft\u00a0 halva m\u00e5naden med uppeh\u00e5llsv\u00e4der, 16 dagar av 31 m\u00f6jliga, &hellip; <a href=\"https:\/\/jensgustafsson.se\/?page_id=9094\">Forts\u00e4tt l\u00e4sa <span class=\"meta-nav\">&rarr;<\/span><\/a><\/p>\n","protected":false},"author":1,"featured_media":0,"parent":7689,"menu_order":12,"comment_status":"closed","ping_status":"closed","template":"","meta":{"footnotes":""},"class_list":["post-9094","page","type-page","status-publish","hentry"],"_links":{"self":[{"href":"https:\/\/jensgustafsson.se\/index.php?rest_route=\/wp\/v2\/pages\/9094","targetHints":{"allow":["GET"]}}],"collection":[{"href":"https:\/\/jensgustafsson.se\/index.php?rest_route=\/wp\/v2\/pages"}],"about":[{"href":"https:\/\/jensgustafsson.se\/index.php?rest_route=\/wp\/v2\/types\/page"}],"author":[{"embeddable":true,"href":"https:\/\/jensgustafsson.se\/index.php?rest_route=\/wp\/v2\/users\/1"}],"replies":[{"embeddable":true,"href":"https:\/\/jensgustafsson.se\/index.php?rest_route=%2Fwp%2Fv2%2Fcomments&post=9094"}],"version-history":[{"count":7,"href":"https:\/\/jensgustafsson.se\/index.php?rest_route=\/wp\/v2\/pages\/9094\/revisions"}],"predecessor-version":[{"id":9117,"href":"https:\/\/jensgustafsson.se\/index.php?rest_route=\/wp\/v2\/pages\/9094\/revisions\/9117"}],"up":[{"embeddable":true,"href":"https:\/\/jensgustafsson.se\/index.php?rest_route=\/wp\/v2\/pages\/7689"}],"wp:attachment":[{"href":"https:\/\/jensgustafsson.se\/index.php?rest_route=%2Fwp%2Fv2%2Fmedia&parent=9094"}],"curies":[{"name":"wp","href":"https:\/\/api.w.org\/{rel}","templated":true}]}}