{"id":9261,"date":"2018-02-02T06:18:38","date_gmt":"2018-02-02T05:18:38","guid":{"rendered":"http:\/\/jensgustafsson.se\/?page_id=9261"},"modified":"2018-02-02T17:37:46","modified_gmt":"2018-02-02T16:37:46","slug":"januari-2018","status":"publish","type":"page","link":"https:\/\/jensgustafsson.se\/?page_id=9261","title":{"rendered":"Januari 2018."},"content":{"rendered":"<p><span style=\"color: #33cccc;\"><em>Januari 2018 blev en mild variant av vinterm\u00e5nad, medeltemperaturen blev \u00f6ver nollan, vilket \u00e4r v\u00e4ldigt ovanligt f\u00f6r januari.<\/em><\/span><\/p>\n<p><span style=\"color: #33cccc;\"><em>Endast en natt har temperaturen varit under -10 grader, ocks\u00e5 ovanligt.<\/em><\/span><\/p>\n<p><span style=\"color: #33cccc;\"><em>Nederb\u00f6rd har det kommit cirka 50 mm, det mesta har fallit som regn, sn\u00f6 har vi haft i n\u00e5gra omg\u00e5ngar, som mest 10 cm djupt sn\u00f6t\u00e4cke. 16 dagar har det varit n\u00e5gon form av sn\u00f6t\u00e4cke, och resten barmark, likas\u00e5 nederb\u00f6rden har kommit p\u00e5 15 dagar, uppeh\u00e5ll 16 dagar.<\/em><\/span><\/p>\n<p><span style=\"color: #33cccc;\"><em>Nedan f\u00f6ljer en sammanst\u00e4llning fr\u00e5n loggen p\u00e5 min v\u00e4derstation, som anv\u00e4nder programmet Cumulus.<\/em><\/span><\/p>\n<p><span style=\"color: #33cccc;\"><em>Summary for period 2018-01-01 to 2018-01-31<\/em><\/span><\/p>\n<p><span style=\"color: #33cccc;\"><em>Temperature (\u00b0C):<\/em><\/span><br \/>\n<span style=\"color: #33cccc;\"><em> Mean (min+max) 0,2<\/em><\/span><br \/>\n<span style=\"color: #33cccc;\"><em> Mean Minimum -1,6<\/em><\/span><br \/>\n<span style=\"color: #33cccc;\"><em> Mean Maximum 2,1<\/em><\/span><br \/>\n<span style=\"color: #33cccc;\"><em> Minimum -10,2 on 2018-01-22<\/em><\/span><br \/>\n<span style=\"color: #33cccc;\"><em> Maximum 8,2 on 2018-01-24<\/em><\/span><br \/>\n<span style=\"color: #33cccc;\"><em> Highest Minimum 3,2 on 2018-01-25<\/em><\/span><br \/>\n<span style=\"color: #33cccc;\"><em> Lowest Maximum -1,7 on 2018-01-22<\/em><\/span><br \/>\n<span style=\"color: #33cccc;\"><em> Air frosts 21<\/em><\/span><\/p>\n<p><span style=\"color: #33cccc;\"><em>Rainfall (mm):<\/em><\/span><br \/>\n<span style=\"color: #33cccc;\"><em> Total for period 49,5<\/em><\/span><br \/>\n<span style=\"color: #33cccc;\"><em> Rain days 15<\/em><\/span><br \/>\n<span style=\"color: #33cccc;\"><em> Dry days 16<\/em><\/span><\/p>\n<p><span style=\"color: #33cccc;\"><em>Wind (m\/s):<\/em><\/span><br \/>\n<span style=\"color: #33cccc;\"><em> Highest Gust 11,6 on 2018-01-28<\/em><\/span><\/p>\n<p><span style=\"color: #33cccc;\"><em>H\u00e4r kommer n\u00e5gra bilder fr\u00e5n januari&#8230;.<\/em><\/span><\/p>\n<div id=\"attachment_9267\" style=\"width: 594px\" class=\"wp-caption aligncenter\"><a href=\"http:\/\/jensgustafsson.se\/?attachment_id=9267\" rel=\"attachment wp-att-9267\"><img loading=\"lazy\" decoding=\"async\" aria-describedby=\"caption-attachment-9267\" class=\"size-large wp-image-9267\" src=\"http:\/\/media1.jensgustafsson.se\/2018\/02\/DSC_0247-1024x596.jpg\" alt=\"\" width=\"584\" height=\"340\" srcset=\"https:\/\/media1.jensgustafsson.se\/2018\/02\/DSC_0247-1024x596.jpg 1024w, https:\/\/media1.jensgustafsson.se\/2018\/02\/DSC_0247-300x174.jpg 300w, https:\/\/media1.jensgustafsson.se\/2018\/02\/DSC_0247-768x447.jpg 768w, https:\/\/media1.jensgustafsson.se\/2018\/02\/DSC_0247-500x291.jpg 500w\" sizes=\"auto, (max-width: 584px) 100vw, 584px\" \/><\/a><p id=\"caption-attachment-9267\" class=\"wp-caption-text\"><\/em><\/span> <span style=\"color: #33cccc;\"><em>Ny\u00e5rsdagen 2018, N\u00f6t\u00e5n sv\u00e4mmar \u00f6ver p\u00e5 \u00e5krarna,<\/em><\/span><\/p><\/div>\n<div id=\"attachment_9268\" style=\"width: 594px\" class=\"wp-caption aligncenter\"><a href=\"http:\/\/jensgustafsson.se\/?attachment_id=9268\" rel=\"attachment wp-att-9268\"><img loading=\"lazy\" decoding=\"async\" aria-describedby=\"caption-attachment-9268\" class=\"size-large wp-image-9268\" src=\"http:\/\/media1.jensgustafsson.se\/2018\/02\/DSC_0251-1024x683.jpg\" alt=\"\" width=\"584\" height=\"390\" srcset=\"https:\/\/media1.jensgustafsson.se\/2018\/02\/DSC_0251-1024x683.jpg 1024w, https:\/\/media1.jensgustafsson.se\/2018\/02\/DSC_0251-300x200.jpg 300w, https:\/\/media1.jensgustafsson.se\/2018\/02\/DSC_0251-768x512.jpg 768w, https:\/\/media1.jensgustafsson.se\/2018\/02\/DSC_0251-450x300.jpg 450w\" sizes=\"auto, (max-width: 584px) 100vw, 584px\" \/><\/a><p id=\"caption-attachment-9268\" class=\"wp-caption-text\"><\/em><\/span> <span style=\"color: #33cccc;\"><em>Full fart p\u00e5 vattnet, Vecklevad 1 januari.<\/em><\/span><\/p><\/div>\n<div id=\"attachment_9269\" style=\"width: 594px\" class=\"wp-caption aligncenter\"><a href=\"http:\/\/jensgustafsson.se\/?attachment_id=9269\" rel=\"attachment wp-att-9269\"><img loading=\"lazy\" decoding=\"async\" aria-describedby=\"caption-attachment-9269\" class=\"size-large wp-image-9269\" src=\"http:\/\/media1.jensgustafsson.se\/2018\/02\/P1120359-1024x683.jpg\" alt=\"\" width=\"584\" height=\"390\" srcset=\"https:\/\/media1.jensgustafsson.se\/2018\/02\/P1120359-1024x683.jpg 1024w, https:\/\/media1.jensgustafsson.se\/2018\/02\/P1120359-300x200.jpg 300w, https:\/\/media1.jensgustafsson.se\/2018\/02\/P1120359-768x512.jpg 768w, https:\/\/media1.jensgustafsson.se\/2018\/02\/P1120359-450x300.jpg 450w\" sizes=\"auto, (max-width: 584px) 100vw, 584px\" \/><\/a><p id=\"caption-attachment-9269\" class=\"wp-caption-text\"><\/em><\/span> <span style=\"color: #33cccc;\"><em>7 januari, kallt p\u00e5 morgonen, med iskonst p\u00e5 altanf\u00f6nstren.<\/em><\/span><\/p><\/div>\n<div id=\"attachment_9270\" style=\"width: 594px\" class=\"wp-caption aligncenter\"><a href=\"http:\/\/jensgustafsson.se\/?attachment_id=9270\" rel=\"attachment wp-att-9270\"><img loading=\"lazy\" decoding=\"async\" aria-describedby=\"caption-attachment-9270\" class=\"size-large wp-image-9270\" src=\"http:\/\/media1.jensgustafsson.se\/2018\/02\/DSC_0272-1024x683.jpg\" alt=\"\" width=\"584\" height=\"390\" srcset=\"https:\/\/media1.jensgustafsson.se\/2018\/02\/DSC_0272-1024x683.jpg 1024w, https:\/\/media1.jensgustafsson.se\/2018\/02\/DSC_0272-300x200.jpg 300w, https:\/\/media1.jensgustafsson.se\/2018\/02\/DSC_0272-768x512.jpg 768w, https:\/\/media1.jensgustafsson.se\/2018\/02\/DSC_0272-450x300.jpg 450w\" sizes=\"auto, (max-width: 584px) 100vw, 584px\" \/><\/a><p id=\"caption-attachment-9270\" class=\"wp-caption-text\"><\/em><\/span> <span style=\"color: #33cccc;\"><em>Bossg\u00f6l i solsken och kallt 7 januari.<\/em><\/span><\/p><\/div>\n<div id=\"attachment_9271\" style=\"width: 594px\" class=\"wp-caption aligncenter\"><a href=\"http:\/\/jensgustafsson.se\/?attachment_id=9271\" rel=\"attachment wp-att-9271\"><img loading=\"lazy\" decoding=\"async\" aria-describedby=\"caption-attachment-9271\" class=\"size-large wp-image-9271\" src=\"http:\/\/media1.jensgustafsson.se\/2018\/02\/DSC_0298-1024x683.jpg\" alt=\"\" width=\"584\" height=\"390\" srcset=\"https:\/\/media1.jensgustafsson.se\/2018\/02\/DSC_0298-1024x683.jpg 1024w, https:\/\/media1.jensgustafsson.se\/2018\/02\/DSC_0298-300x200.jpg 300w, https:\/\/media1.jensgustafsson.se\/2018\/02\/DSC_0298-768x512.jpg 768w, https:\/\/media1.jensgustafsson.se\/2018\/02\/DSC_0298-450x300.jpg 450w\" sizes=\"auto, (max-width: 584px) 100vw, 584px\" \/><\/a><p id=\"caption-attachment-9271\" class=\"wp-caption-text\"><\/em><\/span> <span style=\"color: #33cccc;\"><em>13 januari s\u00e5g det ut s\u00e5h\u00e4r..<\/em><\/span><\/p><\/div>\n<div id=\"attachment_9273\" style=\"width: 594px\" class=\"wp-caption aligncenter\"><a href=\"http:\/\/jensgustafsson.se\/?attachment_id=9273\" rel=\"attachment wp-att-9273\"><img loading=\"lazy\" decoding=\"async\" aria-describedby=\"caption-attachment-9273\" class=\"size-large wp-image-9273\" src=\"http:\/\/media1.jensgustafsson.se\/2018\/02\/P1120376-2000x1333-1024x682.jpg\" alt=\"\" width=\"584\" height=\"389\" srcset=\"https:\/\/media1.jensgustafsson.se\/2018\/02\/P1120376-2000x1333-1024x682.jpg 1024w, https:\/\/media1.jensgustafsson.se\/2018\/02\/P1120376-2000x1333-300x200.jpg 300w, https:\/\/media1.jensgustafsson.se\/2018\/02\/P1120376-2000x1333-768x512.jpg 768w, https:\/\/media1.jensgustafsson.se\/2018\/02\/P1120376-2000x1333-450x300.jpg 450w, https:\/\/media1.jensgustafsson.se\/2018\/02\/P1120376-2000x1333.jpg 2000w\" sizes=\"auto, (max-width: 584px) 100vw, 584px\" \/><\/a><p id=\"caption-attachment-9273\" class=\"wp-caption-text\"><\/em><\/span> <span style=\"color: #33cccc;\"><em>Vid Forsbergs mosse 14 januari ( i n\u00e4rheten av Otto B\u00e4cks grotta)<\/em><\/span><\/p><\/div>\n<div id=\"attachment_9274\" style=\"width: 594px\" class=\"wp-caption aligncenter\"><a href=\"http:\/\/jensgustafsson.se\/?attachment_id=9274\" rel=\"attachment wp-att-9274\"><img loading=\"lazy\" decoding=\"async\" aria-describedby=\"caption-attachment-9274\" class=\"size-large wp-image-9274\" src=\"http:\/\/media1.jensgustafsson.se\/2018\/02\/P1120512-1024x683.jpg\" alt=\"\" width=\"584\" height=\"390\" srcset=\"https:\/\/media1.jensgustafsson.se\/2018\/02\/P1120512-1024x683.jpg 1024w, https:\/\/media1.jensgustafsson.se\/2018\/02\/P1120512-300x200.jpg 300w, https:\/\/media1.jensgustafsson.se\/2018\/02\/P1120512-768x512.jpg 768w, https:\/\/media1.jensgustafsson.se\/2018\/02\/P1120512-450x300.jpg 450w\" sizes=\"auto, (max-width: 584px) 100vw, 584px\" \/><\/a><p id=\"caption-attachment-9274\" class=\"wp-caption-text\"><\/em><\/span> <span style=\"color: #33cccc;\"><em>P\u00e5 kv\u00e4llen 21 januari.<\/em><\/span><\/p><\/div>\n<p>&nbsp;<\/p>\n<div id=\"attachment_9275\" style=\"width: 594px\" class=\"wp-caption aligncenter\"><a href=\"http:\/\/jensgustafsson.se\/?attachment_id=9275\" rel=\"attachment wp-att-9275\"><img loading=\"lazy\" decoding=\"async\" aria-describedby=\"caption-attachment-9275\" class=\"size-large wp-image-9275\" src=\"http:\/\/media1.jensgustafsson.se\/2018\/02\/P1120607-1024x683.jpg\" alt=\"\" width=\"584\" height=\"390\" srcset=\"https:\/\/media1.jensgustafsson.se\/2018\/02\/P1120607-1024x683.jpg 1024w, https:\/\/media1.jensgustafsson.se\/2018\/02\/P1120607-300x200.jpg 300w, https:\/\/media1.jensgustafsson.se\/2018\/02\/P1120607-768x512.jpg 768w, https:\/\/media1.jensgustafsson.se\/2018\/02\/P1120607-450x300.jpg 450w\" sizes=\"auto, (max-width: 584px) 100vw, 584px\" \/><\/a><p id=\"caption-attachment-9275\" class=\"wp-caption-text\"><\/em><\/span> <span style=\"color: #33cccc;\"><em>Tibasten ligger i startgroparna, 28 januari.<\/em><\/span><\/p><\/div>\n<div id=\"attachment_9276\" style=\"width: 594px\" class=\"wp-caption aligncenter\"><a href=\"http:\/\/jensgustafsson.se\/?attachment_id=9276\" rel=\"attachment wp-att-9276\"><img loading=\"lazy\" decoding=\"async\" aria-describedby=\"caption-attachment-9276\" class=\"size-large wp-image-9276\" src=\"http:\/\/media1.jensgustafsson.se\/2018\/02\/P1120611-1024x677.jpg\" alt=\"\" width=\"584\" height=\"386\" srcset=\"https:\/\/media1.jensgustafsson.se\/2018\/02\/P1120611-1024x677.jpg 1024w, https:\/\/media1.jensgustafsson.se\/2018\/02\/P1120611-300x198.jpg 300w, https:\/\/media1.jensgustafsson.se\/2018\/02\/P1120611-768x507.jpg 768w, https:\/\/media1.jensgustafsson.se\/2018\/02\/P1120611-454x300.jpg 454w\" sizes=\"auto, (max-width: 584px) 100vw, 584px\" \/><\/a><p id=\"caption-attachment-9276\" class=\"wp-caption-text\"><\/em><\/span> <span style=\"color: #33cccc;\"><em>Inte mycket till is, \u00d6vrasj\u00f6n 28 januari.<\/em><\/span><\/p><\/div>\n<div id=\"attachment_9277\" style=\"width: 594px\" class=\"wp-caption aligncenter\"><a href=\"http:\/\/jensgustafsson.se\/?attachment_id=9277\" rel=\"attachment wp-att-9277\"><img loading=\"lazy\" decoding=\"async\" aria-describedby=\"caption-attachment-9277\" class=\"size-large wp-image-9277\" src=\"http:\/\/media1.jensgustafsson.se\/2018\/02\/P1120604-1024x626.jpg\" alt=\"\" width=\"584\" height=\"357\" srcset=\"https:\/\/media1.jensgustafsson.se\/2018\/02\/P1120604-1024x626.jpg 1024w, https:\/\/media1.jensgustafsson.se\/2018\/02\/P1120604-300x183.jpg 300w, https:\/\/media1.jensgustafsson.se\/2018\/02\/P1120604-768x469.jpg 768w, https:\/\/media1.jensgustafsson.se\/2018\/02\/P1120604-491x300.jpg 491w, https:\/\/media1.jensgustafsson.se\/2018\/02\/P1120604.jpg 1628w\" sizes=\"auto, (max-width: 584px) 100vw, 584px\" \/><\/a><p id=\"caption-attachment-9277\" class=\"wp-caption-text\"><\/em><\/span> <span style=\"color: #33cccc;\"><em>Str\u00f6mstaren vid Vecklevad, 28 januari.<\/em><\/span><\/p><\/div>\n<p>&nbsp;<\/p>\n","protected":false},"excerpt":{"rendered":"<p>Januari 2018 blev en mild variant av vinterm\u00e5nad, medeltemperaturen blev \u00f6ver nollan, vilket \u00e4r v\u00e4ldigt ovanligt f\u00f6r januari. Endast en natt har temperaturen varit under -10 grader, ocks\u00e5 ovanligt. Nederb\u00f6rd har det kommit cirka 50 mm, det mesta har fallit &hellip; <a href=\"https:\/\/jensgustafsson.se\/?page_id=9261\">Forts\u00e4tt l\u00e4sa <span class=\"meta-nav\">&rarr;<\/span><\/a><\/p>\n","protected":false},"author":1,"featured_media":0,"parent":9263,"menu_order":1,"comment_status":"closed","ping_status":"closed","template":"","meta":{"footnotes":""},"class_list":["post-9261","page","type-page","status-publish","hentry"],"_links":{"self":[{"href":"https:\/\/jensgustafsson.se\/index.php?rest_route=\/wp\/v2\/pages\/9261","targetHints":{"allow":["GET"]}}],"collection":[{"href":"https:\/\/jensgustafsson.se\/index.php?rest_route=\/wp\/v2\/pages"}],"about":[{"href":"https:\/\/jensgustafsson.se\/index.php?rest_route=\/wp\/v2\/types\/page"}],"author":[{"embeddable":true,"href":"https:\/\/jensgustafsson.se\/index.php?rest_route=\/wp\/v2\/users\/1"}],"replies":[{"embeddable":true,"href":"https:\/\/jensgustafsson.se\/index.php?rest_route=%2Fwp%2Fv2%2Fcomments&post=9261"}],"version-history":[{"count":5,"href":"https:\/\/jensgustafsson.se\/index.php?rest_route=\/wp\/v2\/pages\/9261\/revisions"}],"predecessor-version":[{"id":9278,"href":"https:\/\/jensgustafsson.se\/index.php?rest_route=\/wp\/v2\/pages\/9261\/revisions\/9278"}],"up":[{"embeddable":true,"href":"https:\/\/jensgustafsson.se\/index.php?rest_route=\/wp\/v2\/pages\/9263"}],"wp:attachment":[{"href":"https:\/\/jensgustafsson.se\/index.php?rest_route=%2Fwp%2Fv2%2Fmedia&parent=9261"}],"curies":[{"name":"wp","href":"https:\/\/api.w.org\/{rel}","templated":true}]}}