{"id":9472,"date":"2018-03-03T04:00:24","date_gmt":"2018-03-03T03:00:24","guid":{"rendered":"http:\/\/jensgustafsson.se\/?page_id=9472"},"modified":"2018-03-03T04:39:33","modified_gmt":"2018-03-03T03:39:33","slug":"februari-2018","status":"publish","type":"page","link":"https:\/\/jensgustafsson.se\/?page_id=9472","title":{"rendered":"Februari 2018."},"content":{"rendered":"<p><span style=\"color: #33cccc;\"><em>Februari 2018 kommer vi att minnas som den vintrigaste vi har haft sedan m\u00e5nga \u00e5r tillbaka.<\/em><\/span><\/p>\n<p><span style=\"color: #33cccc;\"><em>Medeltemperaturen blev -2,6 grader, och det kan j\u00e4mf\u00f6ras med +0,8 grader i fjol, vilket \u00e4r en stor differens.<\/em><\/span><\/p>\n<p><span style=\"color: #33cccc;\"><em>Sn\u00f6t\u00e4ckt mark har vi haft i 27 av 28 dagar, vilket ju ocks\u00e5 \u00e4r lite ovanligt nu f\u00f6r tiden, och nederb\u00f6rden har fallit p\u00e5 17 dagar.<\/em><\/span><\/p>\n<p><span style=\"color: #33cccc;\"><em>Nedan h\u00e4r en sammanfattning i siffror fr\u00e5n loggen p\u00e5 min v\u00e4derstation, La Crosse WS 2308, och den jobbar med tv\u00e5 dataprogram som loggar v\u00e4dersiffror, Heavy Weather och Cumulus<\/em><\/span><\/p>\n<p><em><span style=\"color: #3366ff;\">Summary for februari 2018 <\/span><\/em><\/p>\n<p><em><span style=\"color: #3366ff;\">Temperature (\u00b0C): <\/span><\/em><br \/>\n<em><span style=\"color: #3366ff;\">Mean (min+max) -2,6 <\/span><\/em><br \/>\n<em><span style=\"color: #3366ff;\">Mean Minimum -5,6 <\/span><\/em><br \/>\n<em><span style=\"color: #3366ff;\">Mean Maximum 0,3 <\/span><\/em><br \/>\n<em><span style=\"color: #3366ff;\">Minimum -13,6 day 05 <\/span><\/em><br \/>\n<em><span style=\"color: #3366ff;\">Maximum 4,1 day 13 <\/span><\/em><br \/>\n<em><span style=\"color: #3366ff;\">Highest Minimum 0,8 day 01 <\/span><\/em><br \/>\n<em><span style=\"color: #3366ff;\">Lowest Maximum -5,6 day 28 <\/span><\/em><br \/>\n<em><span style=\"color: #3366ff;\">Air frosts 26 <\/span><\/em><\/p>\n<p><em><span style=\"color: #3366ff;\">Rainfall (mm): <\/span><\/em><br \/>\n<em><span style=\"color: #3366ff;\">Total for month 50,5 <\/span><\/em><br \/>\n<em><span style=\"color: #3366ff;\">Rain days 17 <\/span><\/em><br \/>\n<em><span style=\"color: #3366ff;\">Dry days 11 <\/span><\/em><\/p>\n<p><em><span style=\"color: #3366ff;\">Wind (m\/s): <\/span><\/em><br \/>\n<em><span style=\"color: #3366ff;\">Highest Gust 12,7 day 12 <\/span><\/em><\/p>\n<p><em><span style=\"color: #3366ff;\">Pressure (hPa): <\/span><\/em><br \/>\n<em><span style=\"color: #3366ff;\">Maximum 1037,4 day 28 <\/span><\/em><br \/>\n<em><span style=\"color: #3366ff;\">Minimum 986,6 day 01<\/span> <\/em><\/p>\n<p><span style=\"color: #33cccc;\"><em>H\u00e4r kommer n\u00e5gra bilder, som jag tagit under m\u00e5naden:<\/em><\/span><\/p>\n<div id=\"attachment_9475\" style=\"width: 594px\" class=\"wp-caption aligncenter\"><a style=\"color: #33cccc;\" href=\"http:\/\/jensgustafsson.se\/?attachment_id=9475\" rel=\"attachment wp-att-9475\"><img loading=\"lazy\" decoding=\"async\" aria-describedby=\"caption-attachment-9475\" class=\"size-large wp-image-9475\" src=\"http:\/\/media1.jensgustafsson.se\/2018\/03\/P1120619-1024x683.jpg\" alt=\"\" width=\"584\" height=\"390\" srcset=\"https:\/\/media1.jensgustafsson.se\/2018\/03\/P1120619-1024x683.jpg 1024w, https:\/\/media1.jensgustafsson.se\/2018\/03\/P1120619-300x200.jpg 300w, https:\/\/media1.jensgustafsson.se\/2018\/03\/P1120619-768x512.jpg 768w, https:\/\/media1.jensgustafsson.se\/2018\/03\/P1120619-450x300.jpg 450w\" sizes=\"auto, (max-width: 584px) 100vw, 584px\" \/><\/a><p id=\"caption-attachment-9475\" class=\"wp-caption-text\"><\/em><\/span> <span style=\"color: #33cccc;\"><em>3 februari<\/em><\/span><\/p><\/div>\n<div id=\"attachment_9476\" style=\"width: 594px\" class=\"wp-caption aligncenter\"><a style=\"color: #33cccc;\" href=\"http:\/\/jensgustafsson.se\/?attachment_id=9476\" rel=\"attachment wp-att-9476\"><img loading=\"lazy\" decoding=\"async\" aria-describedby=\"caption-attachment-9476\" class=\"size-large wp-image-9476\" src=\"http:\/\/media1.jensgustafsson.se\/2018\/03\/P1120679-1024x683.jpg\" alt=\"\" width=\"584\" height=\"390\" srcset=\"https:\/\/media1.jensgustafsson.se\/2018\/03\/P1120679-1024x683.jpg 1024w, https:\/\/media1.jensgustafsson.se\/2018\/03\/P1120679-300x200.jpg 300w, https:\/\/media1.jensgustafsson.se\/2018\/03\/P1120679-768x512.jpg 768w, https:\/\/media1.jensgustafsson.se\/2018\/03\/P1120679-450x300.jpg 450w\" sizes=\"auto, (max-width: 584px) 100vw, 584px\" \/><\/a><p id=\"caption-attachment-9476\" class=\"wp-caption-text\"><\/em><\/span> <span style=\"color: #33cccc;\"><em>3 februari.<\/em><\/span><\/p><\/div>\n<div id=\"attachment_9477\" style=\"width: 594px\" class=\"wp-caption aligncenter\"><a style=\"color: #33cccc;\" href=\"http:\/\/jensgustafsson.se\/?attachment_id=9477\" rel=\"attachment wp-att-9477\"><img loading=\"lazy\" decoding=\"async\" aria-describedby=\"caption-attachment-9477\" class=\"size-large wp-image-9477\" src=\"http:\/\/media1.jensgustafsson.se\/2018\/03\/P1120718-1024x683.jpg\" alt=\"\" width=\"584\" height=\"390\" srcset=\"https:\/\/media1.jensgustafsson.se\/2018\/03\/P1120718-1024x683.jpg 1024w, https:\/\/media1.jensgustafsson.se\/2018\/03\/P1120718-300x200.jpg 300w, https:\/\/media1.jensgustafsson.se\/2018\/03\/P1120718-768x512.jpg 768w, https:\/\/media1.jensgustafsson.se\/2018\/03\/P1120718-450x300.jpg 450w\" sizes=\"auto, (max-width: 584px) 100vw, 584px\" \/><\/a><p id=\"caption-attachment-9477\" class=\"wp-caption-text\"><\/em><\/span> <span style=\"color: #33cccc;\"><em>Blankastr\u00f6m 10 februari.<\/em><\/span><\/p><\/div>\n<div id=\"attachment_9478\" style=\"width: 594px\" class=\"wp-caption aligncenter\"><a style=\"color: #33cccc;\" href=\"http:\/\/jensgustafsson.se\/?attachment_id=9478\" rel=\"attachment wp-att-9478\"><img loading=\"lazy\" decoding=\"async\" aria-describedby=\"caption-attachment-9478\" class=\"size-large wp-image-9478\" src=\"http:\/\/media1.jensgustafsson.se\/2018\/03\/P1120731-1024x683.jpg\" alt=\"\" width=\"584\" height=\"390\" srcset=\"https:\/\/media1.jensgustafsson.se\/2018\/03\/P1120731-1024x683.jpg 1024w, https:\/\/media1.jensgustafsson.se\/2018\/03\/P1120731-300x200.jpg 300w, https:\/\/media1.jensgustafsson.se\/2018\/03\/P1120731-768x512.jpg 768w, https:\/\/media1.jensgustafsson.se\/2018\/03\/P1120731-450x300.jpg 450w\" sizes=\"auto, (max-width: 584px) 100vw, 584px\" \/><\/a><p id=\"caption-attachment-9478\" class=\"wp-caption-text\"><\/em><\/span> <span style=\"color: #33cccc;\"><em>Sadeshult 11 februari.<\/em><\/span><\/p><\/div>\n<div id=\"attachment_9479\" style=\"width: 594px\" class=\"wp-caption aligncenter\"><a style=\"color: #33cccc;\" href=\"http:\/\/jensgustafsson.se\/?attachment_id=9479\" rel=\"attachment wp-att-9479\"><img loading=\"lazy\" decoding=\"async\" aria-describedby=\"caption-attachment-9479\" class=\"size-large wp-image-9479\" src=\"http:\/\/media1.jensgustafsson.se\/2018\/03\/P1120753-1024x683.jpg\" alt=\"\" width=\"584\" height=\"390\" srcset=\"https:\/\/media1.jensgustafsson.se\/2018\/03\/P1120753-1024x683.jpg 1024w, https:\/\/media1.jensgustafsson.se\/2018\/03\/P1120753-300x200.jpg 300w, https:\/\/media1.jensgustafsson.se\/2018\/03\/P1120753-768x512.jpg 768w, https:\/\/media1.jensgustafsson.se\/2018\/03\/P1120753-450x300.jpg 450w\" sizes=\"auto, (max-width: 584px) 100vw, 584px\" \/><\/a><p id=\"caption-attachment-9479\" class=\"wp-caption-text\"><\/em><\/span> <span style=\"color: #33cccc;\"><em>17 februari, v\u00e4gen upp vid \u00d6vrasj\u00f6berget<\/em><\/span><\/p><\/div>\n<div id=\"attachment_9480\" style=\"width: 594px\" class=\"wp-caption aligncenter\"><a style=\"color: #33cccc;\" href=\"http:\/\/jensgustafsson.se\/?attachment_id=9480\" rel=\"attachment wp-att-9480\"><img loading=\"lazy\" decoding=\"async\" aria-describedby=\"caption-attachment-9480\" class=\"size-large wp-image-9480\" src=\"http:\/\/media1.jensgustafsson.se\/2018\/03\/P1120797-1024x522.jpg\" alt=\"\" width=\"584\" height=\"298\" srcset=\"https:\/\/media1.jensgustafsson.se\/2018\/03\/P1120797-1024x522.jpg 1024w, https:\/\/media1.jensgustafsson.se\/2018\/03\/P1120797-300x153.jpg 300w, https:\/\/media1.jensgustafsson.se\/2018\/03\/P1120797-768x392.jpg 768w, https:\/\/media1.jensgustafsson.se\/2018\/03\/P1120797-500x255.jpg 500w\" sizes=\"auto, (max-width: 584px) 100vw, 584px\" \/><\/a><p id=\"caption-attachment-9480\" class=\"wp-caption-text\"><\/em><\/span> <span style=\"color: #33cccc;\"><em>19 februari.<\/em><\/span><\/p><\/div>\n<p>&nbsp;<\/p>\n<div id=\"attachment_9481\" style=\"width: 594px\" class=\"wp-caption aligncenter\"><a style=\"color: #33cccc;\" href=\"http:\/\/jensgustafsson.se\/?attachment_id=9481\" rel=\"attachment wp-att-9481\"><img loading=\"lazy\" decoding=\"async\" aria-describedby=\"caption-attachment-9481\" class=\"size-large wp-image-9481\" src=\"http:\/\/media1.jensgustafsson.se\/2018\/03\/DSC_0710-1024x683.jpg\" alt=\"\" width=\"584\" height=\"390\" srcset=\"https:\/\/media1.jensgustafsson.se\/2018\/03\/DSC_0710-1024x683.jpg 1024w, https:\/\/media1.jensgustafsson.se\/2018\/03\/DSC_0710-300x200.jpg 300w, https:\/\/media1.jensgustafsson.se\/2018\/03\/DSC_0710-768x512.jpg 768w, https:\/\/media1.jensgustafsson.se\/2018\/03\/DSC_0710-450x300.jpg 450w\" sizes=\"auto, (max-width: 584px) 100vw, 584px\" \/><\/a><p id=\"caption-attachment-9481\" class=\"wp-caption-text\"><\/em><\/span> <span style=\"color: #33cccc;\"><em>Lillsj\u00f6dal 24 februari.<\/em><\/span><\/p><\/div>\n<div id=\"attachment_9482\" style=\"width: 594px\" class=\"wp-caption aligncenter\"><a style=\"color: #33cccc;\" href=\"http:\/\/jensgustafsson.se\/?attachment_id=9482\" rel=\"attachment wp-att-9482\"><img loading=\"lazy\" decoding=\"async\" aria-describedby=\"caption-attachment-9482\" class=\"size-large wp-image-9482\" src=\"http:\/\/media1.jensgustafsson.se\/2018\/03\/DSC_0791-1024x683.jpg\" alt=\"\" width=\"584\" height=\"390\" srcset=\"https:\/\/media1.jensgustafsson.se\/2018\/03\/DSC_0791-1024x683.jpg 1024w, https:\/\/media1.jensgustafsson.se\/2018\/03\/DSC_0791-300x200.jpg 300w, https:\/\/media1.jensgustafsson.se\/2018\/03\/DSC_0791-768x512.jpg 768w, https:\/\/media1.jensgustafsson.se\/2018\/03\/DSC_0791-450x300.jpg 450w\" sizes=\"auto, (max-width: 584px) 100vw, 584px\" \/><\/a><p id=\"caption-attachment-9482\" class=\"wp-caption-text\"><\/em><\/span> <span style=\"color: #33cccc;\"><em>Aboda Klint 25 februari.<\/em><\/span><\/p><\/div>\n<div id=\"attachment_9483\" style=\"width: 594px\" class=\"wp-caption aligncenter\"><a style=\"color: #33cccc;\" href=\"http:\/\/jensgustafsson.se\/?attachment_id=9483\" rel=\"attachment wp-att-9483\"><img loading=\"lazy\" decoding=\"async\" aria-describedby=\"caption-attachment-9483\" class=\"size-large wp-image-9483\" src=\"http:\/\/media1.jensgustafsson.se\/2018\/03\/IMG_0418-1024x768.jpg\" alt=\"\" width=\"584\" height=\"438\" srcset=\"https:\/\/media1.jensgustafsson.se\/2018\/03\/IMG_0418-1024x768.jpg 1024w, https:\/\/media1.jensgustafsson.se\/2018\/03\/IMG_0418-300x225.jpg 300w, https:\/\/media1.jensgustafsson.se\/2018\/03\/IMG_0418-768x576.jpg 768w, https:\/\/media1.jensgustafsson.se\/2018\/03\/IMG_0418-400x300.jpg 400w, https:\/\/media1.jensgustafsson.se\/2018\/03\/IMG_0418.jpg 2016w\" sizes=\"auto, (max-width: 584px) 100vw, 584px\" \/><\/a><p id=\"caption-attachment-9483\" class=\"wp-caption-text\"><\/em><\/span> <span style=\"color: #33cccc;\"><em>20 februari.<\/em><\/span><\/p><\/div>\n<div id=\"attachment_9484\" style=\"width: 594px\" class=\"wp-caption aligncenter\"><a style=\"color: #33cccc;\" href=\"http:\/\/jensgustafsson.se\/?attachment_id=9484\" rel=\"attachment wp-att-9484\"><img loading=\"lazy\" decoding=\"async\" aria-describedby=\"caption-attachment-9484\" class=\"size-large wp-image-9484\" src=\"http:\/\/media1.jensgustafsson.se\/2018\/03\/20180226-2-1024x768.jpg\" alt=\"\" width=\"584\" height=\"438\" srcset=\"https:\/\/media1.jensgustafsson.se\/2018\/03\/20180226-2-1024x768.jpg 1024w, https:\/\/media1.jensgustafsson.se\/2018\/03\/20180226-2-300x225.jpg 300w, https:\/\/media1.jensgustafsson.se\/2018\/03\/20180226-2-768x576.jpg 768w, https:\/\/media1.jensgustafsson.se\/2018\/03\/20180226-2-400x300.jpg 400w, https:\/\/media1.jensgustafsson.se\/2018\/03\/20180226-2.jpg 2016w\" sizes=\"auto, (max-width: 584px) 100vw, 584px\" \/><\/a><p id=\"caption-attachment-9484\" class=\"wp-caption-text\"><\/em><\/span> <span style=\"color: #33cccc;\"><em>26 februari.<\/em><\/span><\/p><\/div>\n<p>&nbsp;<\/p>\n","protected":false},"excerpt":{"rendered":"<p>Februari 2018 kommer vi att minnas som den vintrigaste vi har haft sedan m\u00e5nga \u00e5r tillbaka. Medeltemperaturen blev -2,6 grader, och det kan j\u00e4mf\u00f6ras med +0,8 grader i fjol, vilket \u00e4r en stor differens. Sn\u00f6t\u00e4ckt mark har vi haft i &hellip; <a href=\"https:\/\/jensgustafsson.se\/?page_id=9472\">Forts\u00e4tt l\u00e4sa <span class=\"meta-nav\">&rarr;<\/span><\/a><\/p>\n","protected":false},"author":1,"featured_media":0,"parent":9263,"menu_order":2,"comment_status":"closed","ping_status":"closed","template":"","meta":{"footnotes":""},"class_list":["post-9472","page","type-page","status-publish","hentry"],"_links":{"self":[{"href":"https:\/\/jensgustafsson.se\/index.php?rest_route=\/wp\/v2\/pages\/9472","targetHints":{"allow":["GET"]}}],"collection":[{"href":"https:\/\/jensgustafsson.se\/index.php?rest_route=\/wp\/v2\/pages"}],"about":[{"href":"https:\/\/jensgustafsson.se\/index.php?rest_route=\/wp\/v2\/types\/page"}],"author":[{"embeddable":true,"href":"https:\/\/jensgustafsson.se\/index.php?rest_route=\/wp\/v2\/users\/1"}],"replies":[{"embeddable":true,"href":"https:\/\/jensgustafsson.se\/index.php?rest_route=%2Fwp%2Fv2%2Fcomments&post=9472"}],"version-history":[{"count":3,"href":"https:\/\/jensgustafsson.se\/index.php?rest_route=\/wp\/v2\/pages\/9472\/revisions"}],"predecessor-version":[{"id":9485,"href":"https:\/\/jensgustafsson.se\/index.php?rest_route=\/wp\/v2\/pages\/9472\/revisions\/9485"}],"up":[{"embeddable":true,"href":"https:\/\/jensgustafsson.se\/index.php?rest_route=\/wp\/v2\/pages\/9263"}],"wp:attachment":[{"href":"https:\/\/jensgustafsson.se\/index.php?rest_route=%2Fwp%2Fv2%2Fmedia&parent=9472"}],"curies":[{"name":"wp","href":"https:\/\/api.w.org\/{rel}","templated":true}]}}