{"id":9919,"date":"2018-05-03T15:31:07","date_gmt":"2018-05-03T14:31:07","guid":{"rendered":"http:\/\/jensgustafsson.se\/?page_id=9919"},"modified":"2018-05-03T16:12:38","modified_gmt":"2018-05-03T15:12:38","slug":"april-2018","status":"publish","type":"page","link":"https:\/\/jensgustafsson.se\/?page_id=9919","title":{"rendered":"April 2018."},"content":{"rendered":"<p><span style=\"color: #33cccc;\"><em>April 2018 blev en m\u00e5nad som inleddes med vinterlikt v\u00e4der, d\u00e4refter mera v\u00e5rlikt efterhand.<\/em><\/span><\/p>\n<p><span style=\"color: #33cccc;\"><em>Sammanh\u00e4ngande sn\u00f6t\u00e4cke hade vi t.o.m. den 5 april, med djupast sn\u00f6t\u00e4cke 1 april, 16 cm. Vi hade ett ej sammanh\u00e4ngande sn\u00f6t\u00e4cke i tre dagar till , 6, 7 och 8 april, d\u00e4refter var det barmark.<\/em><\/span><\/p>\n<p><span style=\"color: #33cccc;\"><em>Temperaturen har varierat lite upp och ner, men vi har iallafall haft 3 dagar med en maxtemperatur \u00f6ver 20 grader, och allra mest den 20 april,med 25,3 grader och det \u00e4r ju meteorologiskt definierat som h\u00f6gsommardag.<\/em><\/span><\/p>\n<p><span style=\"color: #33cccc;\"><em>Vi har ocks\u00e5 haft frostn\u00e4tter f\u00f6rst\u00e5s, 8 n\u00e4tter blev det.<\/em><\/span><\/p>\n<p><span style=\"color: #33cccc;\"><em>Det har varit en relativt nederb\u00f6rdsfattig m\u00e5nad, 18,5 mm f\u00f6rdelat p\u00e5 9 dygn.<\/em><\/span><\/p>\n<p><span style=\"color: #33cccc;\"><em>Det har ocks\u00e5 varit ganska bl\u00e5sigt, och 14 dygn av 30 m\u00f6jliga dygn har vinden kommit fr\u00e5n nord, nordost, ost eller sydost, och det vet vi ju h\u00e4r p\u00e5 \u00f6stra sidan av landet vad det inneb\u00e4r&#8230;kylig vind.<\/em><\/span><\/p>\n<p><span style=\"color: #33cccc;\"><em>H\u00e4r nedan kommer en sammanfattning d\u00e5 fr\u00e5n loggen p\u00e5 min v\u00e4derstation, som jobbar med tv\u00e5 program, Heavyweather och Cumulus som ocks\u00e5 h\u00e5ller ig\u00e5ng v\u00e4derstationen &#8221;live&#8221; h\u00e4r p\u00e5 min v\u00e4dersida.<\/em><\/span><\/p>\n<p><span style=\"color: #33cccc;\"><em>Summary for period 2018-04-01 to 2018-04-30<\/em><\/span><\/p>\n<p><span style=\"color: #33cccc;\"><em>Temperature (\u00b0C):<\/em><\/span><br \/>\n<span style=\"color: #33cccc;\"><em> Mean (min+max) 8,3<\/em><\/span><br \/>\n<span style=\"color: #33cccc;\"><em> Mean Minimum 2,7<\/em><\/span><br \/>\n<span style=\"color: #33cccc;\"><em> Mean Maximum 14,0<\/em><\/span><br \/>\n<span style=\"color: #33cccc;\"><em> Minimum -5,5 on 2018-04-03<\/em><\/span><br \/>\n<span style=\"color: #33cccc;\"><em> Maximum 25,3 on 2018-04-20<\/em><\/span><br \/>\n<span style=\"color: #33cccc;\"><em> Highest Minimum 9,3 on 2018-04-21<\/em><\/span><br \/>\n<span style=\"color: #33cccc;\"><em> Lowest Maximum 1,8 on 2018-04-01<\/em><\/span><br \/>\n<span style=\"color: #33cccc;\"><em> Air frosts 8<\/em><\/span><\/p>\n<p><span style=\"color: #33cccc;\"><em>Rainfall (mm):<\/em><\/span><br \/>\n<span style=\"color: #33cccc;\"><em> Total for period 18,5<\/em><\/span><br \/>\n<span style=\"color: #33cccc;\"><em>Rain days\u00a0 9<\/em><\/span><br \/>\n<span style=\"color: #33cccc;\"><em> Dry days\u00a0 21<\/em><\/span><\/p>\n<p><span style=\"color: #33cccc;\"><em>Wind (m\/s):<\/em><\/span><br \/>\n<span style=\"color: #33cccc;\"><em> Highest Gust 19,0 on 2018-04-06<\/em><\/span><\/p>\n<p><span style=\"color: #33cccc;\"><em>Pressure (hPa):<\/em><\/span><br \/>\n<span style=\"color: #33cccc;\"><em> Maximum 1029,2 on 2018-04-19<\/em><\/span><br \/>\n<span style=\"color: #33cccc;\"><em> Minimum 996,6 on 2018-04-05<\/em><\/span><\/p>\n<p><span style=\"color: #33cccc;\"><em>Nedan \u00e4r n\u00e5gra bilder som jag tagit under m\u00e5naden, kan ju vara skoj att se tillbaka hur det var.<\/em><\/span><\/p>\n<div id=\"attachment_9921\" style=\"width: 594px\" class=\"wp-caption aligncenter\"><a style=\"color: #33cccc;\" href=\"http:\/\/jensgustafsson.se\/?attachment_id=9921\" rel=\"attachment wp-att-9921\"><img loading=\"lazy\" decoding=\"async\" aria-describedby=\"caption-attachment-9921\" class=\"size-large wp-image-9921\" src=\"http:\/\/media1.jensgustafsson.se\/2018\/05\/DSC_0305-1024x683.jpg\" alt=\"\" width=\"584\" height=\"390\" srcset=\"https:\/\/media1.jensgustafsson.se\/2018\/05\/DSC_0305-1024x683.jpg 1024w, https:\/\/media1.jensgustafsson.se\/2018\/05\/DSC_0305-300x200.jpg 300w, https:\/\/media1.jensgustafsson.se\/2018\/05\/DSC_0305-768x512.jpg 768w, https:\/\/media1.jensgustafsson.se\/2018\/05\/DSC_0305-450x300.jpg 450w\" sizes=\"auto, (max-width: 584px) 100vw, 584px\" \/><\/a><p id=\"caption-attachment-9921\" class=\"wp-caption-text\"><span style=\"color: #33cccc;\"><em>2 april hade vi sn\u00f6 kvar.<\/em><\/span><\/p><\/div>\n<div id=\"attachment_9922\" style=\"width: 594px\" class=\"wp-caption aligncenter\"><a style=\"color: #33cccc;\" href=\"http:\/\/jensgustafsson.se\/?attachment_id=9922\" rel=\"attachment wp-att-9922\"><img loading=\"lazy\" decoding=\"async\" aria-describedby=\"caption-attachment-9922\" class=\"size-large wp-image-9922\" src=\"http:\/\/media1.jensgustafsson.se\/2018\/05\/DSC_0453-1024x683.jpg\" alt=\"\" width=\"584\" height=\"390\" srcset=\"https:\/\/media1.jensgustafsson.se\/2018\/05\/DSC_0453-1024x683.jpg 1024w, https:\/\/media1.jensgustafsson.se\/2018\/05\/DSC_0453-300x200.jpg 300w, https:\/\/media1.jensgustafsson.se\/2018\/05\/DSC_0453-768x512.jpg 768w, https:\/\/media1.jensgustafsson.se\/2018\/05\/DSC_0453-450x300.jpg 450w\" sizes=\"auto, (max-width: 584px) 100vw, 584px\" \/><\/a><p id=\"caption-attachment-9922\" class=\"wp-caption-text\"><span style=\"color: #33cccc;\"><em>4 april.<\/em><\/span><\/p><\/div>\n<div id=\"attachment_9923\" style=\"width: 594px\" class=\"wp-caption aligncenter\"><a style=\"color: #33cccc;\" href=\"http:\/\/jensgustafsson.se\/?attachment_id=9923\" rel=\"attachment wp-att-9923\"><img loading=\"lazy\" decoding=\"async\" aria-describedby=\"caption-attachment-9923\" class=\"size-large wp-image-9923\" src=\"http:\/\/media1.jensgustafsson.se\/2018\/05\/P1130523-1024x683.jpg\" alt=\"\" width=\"584\" height=\"390\" srcset=\"https:\/\/media1.jensgustafsson.se\/2018\/05\/P1130523-1024x683.jpg 1024w, https:\/\/media1.jensgustafsson.se\/2018\/05\/P1130523-300x200.jpg 300w, https:\/\/media1.jensgustafsson.se\/2018\/05\/P1130523-768x512.jpg 768w, https:\/\/media1.jensgustafsson.se\/2018\/05\/P1130523-450x300.jpg 450w\" sizes=\"auto, (max-width: 584px) 100vw, 584px\" \/><\/a><p id=\"caption-attachment-9923\" class=\"wp-caption-text\"><span style=\"color: #33cccc;\"><em>10 april.<\/em><\/span><\/p><\/div>\n<div id=\"attachment_9924\" style=\"width: 594px\" class=\"wp-caption aligncenter\"><a style=\"color: #33cccc;\" href=\"http:\/\/jensgustafsson.se\/?attachment_id=9924\" rel=\"attachment wp-att-9924\"><img loading=\"lazy\" decoding=\"async\" aria-describedby=\"caption-attachment-9924\" class=\"size-large wp-image-9924\" src=\"http:\/\/media1.jensgustafsson.se\/2018\/05\/DSC_0770-1024x683.jpg\" alt=\"\" width=\"584\" height=\"390\" srcset=\"https:\/\/media1.jensgustafsson.se\/2018\/05\/DSC_0770-1024x683.jpg 1024w, https:\/\/media1.jensgustafsson.se\/2018\/05\/DSC_0770-300x200.jpg 300w, https:\/\/media1.jensgustafsson.se\/2018\/05\/DSC_0770-768x512.jpg 768w, https:\/\/media1.jensgustafsson.se\/2018\/05\/DSC_0770-450x300.jpg 450w\" sizes=\"auto, (max-width: 584px) 100vw, 584px\" \/><\/a><p id=\"caption-attachment-9924\" class=\"wp-caption-text\"><span style=\"color: #33cccc;\"><em>11 april<\/em><\/span><\/p><\/div>\n<div id=\"attachment_9925\" style=\"width: 594px\" class=\"wp-caption aligncenter\"><a style=\"color: #33cccc;\" href=\"http:\/\/jensgustafsson.se\/?attachment_id=9925\" rel=\"attachment wp-att-9925\"><img loading=\"lazy\" decoding=\"async\" aria-describedby=\"caption-attachment-9925\" class=\"size-large wp-image-9925\" src=\"http:\/\/media1.jensgustafsson.se\/2018\/05\/DSC_0855-1024x683.jpg\" alt=\"\" width=\"584\" height=\"390\" srcset=\"https:\/\/media1.jensgustafsson.se\/2018\/05\/DSC_0855-1024x683.jpg 1024w, https:\/\/media1.jensgustafsson.se\/2018\/05\/DSC_0855-300x200.jpg 300w, https:\/\/media1.jensgustafsson.se\/2018\/05\/DSC_0855-768x512.jpg 768w, https:\/\/media1.jensgustafsson.se\/2018\/05\/DSC_0855-450x300.jpg 450w\" sizes=\"auto, (max-width: 584px) 100vw, 584px\" \/><\/a><p id=\"caption-attachment-9925\" class=\"wp-caption-text\"><span style=\"color: #33cccc;\"><em>13 april.<\/em><\/span><\/p><\/div>\n<div id=\"attachment_9926\" style=\"width: 594px\" class=\"wp-caption aligncenter\"><a style=\"color: #33cccc;\" href=\"http:\/\/jensgustafsson.se\/?attachment_id=9926\" rel=\"attachment wp-att-9926\"><img loading=\"lazy\" decoding=\"async\" aria-describedby=\"caption-attachment-9926\" class=\"size-large wp-image-9926\" src=\"http:\/\/media1.jensgustafsson.se\/2018\/05\/P1130538-1024x683.jpg\" alt=\"\" width=\"584\" height=\"390\" srcset=\"https:\/\/media1.jensgustafsson.se\/2018\/05\/P1130538-1024x683.jpg 1024w, https:\/\/media1.jensgustafsson.se\/2018\/05\/P1130538-300x200.jpg 300w, https:\/\/media1.jensgustafsson.se\/2018\/05\/P1130538-768x512.jpg 768w, https:\/\/media1.jensgustafsson.se\/2018\/05\/P1130538-450x300.jpg 450w\" sizes=\"auto, (max-width: 584px) 100vw, 584px\" \/><\/a><p id=\"caption-attachment-9926\" class=\"wp-caption-text\"><span style=\"color: #33cccc;\"><em>14 april.<\/em><\/span><\/p><\/div>\n<div id=\"attachment_9927\" style=\"width: 594px\" class=\"wp-caption aligncenter\"><a style=\"color: #33cccc;\" href=\"http:\/\/jensgustafsson.se\/?attachment_id=9927\" rel=\"attachment wp-att-9927\"><img loading=\"lazy\" decoding=\"async\" aria-describedby=\"caption-attachment-9927\" class=\"size-large wp-image-9927\" src=\"http:\/\/media1.jensgustafsson.se\/2018\/05\/DSC_0086-1024x813.jpg\" alt=\"\" width=\"584\" height=\"464\" srcset=\"https:\/\/media1.jensgustafsson.se\/2018\/05\/DSC_0086-1024x813.jpg 1024w, https:\/\/media1.jensgustafsson.se\/2018\/05\/DSC_0086-300x238.jpg 300w, https:\/\/media1.jensgustafsson.se\/2018\/05\/DSC_0086-768x610.jpg 768w, https:\/\/media1.jensgustafsson.se\/2018\/05\/DSC_0086-378x300.jpg 378w\" sizes=\"auto, (max-width: 584px) 100vw, 584px\" \/><\/a><p id=\"caption-attachment-9927\" class=\"wp-caption-text\"><span style=\"color: #33cccc;\"><em>17 april.<\/em><\/span><\/p><\/div>\n<div id=\"attachment_9928\" style=\"width: 594px\" class=\"wp-caption aligncenter\"><a style=\"color: #33cccc;\" href=\"http:\/\/jensgustafsson.se\/?attachment_id=9928\" rel=\"attachment wp-att-9928\"><img loading=\"lazy\" decoding=\"async\" aria-describedby=\"caption-attachment-9928\" class=\"size-large wp-image-9928\" src=\"http:\/\/media1.jensgustafsson.se\/2018\/05\/DSC_0149-1024x683.jpg\" alt=\"\" width=\"584\" height=\"390\" srcset=\"https:\/\/media1.jensgustafsson.se\/2018\/05\/DSC_0149-1024x683.jpg 1024w, https:\/\/media1.jensgustafsson.se\/2018\/05\/DSC_0149-300x200.jpg 300w, https:\/\/media1.jensgustafsson.se\/2018\/05\/DSC_0149-768x512.jpg 768w, https:\/\/media1.jensgustafsson.se\/2018\/05\/DSC_0149-450x300.jpg 450w\" sizes=\"auto, (max-width: 584px) 100vw, 584px\" \/><\/a><p id=\"caption-attachment-9928\" class=\"wp-caption-text\"><span style=\"color: #33cccc;\"><em>19 april.<\/em><\/span><\/p><\/div>\n<div id=\"attachment_9929\" style=\"width: 594px\" class=\"wp-caption aligncenter\"><a style=\"color: #33cccc;\" href=\"http:\/\/jensgustafsson.se\/?attachment_id=9929\" rel=\"attachment wp-att-9929\"><img loading=\"lazy\" decoding=\"async\" aria-describedby=\"caption-attachment-9929\" class=\"size-large wp-image-9929\" src=\"http:\/\/media1.jensgustafsson.se\/2018\/05\/P1130573-1024x683.jpg\" alt=\"\" width=\"584\" height=\"390\" srcset=\"https:\/\/media1.jensgustafsson.se\/2018\/05\/P1130573-1024x683.jpg 1024w, https:\/\/media1.jensgustafsson.se\/2018\/05\/P1130573-300x200.jpg 300w, https:\/\/media1.jensgustafsson.se\/2018\/05\/P1130573-768x512.jpg 768w, https:\/\/media1.jensgustafsson.se\/2018\/05\/P1130573-450x300.jpg 450w\" sizes=\"auto, (max-width: 584px) 100vw, 584px\" \/><\/a><p id=\"caption-attachment-9929\" class=\"wp-caption-text\"><span style=\"color: #33cccc;\"><em>20 april.<\/em><\/span><\/p><\/div>\n<div id=\"attachment_9930\" style=\"width: 594px\" class=\"wp-caption aligncenter\"><a style=\"color: #33cccc;\" href=\"http:\/\/jensgustafsson.se\/?attachment_id=9930\" rel=\"attachment wp-att-9930\"><img loading=\"lazy\" decoding=\"async\" aria-describedby=\"caption-attachment-9930\" class=\"size-large wp-image-9930\" src=\"http:\/\/media1.jensgustafsson.se\/2018\/05\/DSC_0240-1024x900.jpg\" alt=\"\" width=\"584\" height=\"513\" srcset=\"https:\/\/media1.jensgustafsson.se\/2018\/05\/DSC_0240-1024x900.jpg 1024w, https:\/\/media1.jensgustafsson.se\/2018\/05\/DSC_0240-300x264.jpg 300w, https:\/\/media1.jensgustafsson.se\/2018\/05\/DSC_0240-768x675.jpg 768w, https:\/\/media1.jensgustafsson.se\/2018\/05\/DSC_0240-341x300.jpg 341w\" sizes=\"auto, (max-width: 584px) 100vw, 584px\" \/><\/a><p id=\"caption-attachment-9930\" class=\"wp-caption-text\"><span style=\"color: #33cccc;\"><em>21 april.<\/em><\/span><\/p><\/div>\n<div id=\"attachment_9931\" style=\"width: 594px\" class=\"wp-caption aligncenter\"><a style=\"color: #33cccc;\" href=\"http:\/\/jensgustafsson.se\/?attachment_id=9931\" rel=\"attachment wp-att-9931\"><img loading=\"lazy\" decoding=\"async\" aria-describedby=\"caption-attachment-9931\" class=\"size-large wp-image-9931\" src=\"http:\/\/media1.jensgustafsson.se\/2018\/05\/P1130649-1024x678.jpg\" alt=\"\" width=\"584\" height=\"387\" srcset=\"https:\/\/media1.jensgustafsson.se\/2018\/05\/P1130649-1024x678.jpg 1024w, https:\/\/media1.jensgustafsson.se\/2018\/05\/P1130649-300x199.jpg 300w, https:\/\/media1.jensgustafsson.se\/2018\/05\/P1130649-768x509.jpg 768w, https:\/\/media1.jensgustafsson.se\/2018\/05\/P1130649-453x300.jpg 453w\" sizes=\"auto, (max-width: 584px) 100vw, 584px\" \/><\/a><p id=\"caption-attachment-9931\" class=\"wp-caption-text\"><span style=\"color: #33cccc;\"><em>22 april.<\/em><\/span><\/p><\/div>\n<div id=\"attachment_9932\" style=\"width: 594px\" class=\"wp-caption aligncenter\"><a style=\"color: #33cccc;\" href=\"http:\/\/jensgustafsson.se\/?attachment_id=9932\" rel=\"attachment wp-att-9932\"><img loading=\"lazy\" decoding=\"async\" aria-describedby=\"caption-attachment-9932\" class=\"size-large wp-image-9932\" src=\"http:\/\/media1.jensgustafsson.se\/2018\/05\/DSC_0308-1280x853-1024x682.jpg\" alt=\"\" width=\"584\" height=\"389\" srcset=\"https:\/\/media1.jensgustafsson.se\/2018\/05\/DSC_0308-1280x853-1024x682.jpg 1024w, https:\/\/media1.jensgustafsson.se\/2018\/05\/DSC_0308-1280x853-300x200.jpg 300w, https:\/\/media1.jensgustafsson.se\/2018\/05\/DSC_0308-1280x853-768x512.jpg 768w, https:\/\/media1.jensgustafsson.se\/2018\/05\/DSC_0308-1280x853-450x300.jpg 450w, https:\/\/media1.jensgustafsson.se\/2018\/05\/DSC_0308-1280x853.jpg 1280w\" sizes=\"auto, (max-width: 584px) 100vw, 584px\" \/><\/a><p id=\"caption-attachment-9932\" class=\"wp-caption-text\"><span style=\"color: #33cccc;\"><em>26 april.<\/em><\/span><\/p><\/div>\n<div id=\"attachment_9933\" style=\"width: 594px\" class=\"wp-caption aligncenter\"><a style=\"color: #33cccc;\" href=\"http:\/\/jensgustafsson.se\/?attachment_id=9933\" rel=\"attachment wp-att-9933\"><img loading=\"lazy\" decoding=\"async\" aria-describedby=\"caption-attachment-9933\" class=\"size-large wp-image-9933\" src=\"http:\/\/media1.jensgustafsson.se\/2018\/05\/DSC_0380-1024x553.jpg\" alt=\"\" width=\"584\" height=\"315\" srcset=\"https:\/\/media1.jensgustafsson.se\/2018\/05\/DSC_0380-1024x553.jpg 1024w, https:\/\/media1.jensgustafsson.se\/2018\/05\/DSC_0380-300x162.jpg 300w, https:\/\/media1.jensgustafsson.se\/2018\/05\/DSC_0380-768x415.jpg 768w, https:\/\/media1.jensgustafsson.se\/2018\/05\/DSC_0380-500x270.jpg 500w\" sizes=\"auto, (max-width: 584px) 100vw, 584px\" \/><\/a><p id=\"caption-attachment-9933\" class=\"wp-caption-text\"><span style=\"color: #33cccc;\"><em>27 april.<\/em><\/span><\/p><\/div>\n<div id=\"attachment_9934\" style=\"width: 594px\" class=\"wp-caption aligncenter\"><a style=\"color: #33cccc;\" href=\"http:\/\/jensgustafsson.se\/?attachment_id=9934\" rel=\"attachment wp-att-9934\"><img loading=\"lazy\" decoding=\"async\" aria-describedby=\"caption-attachment-9934\" class=\"size-large wp-image-9934\" src=\"http:\/\/media1.jensgustafsson.se\/2018\/05\/P1130715-1024x683.jpg\" alt=\"\" width=\"584\" height=\"390\" srcset=\"https:\/\/media1.jensgustafsson.se\/2018\/05\/P1130715-1024x683.jpg 1024w, https:\/\/media1.jensgustafsson.se\/2018\/05\/P1130715-300x200.jpg 300w, https:\/\/media1.jensgustafsson.se\/2018\/05\/P1130715-768x512.jpg 768w, https:\/\/media1.jensgustafsson.se\/2018\/05\/P1130715-450x300.jpg 450w\" sizes=\"auto, (max-width: 584px) 100vw, 584px\" \/><\/a><p id=\"caption-attachment-9934\" class=\"wp-caption-text\"><span style=\"color: #33cccc;\"><em>29 april.<\/em><\/span><\/p><\/div>\n<p>&nbsp;<\/p>\n<p>&nbsp;<\/p>\n","protected":false},"excerpt":{"rendered":"<p>April 2018 blev en m\u00e5nad som inleddes med vinterlikt v\u00e4der, d\u00e4refter mera v\u00e5rlikt efterhand. Sammanh\u00e4ngande sn\u00f6t\u00e4cke hade vi t.o.m. den 5 april, med djupast sn\u00f6t\u00e4cke 1 april, 16 cm. Vi hade ett ej sammanh\u00e4ngande sn\u00f6t\u00e4cke i tre dagar till , &hellip; <a href=\"https:\/\/jensgustafsson.se\/?page_id=9919\">Forts\u00e4tt l\u00e4sa <span class=\"meta-nav\">&rarr;<\/span><\/a><\/p>\n","protected":false},"author":1,"featured_media":0,"parent":9263,"menu_order":4,"comment_status":"closed","ping_status":"closed","template":"","meta":{"footnotes":""},"class_list":["post-9919","page","type-page","status-publish","hentry"],"_links":{"self":[{"href":"https:\/\/jensgustafsson.se\/index.php?rest_route=\/wp\/v2\/pages\/9919","targetHints":{"allow":["GET"]}}],"collection":[{"href":"https:\/\/jensgustafsson.se\/index.php?rest_route=\/wp\/v2\/pages"}],"about":[{"href":"https:\/\/jensgustafsson.se\/index.php?rest_route=\/wp\/v2\/types\/page"}],"author":[{"embeddable":true,"href":"https:\/\/jensgustafsson.se\/index.php?rest_route=\/wp\/v2\/users\/1"}],"replies":[{"embeddable":true,"href":"https:\/\/jensgustafsson.se\/index.php?rest_route=%2Fwp%2Fv2%2Fcomments&post=9919"}],"version-history":[{"count":4,"href":"https:\/\/jensgustafsson.se\/index.php?rest_route=\/wp\/v2\/pages\/9919\/revisions"}],"predecessor-version":[{"id":9938,"href":"https:\/\/jensgustafsson.se\/index.php?rest_route=\/wp\/v2\/pages\/9919\/revisions\/9938"}],"up":[{"embeddable":true,"href":"https:\/\/jensgustafsson.se\/index.php?rest_route=\/wp\/v2\/pages\/9263"}],"wp:attachment":[{"href":"https:\/\/jensgustafsson.se\/index.php?rest_route=%2Fwp%2Fv2%2Fmedia&parent=9919"}],"curies":[{"name":"wp","href":"https:\/\/api.w.org\/{rel}","templated":true}]}}